{"id":10158,"date":"2023-02-16T13:36:08","date_gmt":"2023-02-16T12:36:08","guid":{"rendered":"https:\/\/zsp.wegrow.pl\/?page_id=10158"},"modified":"2024-11-17T22:32:58","modified_gmt":"2024-11-17T21:32:58","slug":"egzamin-zawodowy","status":"publish","type":"page","link":"https:\/\/zsp.wegrow.pl\/index.php\/egzamin-zawodowy\/","title":{"rendered":"Egzamin zawodowy"},"content":{"rendered":"\n<p class=\"has-text-align-center\"><a href=\"https:\/\/cke.gov.pl\/egzamin-zawodowy\/egzamin-zawodowy-formula-2019\/o-egzaminie\/\">O egzaminie<\/a><\/p>\n\n\n\n<p class=\"has-text-align-center\"><a href=\"https:\/\/cke.gov.pl\/egzamin-zawodowy\/egzamin-zawodowy-formula-2019\/podstawa-programowa\/\">Podstawa programowa<\/a><\/p>\n\n\n\n<p class=\"has-text-align-center\"><a href=\"https:\/\/cke.gov.pl\/egzamin-zawodowy\/egzamin-zawodowy-formula-2019\/jawne-zadania-egzaminacyjne-czesc-praktyczna\/\">Jawne zadania egzaminacyjne (cz\u0119\u015b\u0107 praktyczna)<\/a><\/p>\n\n\n\n<p class=\"has-text-align-center\"><a href=\"https:\/\/cke.gov.pl\/egzamin-zawodowy\/egzamin-zawodowy-formula-2019\/harmonogramy-komunikaty-i-informacje\/\">Harmonogramy, komunikaty i informacje<\/a><\/p>\n\n\n\n<p class=\"has-text-align-center\"><a href=\"https:\/\/cke.gov.pl\/egzamin-zawodowy\/egzamin-zawodowy-formula-2019\/przykladowe-zadania\/\">Przyk\u0142adowe zadania<\/a><\/p>\n\n\n\n<hr class=\"wp-block-separator has-text-color has-black-color has-alpha-channel-opacity has-black-background-color has-background is-style-wide\"\/>\n\n\n\n<p><a rel=\"noreferrer noopener\" href=\"https:\/\/www.oke.waw.pl\/\" target=\"_blank\">Okr\u0119gowa Komisja Egzaminacyjna w Warszawie<\/a><\/p>\n\n\n\n<p><a rel=\"noreferrer noopener\" href=\"https:\/\/cke.gov.pl\/\" target=\"_blank\">Centralna Komisja Egzaminacyjna<\/a><\/p>\n\n\n\n<p><\/p>\n","protected":false},"excerpt":{"rendered":"<p>O egzaminie Podstawa programowa Jawne zadania egzaminacyjne (cz\u0119\u015b\u0107 praktyczna) Harmonogramy, komunikaty i informacje Przyk\u0142adowe zadania Okr\u0119gowa Komisja Egzaminacyjna w Warszawie Centralna Komisja Egzaminacyjna<\/p>\n","protected":false},"author":1,"featured_media":0,"parent":0,"menu_order":0,"comment_status":"closed","ping_status":"closed","template":"","meta":{"ngg_post_thumbnail":0,"_themeisle_gutenberg_block_has_review":false,"jetpack_post_was_ever_published":false,"footnotes":""},"class_list":["post-10158","page","type-page","status-publish","hentry"],"jetpack_sharing_enabled":true,"jetpack_shortlink":"https:\/\/wp.me\/PaT2nI-2DQ","_links":{"self":[{"href":"https:\/\/zsp.wegrow.pl\/index.php\/wp-json\/wp\/v2\/pages\/10158","targetHints":{"allow":["GET"]}}],"collection":[{"href":"https:\/\/zsp.wegrow.pl\/index.php\/wp-json\/wp\/v2\/pages"}],"about":[{"href":"https:\/\/zsp.wegrow.pl\/index.php\/wp-json\/wp\/v2\/types\/page"}],"author":[{"embeddable":true,"href":"https:\/\/zsp.wegrow.pl\/index.php\/wp-json\/wp\/v2\/users\/1"}],"replies":[{"embeddable":true,"href":"https:\/\/zsp.wegrow.pl\/index.php\/wp-json\/wp\/v2\/comments?post=10158"}],"version-history":[{"count":8,"href":"https:\/\/zsp.wegrow.pl\/index.php\/wp-json\/wp\/v2\/pages\/10158\/revisions"}],"predecessor-version":[{"id":16351,"href":"https:\/\/zsp.wegrow.pl\/index.php\/wp-json\/wp\/v2\/pages\/10158\/revisions\/16351"}],"wp:attachment":[{"href":"https:\/\/zsp.wegrow.pl\/index.php\/wp-json\/wp\/v2\/media?parent=10158"}],"curies":[{"name":"wp","href":"https:\/\/api.w.org\/{rel}","templated":true}]}}