{"id":10160,"date":"2023-03-21T21:42:36","date_gmt":"2023-03-21T20:42:36","guid":{"rendered":"https:\/\/zsp.wegrow.pl\/?page_id=10160"},"modified":"2024-11-17T22:27:23","modified_gmt":"2024-11-17T21:27:23","slug":"matura","status":"publish","type":"page","link":"https:\/\/zsp.wegrow.pl\/index.php\/matura\/","title":{"rendered":"Matura"},"content":{"rendered":"\n<p>Od roku 2025 zadania egzaminu maturalnego b\u0119d\u0105 sprawdza\u0142y poziom opanowania wiadomo\u015bci i umiej\u0119tno\u015bci okre\u015blonych w podstawie programowej kszta\u0142cenia og\u00f3lnego z 2024 r.<\/p>\n\n\n\n<p>Dyrektor Centralnej Komisji Egzaminacyjnej opublikowa\u0142 komunikaty dotycz\u0105ce egzamin\u00f3w maturalnych przeprowadzanych w\u00a02025 roku:<\/p>\n\n\n\n<p class=\"has-text-align-center\"><a href=\"https:\/\/cke.gov.pl\/egzamin-maturalny\/egzamin-maturalny-w-formule-2023\/o-egzaminie\/\">O egzaminie<\/a><\/p>\n\n\n\n<p class=\"has-text-align-center\"><a href=\"https:\/\/cke.gov.pl\/egzamin-maturalny\/egzamin-maturalny-w-formule-2023\/podstawa-programowa\/\">Podstawa programowa<\/a><\/p>\n\n\n\n<p class=\"has-text-align-center\"><a href=\"https:\/\/cke.gov.pl\/egzamin-maturalny\/egzamin-maturalny-w-formule-2023\/informatory\/\">Informatory<\/a><\/p>\n\n\n\n<p class=\"has-text-align-center\"><a href=\"https:\/\/cke.gov.pl\/egzamin-maturalny\/egzamin-maturalny-w-formule-2023\/arkusze\/\">Arkusze<\/a><\/p>\n\n\n\n<p class=\"has-text-align-center\"><a href=\"https:\/\/cke.gov.pl\/egzamin-maturalny\/egzamin-maturalny-w-formule-2023\/harmonogram-komunikaty-i-informacje\/\">Harmonogram, komunikaty i informacje<\/a><\/p>\n\n\n\n<h2 class=\"wp-block-heading has-text-align-center\">Prosimy maturzyst\u00f3w o&nbsp;zapoznanie si\u0119 z&nbsp;nimi.<\/h2>\n","protected":false},"excerpt":{"rendered":"<p>Od roku 2025 zadania egzaminu maturalnego b\u0119d\u0105 sprawdza\u0142y poziom opanowania wiadomo\u015bci i umiej\u0119tno\u015bci okre\u015blonych w podstawie programowej kszta\u0142cenia og\u00f3lnego z 2024 r. Dyrektor Centralnej Komisji Egzaminacyjnej opublikowa\u0142 komunikaty dotycz\u0105ce egzamin\u00f3w maturalnych przeprowadzanych w\u00a02025 roku: O<\/p>\n","protected":false},"author":1,"featured_media":0,"parent":0,"menu_order":0,"comment_status":"closed","ping_status":"closed","template":"","meta":{"ngg_post_thumbnail":0,"_themeisle_gutenberg_block_has_review":false,"jetpack_post_was_ever_published":false,"footnotes":""},"class_list":["post-10160","page","type-page","status-publish","hentry"],"jetpack_sharing_enabled":true,"jetpack_shortlink":"https:\/\/wp.me\/PaT2nI-2DS","_links":{"self":[{"href":"https:\/\/zsp.wegrow.pl\/index.php\/wp-json\/wp\/v2\/pages\/10160","targetHints":{"allow":["GET"]}}],"collection":[{"href":"https:\/\/zsp.wegrow.pl\/index.php\/wp-json\/wp\/v2\/pages"}],"about":[{"href":"https:\/\/zsp.wegrow.pl\/index.php\/wp-json\/wp\/v2\/types\/page"}],"author":[{"embeddable":true,"href":"https:\/\/zsp.wegrow.pl\/index.php\/wp-json\/wp\/v2\/users\/1"}],"replies":[{"embeddable":true,"href":"https:\/\/zsp.wegrow.pl\/index.php\/wp-json\/wp\/v2\/comments?post=10160"}],"version-history":[{"count":7,"href":"https:\/\/zsp.wegrow.pl\/index.php\/wp-json\/wp\/v2\/pages\/10160\/revisions"}],"predecessor-version":[{"id":16349,"href":"https:\/\/zsp.wegrow.pl\/index.php\/wp-json\/wp\/v2\/pages\/10160\/revisions\/16349"}],"wp:attachment":[{"href":"https:\/\/zsp.wegrow.pl\/index.php\/wp-json\/wp\/v2\/media?parent=10160"}],"curies":[{"name":"wp","href":"https:\/\/api.w.org\/{rel}","templated":true}]}}