{"id":11710,"date":"2023-05-23T22:26:35","date_gmt":"2023-05-23T20:26:35","guid":{"rendered":"https:\/\/zsp.wegrow.pl\/?page_id=11710"},"modified":"2023-11-24T09:53:38","modified_gmt":"2023-11-24T08:53:38","slug":"nowa-jakosc-ksztalcenia-zawodowego-w-powiecie-wegrowskim","status":"publish","type":"page","link":"https:\/\/zsp.wegrow.pl\/index.php\/nowa-jakosc-ksztalcenia-zawodowego-w-powiecie-wegrowskim\/","title":{"rendered":"Nowa jako\u015b\u0107 kszta\u0142cenia zawodowego w Powiecie W\u0119growskim"},"content":{"rendered":"\n<div style=\"height:50px\" aria-hidden=\"true\" class=\"wp-block-spacer\"><\/div>\n\n\n<div class=\"wp-block-image\">\n<figure class=\"aligncenter size-large\"><a href=\"https:\/\/i0.wp.com\/zsp.wegrow.pl\/wp-content\/uploads\/2023\/06\/Plakat-informacyjny_A3_.jpg?ssl=1\"><img data-recalc-dims=\"1\" fetchpriority=\"high\" decoding=\"async\" width=\"724\" height=\"1024\" src=\"https:\/\/i0.wp.com\/zsp.wegrow.pl\/wp-content\/uploads\/2023\/06\/Plakat-informacyjny_A3_.jpg?resize=724%2C1024&#038;ssl=1\" alt=\"\" class=\"wp-image-11717\" srcset=\"https:\/\/i0.wp.com\/zsp.wegrow.pl\/wp-content\/uploads\/2023\/06\/Plakat-informacyjny_A3_.jpg?resize=724%2C1024&amp;ssl=1 724w, https:\/\/i0.wp.com\/zsp.wegrow.pl\/wp-content\/uploads\/2023\/06\/Plakat-informacyjny_A3_.jpg?resize=212%2C300&amp;ssl=1 212w, https:\/\/i0.wp.com\/zsp.wegrow.pl\/wp-content\/uploads\/2023\/06\/Plakat-informacyjny_A3_.jpg?resize=106%2C150&amp;ssl=1 106w, https:\/\/i0.wp.com\/zsp.wegrow.pl\/wp-content\/uploads\/2023\/06\/Plakat-informacyjny_A3_.jpg?resize=768%2C1086&amp;ssl=1 768w, https:\/\/i0.wp.com\/zsp.wegrow.pl\/wp-content\/uploads\/2023\/06\/Plakat-informacyjny_A3_.jpg?resize=1086%2C1536&amp;ssl=1 1086w, https:\/\/i0.wp.com\/zsp.wegrow.pl\/wp-content\/uploads\/2023\/06\/Plakat-informacyjny_A3_.jpg?resize=1448%2C2048&amp;ssl=1 1448w, https:\/\/i0.wp.com\/zsp.wegrow.pl\/wp-content\/uploads\/2023\/06\/Plakat-informacyjny_A3_.jpg?resize=17%2C24&amp;ssl=1 17w, https:\/\/i0.wp.com\/zsp.wegrow.pl\/wp-content\/uploads\/2023\/06\/Plakat-informacyjny_A3_.jpg?resize=25%2C36&amp;ssl=1 25w, https:\/\/i0.wp.com\/zsp.wegrow.pl\/wp-content\/uploads\/2023\/06\/Plakat-informacyjny_A3_.jpg?resize=34%2C48&amp;ssl=1 34w, https:\/\/i0.wp.com\/zsp.wegrow.pl\/wp-content\/uploads\/2023\/06\/Plakat-informacyjny_A3_.jpg?w=1500&amp;ssl=1 1500w\" sizes=\"(max-width: 724px) 100vw, 724px\" \/><\/a><\/figure>\n<\/div>\n\n\n<div style=\"height:50px\" aria-hidden=\"true\" class=\"wp-block-spacer\"><\/div>\n\n\n\n<hr class=\"wp-block-separator has-text-color has-black-color has-alpha-channel-opacity has-black-background-color has-background is-style-wide\"\/>\n\n\n\n<div style=\"height:50px\" aria-hidden=\"true\" class=\"wp-block-spacer\"><\/div>\n\n\n\n<h3 class=\"wp-block-heading has-text-align-center\">Nowa jako\u015b\u0107 kszta\u0142cenia zawodowego w Powiecie W\u0119growskim<\/h3>\n\n\n\n<p class=\"has-drop-cap has-text-align-justify\">Na prze\u0142omie lipca i sierpnia 5 uczni\u00f3w i 5 uczennic zakwalifikowanych do uczestnictwa w projekcie &#8222;Nowa jako\u015b\u0107 kszta\u0142cenia zawodowego w Powiecie W\u0119growskim&#8221; odbywa\u0142o sta\u017ce uczniowskie u pracodawc\u00f3w. Realizacja sta\u017cy pozwoli\u0142a uzyska\u0107 do\u015bwiadczenie i naby\u0107 umiej\u0119tno\u015bci praktyczne niezb\u0119dne do wykonywania pracy w rzeczywistych warunkach. Podwy\u017cszone zosta\u0142y kompetencje zawodowe uczni\u00f3w. We wrze\u015bniu w Zespole Szk\u00f3\u0142 Ponadpodstawowych w W\u0119growie rozpocz\u0119\u0142a si\u0119 realizacja wsparcia dotycz\u0105cego doradztwa zawodowego dla uczni\u00f3w w ramach realizacji projektu pn. \u201eNowa jako\u015b\u0107 kszta\u0142cenia zawodowego w Powiecie W\u0119growskim\u201d. W ZSP w W\u0119growie zosta\u0142 utworzony Punkty Informacji i Kariery (PIK). W PIK-u uczniowie maj\u0105 dost\u0119p do zbior\u00f3w bibliotecznych, informacji multimedialnych zwi\u0105zanych z tematem doradztwa zawodowego. Przy realizacji wsparcia edukacyjno-doradczego wykorzystywane s\u0105 zasoby serwisu: <a href=\"https:\/\/infozawodowe.mein.gov.pl\/\">https:\/\/infozawodowe.mein.gov.pl\/<\/a>, w szczeg\u00f3lno\u015bci materia\u0142y multimedialne:<a href=\"https:\/\/infozawodowe.mein.gov.pl\/zawody\"> https:\/\/infozawodowe.mein.gov.pl\/zawody<\/a>\/.<br>Dzia\u0142ania edukacyjno-doradcze w ramach Punktu Informacji i Kariery to czas trwania projektu \u201eNowa jako\u015b\u0107 kszta\u0142cenia zawodowego w Powiecie W\u0119growskim\u201d, kt\u00f3rego realizacja zosta\u0142a przewidziana do 31 grudnia 2023 r. Od 16 wrze\u015bnia w zakresie projektu &#8222;Nowa jako\u015b\u0107 kszta\u0142cenia zawodowego w Powiecie W\u0119growskim&#8221;, realizowany by\u0142 cykl warsztat\u00f3w kszta\u0142tuj\u0105cych kompetencje kluczowe i umiej\u0119tno\u015bci uniwersalne (prowadzone z wykorzystaniem TIK). Uczestnicy pi\u0119tnastogodzinnego bloku ciekawych zaj\u0119\u0107 nabyli nowe kompetencje kluczowe.<br>31.10.2023 r. w Zespole Szk\u00f3\u0142 Ponadpodstawowych im. Jana Kochanowskiego w W\u0119growie, zako\u0144czono szkolenia specjalistyczne dla uczni\u00f3w i nauczycieli pt. &#8222;Obs\u0142uga obrabiarek skrawaj\u0105cych sterowanych numerycznie (CNC)&#8221; i \u201eProgramowanie obrabiarek skrawaj\u0105cych sterowanych numerycznie (CNC)\u201d. Udzia\u0142 w szkoleniu wzi\u0119\u0142o 44 uczni\u00f3w oraz 4 nauczycieli. Wszyscy uczestnicy zdali egzamin zewn\u0119trzny, potwierdzaj\u0105cy posiadanie kwalifikacji i umiej\u0119tno\u015bci w zakresie ww. tematyki szkole\u0144.<br>W pierwszych dniach listopada do naszej szko\u0142y trafi\u0142o doposa\u017cenie pracowni technologii w postaci tokarki. Doposa\u017cenie pracowni zakupione w projekcie uatrakcyjni proces kszta\u0142cenia oraz pozwoli w pe\u0142ni realizowa\u0107 cele edukacyjne.<\/p>\n\n\n<div class=\"wp-block-image\">\n<figure class=\"aligncenter size-large\"><a href=\"https:\/\/i0.wp.com\/zsp.wegrow.pl\/wp-content\/uploads\/2023\/11\/staze-uczniowskie.jpg?ssl=1\"><img data-recalc-dims=\"1\" decoding=\"async\" width=\"840\" height=\"597\" src=\"https:\/\/i0.wp.com\/zsp.wegrow.pl\/wp-content\/uploads\/2023\/11\/staze-uczniowskie.jpg?resize=840%2C597&#038;ssl=1\" alt=\"\" class=\"wp-image-13443\" srcset=\"https:\/\/i0.wp.com\/zsp.wegrow.pl\/wp-content\/uploads\/2023\/11\/staze-uczniowskie.jpg?resize=1024%2C728&amp;ssl=1 1024w, https:\/\/i0.wp.com\/zsp.wegrow.pl\/wp-content\/uploads\/2023\/11\/staze-uczniowskie.jpg?resize=300%2C213&amp;ssl=1 300w, https:\/\/i0.wp.com\/zsp.wegrow.pl\/wp-content\/uploads\/2023\/11\/staze-uczniowskie.jpg?resize=150%2C107&amp;ssl=1 150w, https:\/\/i0.wp.com\/zsp.wegrow.pl\/wp-content\/uploads\/2023\/11\/staze-uczniowskie.jpg?resize=768%2C546&amp;ssl=1 768w, https:\/\/i0.wp.com\/zsp.wegrow.pl\/wp-content\/uploads\/2023\/11\/staze-uczniowskie.jpg?resize=24%2C17&amp;ssl=1 24w, https:\/\/i0.wp.com\/zsp.wegrow.pl\/wp-content\/uploads\/2023\/11\/staze-uczniowskie.jpg?resize=36%2C26&amp;ssl=1 36w, https:\/\/i0.wp.com\/zsp.wegrow.pl\/wp-content\/uploads\/2023\/11\/staze-uczniowskie.jpg?resize=48%2C34&amp;ssl=1 48w, https:\/\/i0.wp.com\/zsp.wegrow.pl\/wp-content\/uploads\/2023\/11\/staze-uczniowskie.jpg?w=1165&amp;ssl=1 1165w\" sizes=\"(max-width: 840px) 100vw, 840px\" \/><\/a><\/figure>\n<\/div>\n\n\n<div style=\"height:50px\" aria-hidden=\"true\" class=\"wp-block-spacer\"><\/div>\n\n\n<div class=\"wp-block-image\">\n<figure class=\"aligncenter size-large\"><a href=\"https:\/\/i0.wp.com\/zsp.wegrow.pl\/wp-content\/uploads\/2023\/11\/Fotorelacja_szkolenia-CNC_ZSP-w-Wegrowie.png?ssl=1\"><img data-recalc-dims=\"1\" decoding=\"async\" width=\"840\" height=\"596\" src=\"https:\/\/i0.wp.com\/zsp.wegrow.pl\/wp-content\/uploads\/2023\/11\/Fotorelacja_szkolenia-CNC_ZSP-w-Wegrowie.png?resize=840%2C596&#038;ssl=1\" alt=\"\" class=\"wp-image-13441\" srcset=\"https:\/\/i0.wp.com\/zsp.wegrow.pl\/wp-content\/uploads\/2023\/11\/Fotorelacja_szkolenia-CNC_ZSP-w-Wegrowie.png?resize=1024%2C726&amp;ssl=1 1024w, https:\/\/i0.wp.com\/zsp.wegrow.pl\/wp-content\/uploads\/2023\/11\/Fotorelacja_szkolenia-CNC_ZSP-w-Wegrowie.png?resize=300%2C213&amp;ssl=1 300w, https:\/\/i0.wp.com\/zsp.wegrow.pl\/wp-content\/uploads\/2023\/11\/Fotorelacja_szkolenia-CNC_ZSP-w-Wegrowie.png?resize=150%2C106&amp;ssl=1 150w, https:\/\/i0.wp.com\/zsp.wegrow.pl\/wp-content\/uploads\/2023\/11\/Fotorelacja_szkolenia-CNC_ZSP-w-Wegrowie.png?resize=768%2C545&amp;ssl=1 768w, https:\/\/i0.wp.com\/zsp.wegrow.pl\/wp-content\/uploads\/2023\/11\/Fotorelacja_szkolenia-CNC_ZSP-w-Wegrowie.png?resize=1536%2C1090&amp;ssl=1 1536w, https:\/\/i0.wp.com\/zsp.wegrow.pl\/wp-content\/uploads\/2023\/11\/Fotorelacja_szkolenia-CNC_ZSP-w-Wegrowie.png?resize=24%2C17&amp;ssl=1 24w, https:\/\/i0.wp.com\/zsp.wegrow.pl\/wp-content\/uploads\/2023\/11\/Fotorelacja_szkolenia-CNC_ZSP-w-Wegrowie.png?resize=36%2C26&amp;ssl=1 36w, https:\/\/i0.wp.com\/zsp.wegrow.pl\/wp-content\/uploads\/2023\/11\/Fotorelacja_szkolenia-CNC_ZSP-w-Wegrowie.png?resize=48%2C34&amp;ssl=1 48w, https:\/\/i0.wp.com\/zsp.wegrow.pl\/wp-content\/uploads\/2023\/11\/Fotorelacja_szkolenia-CNC_ZSP-w-Wegrowie.png?w=1748&amp;ssl=1 1748w, https:\/\/i0.wp.com\/zsp.wegrow.pl\/wp-content\/uploads\/2023\/11\/Fotorelacja_szkolenia-CNC_ZSP-w-Wegrowie.png?w=1680&amp;ssl=1 1680w\" sizes=\"(max-width: 840px) 100vw, 840px\" \/><\/a><\/figure>\n<\/div>\n\n\n<div style=\"height:50px\" aria-hidden=\"true\" class=\"wp-block-spacer\"><\/div>\n\n\n<div class=\"wp-block-image\">\n<figure class=\"aligncenter size-large\"><a href=\"https:\/\/i0.wp.com\/zsp.wegrow.pl\/wp-content\/uploads\/2023\/11\/nowa-jakosc-ksztalcenia-scaled.jpg?ssl=1\"><img data-recalc-dims=\"1\" loading=\"lazy\" decoding=\"async\" width=\"724\" height=\"1024\" src=\"https:\/\/i0.wp.com\/zsp.wegrow.pl\/wp-content\/uploads\/2023\/11\/nowa-jakosc-ksztalcenia.jpg?resize=724%2C1024&#038;ssl=1\" alt=\"\" class=\"wp-image-13439\" srcset=\"https:\/\/i0.wp.com\/zsp.wegrow.pl\/wp-content\/uploads\/2023\/11\/nowa-jakosc-ksztalcenia-scaled.jpg?resize=724%2C1024&amp;ssl=1 724w, https:\/\/i0.wp.com\/zsp.wegrow.pl\/wp-content\/uploads\/2023\/11\/nowa-jakosc-ksztalcenia-scaled.jpg?resize=212%2C300&amp;ssl=1 212w, https:\/\/i0.wp.com\/zsp.wegrow.pl\/wp-content\/uploads\/2023\/11\/nowa-jakosc-ksztalcenia-scaled.jpg?resize=106%2C150&amp;ssl=1 106w, https:\/\/i0.wp.com\/zsp.wegrow.pl\/wp-content\/uploads\/2023\/11\/nowa-jakosc-ksztalcenia-scaled.jpg?resize=768%2C1086&amp;ssl=1 768w, https:\/\/i0.wp.com\/zsp.wegrow.pl\/wp-content\/uploads\/2023\/11\/nowa-jakosc-ksztalcenia-scaled.jpg?resize=1086%2C1536&amp;ssl=1 1086w, https:\/\/i0.wp.com\/zsp.wegrow.pl\/wp-content\/uploads\/2023\/11\/nowa-jakosc-ksztalcenia-scaled.jpg?resize=1448%2C2048&amp;ssl=1 1448w, https:\/\/i0.wp.com\/zsp.wegrow.pl\/wp-content\/uploads\/2023\/11\/nowa-jakosc-ksztalcenia-scaled.jpg?resize=17%2C24&amp;ssl=1 17w, https:\/\/i0.wp.com\/zsp.wegrow.pl\/wp-content\/uploads\/2023\/11\/nowa-jakosc-ksztalcenia-scaled.jpg?resize=25%2C36&amp;ssl=1 25w, https:\/\/i0.wp.com\/zsp.wegrow.pl\/wp-content\/uploads\/2023\/11\/nowa-jakosc-ksztalcenia-scaled.jpg?resize=34%2C48&amp;ssl=1 34w, https:\/\/i0.wp.com\/zsp.wegrow.pl\/wp-content\/uploads\/2023\/11\/nowa-jakosc-ksztalcenia-scaled.jpg?w=1811&amp;ssl=1 1811w, https:\/\/i0.wp.com\/zsp.wegrow.pl\/wp-content\/uploads\/2023\/11\/nowa-jakosc-ksztalcenia-scaled.jpg?w=1680&amp;ssl=1 1680w\" sizes=\"(max-width: 724px) 100vw, 724px\" \/><\/a><\/figure>\n<\/div>\n\n\n<div style=\"height:50px\" aria-hidden=\"true\" class=\"wp-block-spacer\"><\/div>\n\n\n<div class=\"wp-block-image\">\n<figure class=\"aligncenter size-large\"><a href=\"https:\/\/i0.wp.com\/zsp.wegrow.pl\/wp-content\/uploads\/2023\/11\/image000000007.jpg?ssl=1\"><img data-recalc-dims=\"1\" loading=\"lazy\" decoding=\"async\" width=\"840\" height=\"630\" src=\"https:\/\/i0.wp.com\/zsp.wegrow.pl\/wp-content\/uploads\/2023\/11\/image000000007.jpg?resize=840%2C630&#038;ssl=1\" alt=\"\" class=\"wp-image-13451\" srcset=\"https:\/\/i0.wp.com\/zsp.wegrow.pl\/wp-content\/uploads\/2023\/11\/image000000007.jpg?resize=1024%2C768&amp;ssl=1 1024w, https:\/\/i0.wp.com\/zsp.wegrow.pl\/wp-content\/uploads\/2023\/11\/image000000007.jpg?resize=300%2C225&amp;ssl=1 300w, https:\/\/i0.wp.com\/zsp.wegrow.pl\/wp-content\/uploads\/2023\/11\/image000000007.jpg?resize=150%2C113&amp;ssl=1 150w, https:\/\/i0.wp.com\/zsp.wegrow.pl\/wp-content\/uploads\/2023\/11\/image000000007.jpg?resize=768%2C576&amp;ssl=1 768w, https:\/\/i0.wp.com\/zsp.wegrow.pl\/wp-content\/uploads\/2023\/11\/image000000007.jpg?resize=840%2C630&amp;ssl=1 840w, https:\/\/i0.wp.com\/zsp.wegrow.pl\/wp-content\/uploads\/2023\/11\/image000000007.jpg?resize=440%2C330&amp;ssl=1 440w, https:\/\/i0.wp.com\/zsp.wegrow.pl\/wp-content\/uploads\/2023\/11\/image000000007.jpg?resize=24%2C18&amp;ssl=1 24w, https:\/\/i0.wp.com\/zsp.wegrow.pl\/wp-content\/uploads\/2023\/11\/image000000007.jpg?resize=36%2C27&amp;ssl=1 36w, https:\/\/i0.wp.com\/zsp.wegrow.pl\/wp-content\/uploads\/2023\/11\/image000000007.jpg?resize=48%2C36&amp;ssl=1 48w, https:\/\/i0.wp.com\/zsp.wegrow.pl\/wp-content\/uploads\/2023\/11\/image000000007.jpg?w=1440&amp;ssl=1 1440w\" sizes=\"(max-width: 840px) 100vw, 840px\" \/><\/a><\/figure>\n<\/div>\n\n\n<div style=\"height:50px\" aria-hidden=\"true\" class=\"wp-block-spacer\"><\/div>\n\n\n<div class=\"wp-block-image\">\n<figure class=\"aligncenter size-large\"><a href=\"https:\/\/i0.wp.com\/zsp.wegrow.pl\/wp-content\/uploads\/2023\/11\/image000000008.jpg?ssl=1\"><img data-recalc-dims=\"1\" loading=\"lazy\" decoding=\"async\" width=\"840\" height=\"630\" src=\"https:\/\/i0.wp.com\/zsp.wegrow.pl\/wp-content\/uploads\/2023\/11\/image000000008.jpg?resize=840%2C630&#038;ssl=1\" alt=\"\" class=\"wp-image-13452\" srcset=\"https:\/\/i0.wp.com\/zsp.wegrow.pl\/wp-content\/uploads\/2023\/11\/image000000008.jpg?resize=1024%2C768&amp;ssl=1 1024w, https:\/\/i0.wp.com\/zsp.wegrow.pl\/wp-content\/uploads\/2023\/11\/image000000008.jpg?resize=300%2C225&amp;ssl=1 300w, https:\/\/i0.wp.com\/zsp.wegrow.pl\/wp-content\/uploads\/2023\/11\/image000000008.jpg?resize=150%2C113&amp;ssl=1 150w, https:\/\/i0.wp.com\/zsp.wegrow.pl\/wp-content\/uploads\/2023\/11\/image000000008.jpg?resize=768%2C576&amp;ssl=1 768w, https:\/\/i0.wp.com\/zsp.wegrow.pl\/wp-content\/uploads\/2023\/11\/image000000008.jpg?resize=840%2C630&amp;ssl=1 840w, https:\/\/i0.wp.com\/zsp.wegrow.pl\/wp-content\/uploads\/2023\/11\/image000000008.jpg?resize=440%2C330&amp;ssl=1 440w, https:\/\/i0.wp.com\/zsp.wegrow.pl\/wp-content\/uploads\/2023\/11\/image000000008.jpg?resize=24%2C18&amp;ssl=1 24w, https:\/\/i0.wp.com\/zsp.wegrow.pl\/wp-content\/uploads\/2023\/11\/image000000008.jpg?resize=36%2C27&amp;ssl=1 36w, https:\/\/i0.wp.com\/zsp.wegrow.pl\/wp-content\/uploads\/2023\/11\/image000000008.jpg?resize=48%2C36&amp;ssl=1 48w, https:\/\/i0.wp.com\/zsp.wegrow.pl\/wp-content\/uploads\/2023\/11\/image000000008.jpg?w=1440&amp;ssl=1 1440w\" sizes=\"(max-width: 840px) 100vw, 840px\" \/><\/a><\/figure>\n<\/div>\n\n\n<div style=\"height:50px\" aria-hidden=\"true\" class=\"wp-block-spacer\"><\/div>\n\n\n<div class=\"wp-block-image\">\n<figure class=\"aligncenter size-large\"><a href=\"https:\/\/i0.wp.com\/zsp.wegrow.pl\/wp-content\/uploads\/2023\/11\/image000000009.jpg?ssl=1\"><img data-recalc-dims=\"1\" loading=\"lazy\" decoding=\"async\" width=\"840\" height=\"630\" src=\"https:\/\/i0.wp.com\/zsp.wegrow.pl\/wp-content\/uploads\/2023\/11\/image000000009.jpg?resize=840%2C630&#038;ssl=1\" alt=\"\" class=\"wp-image-13453\" srcset=\"https:\/\/i0.wp.com\/zsp.wegrow.pl\/wp-content\/uploads\/2023\/11\/image000000009.jpg?resize=1024%2C768&amp;ssl=1 1024w, https:\/\/i0.wp.com\/zsp.wegrow.pl\/wp-content\/uploads\/2023\/11\/image000000009.jpg?resize=300%2C225&amp;ssl=1 300w, https:\/\/i0.wp.com\/zsp.wegrow.pl\/wp-content\/uploads\/2023\/11\/image000000009.jpg?resize=150%2C113&amp;ssl=1 150w, https:\/\/i0.wp.com\/zsp.wegrow.pl\/wp-content\/uploads\/2023\/11\/image000000009.jpg?resize=768%2C576&amp;ssl=1 768w, https:\/\/i0.wp.com\/zsp.wegrow.pl\/wp-content\/uploads\/2023\/11\/image000000009.jpg?resize=840%2C630&amp;ssl=1 840w, https:\/\/i0.wp.com\/zsp.wegrow.pl\/wp-content\/uploads\/2023\/11\/image000000009.jpg?resize=440%2C330&amp;ssl=1 440w, https:\/\/i0.wp.com\/zsp.wegrow.pl\/wp-content\/uploads\/2023\/11\/image000000009.jpg?resize=24%2C18&amp;ssl=1 24w, https:\/\/i0.wp.com\/zsp.wegrow.pl\/wp-content\/uploads\/2023\/11\/image000000009.jpg?resize=36%2C27&amp;ssl=1 36w, https:\/\/i0.wp.com\/zsp.wegrow.pl\/wp-content\/uploads\/2023\/11\/image000000009.jpg?resize=48%2C36&amp;ssl=1 48w, https:\/\/i0.wp.com\/zsp.wegrow.pl\/wp-content\/uploads\/2023\/11\/image000000009.jpg?w=1440&amp;ssl=1 1440w\" sizes=\"(max-width: 840px) 100vw, 840px\" \/><\/a><\/figure>\n<\/div>\n\n\n<div style=\"height:50px\" aria-hidden=\"true\" class=\"wp-block-spacer\"><\/div>\n\n\n\n<hr class=\"wp-block-separator has-text-color has-black-color has-alpha-channel-opacity has-black-background-color has-background is-style-wide\"\/>\n\n\n\n<div style=\"height:50px\" aria-hidden=\"true\" class=\"wp-block-spacer\"><\/div>\n\n\n\n<div data-wp-interactive=\"core\/file\" class=\"wp-block-file\"><object data-wp-bind--hidden=\"!state.hasPdfPreview\" hidden class=\"wp-block-file__embed\" data=\"https:\/\/zsp.wegrow.pl\/wp-content\/uploads\/2023\/06\/ZSPW_Lista-zakwalifikowanych.pdf\" type=\"application\/pdf\" style=\"width:100%;height:600px\" aria-label=\"Osadzone z ZSPW_Lista zakwalifikowanych.\"><\/object><a id=\"wp-block-file--media-68dc4cf3-3771-4677-8a87-0284f0e30ab5\" href=\"https:\/\/zsp.wegrow.pl\/wp-content\/uploads\/2023\/06\/ZSPW_Lista-zakwalifikowanych.pdf\">ZSPW_Lista zakwalifikowanych<\/a><a href=\"https:\/\/zsp.wegrow.pl\/wp-content\/uploads\/2023\/06\/ZSPW_Lista-zakwalifikowanych.pdf\" class=\"wp-block-file__button wp-element-button\" download aria-describedby=\"wp-block-file--media-68dc4cf3-3771-4677-8a87-0284f0e30ab5\">Pobierz<\/a><\/div>\n\n\n\n<div style=\"height:50px\" aria-hidden=\"true\" class=\"wp-block-spacer\"><\/div>\n\n\n\n<div data-wp-interactive=\"core\/file\" class=\"wp-block-file\"><object data-wp-bind--hidden=\"!state.hasPdfPreview\" hidden class=\"wp-block-file__embed\" data=\"https:\/\/zsp.wegrow.pl\/wp-content\/uploads\/2023\/06\/ZSPW_Lista-zakwalifikowanych_rezerwa.pdf\" type=\"application\/pdf\" style=\"width:100%;height:600px\" aria-label=\"Osadzone z ZSPW_Lista zakwalifikowanych_rezerwa.\"><\/object><a id=\"wp-block-file--media-017cbfab-8d30-4ccb-ac0b-cef4e50b1575\" href=\"https:\/\/zsp.wegrow.pl\/wp-content\/uploads\/2023\/06\/ZSPW_Lista-zakwalifikowanych_rezerwa.pdf\">ZSPW_Lista zakwalifikowanych_rezerwa<\/a><a href=\"https:\/\/zsp.wegrow.pl\/wp-content\/uploads\/2023\/06\/ZSPW_Lista-zakwalifikowanych_rezerwa.pdf\" class=\"wp-block-file__button wp-element-button\" download aria-describedby=\"wp-block-file--media-017cbfab-8d30-4ccb-ac0b-cef4e50b1575\">Pobierz<\/a><\/div>\n\n\n\n<div style=\"height:50px\" aria-hidden=\"true\" class=\"wp-block-spacer\"><\/div>\n\n\n\n<div data-wp-interactive=\"core\/file\" class=\"wp-block-file aligncenter\"><object data-wp-bind--hidden=\"!state.hasPdfPreview\" hidden class=\"wp-block-file__embed\" data=\"https:\/\/zsp.wegrow.pl\/wp-content\/uploads\/2023\/06\/LOGO_ogloszenie_o_naborze__firm_2023_1.pdf\" type=\"application\/pdf\" style=\"width:100%;height:600px\" aria-label=\"Osadzone z Og\u0142oszenie o naborze firm 2023.\"><\/object><a id=\"wp-block-file--media-d2fc6305-6f9d-48b2-bdb0-fe459c6e043f\" href=\"https:\/\/zsp.wegrow.pl\/wp-content\/uploads\/2023\/06\/LOGO_ogloszenie_o_naborze__firm_2023_1.pdf\">Og\u0142oszenie o naborze firm 2023<\/a><a href=\"https:\/\/zsp.wegrow.pl\/wp-content\/uploads\/2023\/06\/LOGO_ogloszenie_o_naborze__firm_2023_1.pdf\" class=\"wp-block-file__button wp-element-button\" download aria-describedby=\"wp-block-file--media-d2fc6305-6f9d-48b2-bdb0-fe459c6e043f\">Pobierz<\/a><\/div>\n\n\n\n<div style=\"height:50px\" aria-hidden=\"true\" class=\"wp-block-spacer\"><\/div>\n\n\n\n<div data-wp-interactive=\"core\/file\" class=\"wp-block-file\"><object data-wp-bind--hidden=\"!state.hasPdfPreview\" hidden class=\"wp-block-file__embed\" data=\"https:\/\/zsp.wegrow.pl\/wp-content\/uploads\/2023\/11\/Formularz-rekrutacyjny_deklaracja-uczestnictwa.pdf\" type=\"application\/pdf\" style=\"width:100%;height:600px\" aria-label=\"Osadzone z Formularz rekrutacyjny_deklaracja uczestnictwa.\"><\/object><a id=\"wp-block-file--media-98f70daa-8e26-4a2b-aece-8e7e5e7ecb61\" href=\"https:\/\/zsp.wegrow.pl\/wp-content\/uploads\/2023\/11\/Formularz-rekrutacyjny_deklaracja-uczestnictwa.pdf\">Formularz rekrutacyjny_deklaracja uczestnictwa<\/a><a href=\"https:\/\/zsp.wegrow.pl\/wp-content\/uploads\/2023\/11\/Formularz-rekrutacyjny_deklaracja-uczestnictwa.pdf\" class=\"wp-block-file__button wp-element-button\" download aria-describedby=\"wp-block-file--media-98f70daa-8e26-4a2b-aece-8e7e5e7ecb61\">Pobierz<\/a><\/div>\n\n\n\n<div style=\"height:50px\" aria-hidden=\"true\" class=\"wp-block-spacer\"><\/div>\n\n\n\n<div data-wp-interactive=\"core\/file\" class=\"wp-block-file aligncenter\"><object data-wp-bind--hidden=\"!state.hasPdfPreview\" hidden class=\"wp-block-file__embed\" data=\"https:\/\/zsp.wegrow.pl\/wp-content\/uploads\/2023\/11\/Regulamin-rekrutacji-i-uczestnictwa-w-projekcie.pdf\" type=\"application\/pdf\" style=\"width:100%;height:600px\" aria-label=\"Osadzone z Regulamin rekrutacji i uczestnictwa w projekcie.\"><\/object><a id=\"wp-block-file--media-b8073d0e-4362-43d0-aa24-ca74db96e976\" href=\"https:\/\/zsp.wegrow.pl\/wp-content\/uploads\/2023\/11\/Regulamin-rekrutacji-i-uczestnictwa-w-projekcie.pdf\">Regulamin rekrutacji i uczestnictwa w projekcie<\/a><a href=\"https:\/\/zsp.wegrow.pl\/wp-content\/uploads\/2023\/11\/Regulamin-rekrutacji-i-uczestnictwa-w-projekcie.pdf\" class=\"wp-block-file__button wp-element-button\" download aria-describedby=\"wp-block-file--media-b8073d0e-4362-43d0-aa24-ca74db96e976\">Pobierz<\/a><\/div>\n\n\n\n<div style=\"height:50px\" aria-hidden=\"true\" class=\"wp-block-spacer\"><\/div>\n\n\n\n<div data-wp-interactive=\"core\/file\" class=\"wp-block-file aligncenter\"><object data-wp-bind--hidden=\"!state.hasPdfPreview\" hidden class=\"wp-block-file__embed\" data=\"https:\/\/zsp.wegrow.pl\/wp-content\/uploads\/2023\/11\/Oswiadczenie_uczestnika_projektu.pdf\" type=\"application\/pdf\" style=\"width:100%;height:600px\" aria-label=\"Osadzone z Os\u0301wiadczenie_uczestnika_projektu.\"><\/object><a id=\"wp-block-file--media-8c17c0f9-81e6-49d8-9bc9-da1aa71b4840\" href=\"https:\/\/zsp.wegrow.pl\/wp-content\/uploads\/2023\/11\/Oswiadczenie_uczestnika_projektu.pdf\">Os\u0301wiadczenie_uczestnika_projektu<\/a><a href=\"https:\/\/zsp.wegrow.pl\/wp-content\/uploads\/2023\/11\/Oswiadczenie_uczestnika_projektu.pdf\" class=\"wp-block-file__button wp-element-button\" download aria-describedby=\"wp-block-file--media-8c17c0f9-81e6-49d8-9bc9-da1aa71b4840\">Pobierz<\/a><\/div>\n\n\n\n<div style=\"height:50px\" aria-hidden=\"true\" class=\"wp-block-spacer\"><\/div>\n\n\n\n<div data-wp-interactive=\"core\/file\" class=\"wp-block-file aligncenter\"><object data-wp-bind--hidden=\"!state.hasPdfPreview\" hidden class=\"wp-block-file__embed\" data=\"https:\/\/zsp.wegrow.pl\/wp-content\/uploads\/2023\/06\/informacja-o-realizacji-projektu.pdf\" type=\"application\/pdf\" style=\"width:100%;height:600px\" aria-label=\"Osadzone z informacja o realizacji projektu.\"><\/object><a id=\"wp-block-file--media-b0484147-183e-41f2-a338-35fb9bb0d6d1\" href=\"https:\/\/zsp.wegrow.pl\/wp-content\/uploads\/2023\/06\/informacja-o-realizacji-projektu.pdf\">informacja o realizacji projektu<\/a><a href=\"https:\/\/zsp.wegrow.pl\/wp-content\/uploads\/2023\/06\/informacja-o-realizacji-projektu.pdf\" class=\"wp-block-file__button wp-element-button\" download aria-describedby=\"wp-block-file--media-b0484147-183e-41f2-a338-35fb9bb0d6d1\">Pobierz<\/a><\/div>\n\n\n\n<div style=\"height:50px\" aria-hidden=\"true\" class=\"wp-block-spacer\"><\/div>\n\n\n\n<div data-wp-interactive=\"core\/file\" class=\"wp-block-file aligncenter\"><object data-wp-bind--hidden=\"!state.hasPdfPreview\" hidden class=\"wp-block-file__embed\" data=\"https:\/\/zsp.wegrow.pl\/wp-content\/uploads\/2023\/06\/Rekrutacja-do-nowego-projektu.pdf\" type=\"application\/pdf\" style=\"width:100%;height:600px\" aria-label=\"Osadzone z Rekrutacja do nowego projektu.\"><\/object><a id=\"wp-block-file--media-6d7ef7a5-6ae2-4de7-a706-db60716fb145\" href=\"https:\/\/zsp.wegrow.pl\/wp-content\/uploads\/2023\/06\/Rekrutacja-do-nowego-projektu.pdf\">Rekrutacja do nowego projektu<\/a><a href=\"https:\/\/zsp.wegrow.pl\/wp-content\/uploads\/2023\/06\/Rekrutacja-do-nowego-projektu.pdf\" class=\"wp-block-file__button wp-element-button\" download aria-describedby=\"wp-block-file--media-6d7ef7a5-6ae2-4de7-a706-db60716fb145\">Pobierz<\/a><\/div>\n","protected":false},"excerpt":{"rendered":"<p>Nowa jako\u015b\u0107 kszta\u0142cenia zawodowego w Powiecie W\u0119growskim Na prze\u0142omie lipca i sierpnia 5 uczni\u00f3w i 5 uczennic zakwalifikowanych do uczestnictwa w projekcie &#8222;Nowa jako\u015b\u0107 kszta\u0142cenia zawodowego w Powiecie W\u0119growskim&#8221; odbywa\u0142o sta\u017ce uczniowskie u pracodawc\u00f3w. Realizacja<\/p>\n","protected":false},"author":1,"featured_media":2274,"parent":0,"menu_order":0,"comment_status":"closed","ping_status":"closed","template":"template-centered.php","meta":{"ngg_post_thumbnail":0,"_themeisle_gutenberg_block_has_review":false,"jetpack_post_was_ever_published":false,"footnotes":""},"class_list":["post-11710","page","type-page","status-publish","has-post-thumbnail","hentry"],"jetpack_sharing_enabled":true,"jetpack_shortlink":"https:\/\/wp.me\/PaT2nI-32S","_links":{"self":[{"href":"https:\/\/zsp.wegrow.pl\/index.php\/wp-json\/wp\/v2\/pages\/11710","targetHints":{"allow":["GET"]}}],"collection":[{"href":"https:\/\/zsp.wegrow.pl\/index.php\/wp-json\/wp\/v2\/pages"}],"about":[{"href":"https:\/\/zsp.wegrow.pl\/index.php\/wp-json\/wp\/v2\/types\/page"}],"author":[{"embeddable":true,"href":"https:\/\/zsp.wegrow.pl\/index.php\/wp-json\/wp\/v2\/users\/1"}],"replies":[{"embeddable":true,"href":"https:\/\/zsp.wegrow.pl\/index.php\/wp-json\/wp\/v2\/comments?post=11710"}],"version-history":[{"count":19,"href":"https:\/\/zsp.wegrow.pl\/index.php\/wp-json\/wp\/v2\/pages\/11710\/revisions"}],"predecessor-version":[{"id":13564,"href":"https:\/\/zsp.wegrow.pl\/index.php\/wp-json\/wp\/v2\/pages\/11710\/revisions\/13564"}],"wp:featuredmedia":[{"embeddable":true,"href":"https:\/\/zsp.wegrow.pl\/index.php\/wp-json\/wp\/v2\/media\/2274"}],"wp:attachment":[{"href":"https:\/\/zsp.wegrow.pl\/index.php\/wp-json\/wp\/v2\/media?parent=11710"}],"curies":[{"name":"wp","href":"https:\/\/api.w.org\/{rel}","templated":true}]}}