{"id":13574,"date":"2023-12-05T20:55:11","date_gmt":"2023-12-05T19:55:11","guid":{"rendered":"https:\/\/zsp.wegrow.pl\/?page_id=13574"},"modified":"2024-02-12T21:51:12","modified_gmt":"2024-02-12T20:51:12","slug":"statuty","status":"publish","type":"page","link":"https:\/\/zsp.wegrow.pl\/index.php\/statuty\/","title":{"rendered":"Statuty"},"content":{"rendered":"\n<div class=\"wp-block-file aligncenter\"><a id=\"wp-block-file--media-aade3fa0-a05b-4b98-8301-d6f54173d4c0\" href=\"https:\/\/zsp.wegrow.pl\/wp-content\/uploads\/2024\/02\/STATUT-ZSP-30.11.2023-r_.docx\">STATUT Zespo\u0142u Szk\u00f3\u0142 Ponadpodstawowych<\/a><a href=\"https:\/\/zsp.wegrow.pl\/wp-content\/uploads\/2024\/02\/STATUT-ZSP-30.11.2023-r_.docx\" class=\"wp-block-file__button wp-element-button\" download aria-describedby=\"wp-block-file--media-aade3fa0-a05b-4b98-8301-d6f54173d4c0\">Pobierz<\/a><\/div>\n\n\n\n<div class=\"wp-block-file aligncenter\"><a id=\"wp-block-file--media-728a9e7d-4bd0-44dd-a8e6-f92c7ccd7834\" href=\"https:\/\/zsp.wegrow.pl\/wp-content\/uploads\/2024\/02\/STATUT-TECHNIKUM-30.11.2023-r_.docx\">STATUT Technikum<\/a><a href=\"https:\/\/zsp.wegrow.pl\/wp-content\/uploads\/2024\/02\/STATUT-TECHNIKUM-30.11.2023-r_.docx\" class=\"wp-block-file__button wp-element-button\" download aria-describedby=\"wp-block-file--media-728a9e7d-4bd0-44dd-a8e6-f92c7ccd7834\">Pobierz<\/a><\/div>\n\n\n\n<div class=\"wp-block-file aligncenter\"><a id=\"wp-block-file--media-e2529e3b-07c2-47e5-80ec-2c7265d4ac45\" href=\"https:\/\/zsp.wegrow.pl\/wp-content\/uploads\/2024\/02\/Statut-II-Liceum-30.11.2023-r_.doc\">Statut II Liceum Og\u00f3lnokszta\u0142c\u0105cego<\/a><a href=\"https:\/\/zsp.wegrow.pl\/wp-content\/uploads\/2024\/02\/Statut-II-Liceum-30.11.2023-r_.doc\" class=\"wp-block-file__button wp-element-button\" download aria-describedby=\"wp-block-file--media-e2529e3b-07c2-47e5-80ec-2c7265d4ac45\">Pobierz<\/a><\/div>\n\n\n\n<div class=\"wp-block-file aligncenter\"><a id=\"wp-block-file--media-83fff84e-4dfb-4b6b-9c74-794d6939f217\" href=\"https:\/\/zsp.wegrow.pl\/wp-content\/uploads\/2024\/02\/STATUT-BRANZOWA-30.11.2023-r_.docx\">STATUT Szko\u0142y Bran\u017cowej I Stopnia<\/a><a href=\"https:\/\/zsp.wegrow.pl\/wp-content\/uploads\/2024\/02\/STATUT-BRANZOWA-30.11.2023-r_.docx\" class=\"wp-block-file__button wp-element-button\" download aria-describedby=\"wp-block-file--media-83fff84e-4dfb-4b6b-9c74-794d6939f217\">Pobierz<\/a><\/div>\n\n\n\n<div class=\"wp-block-file aligncenter\"><a id=\"wp-block-file--media-384a0a20-ec1b-4330-bd3d-60121cd597d8\" href=\"https:\/\/zsp.wegrow.pl\/wp-content\/uploads\/2024\/02\/Statut-LO-dla-Doroslych-30.11.2023-r_.docx\">Statut Liceum Og\u00f3lnokszta\u0142c\u0105cego dla Doros\u0142ych<\/a><a href=\"https:\/\/zsp.wegrow.pl\/wp-content\/uploads\/2024\/02\/Statut-LO-dla-Doroslych-30.11.2023-r_.docx\" class=\"wp-block-file__button wp-element-button\" download aria-describedby=\"wp-block-file--media-384a0a20-ec1b-4330-bd3d-60121cd597d8\">Pobierz<\/a><\/div>\n","protected":false},"excerpt":{"rendered":"","protected":false},"author":1,"featured_media":0,"parent":0,"menu_order":0,"comment_status":"closed","ping_status":"closed","template":"template-centered.php","meta":{"ngg_post_thumbnail":0,"_themeisle_gutenberg_block_has_review":false,"jetpack_post_was_ever_published":false,"footnotes":""},"class_list":["post-13574","page","type-page","status-publish","hentry"],"jetpack_sharing_enabled":true,"jetpack_shortlink":"https:\/\/wp.me\/PaT2nI-3wW","_links":{"self":[{"href":"https:\/\/zsp.wegrow.pl\/index.php\/wp-json\/wp\/v2\/pages\/13574","targetHints":{"allow":["GET"]}}],"collection":[{"href":"https:\/\/zsp.wegrow.pl\/index.php\/wp-json\/wp\/v2\/pages"}],"about":[{"href":"https:\/\/zsp.wegrow.pl\/index.php\/wp-json\/wp\/v2\/types\/page"}],"author":[{"embeddable":true,"href":"https:\/\/zsp.wegrow.pl\/index.php\/wp-json\/wp\/v2\/users\/1"}],"replies":[{"embeddable":true,"href":"https:\/\/zsp.wegrow.pl\/index.php\/wp-json\/wp\/v2\/comments?post=13574"}],"version-history":[{"count":7,"href":"https:\/\/zsp.wegrow.pl\/index.php\/wp-json\/wp\/v2\/pages\/13574\/revisions"}],"predecessor-version":[{"id":14243,"href":"https:\/\/zsp.wegrow.pl\/index.php\/wp-json\/wp\/v2\/pages\/13574\/revisions\/14243"}],"wp:attachment":[{"href":"https:\/\/zsp.wegrow.pl\/index.php\/wp-json\/wp\/v2\/media?parent=13574"}],"curies":[{"name":"wp","href":"https:\/\/api.w.org\/{rel}","templated":true}]}}