{"id":1499,"date":"2019-05-27T18:02:02","date_gmt":"2019-05-27T16:02:02","guid":{"rendered":"http:\/\/zsp.wegrow.pl\/?page_id=1499"},"modified":"2023-09-17T18:49:06","modified_gmt":"2023-09-17T16:49:06","slug":"1499-2","status":"publish","type":"page","link":"https:\/\/zsp.wegrow.pl\/index.php\/1499-2\/","title":{"rendered":""},"content":{"rendered":"\n<div class=\"wp-block-cover is-light\"><span aria-hidden=\"true\" class=\"wp-block-cover__background has-background-dim\"><\/span><img data-recalc-dims=\"1\" fetchpriority=\"high\" decoding=\"async\" width=\"840\" height=\"412\" class=\"wp-block-cover__image-background wp-image-664\" src=\"https:\/\/i0.wp.com\/zsp.wegrow.pl\/wp-content\/uploads\/2019\/04\/cqxuqmws.jpg?resize=840%2C412\" data-object-fit=\"cover\" srcset=\"https:\/\/i0.wp.com\/zsp.wegrow.pl\/wp-content\/uploads\/2019\/04\/cqxuqmws.jpg?w=860&amp;ssl=1 860w, https:\/\/i0.wp.com\/zsp.wegrow.pl\/wp-content\/uploads\/2019\/04\/cqxuqmws.jpg?resize=300%2C147&amp;ssl=1 300w, https:\/\/i0.wp.com\/zsp.wegrow.pl\/wp-content\/uploads\/2019\/04\/cqxuqmws.jpg?resize=768%2C377&amp;ssl=1 768w\" sizes=\"(max-width: 840px) 100vw, 840px\" \/><div class=\"wp-block-cover__inner-container is-layout-flow wp-block-cover-is-layout-flow\">\n<p class=\"has-text-align-center has-white-color has-text-color\" style=\"font-size:120px\"><strong>Internat<\/strong><\/p>\n<\/div><\/div>\n\n\n\n<div style=\"height:50px\" aria-hidden=\"true\" class=\"wp-block-spacer\"><\/div>\n\n\n\n<h2 class=\"wp-block-heading has-text-align-center\">Internat jest czynny od poniedzia\u0142ku 6:00 do pi\u0105tku 16:00<\/h2>\n\n\n\n<div style=\"height:50px\" aria-hidden=\"true\" class=\"wp-block-spacer\"><\/div>\n\n\n\n<p>\n<strong>INTERNAT\nZSP ZAPEWNIA :<\/strong><\/p>\n\n\n\n<ul class=\"wp-block-list\">\n<li> w\u0142a\u015bciwe warunki do nauki; <\/li>\n\n\n\n<li> mo\u017cliwo\u015b\u0107 rozwoju indywidualnych zainteresowa\u0144 i umiej\u0119tno\u015bci, <\/li>\n\n\n\n<li> prac\u0119 w M\u0142odzie\u017cowej Radzie Internatu; <\/li>\n\n\n\n<li> ca\u0142odobow\u0105 opiek\u0119 wykwalifikowanej kadry pedagogicznej <\/li>\n\n\n\n<li> codzienn\u0105 opiek\u0119 piel\u0119gniarki szkolnej; <\/li>\n\n\n\n<li> dobre warunki lokalowe \u2013 pokoje 2 i 3 osobowe, rozlokowane na dw\u00f3ch kondygnacjach; <\/li>\n\n\n\n<li> do dyspozycji mieszka\u0144c\u00f3w: \u015bwietlic\u0119 wyposa\u017con\u0105 w sprz\u0119t audiowizualny, aneks kuchenny, pomieszczenia higieniczno-sanitarne; <\/li>\n\n\n\n<li> wsp\u00f3\u0142prac\u0119 z rodzicami, wychowawcami klas, nauczycielami przedmiot\u00f3w, pedagogami szkolnymi. <\/li>\n<\/ul>\n\n\n\n<p>\n<strong>ATUTY\nINTERNATU ZSP:<\/strong><\/p>\n\n\n\n<ul class=\"wp-block-list\">\n<li>\n\tbardzo\n\tbliska odleg\u0142o\u015b\u0107 do szko\u0142y ( Internat na terenie szko\u0142y);\n\t<\/li>\n\n\n\n<li>\n\tkorzystne\n\twarunki finansowe, zgodnie z Uchwa\u0142\u0105 Rady Powiatu op\u0142ata obejmuje\n\ttylko ca\u0142odzienne wy\u017cywienie;\n\t<\/li>\n\n\n\n<li>\n\t\u017cyczliwa\n\tatmosfera sprzyjaj\u0105ca nauce i wypoczynkowi;\n\t<\/li>\n\n\n\n<li>\n\tatrakcyjne\n\tformy sp\u0119dzania czasu wolnego;\n\t<\/li>\n\n\n\n<li>\n\twsp\u00f3\u0142praca\n\tz instytucjami w celu zaspokojenia potrzeb m\u0142odzie\u017cy.\n<\/li>\n<\/ul>\n\n\n\n<p>Ucze\u0144\nubiegaj\u0105cy si\u0119 o przyj\u0119cie do internatu, powinien z\u0142o\u017cy\u0107\nbezpo\u015brednio w internacie wniosek\no przyj\u0119cie do internatu.<\/p>\n\n\n\n<div class=\"wp-block-file\"><a id=\"wp-block-file--media-c26c9e0a-ba42-4913-9f24-503dce3a1bd5\" href=\"http:\/\/zsp.wegrow.pl\/wp-content\/uploads\/2019\/05\/regulamin-internatu-2019.pdf\" target=\"_blank\" rel=\"noreferrer noopener\">Regulamin internatu<\/a><a href=\"http:\/\/zsp.wegrow.pl\/wp-content\/uploads\/2019\/05\/regulamin-internatu-2019.pdf\" class=\"wp-block-file__button wp-element-button\" download aria-describedby=\"wp-block-file--media-c26c9e0a-ba42-4913-9f24-503dce3a1bd5\">Pobierz<\/a><\/div>\n\n\n\n<div class=\"wp-block-file\"><a id=\"wp-block-file--media-fdbd8b89-cd1a-4060-9210-e93c176fa951\" href=\"http:\/\/zsp.wegrow.pl\/wp-content\/uploads\/2020\/08\/wniosek-o-przyj\u0119cie-internat-2020.pdf\" target=\"_blank\" rel=\"noreferrer noopener\">Wniosek o przyj\u0119cie do internatu<\/a><a href=\"http:\/\/zsp.wegrow.pl\/wp-content\/uploads\/2020\/08\/wniosek-o-przyj\u0119cie-internat-2020.pdf\" class=\"wp-block-file__button wp-element-button\" download aria-describedby=\"wp-block-file--media-fdbd8b89-cd1a-4060-9210-e93c176fa951\">Pobierz<\/a><\/div>\n\n\n\n<p><\/p>\n","protected":false},"excerpt":{"rendered":"<p>Internat jest czynny od poniedzia\u0142ku 6:00 do pi\u0105tku 16:00 INTERNAT ZSP ZAPEWNIA : ATUTY INTERNATU ZSP: Ucze\u0144 ubiegaj\u0105cy si\u0119 o przyj\u0119cie do internatu, powinien z\u0142o\u017cy\u0107 bezpo\u015brednio w internacie wniosek o przyj\u0119cie do internatu.<\/p>\n","protected":false},"author":1,"featured_media":0,"parent":0,"menu_order":0,"comment_status":"closed","ping_status":"closed","template":"template-centered.php","meta":{"ngg_post_thumbnail":0,"_themeisle_gutenberg_block_has_review":false,"jetpack_post_was_ever_published":false,"footnotes":""},"class_list":["post-1499","page","type-page","status-publish","hentry"],"jetpack_sharing_enabled":true,"jetpack_shortlink":"https:\/\/wp.me\/PaT2nI-ob","_links":{"self":[{"href":"https:\/\/zsp.wegrow.pl\/index.php\/wp-json\/wp\/v2\/pages\/1499","targetHints":{"allow":["GET"]}}],"collection":[{"href":"https:\/\/zsp.wegrow.pl\/index.php\/wp-json\/wp\/v2\/pages"}],"about":[{"href":"https:\/\/zsp.wegrow.pl\/index.php\/wp-json\/wp\/v2\/types\/page"}],"author":[{"embeddable":true,"href":"https:\/\/zsp.wegrow.pl\/index.php\/wp-json\/wp\/v2\/users\/1"}],"replies":[{"embeddable":true,"href":"https:\/\/zsp.wegrow.pl\/index.php\/wp-json\/wp\/v2\/comments?post=1499"}],"version-history":[{"count":7,"href":"https:\/\/zsp.wegrow.pl\/index.php\/wp-json\/wp\/v2\/pages\/1499\/revisions"}],"predecessor-version":[{"id":12289,"href":"https:\/\/zsp.wegrow.pl\/index.php\/wp-json\/wp\/v2\/pages\/1499\/revisions\/12289"}],"wp:attachment":[{"href":"https:\/\/zsp.wegrow.pl\/index.php\/wp-json\/wp\/v2\/media?parent=1499"}],"curies":[{"name":"wp","href":"https:\/\/api.w.org\/{rel}","templated":true}]}}