{"id":15253,"date":"2024-05-12T17:32:50","date_gmt":"2024-05-12T15:32:50","guid":{"rendered":"https:\/\/zsp.wegrow.pl\/?page_id=15253"},"modified":"2024-05-12T18:26:09","modified_gmt":"2024-05-12T16:26:09","slug":"warsztaty-szkolne","status":"publish","type":"page","link":"https:\/\/zsp.wegrow.pl\/index.php\/warsztaty-szkolne\/","title":{"rendered":"Warsztaty szkolne"},"content":{"rendered":"\n<p><strong>Warsztaty Szkolne Zespo\u0142u Szk\u00f3\u0142 Ponadpodstawowych im. Jana Kochanowskiego w W\u0119growie<\/strong><br>ul. Bohater\u00f3w Warszawy 10<br>07-100 W\u0119gr\u00f3w<br>Tel. 25&nbsp;792 26 76<\/p>\n\n\n\n<p>W Warsztatach Szkolnych uczniowie odbywaj\u0105 zaj\u0119cia praktyczne w&nbsp;zawodach:<\/p>\n\n\n\n<p><strong>Technikum:<\/strong><\/p>\n\n\n\n<ul class=\"wp-block-list\">\n<li>technik mechanik,<\/li>\n\n\n\n<li>technik elektryk,<\/li>\n\n\n\n<li>technik agrobiznesu,<\/li>\n<\/ul>\n\n\n\n<p><br><strong>Bran\u017cowa Szko\u0142a I stopnia:<\/strong><\/p>\n\n\n\n<ul class=\"wp-block-list\">\n<li>mechanik pojazd\u00f3w samochodowych,<\/li>\n\n\n\n<li>elektryk,<\/li>\n\n\n\n<li>\u015blusarz.<\/li>\n<\/ul>\n\n\n\n<p>\u200d <\/p>\n\n\n\n<p>Aktualnie struktur\u0119 edukacyjno-szkoleniow\u0105 Warsztat\u00f3w Szkolnych stanowi\u0105 dzia\u0142y:<\/p>\n\n\n\n<ul class=\"wp-block-list\">\n<li>elektryczny,<\/li>\n\n\n\n<li>mechaniczny,<\/li>\n\n\n\n<li>samochodowy,<\/li>\n\n\n\n<li>\u015blusarski,<\/li>\n\n\n\n<li>agrobiznesu.<\/li>\n<\/ul>\n\n\n\n<p class=\"has-text-align-justify\">Zaj\u0119cia praktyczne uczniowie odbywaj\u0105 na stanowiskach \u0107wiczeniowych w budynku Warsztat\u00f3w Szkolnych w odpowiednio przygotowanych pracowniach. Dla zapewnienia wysokiego poziomu kszta\u0142cenia w danym zawodzie oraz przygotowania uczni\u00f3w do egzamin\u00f3w zawodowych zaj\u0119cia prowadzone s\u0105 w kilkuosobowych grupach. Kadr\u0119 nauczycielsk\u0105 stanowi\u0105 wysoko wykwalifikowani nauczyciele zawodu. Warsztaty w swoim wyposa\u017ceniu posiadaj\u0105 profesjonalny, wysokiej klasy sprz\u0119t i narz\u0119dzia niezb\u0119dne do realizacji podstawy programowej w danym zawodzie.<\/p>\n\n\n\n<p class=\"has-text-align-justify\">\u200dW celu urozmaicenia zaj\u0119\u0107 praktycznych oraz dost\u0119pu do najnowszych technologii na terenie Warsztat\u00f3w organizowane s\u0105 szkolenia i pokazy praktyczne. Warsztaty posiadaj\u0105 upowa\u017cnienie wydane przez Okr\u0119gow\u0105 Komisj\u0119 Egzaminacyjn\u0105 \u2028w Warszawie do przeprowadzania egzamin\u00f3w z kwalifikacji zawod\u00f3w, w ramach kt\u00f3rych kszta\u0142ci Szko\u0142a.<\/p>\n\n\n\n<p class=\"has-text-align-justify\">\u200dEgzaminy zawodowe odbywaj\u0105 si\u0119 na tych samych stanowiskach, na kt\u00f3rych uczniowie \u0107wicz\u0105 na co dzie\u0144. Po zdaniu egzaminu uczniowie otrzymuj\u0105 dyplom z kwalifikacji zawodowych, kt\u00f3ry daje mo\u017cliwo\u015b\u0107 podj\u0119cia pracy w bran\u017cy w kraju oraz poza jego granicami. Absolwenci naszej szko\u0142y s\u0105 cenionymi fachowcami, kt\u00f3rzy bez problemu znajduj\u0105 dobr\u0105 i p\u0142atn\u0105 prac\u0119.<\/p>\n\n\n\n<p class=\"has-text-align-justify\">Modelem docelowym jest tworzenie wielobran\u017cowego, pe\u0142nego systemu szkolenia praktycznego w&nbsp;zawodach wraz z&nbsp;przeprowadzaniem egzamin\u00f3w zewn\u0119trznych przy wsp\u00f3\u0142pracy z&nbsp;Okr\u0119gow\u0105 Komisj\u0105 Egzaminacyjn\u0105 w&nbsp;Warszawie.&nbsp;<\/p>\n\n\n\n<p class=\"has-text-align-justify\">Warsztaty Szkolne podejmuj\u0105 wsp\u00f3\u0142prac\u0119 z&nbsp;zak\u0142adami pracy. Wsp\u00f3lnie z&nbsp;przedstawicielami zak\u0142ad\u00f3w pracy opracowano programy nauczania, dopasowane do profilu i&nbsp;zapotrzebowania firm.<\/p>\n\n\n<div class=\"pt-cv-wrapper\"><div class=\"pt-cv-view pt-cv-grid pt-cv-colsys\" id=\"pt-cv-view-29098eb415\"><div data-id=\"pt-cv-page-1\" class=\"pt-cv-page\" data-cvc=\"1\"><div class=\"col-md-12 col-sm-12 col-xs-12 pt-cv-content-item pt-cv-2-col\" ><div class='pt-cv-ifield'><a href=\"https:\/\/zsp.wegrow.pl\/index.php\/2025\/11\/17\/projekt-klas-technikum\/\" class=\"_self pt-cv-href-thumbnail pt-cv-thumb-left\" target=\"_self\" ><img fetchpriority=\"high\" decoding=\"async\" width=\"300\" height=\"169\" src=\"https:\/\/i0.wp.com\/zsp.wegrow.pl\/wp-content\/uploads\/2021\/05\/szkola_t.jpg?fit=300%2C169&amp;ssl=1\" class=\"pt-cv-thumbnail pull-left\" alt=\"\" srcset=\"https:\/\/i0.wp.com\/zsp.wegrow.pl\/wp-content\/uploads\/2021\/05\/szkola_t.jpg?w=850&amp;ssl=1 850w, https:\/\/i0.wp.com\/zsp.wegrow.pl\/wp-content\/uploads\/2021\/05\/szkola_t.jpg?resize=300%2C169&amp;ssl=1 300w, https:\/\/i0.wp.com\/zsp.wegrow.pl\/wp-content\/uploads\/2021\/05\/szkola_t.jpg?resize=150%2C84&amp;ssl=1 150w, https:\/\/i0.wp.com\/zsp.wegrow.pl\/wp-content\/uploads\/2021\/05\/szkola_t.jpg?resize=768%2C432&amp;ssl=1 768w, https:\/\/i0.wp.com\/zsp.wegrow.pl\/wp-content\/uploads\/2021\/05\/szkola_t.jpg?resize=24%2C13&amp;ssl=1 24w, https:\/\/i0.wp.com\/zsp.wegrow.pl\/wp-content\/uploads\/2021\/05\/szkola_t.jpg?resize=36%2C20&amp;ssl=1 36w, https:\/\/i0.wp.com\/zsp.wegrow.pl\/wp-content\/uploads\/2021\/05\/szkola_t.jpg?resize=48%2C27&amp;ssl=1 48w\" sizes=\"(max-width: 300px) 100vw, 300px\" \/><\/a>\n<h4 class=\"pt-cv-title\"><a href=\"https:\/\/zsp.wegrow.pl\/index.php\/2025\/11\/17\/projekt-klas-technikum\/\" class=\"_self\" target=\"_self\" >Projekt klas Technikum<\/a><\/h4>\n<div class=\"pt-cv-content\"> ...<br \/><div class=\"pt-cv-rmwrap\"><a href=\"https:\/\/zsp.wegrow.pl\/index.php\/2025\/11\/17\/projekt-klas-technikum\/\" class=\"_self pt-cv-readmore btn btn-success\" target=\"_self\">Dowiedz Si\u0119 Wi\u0119cej\u2026<\/a><\/div><\/div><\/div><\/div><\/div><\/div><\/div>\n","protected":false},"excerpt":{"rendered":"<p>Warsztaty Szkolne Zespo\u0142u Szk\u00f3\u0142 Ponadpodstawowych im. Jana Kochanowskiego w W\u0119growieul. Bohater\u00f3w Warszawy 1007-100 W\u0119gr\u00f3wTel. 25&nbsp;792 26 76 W Warsztatach Szkolnych uczniowie odbywaj\u0105 zaj\u0119cia praktyczne w&nbsp;zawodach: Technikum: Bran\u017cowa Szko\u0142a I stopnia: \u200d Aktualnie struktur\u0119 edukacyjno-szkoleniow\u0105 Warsztat\u00f3w<\/p>\n","protected":false},"author":1,"featured_media":0,"parent":0,"menu_order":0,"comment_status":"closed","ping_status":"closed","template":"template-centered.php","meta":{"ngg_post_thumbnail":0,"_themeisle_gutenberg_block_has_review":false,"jetpack_post_was_ever_published":false,"footnotes":""},"class_list":["post-15253","page","type-page","status-publish","hentry"],"jetpack_sharing_enabled":true,"jetpack_shortlink":"https:\/\/wp.me\/PaT2nI-3Y1","_links":{"self":[{"href":"https:\/\/zsp.wegrow.pl\/index.php\/wp-json\/wp\/v2\/pages\/15253","targetHints":{"allow":["GET"]}}],"collection":[{"href":"https:\/\/zsp.wegrow.pl\/index.php\/wp-json\/wp\/v2\/pages"}],"about":[{"href":"https:\/\/zsp.wegrow.pl\/index.php\/wp-json\/wp\/v2\/types\/page"}],"author":[{"embeddable":true,"href":"https:\/\/zsp.wegrow.pl\/index.php\/wp-json\/wp\/v2\/users\/1"}],"replies":[{"embeddable":true,"href":"https:\/\/zsp.wegrow.pl\/index.php\/wp-json\/wp\/v2\/comments?post=15253"}],"version-history":[{"count":5,"href":"https:\/\/zsp.wegrow.pl\/index.php\/wp-json\/wp\/v2\/pages\/15253\/revisions"}],"predecessor-version":[{"id":15279,"href":"https:\/\/zsp.wegrow.pl\/index.php\/wp-json\/wp\/v2\/pages\/15253\/revisions\/15279"}],"wp:attachment":[{"href":"https:\/\/zsp.wegrow.pl\/index.php\/wp-json\/wp\/v2\/media?parent=15253"}],"curies":[{"name":"wp","href":"https:\/\/api.w.org\/{rel}","templated":true}]}}