{"id":157,"date":"2019-04-09T08:35:33","date_gmt":"2019-04-09T06:35:33","guid":{"rendered":"http:\/\/zsp.wegrow.pl\/?page_id=157"},"modified":"2024-04-08T10:11:48","modified_gmt":"2024-04-08T08:11:48","slug":"aktualnosci","status":"publish","type":"page","link":"https:\/\/zsp.wegrow.pl\/index.php\/aktualnosci\/","title":{"rendered":"Aktualno\u015bci"},"content":{"rendered":"\n<div style=\"height:50px\" aria-hidden=\"true\" class=\"wp-block-spacer\"><\/div>\n\n\n\n<hr class=\"wp-block-separator has-text-color has-black-color has-alpha-channel-opacity has-black-background-color has-background is-style-wide\"\/>\n\n\n<div class=\"pt-cv-wrapper\"><div class=\"pt-cv-view pt-cv-grid pt-cv-colsys\" id=\"pt-cv-view-4952e96jwf\"><div data-id=\"pt-cv-page-1\" class=\"pt-cv-page\" data-cvc=\"2\"><div class=\"col-md-6 col-sm-6 col-xs-12 pt-cv-content-item pt-cv-1-col\" ><div class='pt-cv-ifield'><a href=\"https:\/\/zsp.wegrow.pl\/index.php\/2026\/04\/14\/harmonogram-egzaminow-semestralnych-dla-sluchaczy-lo-dla-doroslych-w-sesji-letniej-2025-2026\/\" class=\"_self pt-cv-href-thumbnail pt-cv-thumb-default\" target=\"_self\" ><img decoding=\"async\" width=\"300\" height=\"127\" src=\"https:\/\/i0.wp.com\/zsp.wegrow.pl\/wp-content\/uploads\/2019\/09\/szko%C5%82a_z.png?fit=300%2C127&amp;ssl=1\" class=\"pt-cv-thumbnail\" alt=\"\" \/><\/a>\n<h4 class=\"pt-cv-title\"><a href=\"https:\/\/zsp.wegrow.pl\/index.php\/2026\/04\/14\/harmonogram-egzaminow-semestralnych-dla-sluchaczy-lo-dla-doroslych-w-sesji-letniej-2025-2026\/\" class=\"_self\" target=\"_self\" >Harmonogram egzamin\u00f3w semestralnych dla s\u0142uchaczy LO dla doros\u0142ych w sesji letniej 2025\/2026<\/a><\/h4>\n<div class=\"pt-cv-content\"> ...<br \/><div class=\"pt-cv-rmwrap\"><a href=\"https:\/\/zsp.wegrow.pl\/index.php\/2026\/04\/14\/harmonogram-egzaminow-semestralnych-dla-sluchaczy-lo-dla-doroslych-w-sesji-letniej-2025-2026\/\" class=\"_self pt-cv-readmore btn btn-success\" target=\"_self\">Czytaj Dalej<\/a><\/div><\/div><\/div><\/div>\n<div class=\"col-md-6 col-sm-6 col-xs-12 pt-cv-content-item pt-cv-1-col\" ><div class='pt-cv-ifield'><a href=\"https:\/\/zsp.wegrow.pl\/index.php\/2026\/04\/14\/86-rocznica-zbrodni-katynskiej\/\" class=\"_self pt-cv-href-thumbnail pt-cv-thumb-default\" target=\"_self\" ><img fetchpriority=\"high\" decoding=\"async\" width=\"300\" height=\"198\" src=\"https:\/\/i0.wp.com\/zsp.wegrow.pl\/wp-content\/uploads\/2026\/04\/12wyr.jpg?fit=300%2C198&amp;ssl=1\" class=\"pt-cv-thumbnail\" alt=\"\" srcset=\"https:\/\/i0.wp.com\/zsp.wegrow.pl\/wp-content\/uploads\/2026\/04\/12wyr.jpg?w=694&amp;ssl=1 694w, https:\/\/i0.wp.com\/zsp.wegrow.pl\/wp-content\/uploads\/2026\/04\/12wyr.jpg?resize=300%2C198&amp;ssl=1 300w, https:\/\/i0.wp.com\/zsp.wegrow.pl\/wp-content\/uploads\/2026\/04\/12wyr.jpg?resize=150%2C99&amp;ssl=1 150w, https:\/\/i0.wp.com\/zsp.wegrow.pl\/wp-content\/uploads\/2026\/04\/12wyr.jpg?resize=24%2C16&amp;ssl=1 24w, https:\/\/i0.wp.com\/zsp.wegrow.pl\/wp-content\/uploads\/2026\/04\/12wyr.jpg?resize=36%2C24&amp;ssl=1 36w, https:\/\/i0.wp.com\/zsp.wegrow.pl\/wp-content\/uploads\/2026\/04\/12wyr.jpg?resize=48%2C32&amp;ssl=1 48w\" sizes=\"(max-width: 300px) 100vw, 300px\" \/><\/a>\n<h4 class=\"pt-cv-title\"><a href=\"https:\/\/zsp.wegrow.pl\/index.php\/2026\/04\/14\/86-rocznica-zbrodni-katynskiej\/\" class=\"_self\" target=\"_self\" >86 Rocznica Zbrodni Katy\u0144skiej<\/a><\/h4>\n<div class=\"pt-cv-content\">13 kwietnia 2026 r. pod tablic\u0105 upami\u0119tniaj\u0105c\u0105 siedemnastu policjant\u00f3w powiatu w\u0119growskiego zamordowanych w Katyniu, odby\u0142y si\u0119 uroczysto\u015bci upami\u0119tniaj\u0105ce 86. rocznic\u0119 ...<br \/><div class=\"pt-cv-rmwrap\"><a href=\"https:\/\/zsp.wegrow.pl\/index.php\/2026\/04\/14\/86-rocznica-zbrodni-katynskiej\/\" class=\"_self pt-cv-readmore btn btn-success\" target=\"_self\">Czytaj Dalej<\/a><\/div><\/div><\/div><\/div>\n<div class=\"col-md-6 col-sm-6 col-xs-12 pt-cv-content-item pt-cv-1-col\" ><div class='pt-cv-ifield'><a href=\"https:\/\/zsp.wegrow.pl\/index.php\/2026\/04\/08\/harmonogram-egzaminow-semestralnych-lod\/\" class=\"_self pt-cv-href-thumbnail pt-cv-thumb-default\" target=\"_self\" ><img decoding=\"async\" width=\"300\" height=\"127\" src=\"https:\/\/i0.wp.com\/zsp.wegrow.pl\/wp-content\/uploads\/2019\/09\/szko%C5%82a_z.png?fit=300%2C127&amp;ssl=1\" class=\"pt-cv-thumbnail\" alt=\"\" \/><\/a>\n<h4 class=\"pt-cv-title\"><a href=\"https:\/\/zsp.wegrow.pl\/index.php\/2026\/04\/08\/harmonogram-egzaminow-semestralnych-lod\/\" class=\"_self\" target=\"_self\" >Harmonogram egzamin\u00f3w semestralnych dla s\u0142uchaczy LO dla doros\u0142ych w sesji wiosennej 2025\/2026 &#8211; VIII semestr<\/a><\/h4>\n<div class=\"pt-cv-content\"> ...<br \/><div class=\"pt-cv-rmwrap\"><a href=\"https:\/\/zsp.wegrow.pl\/index.php\/2026\/04\/08\/harmonogram-egzaminow-semestralnych-lod\/\" class=\"_self pt-cv-readmore btn btn-success\" target=\"_self\">Czytaj Dalej<\/a><\/div><\/div><\/div><\/div>\n<div class=\"col-md-6 col-sm-6 col-xs-12 pt-cv-content-item pt-cv-1-col\" ><div class='pt-cv-ifield'><a href=\"https:\/\/zsp.wegrow.pl\/index.php\/2026\/04\/08\/projekt-tradycyjny-sad-3\/\" class=\"_self pt-cv-href-thumbnail pt-cv-thumb-default\" target=\"_self\" ><img decoding=\"async\" width=\"300\" height=\"79\" src=\"https:\/\/i0.wp.com\/zsp.wegrow.pl\/wp-content\/uploads\/2025\/04\/tradycyjny-sad_wyr.jpg?fit=300%2C79&amp;ssl=1\" class=\"pt-cv-thumbnail\" alt=\"\" srcset=\"https:\/\/i0.wp.com\/zsp.wegrow.pl\/wp-content\/uploads\/2025\/04\/tradycyjny-sad_wyr.jpg?w=850&amp;ssl=1 850w, https:\/\/i0.wp.com\/zsp.wegrow.pl\/wp-content\/uploads\/2025\/04\/tradycyjny-sad_wyr.jpg?resize=300%2C79&amp;ssl=1 300w, https:\/\/i0.wp.com\/zsp.wegrow.pl\/wp-content\/uploads\/2025\/04\/tradycyjny-sad_wyr.jpg?resize=150%2C40&amp;ssl=1 150w, https:\/\/i0.wp.com\/zsp.wegrow.pl\/wp-content\/uploads\/2025\/04\/tradycyjny-sad_wyr.jpg?resize=768%2C203&amp;ssl=1 768w, https:\/\/i0.wp.com\/zsp.wegrow.pl\/wp-content\/uploads\/2025\/04\/tradycyjny-sad_wyr.jpg?resize=840%2C225&amp;ssl=1 840w, https:\/\/i0.wp.com\/zsp.wegrow.pl\/wp-content\/uploads\/2025\/04\/tradycyjny-sad_wyr.jpg?resize=24%2C6&amp;ssl=1 24w, https:\/\/i0.wp.com\/zsp.wegrow.pl\/wp-content\/uploads\/2025\/04\/tradycyjny-sad_wyr.jpg?resize=36%2C10&amp;ssl=1 36w, https:\/\/i0.wp.com\/zsp.wegrow.pl\/wp-content\/uploads\/2025\/04\/tradycyjny-sad_wyr.jpg?resize=48%2C13&amp;ssl=1 48w\" sizes=\"(max-width: 300px) 100vw, 300px\" \/><\/a>\n<h4 class=\"pt-cv-title\"><a href=\"https:\/\/zsp.wegrow.pl\/index.php\/2026\/04\/08\/projekt-tradycyjny-sad-3\/\" class=\"_self\" target=\"_self\" >Projekt &#8222;Tradycyjny sad&#8221;<\/a><\/h4>\n<div class=\"pt-cv-content\"> ...<br \/><div class=\"pt-cv-rmwrap\"><a href=\"https:\/\/zsp.wegrow.pl\/index.php\/2026\/04\/08\/projekt-tradycyjny-sad-3\/\" class=\"_self pt-cv-readmore btn btn-success\" target=\"_self\">Czytaj Dalej<\/a><\/div><\/div><\/div><\/div>\n<div class=\"col-md-6 col-sm-6 col-xs-12 pt-cv-content-item pt-cv-1-col\" ><div class='pt-cv-ifield'><a href=\"https:\/\/zsp.wegrow.pl\/index.php\/2026\/04\/01\/szkolenie-platnosci-bezposrednie-kampania-2026\/\" class=\"_self pt-cv-href-thumbnail pt-cv-thumb-default\" target=\"_self\" ><img loading=\"lazy\" decoding=\"async\" width=\"300\" height=\"177\" src=\"https:\/\/i0.wp.com\/zsp.wegrow.pl\/wp-content\/uploads\/2026\/04\/01wyr.jpg?fit=300%2C177&amp;ssl=1\" class=\"pt-cv-thumbnail\" alt=\"\" srcset=\"https:\/\/i0.wp.com\/zsp.wegrow.pl\/wp-content\/uploads\/2026\/04\/01wyr.jpg?w=850&amp;ssl=1 850w, https:\/\/i0.wp.com\/zsp.wegrow.pl\/wp-content\/uploads\/2026\/04\/01wyr.jpg?resize=300%2C177&amp;ssl=1 300w, https:\/\/i0.wp.com\/zsp.wegrow.pl\/wp-content\/uploads\/2026\/04\/01wyr.jpg?resize=150%2C89&amp;ssl=1 150w, https:\/\/i0.wp.com\/zsp.wegrow.pl\/wp-content\/uploads\/2026\/04\/01wyr.jpg?resize=768%2C454&amp;ssl=1 768w, https:\/\/i0.wp.com\/zsp.wegrow.pl\/wp-content\/uploads\/2026\/04\/01wyr.jpg?resize=24%2C14&amp;ssl=1 24w, https:\/\/i0.wp.com\/zsp.wegrow.pl\/wp-content\/uploads\/2026\/04\/01wyr.jpg?resize=36%2C21&amp;ssl=1 36w, https:\/\/i0.wp.com\/zsp.wegrow.pl\/wp-content\/uploads\/2026\/04\/01wyr.jpg?resize=48%2C28&amp;ssl=1 48w\" sizes=\"(max-width: 300px) 100vw, 300px\" \/><\/a>\n<h4 class=\"pt-cv-title\"><a href=\"https:\/\/zsp.wegrow.pl\/index.php\/2026\/04\/01\/szkolenie-platnosci-bezposrednie-kampania-2026\/\" class=\"_self\" target=\"_self\" >Szkolenie &#8211; &#8222;P\u0142atno\u015bci bezpo\u015brednie kampania 2026&#8221;<\/a><\/h4>\n<div class=\"pt-cv-content\">Pocz\u0105tek Wielkiego Tygodnia zacz\u0105\u0142 si\u0119 dla naszych uczni\u00f3w z klas agrobiznesu pracowicie, ale i interesuj\u0105co. Uczniowie mogli zapozna\u0107 si\u0119 z ...<br \/><div class=\"pt-cv-rmwrap\"><a href=\"https:\/\/zsp.wegrow.pl\/index.php\/2026\/04\/01\/szkolenie-platnosci-bezposrednie-kampania-2026\/\" class=\"_self pt-cv-readmore btn btn-success\" target=\"_self\">Czytaj Dalej<\/a><\/div><\/div><\/div><\/div>\n<div class=\"col-md-6 col-sm-6 col-xs-12 pt-cv-content-item pt-cv-1-col\" ><div class='pt-cv-ifield'><a href=\"https:\/\/zsp.wegrow.pl\/index.php\/2026\/03\/30\/cyberbezpieczenstwo-w-finansach-osobistych\/\" class=\"_self pt-cv-href-thumbnail pt-cv-thumb-default\" target=\"_self\" ><img loading=\"lazy\" decoding=\"async\" width=\"300\" height=\"150\" src=\"https:\/\/i0.wp.com\/zsp.wegrow.pl\/wp-content\/uploads\/2026\/03\/Grafika-CEDUR-17-04-2026.jpg?fit=300%2C150&amp;ssl=1\" class=\"pt-cv-thumbnail\" alt=\"\" srcset=\"https:\/\/i0.wp.com\/zsp.wegrow.pl\/wp-content\/uploads\/2026\/03\/Grafika-CEDUR-17-04-2026.jpg?w=850&amp;ssl=1 850w, https:\/\/i0.wp.com\/zsp.wegrow.pl\/wp-content\/uploads\/2026\/03\/Grafika-CEDUR-17-04-2026.jpg?resize=300%2C150&amp;ssl=1 300w, https:\/\/i0.wp.com\/zsp.wegrow.pl\/wp-content\/uploads\/2026\/03\/Grafika-CEDUR-17-04-2026.jpg?resize=150%2C75&amp;ssl=1 150w, https:\/\/i0.wp.com\/zsp.wegrow.pl\/wp-content\/uploads\/2026\/03\/Grafika-CEDUR-17-04-2026.jpg?resize=768%2C384&amp;ssl=1 768w, https:\/\/i0.wp.com\/zsp.wegrow.pl\/wp-content\/uploads\/2026\/03\/Grafika-CEDUR-17-04-2026.jpg?resize=24%2C12&amp;ssl=1 24w, https:\/\/i0.wp.com\/zsp.wegrow.pl\/wp-content\/uploads\/2026\/03\/Grafika-CEDUR-17-04-2026.jpg?resize=36%2C18&amp;ssl=1 36w, https:\/\/i0.wp.com\/zsp.wegrow.pl\/wp-content\/uploads\/2026\/03\/Grafika-CEDUR-17-04-2026.jpg?resize=48%2C24&amp;ssl=1 48w\" sizes=\"(max-width: 300px) 100vw, 300px\" \/><\/a>\n<h4 class=\"pt-cv-title\"><a href=\"https:\/\/zsp.wegrow.pl\/index.php\/2026\/03\/30\/cyberbezpieczenstwo-w-finansach-osobistych\/\" class=\"_self\" target=\"_self\" >\u201eCyberbezpiecze\u0144stwo w finansach osobistych&#8221;<\/a><\/h4>\n<div class=\"pt-cv-content\">Urz\u0105d Komisji Nadzoru Finansowego zaprasza uczni\u00f3w i nauczycieli na webinarium \u201eCyberbezpiecze\u0144stwo w finansach osobistych (II termin)\u201d organizowane w ramach projektu ...<br \/><div class=\"pt-cv-rmwrap\"><a href=\"https:\/\/zsp.wegrow.pl\/index.php\/2026\/03\/30\/cyberbezpieczenstwo-w-finansach-osobistych\/\" class=\"_self pt-cv-readmore btn btn-success\" target=\"_self\">Czytaj Dalej<\/a><\/div><\/div><\/div><\/div>\n<div class=\"col-md-6 col-sm-6 col-xs-12 pt-cv-content-item pt-cv-1-col\" ><div class='pt-cv-ifield'><a href=\"https:\/\/zsp.wegrow.pl\/index.php\/2026\/03\/30\/mistrzostwa-szkoly-w-pilke-nozna\/\" class=\"_self pt-cv-href-thumbnail pt-cv-thumb-default\" target=\"_self\" ><img loading=\"lazy\" decoding=\"async\" width=\"300\" height=\"178\" src=\"https:\/\/i0.wp.com\/zsp.wegrow.pl\/wp-content\/uploads\/2026\/03\/01wyr-7.jpg?fit=300%2C178&amp;ssl=1\" class=\"pt-cv-thumbnail\" alt=\"\" srcset=\"https:\/\/i0.wp.com\/zsp.wegrow.pl\/wp-content\/uploads\/2026\/03\/01wyr-7.jpg?w=850&amp;ssl=1 850w, https:\/\/i0.wp.com\/zsp.wegrow.pl\/wp-content\/uploads\/2026\/03\/01wyr-7.jpg?resize=300%2C178&amp;ssl=1 300w, https:\/\/i0.wp.com\/zsp.wegrow.pl\/wp-content\/uploads\/2026\/03\/01wyr-7.jpg?resize=150%2C89&amp;ssl=1 150w, https:\/\/i0.wp.com\/zsp.wegrow.pl\/wp-content\/uploads\/2026\/03\/01wyr-7.jpg?resize=768%2C454&amp;ssl=1 768w, https:\/\/i0.wp.com\/zsp.wegrow.pl\/wp-content\/uploads\/2026\/03\/01wyr-7.jpg?resize=24%2C14&amp;ssl=1 24w, https:\/\/i0.wp.com\/zsp.wegrow.pl\/wp-content\/uploads\/2026\/03\/01wyr-7.jpg?resize=36%2C21&amp;ssl=1 36w, https:\/\/i0.wp.com\/zsp.wegrow.pl\/wp-content\/uploads\/2026\/03\/01wyr-7.jpg?resize=48%2C28&amp;ssl=1 48w\" sizes=\"(max-width: 300px) 100vw, 300px\" \/><\/a>\n<h4 class=\"pt-cv-title\"><a href=\"https:\/\/zsp.wegrow.pl\/index.php\/2026\/03\/30\/mistrzostwa-szkoly-w-pilke-nozna\/\" class=\"_self\" target=\"_self\" >Mistrzostwa szko\u0142y w pi\u0142k\u0119 no\u017cn\u0105<\/a><\/h4>\n<div class=\"pt-cv-content\">Dnia 27.03.2026 w hali sportowej ZSP W\u0119gr\u00f3w odby\u0142y si\u0119 mistrzostwa szko\u0142y w pi\u0142ce no\u017cnej ch\u0142opc\u00f3w. W zawodach wzi\u0119\u0142o udzia\u0142 po ...<br \/><div class=\"pt-cv-rmwrap\"><a href=\"https:\/\/zsp.wegrow.pl\/index.php\/2026\/03\/30\/mistrzostwa-szkoly-w-pilke-nozna\/\" class=\"_self pt-cv-readmore btn btn-success\" target=\"_self\">Czytaj Dalej<\/a><\/div><\/div><\/div><\/div>\n<div class=\"col-md-6 col-sm-6 col-xs-12 pt-cv-content-item pt-cv-1-col\" ><div class='pt-cv-ifield'><a href=\"https:\/\/zsp.wegrow.pl\/index.php\/2026\/03\/28\/maturzysci-na-jasnej-gorze\/\" class=\"_self pt-cv-href-thumbnail pt-cv-thumb-default\" target=\"_self\" ><img loading=\"lazy\" decoding=\"async\" width=\"300\" height=\"217\" src=\"https:\/\/i0.wp.com\/zsp.wegrow.pl\/wp-content\/uploads\/2026\/03\/01wyr-6.jpg?fit=300%2C217&amp;ssl=1\" class=\"pt-cv-thumbnail\" alt=\"\" srcset=\"https:\/\/i0.wp.com\/zsp.wegrow.pl\/wp-content\/uploads\/2026\/03\/01wyr-6.jpg?w=850&amp;ssl=1 850w, https:\/\/i0.wp.com\/zsp.wegrow.pl\/wp-content\/uploads\/2026\/03\/01wyr-6.jpg?resize=300%2C217&amp;ssl=1 300w, https:\/\/i0.wp.com\/zsp.wegrow.pl\/wp-content\/uploads\/2026\/03\/01wyr-6.jpg?resize=150%2C109&amp;ssl=1 150w, https:\/\/i0.wp.com\/zsp.wegrow.pl\/wp-content\/uploads\/2026\/03\/01wyr-6.jpg?resize=768%2C557&amp;ssl=1 768w, https:\/\/i0.wp.com\/zsp.wegrow.pl\/wp-content\/uploads\/2026\/03\/01wyr-6.jpg?resize=24%2C17&amp;ssl=1 24w, https:\/\/i0.wp.com\/zsp.wegrow.pl\/wp-content\/uploads\/2026\/03\/01wyr-6.jpg?resize=36%2C26&amp;ssl=1 36w, https:\/\/i0.wp.com\/zsp.wegrow.pl\/wp-content\/uploads\/2026\/03\/01wyr-6.jpg?resize=48%2C35&amp;ssl=1 48w\" sizes=\"(max-width: 300px) 100vw, 300px\" \/><\/a>\n<h4 class=\"pt-cv-title\"><a href=\"https:\/\/zsp.wegrow.pl\/index.php\/2026\/03\/28\/maturzysci-na-jasnej-gorze\/\" class=\"_self\" target=\"_self\" >Maturzy\u015bci na Jasnej G\u00f3rze<\/a><\/h4>\n<div class=\"pt-cv-content\">Pielgrzymka maturzyst\u00f3w diecezji drohiczy\u0144skiej odby\u0142a 26 marca 2026 r. Jasna G\u00f3ra by\u0142a wa\u017cnym duchowym przygotowaniem do matury. Spotkanie rozpocz\u0119\u0142o si\u0119 ...<br \/><div class=\"pt-cv-rmwrap\"><a href=\"https:\/\/zsp.wegrow.pl\/index.php\/2026\/03\/28\/maturzysci-na-jasnej-gorze\/\" class=\"_self pt-cv-readmore btn btn-success\" target=\"_self\">Czytaj Dalej<\/a><\/div><\/div><\/div><\/div><\/div><\/div>\n<div class=\" pt-cv-pagination-wrapper\"><ul class=\"pt-cv-pagination pt-cv-ajax pagination\" data-totalpages=\"13\" data-currentpage=\"1\" data-sid=\"4952e96jwf\" data-unid=\"\" data-isblock=\"\" data-postid=\"\"><li class=\"active\"><a href=\"#\">1<\/a><\/li>\n\t<li ><a class=\"\" href=\"https:\/\/zsp.wegrow.pl\/index.php\/wp-json\/wp\/v2\/pages\/157\/?_page=2\">2<\/a><\/li>\n\t<li ><a class=\"\" href=\"https:\/\/zsp.wegrow.pl\/index.php\/wp-json\/wp\/v2\/pages\/157\/?_page=3\">3<\/a><\/li>\n\t<li ><a href=\"#\">&hellip;<\/a><\/li>\n\t<li ><a class=\"\" href=\"https:\/\/zsp.wegrow.pl\/index.php\/wp-json\/wp\/v2\/pages\/157\/?_page=13\">13<\/a><\/li>\n\t<li ><a class=\" \" href=\"https:\/\/zsp.wegrow.pl\/index.php\/wp-json\/wp\/v2\/pages\/157\/?_page=2\">&rsaquo;<\/a><\/li>\n\t<\/ul><img loading=\"lazy\" decoding=\"async\" width=\"15\" height=\"15\" class=\"pt-cv-spinner\" alt=\"Loading...\" src=\"data:image\/gif;base64,R0lGODlhDwAPALMPAMrKygwMDJOTkz09PZWVla+vr3p6euTk5M7OzuXl5TMzMwAAAJmZmWZmZszMzP\/\/\/yH\/C05FVFNDQVBFMi4wAwEAAAAh+QQFCgAPACwAAAAADwAPAAAEQvDJaZaZOIcV8iQK8VRX4iTYoAwZ4iCYoAjZ4RxejhVNoT+mRGP4cyF4Pp0N98sBGIBMEMOotl6YZ3S61Bmbkm4mAgAh+QQFCgAPACwAAAAADQANAAAENPDJSRSZeA418itN8QiK8BiLITVsFiyBBIoYqnoewAD4xPw9iY4XLGYSjkQR4UAUD45DLwIAIfkEBQoADwAsAAAAAA8ACQAABC\/wyVlamTi3nSdgwFNdhEJgTJoNyoB9ISYoQmdjiZPcj7EYCAeCF1gEDo4Dz2eIAAAh+QQFCgAPACwCAAAADQANAAAEM\/DJBxiYeLKdX3IJZT1FU0iIg2RNKx3OkZVnZ98ToRD4MyiDnkAh6BkNC0MvsAj0kMpHBAAh+QQFCgAPACwGAAAACQAPAAAEMDC59KpFDll73HkAA2wVY5KgiK5b0RRoI6MuzG6EQqCDMlSGheEhUAgqgUUAFRySIgAh+QQFCgAPACwCAAIADQANAAAEM\/DJKZNLND\/kkKaHc3xk+QAMYDKsiaqmZCxGVjSFFCxB1vwy2oOgIDxuucxAMTAJFAJNBAAh+QQFCgAPACwAAAYADwAJAAAEMNAs86q1yaWwwv2Ig0jUZx3OYa4XoRAfwADXoAwfo1+CIjyFRuEho60aSNYlOPxEAAAh+QQFCgAPACwAAAIADQANAAAENPA9s4y8+IUVcqaWJ4qEQozSoAzoIyhCK2NFU2SJk0hNnyEOhKR2AzAAj4Pj4GE4W0bkJQIAOw==\" \/><div class=\"clear pt-cv-clear-pagination\"><\/div><\/div><\/div>\n","protected":false},"excerpt":{"rendered":"","protected":false},"author":1,"featured_media":0,"parent":0,"menu_order":0,"comment_status":"closed","ping_status":"closed","template":"","meta":{"ngg_post_thumbnail":0,"_themeisle_gutenberg_block_has_review":false,"jetpack_post_was_ever_published":false,"footnotes":""},"class_list":["post-157","page","type-page","status-publish","hentry"],"jetpack_sharing_enabled":true,"jetpack_shortlink":"https:\/\/wp.me\/PaT2nI-2x","_links":{"self":[{"href":"https:\/\/zsp.wegrow.pl\/index.php\/wp-json\/wp\/v2\/pages\/157","targetHints":{"allow":["GET"]}}],"collection":[{"href":"https:\/\/zsp.wegrow.pl\/index.php\/wp-json\/wp\/v2\/pages"}],"about":[{"href":"https:\/\/zsp.wegrow.pl\/index.php\/wp-json\/wp\/v2\/types\/page"}],"author":[{"embeddable":true,"href":"https:\/\/zsp.wegrow.pl\/index.php\/wp-json\/wp\/v2\/users\/1"}],"replies":[{"embeddable":true,"href":"https:\/\/zsp.wegrow.pl\/index.php\/wp-json\/wp\/v2\/comments?post=157"}],"version-history":[{"count":131,"href":"https:\/\/zsp.wegrow.pl\/index.php\/wp-json\/wp\/v2\/pages\/157\/revisions"}],"predecessor-version":[{"id":14794,"href":"https:\/\/zsp.wegrow.pl\/index.php\/wp-json\/wp\/v2\/pages\/157\/revisions\/14794"}],"wp:attachment":[{"href":"https:\/\/zsp.wegrow.pl\/index.php\/wp-json\/wp\/v2\/media?parent=157"}],"curies":[{"name":"wp","href":"https:\/\/api.w.org\/{rel}","templated":true}]}}