{"id":159,"date":"2019-04-09T08:35:33","date_gmt":"2019-04-09T06:35:33","guid":{"rendered":"http:\/\/zsp.wegrow.pl\/?page_id=159"},"modified":"2019-04-12T09:41:04","modified_gmt":"2019-04-12T07:41:04","slug":"ogloszenia","status":"publish","type":"page","link":"https:\/\/zsp.wegrow.pl\/index.php\/ogloszenia\/","title":{"rendered":"Og\u0142oszenia"},"content":{"rendered":"<div class=\"pt-cv-wrapper\"><div class=\"pt-cv-view pt-cv-grid pt-cv-colsys\" id=\"pt-cv-view-ec47982q9s\"><div data-id=\"pt-cv-page-1\" class=\"pt-cv-page\" data-cvc=\"2\"><div class=\"col-md-6 col-sm-6 col-xs-12 pt-cv-content-item pt-cv-1-col\" ><div class='pt-cv-ifield'><a href=\"https:\/\/zsp.wegrow.pl\/index.php\/2026\/04\/22\/sadzonki-warzyw\/\" class=\"_self pt-cv-href-thumbnail pt-cv-thumb-default\" target=\"_self\" ><img decoding=\"async\" width=\"300\" height=\"91\" src=\"https:\/\/i0.wp.com\/zsp.wegrow.pl\/wp-content\/uploads\/2026\/04\/plakat-sprzedaz.jpg?fit=300%2C91&amp;ssl=1\" class=\"pt-cv-thumbnail\" alt=\"\" srcset=\"https:\/\/i0.wp.com\/zsp.wegrow.pl\/wp-content\/uploads\/2026\/04\/plakat-sprzedaz.jpg?w=480&amp;ssl=1 480w, https:\/\/i0.wp.com\/zsp.wegrow.pl\/wp-content\/uploads\/2026\/04\/plakat-sprzedaz.jpg?resize=300%2C91&amp;ssl=1 300w, https:\/\/i0.wp.com\/zsp.wegrow.pl\/wp-content\/uploads\/2026\/04\/plakat-sprzedaz.jpg?resize=150%2C45&amp;ssl=1 150w, https:\/\/i0.wp.com\/zsp.wegrow.pl\/wp-content\/uploads\/2026\/04\/plakat-sprzedaz.jpg?resize=24%2C7&amp;ssl=1 24w, https:\/\/i0.wp.com\/zsp.wegrow.pl\/wp-content\/uploads\/2026\/04\/plakat-sprzedaz.jpg?resize=36%2C11&amp;ssl=1 36w, https:\/\/i0.wp.com\/zsp.wegrow.pl\/wp-content\/uploads\/2026\/04\/plakat-sprzedaz.jpg?resize=48%2C15&amp;ssl=1 48w\" sizes=\"(max-width: 300px) 100vw, 300px\" \/><\/a>\n<h4 class=\"pt-cv-title\"><a href=\"https:\/\/zsp.wegrow.pl\/index.php\/2026\/04\/22\/sadzonki-warzyw\/\" class=\"_self\" target=\"_self\" >Sadzonki warzyw<\/a><\/h4>\n<div class=\"pt-cv-content\">Informujemy o mo\u017cliwo\u015bci zakupu sadzonek warzyw, z kt\u00f3rych doch\u00f3d zostanie przeznaczony na wsparcie zakupu nowego sztandaru dla naszej szko\u0142y. W ...<br \/><div class=\"pt-cv-rmwrap\"><a href=\"https:\/\/zsp.wegrow.pl\/index.php\/2026\/04\/22\/sadzonki-warzyw\/\" class=\"_self pt-cv-readmore btn btn-success\" target=\"_self\">Czytaj Dalej<\/a><\/div><\/div><\/div><\/div>\n<div class=\"col-md-6 col-sm-6 col-xs-12 pt-cv-content-item pt-cv-1-col\" ><div class='pt-cv-ifield'><a href=\"https:\/\/zsp.wegrow.pl\/index.php\/2026\/03\/30\/cyberbezpieczenstwo-w-finansach-osobistych\/\" class=\"_self pt-cv-href-thumbnail pt-cv-thumb-default\" target=\"_self\" ><img decoding=\"async\" width=\"300\" height=\"150\" src=\"https:\/\/i0.wp.com\/zsp.wegrow.pl\/wp-content\/uploads\/2026\/03\/Grafika-CEDUR-17-04-2026.jpg?fit=300%2C150&amp;ssl=1\" class=\"pt-cv-thumbnail\" alt=\"\" srcset=\"https:\/\/i0.wp.com\/zsp.wegrow.pl\/wp-content\/uploads\/2026\/03\/Grafika-CEDUR-17-04-2026.jpg?w=850&amp;ssl=1 850w, https:\/\/i0.wp.com\/zsp.wegrow.pl\/wp-content\/uploads\/2026\/03\/Grafika-CEDUR-17-04-2026.jpg?resize=300%2C150&amp;ssl=1 300w, https:\/\/i0.wp.com\/zsp.wegrow.pl\/wp-content\/uploads\/2026\/03\/Grafika-CEDUR-17-04-2026.jpg?resize=150%2C75&amp;ssl=1 150w, https:\/\/i0.wp.com\/zsp.wegrow.pl\/wp-content\/uploads\/2026\/03\/Grafika-CEDUR-17-04-2026.jpg?resize=768%2C384&amp;ssl=1 768w, https:\/\/i0.wp.com\/zsp.wegrow.pl\/wp-content\/uploads\/2026\/03\/Grafika-CEDUR-17-04-2026.jpg?resize=24%2C12&amp;ssl=1 24w, https:\/\/i0.wp.com\/zsp.wegrow.pl\/wp-content\/uploads\/2026\/03\/Grafika-CEDUR-17-04-2026.jpg?resize=36%2C18&amp;ssl=1 36w, https:\/\/i0.wp.com\/zsp.wegrow.pl\/wp-content\/uploads\/2026\/03\/Grafika-CEDUR-17-04-2026.jpg?resize=48%2C24&amp;ssl=1 48w\" sizes=\"(max-width: 300px) 100vw, 300px\" \/><\/a>\n<h4 class=\"pt-cv-title\"><a href=\"https:\/\/zsp.wegrow.pl\/index.php\/2026\/03\/30\/cyberbezpieczenstwo-w-finansach-osobistych\/\" class=\"_self\" target=\"_self\" >\u201eCyberbezpiecze\u0144stwo w finansach osobistych&#8221;<\/a><\/h4>\n<div class=\"pt-cv-content\">Urz\u0105d Komisji Nadzoru Finansowego zaprasza uczni\u00f3w i nauczycieli na webinarium \u201eCyberbezpiecze\u0144stwo w finansach osobistych (II termin)\u201d organizowane w ramach projektu ...<br \/><div class=\"pt-cv-rmwrap\"><a href=\"https:\/\/zsp.wegrow.pl\/index.php\/2026\/03\/30\/cyberbezpieczenstwo-w-finansach-osobistych\/\" class=\"_self pt-cv-readmore btn btn-success\" target=\"_self\">Czytaj Dalej<\/a><\/div><\/div><\/div><\/div>\n<div class=\"col-md-6 col-sm-6 col-xs-12 pt-cv-content-item pt-cv-1-col\" ><div class='pt-cv-ifield'><a href=\"https:\/\/zsp.wegrow.pl\/index.php\/2026\/03\/08\/lista-osob-zakwalifikowanych-do-udzialu-w-projekcie-erasmus\/\" class=\"_self pt-cv-href-thumbnail pt-cv-thumb-default\" target=\"_self\" ><img decoding=\"async\" width=\"300\" height=\"57\" src=\"https:\/\/i0.wp.com\/zsp.wegrow.pl\/wp-content\/uploads\/2026\/02\/PL-Dofinansowane-przez-UE_POS.png?fit=300%2C57&amp;ssl=1\" class=\"pt-cv-thumbnail\" alt=\"\" srcset=\"https:\/\/i0.wp.com\/zsp.wegrow.pl\/wp-content\/uploads\/2026\/02\/PL-Dofinansowane-przez-UE_POS.png?w=1000&amp;ssl=1 1000w, https:\/\/i0.wp.com\/zsp.wegrow.pl\/wp-content\/uploads\/2026\/02\/PL-Dofinansowane-przez-UE_POS.png?resize=300%2C57&amp;ssl=1 300w, https:\/\/i0.wp.com\/zsp.wegrow.pl\/wp-content\/uploads\/2026\/02\/PL-Dofinansowane-przez-UE_POS.png?resize=150%2C29&amp;ssl=1 150w, https:\/\/i0.wp.com\/zsp.wegrow.pl\/wp-content\/uploads\/2026\/02\/PL-Dofinansowane-przez-UE_POS.png?resize=768%2C147&amp;ssl=1 768w, https:\/\/i0.wp.com\/zsp.wegrow.pl\/wp-content\/uploads\/2026\/02\/PL-Dofinansowane-przez-UE_POS.png?resize=24%2C5&amp;ssl=1 24w, https:\/\/i0.wp.com\/zsp.wegrow.pl\/wp-content\/uploads\/2026\/02\/PL-Dofinansowane-przez-UE_POS.png?resize=36%2C7&amp;ssl=1 36w, https:\/\/i0.wp.com\/zsp.wegrow.pl\/wp-content\/uploads\/2026\/02\/PL-Dofinansowane-przez-UE_POS.png?resize=48%2C9&amp;ssl=1 48w\" sizes=\"(max-width: 300px) 100vw, 300px\" \/><\/a>\n<h4 class=\"pt-cv-title\"><a href=\"https:\/\/zsp.wegrow.pl\/index.php\/2026\/03\/08\/lista-osob-zakwalifikowanych-do-udzialu-w-projekcie-erasmus\/\" class=\"_self\" target=\"_self\" >Lista os\u00f3b zakwalifikowanych do udzia\u0142u w projekcie ERASMUS<\/a><\/h4>\n<div class=\"pt-cv-content\">Protok\u00f3\u0142Pobierz Lista os\u00f3b zakwalifikowanych do udzia\u0142u w projekciePobierz Lista rezerwowa do udzia\u0142u w projekciePobierz ...<br \/><div class=\"pt-cv-rmwrap\"><a href=\"https:\/\/zsp.wegrow.pl\/index.php\/2026\/03\/08\/lista-osob-zakwalifikowanych-do-udzialu-w-projekcie-erasmus\/\" class=\"_self pt-cv-readmore btn btn-success\" target=\"_self\">Czytaj Dalej<\/a><\/div><\/div><\/div><\/div>\n<div class=\"col-md-6 col-sm-6 col-xs-12 pt-cv-content-item pt-cv-1-col\" ><div class='pt-cv-ifield'><a href=\"https:\/\/zsp.wegrow.pl\/index.php\/2026\/02\/02\/czas-na-rekrutacje-na-zagraniczne-praktyki-zawodowe-w-grecji\/\" class=\"_self pt-cv-href-thumbnail pt-cv-thumb-default\" target=\"_self\" ><img decoding=\"async\" width=\"300\" height=\"57\" src=\"https:\/\/i0.wp.com\/zsp.wegrow.pl\/wp-content\/uploads\/2026\/02\/PL-Dofinansowane-przez-UE_POS.png?fit=300%2C57&amp;ssl=1\" class=\"pt-cv-thumbnail\" alt=\"\" srcset=\"https:\/\/i0.wp.com\/zsp.wegrow.pl\/wp-content\/uploads\/2026\/02\/PL-Dofinansowane-przez-UE_POS.png?w=1000&amp;ssl=1 1000w, https:\/\/i0.wp.com\/zsp.wegrow.pl\/wp-content\/uploads\/2026\/02\/PL-Dofinansowane-przez-UE_POS.png?resize=300%2C57&amp;ssl=1 300w, https:\/\/i0.wp.com\/zsp.wegrow.pl\/wp-content\/uploads\/2026\/02\/PL-Dofinansowane-przez-UE_POS.png?resize=150%2C29&amp;ssl=1 150w, https:\/\/i0.wp.com\/zsp.wegrow.pl\/wp-content\/uploads\/2026\/02\/PL-Dofinansowane-przez-UE_POS.png?resize=768%2C147&amp;ssl=1 768w, https:\/\/i0.wp.com\/zsp.wegrow.pl\/wp-content\/uploads\/2026\/02\/PL-Dofinansowane-przez-UE_POS.png?resize=24%2C5&amp;ssl=1 24w, https:\/\/i0.wp.com\/zsp.wegrow.pl\/wp-content\/uploads\/2026\/02\/PL-Dofinansowane-przez-UE_POS.png?resize=36%2C7&amp;ssl=1 36w, https:\/\/i0.wp.com\/zsp.wegrow.pl\/wp-content\/uploads\/2026\/02\/PL-Dofinansowane-przez-UE_POS.png?resize=48%2C9&amp;ssl=1 48w\" sizes=\"(max-width: 300px) 100vw, 300px\" \/><\/a>\n<h4 class=\"pt-cv-title\"><a href=\"https:\/\/zsp.wegrow.pl\/index.php\/2026\/02\/02\/czas-na-rekrutacje-na-zagraniczne-praktyki-zawodowe-w-grecji\/\" class=\"_self\" target=\"_self\" >Czas na rekrutacj\u0119 na zagraniczne praktyki zawodowe w Grecji<\/a><\/h4>\n<div class=\"pt-cv-content\">Zesp\u00f3\u0142 Szk\u00f3\u0142 Ponadpodstawowych im. J. Kochanowskiego w W\u0119growie ma przyjemno\u015b\u0107 og\u0142osi\u0107 pocz\u0105tek naboru na zagraniczne praktyki zawodowe w Grecji, kt\u00f3re ...<br \/><div class=\"pt-cv-rmwrap\"><a href=\"https:\/\/zsp.wegrow.pl\/index.php\/2026\/02\/02\/czas-na-rekrutacje-na-zagraniczne-praktyki-zawodowe-w-grecji\/\" class=\"_self pt-cv-readmore btn btn-success\" target=\"_self\">Czytaj Dalej<\/a><\/div><\/div><\/div><\/div>\n<div class=\"col-md-6 col-sm-6 col-xs-12 pt-cv-content-item pt-cv-1-col\" ><div class='pt-cv-ifield'><a href=\"https:\/\/zsp.wegrow.pl\/index.php\/2026\/01\/02\/terminarz-zjazdow-liceum-ogolnoksztalcace-dla-doroslych\/\" class=\"_self pt-cv-href-thumbnail pt-cv-thumb-default\" target=\"_self\" ><img loading=\"lazy\" decoding=\"async\" width=\"300\" height=\"127\" src=\"https:\/\/i0.wp.com\/zsp.wegrow.pl\/wp-content\/uploads\/2019\/09\/szko%C5%82a_z.png?fit=300%2C127&amp;ssl=1\" class=\"pt-cv-thumbnail\" alt=\"\" \/><\/a>\n<h4 class=\"pt-cv-title\"><a href=\"https:\/\/zsp.wegrow.pl\/index.php\/2026\/01\/02\/terminarz-zjazdow-liceum-ogolnoksztalcace-dla-doroslych\/\" class=\"_self\" target=\"_self\" >Terminarz zjazd\u00f3w Liceum Og\u00f3lnokszta\u0142c\u0105ce dla Doros\u0142ych<\/a><\/h4>\n<div class=\"pt-cv-content\"> ...<br \/><div class=\"pt-cv-rmwrap\"><a href=\"https:\/\/zsp.wegrow.pl\/index.php\/2026\/01\/02\/terminarz-zjazdow-liceum-ogolnoksztalcace-dla-doroslych\/\" class=\"_self pt-cv-readmore btn btn-success\" target=\"_self\">Czytaj Dalej<\/a><\/div><\/div><\/div><\/div>\n<div class=\"col-md-6 col-sm-6 col-xs-12 pt-cv-content-item pt-cv-1-col\" ><div class='pt-cv-ifield'><a href=\"https:\/\/zsp.wegrow.pl\/index.php\/2025\/09\/22\/poradnik-bezpieczenstwa-juz-dostepny\/\" class=\"_self pt-cv-href-thumbnail pt-cv-thumb-default\" target=\"_self\" ><img loading=\"lazy\" decoding=\"async\" width=\"300\" height=\"127\" src=\"https:\/\/i0.wp.com\/zsp.wegrow.pl\/wp-content\/uploads\/2020\/06\/szko%C5%82a_m.jpg?fit=300%2C127&amp;ssl=1\" class=\"pt-cv-thumbnail\" alt=\"\" \/><\/a>\n<h4 class=\"pt-cv-title\"><a href=\"https:\/\/zsp.wegrow.pl\/index.php\/2025\/09\/22\/poradnik-bezpieczenstwa-juz-dostepny\/\" class=\"_self\" target=\"_self\" >\u201ePoradnik bezpiecze\u0144stwa&#8221; ju\u017c dost\u0119pny!<\/a><\/h4>\n<div class=\"pt-cv-content\">Poradnik__bezpiecze\u0144stwa__pion_wersja_polskoj\u0119zyczna_PLPobierz ...<br \/><div class=\"pt-cv-rmwrap\"><a href=\"https:\/\/zsp.wegrow.pl\/index.php\/2025\/09\/22\/poradnik-bezpieczenstwa-juz-dostepny\/\" class=\"_self pt-cv-readmore btn btn-success\" target=\"_self\">Czytaj Dalej<\/a><\/div><\/div><\/div><\/div><\/div><\/div>\n<div class=\" pt-cv-pagination-wrapper\"><ul class=\"pt-cv-pagination pt-cv-ajax pagination\" data-totalpages=\"2\" data-currentpage=\"1\" data-sid=\"ec47982q9s\" data-unid=\"\" data-isblock=\"\" data-postid=\"\"><li class=\"active\"><a href=\"#\">1<\/a><\/li>\n\t<li ><a class=\"\" href=\"https:\/\/zsp.wegrow.pl\/index.php\/wp-json\/wp\/v2\/pages\/159\/?_page=2\">2<\/a><\/li>\n\t<li ><a class=\" \" href=\"https:\/\/zsp.wegrow.pl\/index.php\/wp-json\/wp\/v2\/pages\/159\/?_page=2\">&rsaquo;<\/a><\/li>\n\t<\/ul><img loading=\"lazy\" decoding=\"async\" width=\"15\" height=\"15\" class=\"pt-cv-spinner\" alt=\"Loading...\" src=\"data:image\/gif;base64,R0lGODlhDwAPALMPAMrKygwMDJOTkz09PZWVla+vr3p6euTk5M7OzuXl5TMzMwAAAJmZmWZmZszMzP\/\/\/yH\/C05FVFNDQVBFMi4wAwEAAAAh+QQFCgAPACwAAAAADwAPAAAEQvDJaZaZOIcV8iQK8VRX4iTYoAwZ4iCYoAjZ4RxejhVNoT+mRGP4cyF4Pp0N98sBGIBMEMOotl6YZ3S61Bmbkm4mAgAh+QQFCgAPACwAAAAADQANAAAENPDJSRSZeA418itN8QiK8BiLITVsFiyBBIoYqnoewAD4xPw9iY4XLGYSjkQR4UAUD45DLwIAIfkEBQoADwAsAAAAAA8ACQAABC\/wyVlamTi3nSdgwFNdhEJgTJoNyoB9ISYoQmdjiZPcj7EYCAeCF1gEDo4Dz2eIAAAh+QQFCgAPACwCAAAADQANAAAEM\/DJBxiYeLKdX3IJZT1FU0iIg2RNKx3OkZVnZ98ToRD4MyiDnkAh6BkNC0MvsAj0kMpHBAAh+QQFCgAPACwGAAAACQAPAAAEMDC59KpFDll73HkAA2wVY5KgiK5b0RRoI6MuzG6EQqCDMlSGheEhUAgqgUUAFRySIgAh+QQFCgAPACwCAAIADQANAAAEM\/DJKZNLND\/kkKaHc3xk+QAMYDKsiaqmZCxGVjSFFCxB1vwy2oOgIDxuucxAMTAJFAJNBAAh+QQFCgAPACwAAAYADwAJAAAEMNAs86q1yaWwwv2Ig0jUZx3OYa4XoRAfwADXoAwfo1+CIjyFRuEho60aSNYlOPxEAAAh+QQFCgAPACwAAAIADQANAAAENPA9s4y8+IUVcqaWJ4qEQozSoAzoIyhCK2NFU2SJk0hNnyEOhKR2AzAAj4Pj4GE4W0bkJQIAOw==\" \/><div class=\"clear pt-cv-clear-pagination\"><\/div><\/div><\/div>\n","protected":false},"excerpt":{"rendered":"","protected":false},"author":1,"featured_media":0,"parent":0,"menu_order":0,"comment_status":"closed","ping_status":"closed","template":"","meta":{"ngg_post_thumbnail":0,"_themeisle_gutenberg_block_has_review":false,"footnotes":""},"class_list":["post-159","page","type-page","status-publish","hentry"],"jetpack_sharing_enabled":true,"jetpack_shortlink":"https:\/\/wp.me\/PaT2nI-2z","_links":{"self":[{"href":"https:\/\/zsp.wegrow.pl\/index.php\/wp-json\/wp\/v2\/pages\/159","targetHints":{"allow":["GET"]}}],"collection":[{"href":"https:\/\/zsp.wegrow.pl\/index.php\/wp-json\/wp\/v2\/pages"}],"about":[{"href":"https:\/\/zsp.wegrow.pl\/index.php\/wp-json\/wp\/v2\/types\/page"}],"author":[{"embeddable":true,"href":"https:\/\/zsp.wegrow.pl\/index.php\/wp-json\/wp\/v2\/users\/1"}],"replies":[{"embeddable":true,"href":"https:\/\/zsp.wegrow.pl\/index.php\/wp-json\/wp\/v2\/comments?post=159"}],"version-history":[{"count":2,"href":"https:\/\/zsp.wegrow.pl\/index.php\/wp-json\/wp\/v2\/pages\/159\/revisions"}],"predecessor-version":[{"id":842,"href":"https:\/\/zsp.wegrow.pl\/index.php\/wp-json\/wp\/v2\/pages\/159\/revisions\/842"}],"wp:attachment":[{"href":"https:\/\/zsp.wegrow.pl\/index.php\/wp-json\/wp\/v2\/media?parent=159"}],"curies":[{"name":"wp","href":"https:\/\/api.w.org\/{rel}","templated":true}]}}