{"id":181,"date":"2019-04-09T08:50:09","date_gmt":"2019-04-09T06:50:09","guid":{"rendered":"http:\/\/zsp.wegrow.pl\/?page_id=181"},"modified":"2022-01-04T13:42:55","modified_gmt":"2022-01-04T12:42:55","slug":"branzowa-szkola-i-stopnia","status":"publish","type":"page","link":"https:\/\/zsp.wegrow.pl\/index.php\/branzowa-szkola-i-stopnia\/","title":{"rendered":"Bran\u017cowa Szko\u0142a I Stopnia"},"content":{"rendered":"\n<figure class=\"wp-block-image\"><img data-recalc-dims=\"1\" fetchpriority=\"high\" decoding=\"async\" width=\"840\" height=\"492\" src=\"https:\/\/i0.wp.com\/zsp.wegrow.pl\/wp-content\/uploads\/2019\/04\/Technika_16.jpg?resize=840%2C492\" alt=\"\" class=\"wp-image-808\" srcset=\"https:\/\/i0.wp.com\/zsp.wegrow.pl\/wp-content\/uploads\/2019\/04\/Technika_16.jpg?w=860&amp;ssl=1 860w, https:\/\/i0.wp.com\/zsp.wegrow.pl\/wp-content\/uploads\/2019\/04\/Technika_16.jpg?resize=300%2C176&amp;ssl=1 300w, https:\/\/i0.wp.com\/zsp.wegrow.pl\/wp-content\/uploads\/2019\/04\/Technika_16.jpg?resize=768%2C450&amp;ssl=1 768w\" sizes=\"(max-width: 840px) 100vw, 840px\" \/><\/figure>\n\n\n\n<figure class=\"wp-block-image\"><img data-recalc-dims=\"1\" decoding=\"async\" width=\"840\" height=\"560\" src=\"https:\/\/i0.wp.com\/zsp.wegrow.pl\/wp-content\/uploads\/2019\/04\/Elektryczna_2013.jpg?resize=840%2C560\" alt=\"\" class=\"wp-image-809\" srcset=\"https:\/\/i0.wp.com\/zsp.wegrow.pl\/wp-content\/uploads\/2019\/04\/Elektryczna_2013.jpg?w=860&amp;ssl=1 860w, https:\/\/i0.wp.com\/zsp.wegrow.pl\/wp-content\/uploads\/2019\/04\/Elektryczna_2013.jpg?resize=300%2C200&amp;ssl=1 300w, https:\/\/i0.wp.com\/zsp.wegrow.pl\/wp-content\/uploads\/2019\/04\/Elektryczna_2013.jpg?resize=768%2C512&amp;ssl=1 768w\" sizes=\"(max-width: 840px) 100vw, 840px\" \/><\/figure>\n\n\n\n<p class=\"has-text-align-center\">&nbsp;<em>Bran\u017cowa Szko\u0142a I Stopnia:<\/em><\/p>\n\n\n\n<p class=\"has-text-align-center\"><em>cykl kszta\u0142cenia 3 lata<\/em><\/p>\n\n\n\n<p class=\"has-text-align-center\"><em>elektryk,  mechanik pojazd\u00f3w samochodowych, \u015blusarz (praktyka w szkole w  specjalistycznych pracowniach Warsztat\u00f3w Szkolnych), oddzia\u0142  wielobran\u017cowy &#8211; praktyki zawodowe u pracodawc\u00f3w z kt\u00f3rymi kandydaci  podpisz\u0105 umowy.<\/em><\/p>\n\n\n\n<figure class=\"wp-block-image\"><img data-recalc-dims=\"1\" decoding=\"async\" width=\"840\" height=\"634\" src=\"https:\/\/i0.wp.com\/zsp.wegrow.pl\/wp-content\/uploads\/2019\/04\/UniaEuropejska.jpg?resize=840%2C634\" alt=\"\" class=\"wp-image-810\" srcset=\"https:\/\/i0.wp.com\/zsp.wegrow.pl\/wp-content\/uploads\/2019\/04\/UniaEuropejska.jpg?w=860&amp;ssl=1 860w, https:\/\/i0.wp.com\/zsp.wegrow.pl\/wp-content\/uploads\/2019\/04\/UniaEuropejska.jpg?resize=300%2C226&amp;ssl=1 300w, https:\/\/i0.wp.com\/zsp.wegrow.pl\/wp-content\/uploads\/2019\/04\/UniaEuropejska.jpg?resize=768%2C580&amp;ssl=1 768w\" sizes=\"(max-width: 840px) 100vw, 840px\" \/><\/figure>\n\n\n\n<figure class=\"wp-block-image\"><img data-recalc-dims=\"1\" loading=\"lazy\" decoding=\"async\" width=\"840\" height=\"631\" src=\"https:\/\/i0.wp.com\/zsp.wegrow.pl\/wp-content\/uploads\/2019\/04\/Addit_%C5%9Alusarze_20170411_1.jpg?resize=840%2C631\" alt=\"\" class=\"wp-image-811\" srcset=\"https:\/\/i0.wp.com\/zsp.wegrow.pl\/wp-content\/uploads\/2019\/04\/Addit_%C5%9Alusarze_20170411_1.jpg?w=860&amp;ssl=1 860w, https:\/\/i0.wp.com\/zsp.wegrow.pl\/wp-content\/uploads\/2019\/04\/Addit_%C5%9Alusarze_20170411_1.jpg?resize=300%2C225&amp;ssl=1 300w, https:\/\/i0.wp.com\/zsp.wegrow.pl\/wp-content\/uploads\/2019\/04\/Addit_%C5%9Alusarze_20170411_1.jpg?resize=768%2C577&amp;ssl=1 768w, https:\/\/i0.wp.com\/zsp.wegrow.pl\/wp-content\/uploads\/2019\/04\/Addit_%C5%9Alusarze_20170411_1.jpg?resize=840%2C630&amp;ssl=1 840w, https:\/\/i0.wp.com\/zsp.wegrow.pl\/wp-content\/uploads\/2019\/04\/Addit_%C5%9Alusarze_20170411_1.jpg?resize=440%2C330&amp;ssl=1 440w\" sizes=\"(max-width: 840px) 100vw, 840px\" \/><\/figure>\n\n\n\n<figure class=\"wp-block-image\"><img data-recalc-dims=\"1\" loading=\"lazy\" decoding=\"async\" width=\"840\" height=\"631\" src=\"https:\/\/i0.wp.com\/zsp.wegrow.pl\/wp-content\/uploads\/2019\/04\/Addit_%C5%9Alusarze_20170411_2.jpg?resize=840%2C631\" alt=\"\" class=\"wp-image-812\" srcset=\"https:\/\/i0.wp.com\/zsp.wegrow.pl\/wp-content\/uploads\/2019\/04\/Addit_%C5%9Alusarze_20170411_2.jpg?w=860&amp;ssl=1 860w, https:\/\/i0.wp.com\/zsp.wegrow.pl\/wp-content\/uploads\/2019\/04\/Addit_%C5%9Alusarze_20170411_2.jpg?resize=300%2C225&amp;ssl=1 300w, https:\/\/i0.wp.com\/zsp.wegrow.pl\/wp-content\/uploads\/2019\/04\/Addit_%C5%9Alusarze_20170411_2.jpg?resize=768%2C577&amp;ssl=1 768w, https:\/\/i0.wp.com\/zsp.wegrow.pl\/wp-content\/uploads\/2019\/04\/Addit_%C5%9Alusarze_20170411_2.jpg?resize=840%2C630&amp;ssl=1 840w, https:\/\/i0.wp.com\/zsp.wegrow.pl\/wp-content\/uploads\/2019\/04\/Addit_%C5%9Alusarze_20170411_2.jpg?resize=440%2C330&amp;ssl=1 440w\" sizes=\"(max-width: 840px) 100vw, 840px\" \/><\/figure>\n\n\n\n<p class=\"has-text-align-center\"><em>\u015alusarze w Addit sp. z o.o. w W\u0119growie<\/em><\/p>\n\n\n\n<p class=\"has-text-align-center\"><em>Dzi\u0119ki\n uprzejmo\u015bci Dyrektora Mariana Klimka uczniowie klasy II ZSZ, \n&nbsp;kszta\u0142c\u0105cy si\u0119 w zawodzie \u015blusarz, mogli pozna\u0107 jedno z najbardziej \nnowoczesnych polskich przedsi\u0119biorstw.&nbsp;<\/em><\/p>\n\n\n\n<p class=\"has-text-align-center\"><em>Opiekunami naszej m\u0142odzie\u017cy byli kierownik p. Zbigniew Ciszewski, p. Franciszek \u0141azowski i p. Janusz Miszczuk<\/em><\/p>\n\n\n\n<p class=\"has-text-align-center\"><em>11 kwietnia 2017 r.<\/em><\/p>\n\n\n\n<p class=\"has-text-align-center\"><strong>Dzia\u0142 diagnostyki samochodowej w warsztatach szkolnych<\/strong><\/p>\n\n\n\n<figure class=\"wp-block-image\"><img data-recalc-dims=\"1\" loading=\"lazy\" decoding=\"async\" width=\"840\" height=\"511\" src=\"https:\/\/i0.wp.com\/zsp.wegrow.pl\/wp-content\/uploads\/2019\/04\/mps_tester.jpg?resize=840%2C511\" alt=\"\" class=\"wp-image-813\" srcset=\"https:\/\/i0.wp.com\/zsp.wegrow.pl\/wp-content\/uploads\/2019\/04\/mps_tester.jpg?w=860&amp;ssl=1 860w, https:\/\/i0.wp.com\/zsp.wegrow.pl\/wp-content\/uploads\/2019\/04\/mps_tester.jpg?resize=300%2C182&amp;ssl=1 300w, https:\/\/i0.wp.com\/zsp.wegrow.pl\/wp-content\/uploads\/2019\/04\/mps_tester.jpg?resize=768%2C467&amp;ssl=1 768w\" sizes=\"(max-width: 840px) 100vw, 840px\" \/><\/figure>\n\n\n\n<p class=\"has-text-align-center\">Franciszek  \u0141azowski nauczyciel przedmiot\u00f3w mechanicznych omawia dzia\u0142anie urz\u0105dze\u0144  komputerowych diagnostyki samochodowej, 24 pa\u017adziernika 2014 r.<strong><br><\/strong><\/p>\n\n\n\n<p class=\"has-text-align-center\"><strong>Pracownia elektryczna<br><\/strong><\/p>\n\n\n\n<figure class=\"wp-block-image\"><img data-recalc-dims=\"1\" loading=\"lazy\" decoding=\"async\" width=\"840\" height=\"926\" src=\"https:\/\/i0.wp.com\/zsp.wegrow.pl\/wp-content\/uploads\/2019\/04\/Automatyka-elektryczna-1.jpg?resize=840%2C926\" alt=\"\" class=\"wp-image-814\" srcset=\"https:\/\/i0.wp.com\/zsp.wegrow.pl\/wp-content\/uploads\/2019\/04\/Automatyka-elektryczna-1.jpg?w=860&amp;ssl=1 860w, https:\/\/i0.wp.com\/zsp.wegrow.pl\/wp-content\/uploads\/2019\/04\/Automatyka-elektryczna-1.jpg?resize=272%2C300&amp;ssl=1 272w, https:\/\/i0.wp.com\/zsp.wegrow.pl\/wp-content\/uploads\/2019\/04\/Automatyka-elektryczna-1.jpg?resize=768%2C847&amp;ssl=1 768w\" sizes=\"(max-width: 840px) 100vw, 840px\" \/><\/figure>\n\n\n\n<figure class=\"wp-block-image\"><img data-recalc-dims=\"1\" loading=\"lazy\" decoding=\"async\" width=\"840\" height=\"679\" src=\"https:\/\/i0.wp.com\/zsp.wegrow.pl\/wp-content\/uploads\/2019\/04\/eh3sgw4r.jpg?resize=840%2C679\" alt=\"\" class=\"wp-image-815\" srcset=\"https:\/\/i0.wp.com\/zsp.wegrow.pl\/wp-content\/uploads\/2019\/04\/eh3sgw4r.jpg?w=860&amp;ssl=1 860w, https:\/\/i0.wp.com\/zsp.wegrow.pl\/wp-content\/uploads\/2019\/04\/eh3sgw4r.jpg?resize=300%2C242&amp;ssl=1 300w, https:\/\/i0.wp.com\/zsp.wegrow.pl\/wp-content\/uploads\/2019\/04\/eh3sgw4r.jpg?resize=768%2C621&amp;ssl=1 768w\" sizes=\"(max-width: 840px) 100vw, 840px\" \/><\/figure>\n\n\n\n<p class=\"has-text-align-center\"><strong>Pracownia samochodowa.<\/strong><\/p>\n\n\n\n<figure class=\"wp-block-image\"><img data-recalc-dims=\"1\" loading=\"lazy\" decoding=\"async\" width=\"840\" height=\"495\" src=\"https:\/\/i0.wp.com\/zsp.wegrow.pl\/wp-content\/uploads\/2019\/04\/Technika_4.jpg?resize=840%2C495\" alt=\"\" class=\"wp-image-816\" srcset=\"https:\/\/i0.wp.com\/zsp.wegrow.pl\/wp-content\/uploads\/2019\/04\/Technika_4.jpg?w=860&amp;ssl=1 860w, https:\/\/i0.wp.com\/zsp.wegrow.pl\/wp-content\/uploads\/2019\/04\/Technika_4.jpg?resize=300%2C177&amp;ssl=1 300w, https:\/\/i0.wp.com\/zsp.wegrow.pl\/wp-content\/uploads\/2019\/04\/Technika_4.jpg?resize=768%2C453&amp;ssl=1 768w\" sizes=\"(max-width: 840px) 100vw, 840px\" \/><\/figure>\n\n\n\n<figure class=\"wp-block-image\"><img data-recalc-dims=\"1\" loading=\"lazy\" decoding=\"async\" width=\"840\" height=\"442\" src=\"https:\/\/i0.wp.com\/zsp.wegrow.pl\/wp-content\/uploads\/2019\/04\/3ougquu1.jpg?resize=840%2C442\" alt=\"\" class=\"wp-image-817\" srcset=\"https:\/\/i0.wp.com\/zsp.wegrow.pl\/wp-content\/uploads\/2019\/04\/3ougquu1.jpg?w=860&amp;ssl=1 860w, https:\/\/i0.wp.com\/zsp.wegrow.pl\/wp-content\/uploads\/2019\/04\/3ougquu1.jpg?resize=300%2C158&amp;ssl=1 300w, https:\/\/i0.wp.com\/zsp.wegrow.pl\/wp-content\/uploads\/2019\/04\/3ougquu1.jpg?resize=768%2C405&amp;ssl=1 768w\" sizes=\"(max-width: 840px) 100vw, 840px\" \/><\/figure>\n\n\n\n<figure class=\"wp-block-image\"><img data-recalc-dims=\"1\" loading=\"lazy\" decoding=\"async\" width=\"840\" height=\"468\" src=\"https:\/\/i0.wp.com\/zsp.wegrow.pl\/wp-content\/uploads\/2019\/04\/Technika_3.jpg?resize=840%2C468\" alt=\"\" class=\"wp-image-818\" srcset=\"https:\/\/i0.wp.com\/zsp.wegrow.pl\/wp-content\/uploads\/2019\/04\/Technika_3.jpg?w=860&amp;ssl=1 860w, https:\/\/i0.wp.com\/zsp.wegrow.pl\/wp-content\/uploads\/2019\/04\/Technika_3.jpg?resize=300%2C167&amp;ssl=1 300w, https:\/\/i0.wp.com\/zsp.wegrow.pl\/wp-content\/uploads\/2019\/04\/Technika_3.jpg?resize=768%2C428&amp;ssl=1 768w\" sizes=\"(max-width: 840px) 100vw, 840px\" \/><\/figure>\n\n\n\n<figure class=\"wp-block-image\"><img data-recalc-dims=\"1\" loading=\"lazy\" decoding=\"async\" width=\"840\" height=\"560\" src=\"https:\/\/i0.wp.com\/zsp.wegrow.pl\/wp-content\/uploads\/2019\/04\/%C5%81azowski_Pracownie_3.jpg?resize=840%2C560\" alt=\"\" class=\"wp-image-819\" srcset=\"https:\/\/i0.wp.com\/zsp.wegrow.pl\/wp-content\/uploads\/2019\/04\/%C5%81azowski_Pracownie_3.jpg?w=860&amp;ssl=1 860w, https:\/\/i0.wp.com\/zsp.wegrow.pl\/wp-content\/uploads\/2019\/04\/%C5%81azowski_Pracownie_3.jpg?resize=300%2C200&amp;ssl=1 300w, https:\/\/i0.wp.com\/zsp.wegrow.pl\/wp-content\/uploads\/2019\/04\/%C5%81azowski_Pracownie_3.jpg?resize=768%2C512&amp;ssl=1 768w\" sizes=\"(max-width: 840px) 100vw, 840px\" \/><\/figure>\n\n\n\n<figure class=\"wp-block-image\"><img data-recalc-dims=\"1\" loading=\"lazy\" decoding=\"async\" width=\"840\" height=\"560\" src=\"https:\/\/i0.wp.com\/zsp.wegrow.pl\/wp-content\/uploads\/2019\/04\/W_4_860.jpg?resize=840%2C560\" alt=\"\" class=\"wp-image-820\" srcset=\"https:\/\/i0.wp.com\/zsp.wegrow.pl\/wp-content\/uploads\/2019\/04\/W_4_860.jpg?w=860&amp;ssl=1 860w, https:\/\/i0.wp.com\/zsp.wegrow.pl\/wp-content\/uploads\/2019\/04\/W_4_860.jpg?resize=300%2C200&amp;ssl=1 300w, https:\/\/i0.wp.com\/zsp.wegrow.pl\/wp-content\/uploads\/2019\/04\/W_4_860.jpg?resize=768%2C512&amp;ssl=1 768w\" sizes=\"(max-width: 840px) 100vw, 840px\" \/><\/figure>\n\n\n\n<figure class=\"wp-block-image\"><img data-recalc-dims=\"1\" loading=\"lazy\" decoding=\"async\" width=\"840\" height=\"500\" src=\"https:\/\/i0.wp.com\/zsp.wegrow.pl\/wp-content\/uploads\/2019\/04\/W_5_860.jpg?resize=840%2C500\" alt=\"\" class=\"wp-image-821\" srcset=\"https:\/\/i0.wp.com\/zsp.wegrow.pl\/wp-content\/uploads\/2019\/04\/W_5_860.jpg?w=860&amp;ssl=1 860w, https:\/\/i0.wp.com\/zsp.wegrow.pl\/wp-content\/uploads\/2019\/04\/W_5_860.jpg?resize=300%2C179&amp;ssl=1 300w, https:\/\/i0.wp.com\/zsp.wegrow.pl\/wp-content\/uploads\/2019\/04\/W_5_860.jpg?resize=768%2C457&amp;ssl=1 768w\" sizes=\"(max-width: 840px) 100vw, 840px\" \/><\/figure>\n\n\n\n<figure class=\"wp-block-image\"><img data-recalc-dims=\"1\" loading=\"lazy\" decoding=\"async\" width=\"840\" height=\"449\" src=\"https:\/\/i0.wp.com\/zsp.wegrow.pl\/wp-content\/uploads\/2019\/04\/%C5%81azowski_Pracownie_4.jpg?resize=840%2C449\" alt=\"\" class=\"wp-image-822\" srcset=\"https:\/\/i0.wp.com\/zsp.wegrow.pl\/wp-content\/uploads\/2019\/04\/%C5%81azowski_Pracownie_4.jpg?w=860&amp;ssl=1 860w, https:\/\/i0.wp.com\/zsp.wegrow.pl\/wp-content\/uploads\/2019\/04\/%C5%81azowski_Pracownie_4.jpg?resize=300%2C160&amp;ssl=1 300w, https:\/\/i0.wp.com\/zsp.wegrow.pl\/wp-content\/uploads\/2019\/04\/%C5%81azowski_Pracownie_4.jpg?resize=768%2C411&amp;ssl=1 768w\" sizes=\"(max-width: 840px) 100vw, 840px\" \/><\/figure>\n\n\n\n<figure class=\"wp-block-image\"><img data-recalc-dims=\"1\" loading=\"lazy\" decoding=\"async\" width=\"840\" height=\"356\" src=\"https:\/\/i0.wp.com\/zsp.wegrow.pl\/wp-content\/uploads\/2019\/04\/Technika_17.jpg?resize=840%2C356\" alt=\"\" class=\"wp-image-823\" srcset=\"https:\/\/i0.wp.com\/zsp.wegrow.pl\/wp-content\/uploads\/2019\/04\/Technika_17.jpg?w=860&amp;ssl=1 860w, https:\/\/i0.wp.com\/zsp.wegrow.pl\/wp-content\/uploads\/2019\/04\/Technika_17.jpg?resize=300%2C127&amp;ssl=1 300w, https:\/\/i0.wp.com\/zsp.wegrow.pl\/wp-content\/uploads\/2019\/04\/Technika_17.jpg?resize=768%2C325&amp;ssl=1 768w\" sizes=\"(max-width: 840px) 100vw, 840px\" \/><\/figure>\n\n\n\n<figure class=\"wp-block-image\"><img data-recalc-dims=\"1\" loading=\"lazy\" decoding=\"async\" width=\"840\" height=\"457\" src=\"https:\/\/i0.wp.com\/zsp.wegrow.pl\/wp-content\/uploads\/2019\/04\/Technika_19.jpg?resize=840%2C457\" alt=\"\" class=\"wp-image-824\" srcset=\"https:\/\/i0.wp.com\/zsp.wegrow.pl\/wp-content\/uploads\/2019\/04\/Technika_19.jpg?w=860&amp;ssl=1 860w, https:\/\/i0.wp.com\/zsp.wegrow.pl\/wp-content\/uploads\/2019\/04\/Technika_19.jpg?resize=300%2C163&amp;ssl=1 300w, https:\/\/i0.wp.com\/zsp.wegrow.pl\/wp-content\/uploads\/2019\/04\/Technika_19.jpg?resize=768%2C418&amp;ssl=1 768w\" sizes=\"(max-width: 840px) 100vw, 840px\" \/><\/figure>\n\n\n\n<figure class=\"wp-block-image\"><img data-recalc-dims=\"1\" loading=\"lazy\" decoding=\"async\" width=\"840\" height=\"513\" src=\"https:\/\/i0.wp.com\/zsp.wegrow.pl\/wp-content\/uploads\/2019\/04\/W_6_860_1.jpg?resize=840%2C513\" alt=\"\" class=\"wp-image-825\" srcset=\"https:\/\/i0.wp.com\/zsp.wegrow.pl\/wp-content\/uploads\/2019\/04\/W_6_860_1.jpg?w=860&amp;ssl=1 860w, https:\/\/i0.wp.com\/zsp.wegrow.pl\/wp-content\/uploads\/2019\/04\/W_6_860_1.jpg?resize=300%2C183&amp;ssl=1 300w, https:\/\/i0.wp.com\/zsp.wegrow.pl\/wp-content\/uploads\/2019\/04\/W_6_860_1.jpg?resize=768%2C469&amp;ssl=1 768w\" sizes=\"(max-width: 840px) 100vw, 840px\" \/><\/figure>\n\n\n\n<figure class=\"wp-block-image\"><img data-recalc-dims=\"1\" loading=\"lazy\" decoding=\"async\" width=\"840\" height=\"413\" src=\"https:\/\/i0.wp.com\/zsp.wegrow.pl\/wp-content\/uploads\/2019\/04\/ztretoww.jpg?resize=840%2C413\" alt=\"\" class=\"wp-image-826\" srcset=\"https:\/\/i0.wp.com\/zsp.wegrow.pl\/wp-content\/uploads\/2019\/04\/ztretoww.jpg?w=860&amp;ssl=1 860w, https:\/\/i0.wp.com\/zsp.wegrow.pl\/wp-content\/uploads\/2019\/04\/ztretoww.jpg?resize=300%2C148&amp;ssl=1 300w, https:\/\/i0.wp.com\/zsp.wegrow.pl\/wp-content\/uploads\/2019\/04\/ztretoww.jpg?resize=768%2C378&amp;ssl=1 768w\" sizes=\"(max-width: 840px) 100vw, 840px\" \/><\/figure>\n\n\n\n<figure class=\"wp-block-image\"><img data-recalc-dims=\"1\" loading=\"lazy\" decoding=\"async\" width=\"840\" height=\"439\" src=\"https:\/\/i0.wp.com\/zsp.wegrow.pl\/wp-content\/uploads\/2019\/04\/Technika_5.jpg?resize=840%2C439\" alt=\"\" class=\"wp-image-827\" srcset=\"https:\/\/i0.wp.com\/zsp.wegrow.pl\/wp-content\/uploads\/2019\/04\/Technika_5.jpg?w=860&amp;ssl=1 860w, https:\/\/i0.wp.com\/zsp.wegrow.pl\/wp-content\/uploads\/2019\/04\/Technika_5.jpg?resize=300%2C157&amp;ssl=1 300w, https:\/\/i0.wp.com\/zsp.wegrow.pl\/wp-content\/uploads\/2019\/04\/Technika_5.jpg?resize=768%2C401&amp;ssl=1 768w\" sizes=\"(max-width: 840px) 100vw, 840px\" \/><\/figure>\n\n\n\n<figure class=\"wp-block-image\"><img data-recalc-dims=\"1\" loading=\"lazy\" decoding=\"async\" width=\"840\" height=\"530\" src=\"https:\/\/i0.wp.com\/zsp.wegrow.pl\/wp-content\/uploads\/2019\/04\/Technika_9.jpg?resize=840%2C530\" alt=\"\" class=\"wp-image-828\" srcset=\"https:\/\/i0.wp.com\/zsp.wegrow.pl\/wp-content\/uploads\/2019\/04\/Technika_9.jpg?w=860&amp;ssl=1 860w, https:\/\/i0.wp.com\/zsp.wegrow.pl\/wp-content\/uploads\/2019\/04\/Technika_9.jpg?resize=300%2C189&amp;ssl=1 300w, https:\/\/i0.wp.com\/zsp.wegrow.pl\/wp-content\/uploads\/2019\/04\/Technika_9.jpg?resize=768%2C485&amp;ssl=1 768w, https:\/\/i0.wp.com\/zsp.wegrow.pl\/wp-content\/uploads\/2019\/04\/Technika_9.jpg?resize=200%2C125&amp;ssl=1 200w\" sizes=\"(max-width: 840px) 100vw, 840px\" \/><\/figure>\n\n\n\n<figure class=\"wp-block-image\"><img data-recalc-dims=\"1\" loading=\"lazy\" decoding=\"async\" width=\"840\" height=\"518\" src=\"https:\/\/i0.wp.com\/zsp.wegrow.pl\/wp-content\/uploads\/2019\/04\/W_3_860.jpg?resize=840%2C518\" alt=\"\" class=\"wp-image-829\" srcset=\"https:\/\/i0.wp.com\/zsp.wegrow.pl\/wp-content\/uploads\/2019\/04\/W_3_860.jpg?w=860&amp;ssl=1 860w, https:\/\/i0.wp.com\/zsp.wegrow.pl\/wp-content\/uploads\/2019\/04\/W_3_860.jpg?resize=300%2C185&amp;ssl=1 300w, https:\/\/i0.wp.com\/zsp.wegrow.pl\/wp-content\/uploads\/2019\/04\/W_3_860.jpg?resize=768%2C473&amp;ssl=1 768w\" sizes=\"(max-width: 840px) 100vw, 840px\" \/><\/figure>\n\n\n\n<figure class=\"wp-block-image\"><img data-recalc-dims=\"1\" loading=\"lazy\" decoding=\"async\" width=\"840\" height=\"431\" src=\"https:\/\/i0.wp.com\/zsp.wegrow.pl\/wp-content\/uploads\/2019\/04\/Technika_8.jpg?resize=840%2C431\" alt=\"\" class=\"wp-image-830\" srcset=\"https:\/\/i0.wp.com\/zsp.wegrow.pl\/wp-content\/uploads\/2019\/04\/Technika_8.jpg?w=860&amp;ssl=1 860w, https:\/\/i0.wp.com\/zsp.wegrow.pl\/wp-content\/uploads\/2019\/04\/Technika_8.jpg?resize=300%2C154&amp;ssl=1 300w, https:\/\/i0.wp.com\/zsp.wegrow.pl\/wp-content\/uploads\/2019\/04\/Technika_8.jpg?resize=768%2C394&amp;ssl=1 768w\" sizes=\"(max-width: 840px) 100vw, 840px\" \/><\/figure>\n\n\n\n<p class=\"has-text-align-center\">*&nbsp;&nbsp;&nbsp;&nbsp; *&nbsp;&nbsp;&nbsp;&nbsp; *<\/p>\n\n\n\n<p class=\"has-text-align-center\"><strong>&nbsp;ZAK\u0141ADY FRYZJERSKIE, W KT\u00d3RYCH UCZNIOWIE <\/strong><\/p>\n\n\n\n<p class=\"has-text-align-center\"><strong>ZASADNICZEJ SZKO\u0141Y\nZAWODOWEJ<\/strong><\/p>\n\n\n\n<p class=\"has-text-align-center\"><strong>ODBYWAJ\u0104\nPRAKTYCZN\u0104 NAUK\u0118 ZAWODU<\/strong><\/p>\n\n\n\n<p class=\"has-text-align-center\">Zak\u0142ad Fryzjerski Damsko-M\u0119ski, Bednarczyk Jolanta,\nMokobody<\/p>\n\n\n\n<p class=\"has-text-align-center\">&nbsp;Salon Fryzjerski\n\u201eREVIVE\u201d, Fedorczyk Ewa, \u0141och\u00f3w<\/p>\n\n\n\n<p class=\"has-text-align-center\">Przedsi\u0119biorstwo Wielobran\u017cowe Handlowo-Us\u0142ugowe \u201eEMILEX\u201d, <\/p>\n\n\n\n<p class=\"has-text-align-center\">Rokicka Romualda Henryka, \u0141och\u00f3w<\/p>\n\n\n\n<p class=\"has-text-align-center\">Salon Fryzjerski Damsko-M\u0119ski, \u015alusarz Agnieszka, \u0141och\u00f3w&nbsp;&nbsp;&nbsp;&nbsp;&nbsp;&nbsp; <\/p>\n\n\n\n<p class=\"has-text-align-center\">Studio Urody \u201eeMDe\u201d, Dobosz Monika, \u0141och\u00f3w&nbsp;&nbsp;&nbsp;&nbsp;&nbsp;&nbsp;&nbsp;&nbsp;&nbsp;&nbsp;&nbsp;&nbsp;&nbsp; <\/p>\n\n\n\n<p class=\"has-text-align-center\">Old dragon, Atelier fryzur-Wioletta Falkowska, W\u0119gr\u00f3w<\/p>\n\n\n\n<p class=\"has-text-align-center\">F.H.U. \u201eKAROLINA\u201d, Rosochacka Karolina, W\u0119gr\u00f3w&nbsp;&nbsp;&nbsp;&nbsp;&nbsp; <\/p>\n\n\n\n<p class=\"has-text-align-center\">Salon Fryzjerski \u201eAGATA\u201d, Ciszewska Agata, W\u0119gr\u00f3w<\/p>\n\n\n\n<p class=\"has-text-align-center\">&nbsp;Salon Fryzjerski\n\u201eBlask\u201d, Bartnik Aldona, W\u0119gr\u00f3w<\/p>\n\n\n\n<p class=\"has-text-align-center\">Salon Fryzjerski \u201eELEGANCE\u201d, Kowalska Ewa, W\u0119gr\u00f3w<\/p>\n\n\n\n<p class=\"has-text-align-center\">Salon Fryzjerski \u201eSTYL\u201d, \u0141adosz Katarzyna, W\u0119gr\u00f3w<\/p>\n\n\n\n<p class=\"has-text-align-center\">Salon Fryzjersko Kosmetyczny \u201eJOLA\u201d, Gontarz Jolanta,\nW\u0119gr\u00f3w<\/p>\n\n\n\n<p class=\"has-text-align-center\">Salon Pi\u0119kno\u015bci \u201eMICHELL\u201d, Gawor Renata, W\u0119gr\u00f3w<\/p>\n\n\n\n<p class=\"has-text-align-center\">&nbsp;Studio Trend\nFryzjerstwo Kosmetyka Solarium, Korman Olga, W\u0119gr\u00f3w<\/p>\n\n\n\n<p class=\"has-text-align-center\">Studio Urody \u201eEWA\u201d, Zdzieborska Ewa, W\u0119gr\u00f3w<\/p>\n\n\n\n<p class=\"has-text-align-center\">Us\u0142ugi Fryzjerskie, Panufnik Marzena, W\u0119gr\u00f3w<\/p>\n\n\n\n<p class=\"has-text-align-center\">* &nbsp; &nbsp; &nbsp; &nbsp;* &nbsp; &nbsp; &nbsp; &nbsp;*<\/p>\n\n\n\n<figure class=\"wp-block-image\"><img data-recalc-dims=\"1\" loading=\"lazy\" decoding=\"async\" width=\"840\" height=\"533\" src=\"https:\/\/i0.wp.com\/zsp.wegrow.pl\/wp-content\/uploads\/2019\/04\/nytguehv.jpg?resize=840%2C533\" alt=\"\" class=\"wp-image-831\" srcset=\"https:\/\/i0.wp.com\/zsp.wegrow.pl\/wp-content\/uploads\/2019\/04\/nytguehv.jpg?w=860&amp;ssl=1 860w, https:\/\/i0.wp.com\/zsp.wegrow.pl\/wp-content\/uploads\/2019\/04\/nytguehv.jpg?resize=300%2C190&amp;ssl=1 300w, https:\/\/i0.wp.com\/zsp.wegrow.pl\/wp-content\/uploads\/2019\/04\/nytguehv.jpg?resize=768%2C488&amp;ssl=1 768w\" sizes=\"(max-width: 840px) 100vw, 840px\" \/><\/figure>\n\n\n\n<figure class=\"wp-block-image\"><img data-recalc-dims=\"1\" loading=\"lazy\" decoding=\"async\" width=\"840\" height=\"394\" src=\"https:\/\/i0.wp.com\/zsp.wegrow.pl\/wp-content\/uploads\/2019\/04\/Technika_18.jpg?resize=840%2C394\" alt=\"\" class=\"wp-image-832\" srcset=\"https:\/\/i0.wp.com\/zsp.wegrow.pl\/wp-content\/uploads\/2019\/04\/Technika_18.jpg?w=860&amp;ssl=1 860w, https:\/\/i0.wp.com\/zsp.wegrow.pl\/wp-content\/uploads\/2019\/04\/Technika_18.jpg?resize=300%2C141&amp;ssl=1 300w, https:\/\/i0.wp.com\/zsp.wegrow.pl\/wp-content\/uploads\/2019\/04\/Technika_18.jpg?resize=768%2C360&amp;ssl=1 768w\" sizes=\"(max-width: 840px) 100vw, 840px\" \/><\/figure>\n\n\n\n<figure class=\"wp-block-image\"><img data-recalc-dims=\"1\" loading=\"lazy\" decoding=\"async\" width=\"840\" height=\"504\" src=\"https:\/\/i0.wp.com\/zsp.wegrow.pl\/wp-content\/uploads\/2019\/04\/M20_20160210_860-1.jpg?resize=840%2C504\" alt=\"\" class=\"wp-image-833\" srcset=\"https:\/\/i0.wp.com\/zsp.wegrow.pl\/wp-content\/uploads\/2019\/04\/M20_20160210_860-1.jpg?w=860&amp;ssl=1 860w, https:\/\/i0.wp.com\/zsp.wegrow.pl\/wp-content\/uploads\/2019\/04\/M20_20160210_860-1.jpg?resize=300%2C180&amp;ssl=1 300w, https:\/\/i0.wp.com\/zsp.wegrow.pl\/wp-content\/uploads\/2019\/04\/M20_20160210_860-1.jpg?resize=768%2C461&amp;ssl=1 768w\" sizes=\"(max-width: 840px) 100vw, 840px\" \/><\/figure>\n","protected":false},"excerpt":{"rendered":"<p>&nbsp;Bran\u017cowa Szko\u0142a I Stopnia: cykl kszta\u0142cenia 3 lata elektryk, mechanik pojazd\u00f3w samochodowych, \u015blusarz (praktyka w szkole w specjalistycznych pracowniach Warsztat\u00f3w Szkolnych), oddzia\u0142 wielobran\u017cowy &#8211; praktyki zawodowe u pracodawc\u00f3w z kt\u00f3rymi kandydaci podpisz\u0105 umowy. \u015alusarze w<\/p>\n","protected":false},"author":1,"featured_media":0,"parent":0,"menu_order":0,"comment_status":"closed","ping_status":"closed","template":"template-centered.php","meta":{"ngg_post_thumbnail":0,"_themeisle_gutenberg_block_has_review":false,"jetpack_post_was_ever_published":false,"footnotes":""},"class_list":["post-181","page","type-page","status-publish","hentry"],"jetpack_sharing_enabled":true,"jetpack_shortlink":"https:\/\/wp.me\/PaT2nI-2V","_links":{"self":[{"href":"https:\/\/zsp.wegrow.pl\/index.php\/wp-json\/wp\/v2\/pages\/181","targetHints":{"allow":["GET"]}}],"collection":[{"href":"https:\/\/zsp.wegrow.pl\/index.php\/wp-json\/wp\/v2\/pages"}],"about":[{"href":"https:\/\/zsp.wegrow.pl\/index.php\/wp-json\/wp\/v2\/types\/page"}],"author":[{"embeddable":true,"href":"https:\/\/zsp.wegrow.pl\/index.php\/wp-json\/wp\/v2\/users\/1"}],"replies":[{"embeddable":true,"href":"https:\/\/zsp.wegrow.pl\/index.php\/wp-json\/wp\/v2\/comments?post=181"}],"version-history":[{"count":3,"href":"https:\/\/zsp.wegrow.pl\/index.php\/wp-json\/wp\/v2\/pages\/181\/revisions"}],"predecessor-version":[{"id":7117,"href":"https:\/\/zsp.wegrow.pl\/index.php\/wp-json\/wp\/v2\/pages\/181\/revisions\/7117"}],"wp:attachment":[{"href":"https:\/\/zsp.wegrow.pl\/index.php\/wp-json\/wp\/v2\/media?parent=181"}],"curies":[{"name":"wp","href":"https:\/\/api.w.org\/{rel}","templated":true}]}}