{"id":183,"date":"2019-04-09T08:50:09","date_gmt":"2019-04-09T06:50:09","guid":{"rendered":"http:\/\/zsp.wegrow.pl\/?page_id=183"},"modified":"2020-05-05T23:56:56","modified_gmt":"2020-05-05T21:56:56","slug":"lo-zaoczne","status":"publish","type":"page","link":"https:\/\/zsp.wegrow.pl\/index.php\/lo-zaoczne\/","title":{"rendered":"LO zaoczne"},"content":{"rendered":"\n<div class=\"wp-block-image\"><figure class=\"aligncenter size-full\"><img data-recalc-dims=\"1\" fetchpriority=\"high\" decoding=\"async\" width=\"840\" height=\"328\" src=\"https:\/\/i0.wp.com\/zsp.wegrow.pl\/wp-content\/uploads\/2019\/04\/ZSP_18kw2013_860.jpg?resize=840%2C328\" alt=\"\" class=\"wp-image-951\" srcset=\"https:\/\/i0.wp.com\/zsp.wegrow.pl\/wp-content\/uploads\/2019\/04\/ZSP_18kw2013_860.jpg?w=860&amp;ssl=1 860w, https:\/\/i0.wp.com\/zsp.wegrow.pl\/wp-content\/uploads\/2019\/04\/ZSP_18kw2013_860.jpg?resize=150%2C59&amp;ssl=1 150w, https:\/\/i0.wp.com\/zsp.wegrow.pl\/wp-content\/uploads\/2019\/04\/ZSP_18kw2013_860.jpg?resize=300%2C117&amp;ssl=1 300w, https:\/\/i0.wp.com\/zsp.wegrow.pl\/wp-content\/uploads\/2019\/04\/ZSP_18kw2013_860.jpg?resize=768%2C300&amp;ssl=1 768w\" sizes=\"(max-width: 840px) 100vw, 840px\" \/><\/figure><\/div>\n\n\n\n<p class=\"has-text-align-center\"><strong>II Liceum Og\u00f3lnokszta\u0142c\u0105ce w W\u0119growie<\/strong><\/p>\n\n\n\n<p class=\"has-text-align-center\"><strong>szko\u0142a zaoczna dla doros\u0142ych<\/strong><\/p>\n\n\n\n<p class=\"has-text-align-center\"><strong>w Zespole Szk\u00f3\u0142 Ponadpodstawowych im. Jana Kochanowskiego w W\u0119growie<\/strong><\/p>\n\n\n\n<p class=\"has-text-align-center\"><strong>forma zaoczna<\/strong><\/p>\n\n\n\n<p class=\"has-text-align-center\"><strong>podbudowa programowa &#8211; gimnazjum \/ od 1 sesmestru \/<\/strong><br><strong>bran\u017cowa szko\u0142a I stopnia \/ od 3 semestru \/<\/strong><\/p>\n\n\n\n<p class=\"has-text-align-center\"><strong>Profile oddzia\u0142\u00f3w:<\/strong><\/p>\n\n\n\n<p class=\"has-text-align-center\">og\u00f3lny<\/p>\n","protected":false},"excerpt":{"rendered":"<p>II Liceum Og\u00f3lnokszta\u0142c\u0105ce w W\u0119growie szko\u0142a zaoczna dla doros\u0142ych w Zespole Szk\u00f3\u0142 Ponadpodstawowych im. Jana Kochanowskiego w W\u0119growie forma zaoczna podbudowa programowa &#8211; gimnazjum \/ od 1 sesmestru \/bran\u017cowa szko\u0142a I stopnia \/ od 3<\/p>\n","protected":false},"author":1,"featured_media":0,"parent":0,"menu_order":0,"comment_status":"closed","ping_status":"closed","template":"template-centered.php","meta":{"ngg_post_thumbnail":0,"_themeisle_gutenberg_block_has_review":false,"footnotes":""},"class_list":["post-183","page","type-page","status-publish","hentry"],"jetpack_sharing_enabled":true,"jetpack_shortlink":"https:\/\/wp.me\/PaT2nI-2X","_links":{"self":[{"href":"https:\/\/zsp.wegrow.pl\/index.php\/wp-json\/wp\/v2\/pages\/183","targetHints":{"allow":["GET"]}}],"collection":[{"href":"https:\/\/zsp.wegrow.pl\/index.php\/wp-json\/wp\/v2\/pages"}],"about":[{"href":"https:\/\/zsp.wegrow.pl\/index.php\/wp-json\/wp\/v2\/types\/page"}],"author":[{"embeddable":true,"href":"https:\/\/zsp.wegrow.pl\/index.php\/wp-json\/wp\/v2\/users\/1"}],"replies":[{"embeddable":true,"href":"https:\/\/zsp.wegrow.pl\/index.php\/wp-json\/wp\/v2\/comments?post=183"}],"version-history":[{"count":4,"href":"https:\/\/zsp.wegrow.pl\/index.php\/wp-json\/wp\/v2\/pages\/183\/revisions"}],"predecessor-version":[{"id":4621,"href":"https:\/\/zsp.wegrow.pl\/index.php\/wp-json\/wp\/v2\/pages\/183\/revisions\/4621"}],"wp:attachment":[{"href":"https:\/\/zsp.wegrow.pl\/index.php\/wp-json\/wp\/v2\/media?parent=183"}],"curies":[{"name":"wp","href":"https:\/\/api.w.org\/{rel}","templated":true}]}}