{"id":185,"date":"2019-04-09T08:50:09","date_gmt":"2019-04-09T06:50:09","guid":{"rendered":"http:\/\/zsp.wegrow.pl\/?page_id=185"},"modified":"2025-08-23T20:40:57","modified_gmt":"2025-08-23T18:40:57","slug":"kadra-kierownicza","status":"publish","type":"page","link":"https:\/\/zsp.wegrow.pl\/index.php\/kadra-kierownicza\/","title":{"rendered":"Kadra kierownicza"},"content":{"rendered":"\n<div class=\"wp-block-cover\"><img data-recalc-dims=\"1\" fetchpriority=\"high\" decoding=\"async\" width=\"840\" height=\"328\" class=\"wp-block-cover__image-background wp-image-951\" alt=\"\" src=\"https:\/\/i0.wp.com\/zsp.wegrow.pl\/wp-content\/uploads\/2019\/04\/ZSP_18kw2013_860.jpg?resize=840%2C328\" data-object-fit=\"cover\" srcset=\"https:\/\/i0.wp.com\/zsp.wegrow.pl\/wp-content\/uploads\/2019\/04\/ZSP_18kw2013_860.jpg?w=860&amp;ssl=1 860w, https:\/\/i0.wp.com\/zsp.wegrow.pl\/wp-content\/uploads\/2019\/04\/ZSP_18kw2013_860.jpg?resize=150%2C59&amp;ssl=1 150w, https:\/\/i0.wp.com\/zsp.wegrow.pl\/wp-content\/uploads\/2019\/04\/ZSP_18kw2013_860.jpg?resize=300%2C117&amp;ssl=1 300w, https:\/\/i0.wp.com\/zsp.wegrow.pl\/wp-content\/uploads\/2019\/04\/ZSP_18kw2013_860.jpg?resize=768%2C300&amp;ssl=1 768w\" sizes=\"(max-width: 840px) 100vw, 840px\" \/><span aria-hidden=\"true\" class=\"wp-block-cover__background has-background-dim\"><\/span><div class=\"wp-block-cover__inner-container is-layout-flow wp-block-cover-is-layout-flow\">\n<p class=\"has-text-align-center has-white-color has-text-color\" style=\"font-size:65px\"><strong>Kadra kierownicza<\/strong><\/p>\n<\/div><\/div>\n\n\n\n<figure style=\"font-style:normal;font-weight:700\" class=\"wp-block-table\"><table><tbody><tr><td><strong>Joanna Go\u0142\u0119biewska &#8211; Kokoszka<\/strong><\/td><td><strong>dyrektor<\/strong><\/td><\/tr><tr><td>Agnieszka D\u017cbik<\/td><td>wicedyrektor<\/td><\/tr><tr><td>Leszek Redosz<\/td><td>wicedyrektor<\/td><\/tr><tr><td>Grzegorz Kose\u0142a<\/td><td>kierownik warsztat\u00f3w szkolnych<\/td><\/tr><\/tbody><\/table><\/figure>\n\n\n\n<p><\/p>\n","protected":false},"excerpt":{"rendered":"<p>Joanna Go\u0142\u0119biewska &#8211; Kokoszka dyrektor Agnieszka D\u017cbik wicedyrektor Leszek Redosz wicedyrektor Grzegorz Kose\u0142a kierownik warsztat\u00f3w szkolnych<\/p>\n","protected":false},"author":1,"featured_media":0,"parent":0,"menu_order":0,"comment_status":"closed","ping_status":"closed","template":"template-centered.php","meta":{"ngg_post_thumbnail":0,"_themeisle_gutenberg_block_has_review":false,"footnotes":""},"class_list":["post-185","page","type-page","status-publish","hentry"],"jetpack_sharing_enabled":true,"jetpack_shortlink":"https:\/\/wp.me\/PaT2nI-2Z","_links":{"self":[{"href":"https:\/\/zsp.wegrow.pl\/index.php\/wp-json\/wp\/v2\/pages\/185","targetHints":{"allow":["GET"]}}],"collection":[{"href":"https:\/\/zsp.wegrow.pl\/index.php\/wp-json\/wp\/v2\/pages"}],"about":[{"href":"https:\/\/zsp.wegrow.pl\/index.php\/wp-json\/wp\/v2\/types\/page"}],"author":[{"embeddable":true,"href":"https:\/\/zsp.wegrow.pl\/index.php\/wp-json\/wp\/v2\/users\/1"}],"replies":[{"embeddable":true,"href":"https:\/\/zsp.wegrow.pl\/index.php\/wp-json\/wp\/v2\/comments?post=185"}],"version-history":[{"count":18,"href":"https:\/\/zsp.wegrow.pl\/index.php\/wp-json\/wp\/v2\/pages\/185\/revisions"}],"predecessor-version":[{"id":18398,"href":"https:\/\/zsp.wegrow.pl\/index.php\/wp-json\/wp\/v2\/pages\/185\/revisions\/18398"}],"wp:attachment":[{"href":"https:\/\/zsp.wegrow.pl\/index.php\/wp-json\/wp\/v2\/media?parent=185"}],"curies":[{"name":"wp","href":"https:\/\/api.w.org\/{rel}","templated":true}]}}