{"id":186,"date":"2019-04-09T08:50:09","date_gmt":"2019-04-09T06:50:09","guid":{"rendered":"http:\/\/zsp.wegrow.pl\/?page_id=186"},"modified":"2025-09-07T13:37:56","modified_gmt":"2025-09-07T11:37:56","slug":"nauczyciele","status":"publish","type":"page","link":"https:\/\/zsp.wegrow.pl\/index.php\/nauczyciele\/","title":{"rendered":"Nauczyciele"},"content":{"rendered":"\n<div class=\"wp-block-cover\"><img data-recalc-dims=\"1\" fetchpriority=\"high\" decoding=\"async\" width=\"840\" height=\"328\" class=\"wp-block-cover__image-background wp-image-951\" alt=\"\" src=\"https:\/\/i0.wp.com\/zsp.wegrow.pl\/wp-content\/uploads\/2019\/04\/ZSP_18kw2013_860.jpg?resize=840%2C328\" data-object-fit=\"cover\" srcset=\"https:\/\/i0.wp.com\/zsp.wegrow.pl\/wp-content\/uploads\/2019\/04\/ZSP_18kw2013_860.jpg?w=860&amp;ssl=1 860w, https:\/\/i0.wp.com\/zsp.wegrow.pl\/wp-content\/uploads\/2019\/04\/ZSP_18kw2013_860.jpg?resize=150%2C59&amp;ssl=1 150w, https:\/\/i0.wp.com\/zsp.wegrow.pl\/wp-content\/uploads\/2019\/04\/ZSP_18kw2013_860.jpg?resize=300%2C117&amp;ssl=1 300w, https:\/\/i0.wp.com\/zsp.wegrow.pl\/wp-content\/uploads\/2019\/04\/ZSP_18kw2013_860.jpg?resize=768%2C300&amp;ssl=1 768w\" sizes=\"(max-width: 840px) 100vw, 840px\" \/><span aria-hidden=\"true\" class=\"wp-block-cover__background has-background-dim\"><\/span><div class=\"wp-block-cover__inner-container is-layout-flow wp-block-cover-is-layout-flow\">\n<p class=\"has-text-align-center has-white-color has-text-color\" style=\"font-size:55px\"><strong>Rada Pedagogiczna<\/strong><\/p>\n<\/div><\/div>\n\n\n\n<figure class=\"wp-block-table aligncenter is-style-stripes\"><table class=\"has-fixed-layout\"><tbody><tr><td class=\"has-text-align-left\" data-align=\"left\">Anto\u0144ski Jacek<br>Besztak Jaros\u0142aw<br>Bia\u0142czak Agata<br>Brzezik Andrzej<br>Ca\u0142a Joanna<br>Ceglarska-Kowal Magdalena<br>Chalecki Artur<br>Cienkowski Janusz<br>Cyrych Magdalena<br>D\u017cbik Agnieszka<br>Fedorczyk Monika<br>Fedorczyk Wioletta<br>Go\u0142\u0119biewska \u2013 Kokoszka Joanna<br>Go\u0142\u0119biewska Iwona<br>Go\u0142\u0119biewski Waldemar<br>Go\u0142o\u015b Jolanta<br>G\u00f3ral Lidia<br>G\u00f3ral Ma\u0142gorzata<br>Grenda Katarzyna<br>Izdebska Justyna<br>Jaczewska Marta<br>Jurkowski Robert<br>Kasperowicz Konrad<br>Kasperska &#8211; Turek Marta<br>Kocon Ryszard<br>Kokoszka Grzegorz<br>Ko\u0142ak Joanna<br>Ko\u0142odziejczuk Ma\u0142gorzata<br>Korczak Krzysztofa<br>Kose\u0142a Grzegorz<br>Kostrzewa Pawe\u0142<br>Kowalczyk Karina<br>Kowalczyk Miros\u0142aw<br>Kozie\u0142 Edyta<br>Kozie\u0142 Ma\u0142gorzata<br>Krasnod\u0119bska Monika<br>Krauz Krzysztof<br>Krzy\u017canowski Rafa\u0142<br>Kubiak \u2013 Sie\u0144ko Beata<br>Kudelski Eugeniusz<br>Kulicki Andrzej<br>ks. \u0141oza Przemys\u0142aw<\/td><td class=\"has-text-align-left\" data-align=\"left\">Marchela Emilia<br>Mianowicz Katarzyna<br>Mik\u0142asiewicz Monika<br>Mlonek Zbigniew<br>Oleksi\u0144ska Ma\u0142gorzata<br>Oprz\u0105dek Beata<br>Orzechowski Micha\u0142<br>Pacz\u00f3ski Marian<br>Pawlicki Leszek<br>Pierzchanowska &#8211; Rosa Anna<br>Piotrowski Leszek<br>Plasun Martyna<br>Po\u0142aska Iwona<br>Redosz Leszek<br>Rybak Hubert<br>Salach Anna<br>Sawicka Ewa<br>Sewerynik Iwona<br>Skiba Joanna<br>Skolimowska Ewa<br>Skolimowska &#8211; Michalak Katarzyna<br>Sk\u00f3rka Monika<br>Skwierczy\u0144ska Judyta<br>Sobotka Tomasz<br>Solka\u00a0 Edyta<br>Soszy\u0144ska Ma\u0142gorzata<br>Sta\u0144czyk Irena<br>Str\u0105k Brygida<br>Str\u0105k Helena<br>Szab\u0142owski Kazimierz<br>Szczepa\u0144ska Agnieszka<br>Szcze\u015bnik Micha\u0142<br>Szymczakowska Agnieszka<br>\u015al\u0105zak Aneta<br>Topoli\u0144ska El\u017cbieta<br>Topoli\u0144ski Ryszard<br>Uli\u0144ski Adam<br>Wysocka Mariola<br>Wysocki\u00a0 Pawe\u0142<br>Wysocki Wojciech<br>Zawodniak Jaros\u0142aw<br>\u017bebrowska Dorota<br>\u017bo\u0142nierzak Mariusz<\/td><\/tr><\/tbody><\/table><\/figure>\n\n\n\n<div style=\"height:30px\" aria-hidden=\"true\" class=\"wp-block-spacer\"><\/div>\n\n\n\n<hr class=\"wp-block-separator has-text-color has-black-color has-css-opacity has-black-background-color has-background is-style-wide\"\/>\n\n\n\n<div style=\"height:30px\" aria-hidden=\"true\" class=\"wp-block-spacer\"><\/div>\n\n\n\n<h3 class=\"wp-block-heading has-text-align-center\"><strong>Zespo\u0142y Przedmiotowe<\/strong><\/h3>\n\n\n\n<p class=\"has-text-align-center\"><br><strong>Zesp\u00f3\u0142 Nauczycieli Przedmiot\u00f3w Ekonomicznych i Handlowych<\/strong><\/p>\n\n\n\n<p class=\"has-text-align-center\">D\u017cbik Agnieszka<br> Fedorczyk Wioletta<br> Go\u0142\u0119biewska &#8211; Kokoszka Joanna<br>Redosz Leszek<br>Salach Anna<br>Sawicka Ewa<br> Soszy\u0144ska Ma\u0142gorzata<br> \u017bo\u0142nierzak Mariusz<\/p>\n\n\n\n<p class=\"has-text-align-center\"><strong><br>Zesp\u00f3\u0142 Nauczycieli Przedmiot\u00f3w Elektrycznych i Elektronicznych<\/strong><\/p>\n\n\n\n<p class=\"has-text-align-center\">Go\u0142\u0119biewski Waldemar<br> Kocon Ryszard<br> Pacz\u00f3ski Marian<br>Sobotka Tomasz<br> Uli\u0144ski Adam<\/p>\n\n\n\n<p class=\"has-text-align-center\"><strong>Zesp\u00f3\u0142 Nauczycieli Przedmiot\u00f3w Informatycznych<\/strong><strong><\/strong><\/p>\n\n\n\n<p class=\"has-text-align-center\">Kokoszka Grzegorz<br>Kostrzewa Pawe\u0142<br> Orzechowski Micha\u0142<br> Wysocki Pawe\u0142<\/p>\n\n\n\n<p class=\"has-text-align-center\"><strong>Zesp\u00f3\u0142 Nauczycieli Przedmiot\u00f3w Mechanicznych<\/strong><\/p>\n\n\n\n<p class=\"has-text-align-center\">Cienkowski Janusz <br> Iwanowski Bogus\u0142aw<br> Kulicki Andrzej<br> \u0141azowski Franciszek<br>Maksymowicz Grzegorz <br> Mlonek Zbigniew<br>Nied\u017awied\u017a Karol<br> Pawlicki Leszek<br> Szab\u0142owski Kazimierz<\/p>\n\n\n\n<p class=\"has-text-align-center\"><strong>Zesp\u00f3\u0142 Nauczycieli Przedmiot\u00f3w Rolniczych<\/strong><\/p>\n\n\n\n<p class=\"has-text-align-center\">Ca\u0142a Joanna<br>Kudelski Eugeniusz<br>Plasun Martyna<\/p>\n","protected":false},"excerpt":{"rendered":"<p>Anto\u0144ski JacekBesztak Jaros\u0142awBia\u0142czak AgataBrzezik AndrzejCa\u0142a JoannaCeglarska-Kowal MagdalenaChalecki ArturCienkowski JanuszCyrych MagdalenaD\u017cbik AgnieszkaFedorczyk MonikaFedorczyk WiolettaGo\u0142\u0119biewska \u2013 Kokoszka JoannaGo\u0142\u0119biewska IwonaGo\u0142\u0119biewski WaldemarGo\u0142o\u015b JolantaG\u00f3ral LidiaG\u00f3ral Ma\u0142gorzataGrenda KatarzynaIzdebska JustynaJaczewska MartaJurkowski RobertKasperowicz KonradKasperska &#8211; Turek MartaKocon RyszardKokoszka GrzegorzKo\u0142ak JoannaKo\u0142odziejczuk Ma\u0142gorzataKorczak KrzysztofaKose\u0142a GrzegorzKostrzewa<\/p>\n","protected":false},"author":1,"featured_media":0,"parent":0,"menu_order":0,"comment_status":"closed","ping_status":"closed","template":"template-centered.php","meta":{"ngg_post_thumbnail":0,"_themeisle_gutenberg_block_has_review":false,"footnotes":""},"class_list":["post-186","page","type-page","status-publish","hentry"],"jetpack_sharing_enabled":true,"jetpack_shortlink":"https:\/\/wp.me\/PaT2nI-30","_links":{"self":[{"href":"https:\/\/zsp.wegrow.pl\/index.php\/wp-json\/wp\/v2\/pages\/186","targetHints":{"allow":["GET"]}}],"collection":[{"href":"https:\/\/zsp.wegrow.pl\/index.php\/wp-json\/wp\/v2\/pages"}],"about":[{"href":"https:\/\/zsp.wegrow.pl\/index.php\/wp-json\/wp\/v2\/types\/page"}],"author":[{"embeddable":true,"href":"https:\/\/zsp.wegrow.pl\/index.php\/wp-json\/wp\/v2\/users\/1"}],"replies":[{"embeddable":true,"href":"https:\/\/zsp.wegrow.pl\/index.php\/wp-json\/wp\/v2\/comments?post=186"}],"version-history":[{"count":22,"href":"https:\/\/zsp.wegrow.pl\/index.php\/wp-json\/wp\/v2\/pages\/186\/revisions"}],"predecessor-version":[{"id":18463,"href":"https:\/\/zsp.wegrow.pl\/index.php\/wp-json\/wp\/v2\/pages\/186\/revisions\/18463"}],"wp:attachment":[{"href":"https:\/\/zsp.wegrow.pl\/index.php\/wp-json\/wp\/v2\/media?parent=186"}],"curies":[{"name":"wp","href":"https:\/\/api.w.org\/{rel}","templated":true}]}}