{"id":19484,"date":"2026-03-03T17:50:40","date_gmt":"2026-03-03T16:50:40","guid":{"rendered":"https:\/\/zsp.wegrow.pl\/?page_id=19484"},"modified":"2026-05-13T12:46:29","modified_gmt":"2026-05-13T10:46:29","slug":"rekrutacja-2026-2027","status":"publish","type":"page","link":"https:\/\/zsp.wegrow.pl\/index.php\/rekrutacja-2026-2027\/","title":{"rendered":"Rekrutacja 2026\/2027"},"content":{"rendered":"\n<div class=\"wp-block-cover aligncenter is-light\"><img data-recalc-dims=\"1\" fetchpriority=\"high\" decoding=\"async\" width=\"840\" height=\"355\" class=\"wp-block-cover__image-background wp-image-2156\" alt=\"\" src=\"https:\/\/i0.wp.com\/zsp.wegrow.pl\/wp-content\/uploads\/2019\/08\/szko%C5%82a.jpg?resize=840%2C355\" data-object-fit=\"cover\" srcset=\"https:\/\/i0.wp.com\/zsp.wegrow.pl\/wp-content\/uploads\/2019\/08\/szko%C5%82a.jpg?w=3148&amp;ssl=1 3148w, https:\/\/i0.wp.com\/zsp.wegrow.pl\/wp-content\/uploads\/2019\/08\/szko%C5%82a.jpg?resize=150%2C63&amp;ssl=1 150w, https:\/\/i0.wp.com\/zsp.wegrow.pl\/wp-content\/uploads\/2019\/08\/szko%C5%82a.jpg?resize=300%2C127&amp;ssl=1 300w, https:\/\/i0.wp.com\/zsp.wegrow.pl\/wp-content\/uploads\/2019\/08\/szko%C5%82a.jpg?resize=768%2C325&amp;ssl=1 768w, https:\/\/i0.wp.com\/zsp.wegrow.pl\/wp-content\/uploads\/2019\/08\/szko%C5%82a.jpg?resize=1024%2C433&amp;ssl=1 1024w, https:\/\/i0.wp.com\/zsp.wegrow.pl\/wp-content\/uploads\/2019\/08\/szko%C5%82a.jpg?w=1680&amp;ssl=1 1680w, https:\/\/i0.wp.com\/zsp.wegrow.pl\/wp-content\/uploads\/2019\/08\/szko%C5%82a.jpg?w=2520&amp;ssl=1 2520w\" sizes=\"(max-width: 840px) 100vw, 840px\" \/><span aria-hidden=\"true\" class=\"wp-block-cover__background has-background-dim\"><\/span><div class=\"wp-block-cover__inner-container is-layout-flow wp-block-cover-is-layout-flow\">\n<h1 class=\"wp-block-heading has-text-align-center is-style-default animated backInDown has-white-color has-text-color\" style=\"font-size:61px;font-style:italic;font-weight:800;letter-spacing:1px;text-transform:none\"><strong>Rekrutacja 2026\/202<\/strong>7<br>Nowe kierunki kszta\u0142cenia!!!<\/h1>\n\n\n\n<p><\/p>\n<\/div><\/div>\n\n\n\n<div style=\"height:30px\" aria-hidden=\"true\" class=\"wp-block-spacer\"><\/div>\n\n\n\n<hr class=\"wp-block-separator has-text-color has-black-color has-css-opacity has-black-background-color has-background is-style-wide\"\/>\n\n\n\n<div style=\"height:30px\" aria-hidden=\"true\" class=\"wp-block-spacer\"><\/div>\n\n\n\n<p class=\"has-text-align-center has-primary-color has-text-color\" style=\"font-size:24px\"><strong><em>Dzisiaj uczymy tego,<\/em><\/strong><\/p>\n\n\n\n<p class=\"has-text-align-center has-primary-color has-text-color\" style=\"font-size:24px\"><strong><em>Co b\u0119dzie wa\u017cne jutro\u2026<\/em><\/strong><\/p>\n\n\n\n<p class=\"has-text-align-center has-primary-color has-text-color\" style=\"font-size:22px\"><strong>Pomy\u015bl o swojej przysz\u0142o\u015bci!<\/strong><\/p>\n\n\n\n<p class=\"has-text-align-center has-primary-color has-text-color\" style=\"font-size:22px\"><strong>Mamy nadziej\u0119, \u017ce Ty r\u00f3wnie\u017c do\u0142\u0105czysz do nas!<\/strong><\/p>\n\n\n\n<div style=\"height:30px\" aria-hidden=\"true\" class=\"wp-block-spacer\"><\/div>\n\n\n\n<hr class=\"wp-block-separator has-text-color has-black-color has-css-opacity has-black-background-color has-background is-style-wide\"\/>\n\n\n\n<div style=\"height:30px\" aria-hidden=\"true\" class=\"wp-block-spacer\"><\/div>\n\n\n\n<figure class=\"wp-block-video\"><video height=\"1080\" style=\"aspect-ratio: 760 \/ 1080;\" width=\"760\" controls src=\"https:\/\/zsp.wegrow.pl\/wp-content\/uploads\/2024\/03\/material-promocyjny.mp4\"><\/video><\/figure>\n\n\n\n<div style=\"height:50px\" aria-hidden=\"true\" class=\"wp-block-spacer\"><\/div>\n\n\n\n<hr class=\"wp-block-separator aligncenter has-text-color has-black-color has-alpha-channel-opacity has-black-background-color has-background is-style-wide\"\/>\n\n\n\n<div style=\"height:50px\" aria-hidden=\"true\" class=\"wp-block-spacer\"><\/div>\n\n\n\n<h1 class=\"wp-block-heading has-text-align-center\" id=\"rekrutacja-elektroniczna\">Rekrutacja<\/h1>\n\n\n\n<p class=\"has-text-align-center\"><strong>Czekamy na Ciebie ju\u017c od dzi\u015b!<br>Zesp\u00f3\u0142 Szk\u00f3\u0142 Ponadpodstawowych im. Jana Kochanowskiego w W\u0119growie<br>-Twoim wyborem nr 1!<\/strong><\/p>\n\n\n\n<div style=\"height:30px\" aria-hidden=\"true\" class=\"wp-block-spacer\"><\/div>\n\n\n\n<p class=\"has-text-align-justify\">Rekrutacja elektroniczna do szk\u00f3\u0142 wchodz\u0105cych w sk\u0142ad Zespo\u0142u Szk\u00f3\u0142 Ponadpodstawowych im. Jana Kochanowskiego w W\u0119growie rozpocznie si\u0119 14 maja 2026 r. (czwartek) o godz. 8.00.<\/p>\n\n\n\n<p>Pokaz dzia\u0142ania elektronicznej rejestracji dla Kandydat\u00f3w oraz Rodzic\u00f3w w linku:<\/p>\n\n\n\n<figure class=\"wp-block-embed aligncenter is-type-rich is-provider-obs-uga-osadzania wp-block-embed-obs-uga-osadzania wp-embed-aspect-16-9 wp-has-aspect-ratio\"><div class=\"wp-block-embed__wrapper\">\n<span class=\"embed-youtube\" style=\"text-align:center; display: block;\"><iframe class=\"youtube-player\" width=\"840\" height=\"473\" src=\"https:\/\/www.youtube.com\/embed\/OryHyyEYPes?version=3&#038;rel=1&#038;showsearch=0&#038;showinfo=1&#038;iv_load_policy=1&#038;fs=1&#038;hl=pl-PL&#038;autohide=2&#038;wmode=transparent\" allowfullscreen=\"true\" style=\"border:0;\" sandbox=\"allow-scripts allow-same-origin allow-popups allow-presentation allow-popups-to-escape-sandbox\"><\/iframe><\/span>\n<\/div><\/figure>\n\n\n\n<p>Zach\u0119camy do obejrzenia instrukcji post\u0119powania na poszczeg\u00f3lnych etapach rekrutacji.<\/p>\n\n\n\n<div style=\"height:50px\" aria-hidden=\"true\" class=\"wp-block-spacer\"><\/div>\n\n\n\n<h2 class=\"wp-block-heading has-text-align-center\">Kandydaci rejestruj\u0105 si\u0119 przez stron\u0119:<\/h2>\n\n\n\n<p class=\"has-text-align-center\" style=\"font-size:22px\"><a href=\"https:\/\/powiatwegrowski.edu.com.pl\/kandydat\/app\/apply\/index.xhtml\" data-type=\"link\" data-id=\"https:\/\/powiatwegrowski.edu.com.pl\/khttps:\/\/powiatwegrowski.edu.com.pl\/kandydat\/app\/apply\/index.xhtmlandydat\" target=\"_blank\" rel=\"noreferrer noopener\">https:\/\/powiatwegrowski.edu.com.pl\/kandydat<\/a><\/p>\n\n\n\n<div style=\"height:50px\" aria-hidden=\"true\" class=\"wp-block-spacer\"><\/div>\n\n\n\n<hr class=\"wp-block-separator has-text-color has-black-color has-alpha-channel-opacity has-black-background-color has-background is-style-wide\"\/>\n\n\n\n<div style=\"height:50px\" aria-hidden=\"true\" class=\"wp-block-spacer\"><\/div>\n\n\n\n<div data-wp-interactive=\"core\/file\" class=\"wp-block-file\"><object data-wp-bind--hidden=\"!state.hasPdfPreview\" hidden class=\"wp-block-file__embed\" data=\"https:\/\/zsp.wegrow.pl\/wp-content\/uploads\/2026\/03\/HARMONOGRAM-REKRUTACJI-2026-2027.pdf\" type=\"application\/pdf\" style=\"width:100%;height:600px\" aria-label=\"Osadzone z HARMONOGRAM REKRUTACJI 2026-2027.\"><\/object><a id=\"wp-block-file--media-bd6cd8fd-e030-4d21-bfe7-d150358cdf45\" href=\"https:\/\/zsp.wegrow.pl\/wp-content\/uploads\/2026\/03\/HARMONOGRAM-REKRUTACJI-2026-2027.pdf\">HARMONOGRAM REKRUTACJI 2026-2027<\/a><a href=\"https:\/\/zsp.wegrow.pl\/wp-content\/uploads\/2026\/03\/HARMONOGRAM-REKRUTACJI-2026-2027.pdf\" class=\"wp-block-file__button wp-element-button\" download aria-describedby=\"wp-block-file--media-bd6cd8fd-e030-4d21-bfe7-d150358cdf45\">Pobierz<\/a><\/div>\n\n\n\n<div class=\"wp-block-file\"><a id=\"wp-block-file--media-21599c42-7f0f-4ccc-98de-66e0002c00cf\" href=\"https:\/\/zsp.wegrow.pl\/wp-content\/uploads\/2026\/03\/zarzadzenie_ws__terminow_rekrutacji.pdf\">Zarz\u0105dzenie ws termin\u00f3w rekrutacji<\/a><a href=\"https:\/\/zsp.wegrow.pl\/wp-content\/uploads\/2026\/03\/zarzadzenie_ws__terminow_rekrutacji.pdf\" class=\"wp-block-file__button wp-element-button\" download aria-describedby=\"wp-block-file--media-21599c42-7f0f-4ccc-98de-66e0002c00cf\">Pobierz<\/a><\/div>\n\n\n\n<div class=\"wp-block-file\"><a id=\"wp-block-file--media-0ffe9713-4de4-41da-966a-26090ac13068\" href=\"https:\/\/zsp.wegrow.pl\/wp-content\/uploads\/2026\/03\/Zalacznik_nr_1_-_terminy_postepowania_rekrutacyjnego_i_postepowania_uzupelniajacego_dla_szkol_ponadpodstawowych_dla_mlodziezy.pdf\">Zalacznik_nr_1_-_terminy_postepowania_rekrutacyjnego_i_postepowania_uzupelniajacego_dla_szkol_ponadpodstawowych_dla_mlodziezy<\/a><a href=\"https:\/\/zsp.wegrow.pl\/wp-content\/uploads\/2026\/03\/Zalacznik_nr_1_-_terminy_postepowania_rekrutacyjnego_i_postepowania_uzupelniajacego_dla_szkol_ponadpodstawowych_dla_mlodziezy.pdf\" class=\"wp-block-file__button wp-element-button\" download aria-describedby=\"wp-block-file--media-0ffe9713-4de4-41da-966a-26090ac13068\">Pobierz<\/a><\/div>\n\n\n\n<div class=\"wp-block-file\"><a id=\"wp-block-file--media-294a9728-b328-41fe-8953-5bf88d21f2f6\" href=\"https:\/\/zsp.wegrow.pl\/wp-content\/uploads\/2026\/03\/Zalacznik_nr_3_-_terminy_postepowania_rekrutacyjnego_i_postepowania_uzupelniajacego_dla_publicznych_szkol_dla_doroslych.pdf\">Zalacznik_nr_3_-_terminy_postepowania_rekrutacyjnego_i_postepowania_uzupelniajacego_dla_publicznych_szkol_dla_doroslych<\/a><a href=\"https:\/\/zsp.wegrow.pl\/wp-content\/uploads\/2026\/03\/Zalacznik_nr_3_-_terminy_postepowania_rekrutacyjnego_i_postepowania_uzupelniajacego_dla_publicznych_szkol_dla_doroslych.pdf\" class=\"wp-block-file__button wp-element-button\" download aria-describedby=\"wp-block-file--media-294a9728-b328-41fe-8953-5bf88d21f2f6\">Pobierz<\/a><\/div>\n\n\n\n<div class=\"wp-block-file\"><a id=\"wp-block-file--media-6088b1e3-8797-4fa2-831f-ede5de27997e\" href=\"https:\/\/zsp.wegrow.pl\/wp-content\/uploads\/2026\/03\/Wniosek-do-szkoly-dla-doroslych-26-27.pdf\">Wniosek-do-szkoly-dla-doroslych-26-27<\/a><a href=\"https:\/\/zsp.wegrow.pl\/wp-content\/uploads\/2026\/03\/Wniosek-do-szkoly-dla-doroslych-26-27.pdf\" class=\"wp-block-file__button wp-element-button\" download aria-describedby=\"wp-block-file--media-6088b1e3-8797-4fa2-831f-ede5de27997e\">Pobierz<\/a><\/div>\n\n\n\n<div data-wp-interactive=\"core\/file\" class=\"wp-block-file aligncenter\"><object data-wp-bind--hidden=\"!state.hasPdfPreview\" hidden class=\"wp-block-file__embed\" data=\"https:\/\/zsp.wegrow.pl\/wp-content\/uploads\/2026\/05\/Regulamin-rekrutacji.pdf\" type=\"application\/pdf\" style=\"width:100%;height:600px\" aria-label=\"Osadzone z Regulamin rekrutacji.\"><\/object><a id=\"wp-block-file--media-43e15315-636f-4f2f-89a5-f39110440b0a\" href=\"https:\/\/zsp.wegrow.pl\/wp-content\/uploads\/2026\/05\/Regulamin-rekrutacji.pdf\">Regulamin rekrutacji<\/a><a href=\"https:\/\/zsp.wegrow.pl\/wp-content\/uploads\/2026\/05\/Regulamin-rekrutacji.pdf\" class=\"wp-block-file__button wp-element-button\" download aria-describedby=\"wp-block-file--media-43e15315-636f-4f2f-89a5-f39110440b0a\">Pobierz<\/a><\/div>\n\n\n\n<div style=\"height:50px\" aria-hidden=\"true\" class=\"wp-block-spacer\"><\/div>\n\n\n\n<hr class=\"wp-block-separator has-text-color has-black-color has-alpha-channel-opacity has-black-background-color has-background is-style-wide\"\/>\n\n\n\n<div style=\"height:50px\" aria-hidden=\"true\" class=\"wp-block-spacer\"><\/div>\n\n\n\n<h3 class=\"wp-block-heading has-text-align-center\">TESTY SPRAWNO\u015aCI FIZYCZNEJ DLA KANDYDAT\u00d3W DO KLASY WOJSKOWEJ ODDZIA\u0141 PRZYGOTOWANIA WOJSKOWEGO<\/h3>\n\n\n\n<ol start=\"1\" class=\"wp-block-list\">\n<li>Test sprawno\u015bci fizycznej przeprowadza si\u0119\u0328 na boisku i w hali sportowej.<\/li>\n\n\n\n<li>Test sprawno\u015bci fizycznej kandydat wykonuje w stroju i obuwiu sportowym, niedopuszczalne jest noszenie podczas testu bi\u017cuterii lub innych przedmiot\u00f3w o ostrych kraw\u0119dziach mog\u0105cych spowodowa\u0107 uszkodzenie cia\u0142a kandydata.<\/li>\n\n\n\n<li>Rozpocz\u0119cie testu sprawno\u015bci fizycznej poprzedza rozgrzewka.<\/li>\n\n\n\n<li>Test sk\u0142ada si\u0119\u0328 z nast\u0119puj\u0105cych \u0107wicze\u0144\u0301 przeprowadzonych w jednym dniu:<br><br>&#8211; Test sprawno\u015bciowy : sk\u0142ony, przewroty, bieg po kopercie, \u0107wiczenia r\u00f3wnowa\u017cne, przenoszenie pi\u0142ek lekarskich<br><br>&#8211; Bieg:<br>Dziewcz\u0119ta na dystansie: 400m<br>Ch\u0142opcy na dystansie: 600m<\/li>\n<\/ol>\n\n\n\n<div style=\"height:50px\" aria-hidden=\"true\" class=\"wp-block-spacer\"><\/div>\n\n\n\n<hr class=\"wp-block-separator has-text-color has-black-color has-alpha-channel-opacity has-black-background-color has-background is-style-wide\"\/>\n\n\n\n<div style=\"height:50px\" aria-hidden=\"true\" class=\"wp-block-spacer\"><\/div>\n\n\n<div class=\"pt-cv-wrapper\"><div class=\"pt-cv-view pt-cv-grid pt-cv-colsys\" id=\"pt-cv-view-43db01ay05\"><div data-id=\"pt-cv-page-1\" class=\"pt-cv-page\" data-cvc=\"2\"><div class=\"col-md-6 col-sm-12 col-xs-12 pt-cv-content-item pt-cv-1-col\" ><div class='pt-cv-ifield'><a href=\"https:\/\/zsp.wegrow.pl\/index.php\/2026\/03\/20\/nowe-kierunki-ksztalcenia\/\" class=\"_self pt-cv-href-thumbnail pt-cv-thumb-default\" target=\"_self\" ><img decoding=\"async\" width=\"300\" height=\"150\" src=\"https:\/\/i0.wp.com\/zsp.wegrow.pl\/wp-content\/uploads\/2026\/03\/nowe-kierunki-1.jpg?fit=300%2C150&amp;ssl=1\" class=\"pt-cv-thumbnail\" alt=\"\" srcset=\"https:\/\/i0.wp.com\/zsp.wegrow.pl\/wp-content\/uploads\/2026\/03\/nowe-kierunki-1.jpg?w=850&amp;ssl=1 850w, https:\/\/i0.wp.com\/zsp.wegrow.pl\/wp-content\/uploads\/2026\/03\/nowe-kierunki-1.jpg?resize=300%2C150&amp;ssl=1 300w, https:\/\/i0.wp.com\/zsp.wegrow.pl\/wp-content\/uploads\/2026\/03\/nowe-kierunki-1.jpg?resize=150%2C75&amp;ssl=1 150w, https:\/\/i0.wp.com\/zsp.wegrow.pl\/wp-content\/uploads\/2026\/03\/nowe-kierunki-1.jpg?resize=768%2C384&amp;ssl=1 768w, https:\/\/i0.wp.com\/zsp.wegrow.pl\/wp-content\/uploads\/2026\/03\/nowe-kierunki-1.jpg?resize=24%2C12&amp;ssl=1 24w, https:\/\/i0.wp.com\/zsp.wegrow.pl\/wp-content\/uploads\/2026\/03\/nowe-kierunki-1.jpg?resize=36%2C18&amp;ssl=1 36w, https:\/\/i0.wp.com\/zsp.wegrow.pl\/wp-content\/uploads\/2026\/03\/nowe-kierunki-1.jpg?resize=48%2C24&amp;ssl=1 48w\" sizes=\"(max-width: 300px) 100vw, 300px\" \/><\/a>\n<div class=\"pt-cv-taxoterm above_title\"><a href='https:\/\/zsp.wegrow.pl\/index.php\/category\/aktualnosci\/' title='aktualno\u015bci' class='pt-cv-tax-aktualnosci'>aktualno\u015bci<\/a><a href='https:\/\/zsp.wegrow.pl\/index.php\/category\/rekrutacja-2026\/' title='rekrutacja 2026' class='pt-cv-tax-rekrutacja-2026'>rekrutacja 2026<\/a><\/div>\n<h4 class=\"pt-cv-title\"><a href=\"https:\/\/zsp.wegrow.pl\/index.php\/2026\/03\/20\/nowe-kierunki-ksztalcenia\/\" class=\"_self\" target=\"_self\" >Nowe kierunki kszta\u0142cenia<\/a><\/h4>\n<div class=\"pt-cv-content\">Ju\u017c od nowego roku szkolnego 2026\/2027 czekaj\u0105 na Was nowe kierunki w Technikum w W\u0119growie. TECHNIK GOSPODARKI NIERUCHOMO\u015aCIAMI TECHNIK MECHATRONIK ...<br \/><div class=\"pt-cv-rmwrap\"><a href=\"https:\/\/zsp.wegrow.pl\/index.php\/2026\/03\/20\/nowe-kierunki-ksztalcenia\/\" class=\"_self pt-cv-readmore btn btn-success\" target=\"_self\">Dowiedz Si\u0119 Wi\u0119cej\u2026<\/a><\/div><\/div><\/div><\/div>\n<div class=\"col-md-6 col-sm-12 col-xs-12 pt-cv-content-item pt-cv-1-col\" ><div class='pt-cv-ifield'><a href=\"https:\/\/zsp.wegrow.pl\/index.php\/2026\/03\/12\/dni-otwarte-2026\/\" class=\"_self pt-cv-href-thumbnail pt-cv-thumb-default\" target=\"_self\" ><img decoding=\"async\" width=\"300\" height=\"127\" src=\"https:\/\/i0.wp.com\/zsp.wegrow.pl\/wp-content\/uploads\/2020\/06\/szko%C5%82a_m.jpg?fit=300%2C127&amp;ssl=1\" class=\"pt-cv-thumbnail\" alt=\"\" \/><\/a>\n<div class=\"pt-cv-taxoterm above_title\"><a href='https:\/\/zsp.wegrow.pl\/index.php\/category\/aktualnosci\/' title='aktualno\u015bci' class='pt-cv-tax-aktualnosci'>aktualno\u015bci<\/a><a href='https:\/\/zsp.wegrow.pl\/index.php\/category\/rekrutacja-2026\/' title='rekrutacja 2026' class='pt-cv-tax-rekrutacja-2026'>rekrutacja 2026<\/a><\/div>\n<h4 class=\"pt-cv-title\"><a href=\"https:\/\/zsp.wegrow.pl\/index.php\/2026\/03\/12\/dni-otwarte-2026\/\" class=\"_self\" target=\"_self\" >Dni Otwarte 2026<\/a><\/h4>\n<div class=\"pt-cv-content\">W dniu 10 marca 2026 roku w ramach Dni Otwartych go\u015bcili\u015bmy w murach naszej Szko\u0142y \u00d3smoklasist\u00f3w i Nauczycieli ze Szk\u00f3\u0142 ...<br \/><div class=\"pt-cv-rmwrap\"><a href=\"https:\/\/zsp.wegrow.pl\/index.php\/2026\/03\/12\/dni-otwarte-2026\/\" class=\"_self pt-cv-readmore btn btn-success\" target=\"_self\">Dowiedz Si\u0119 Wi\u0119cej\u2026<\/a><\/div><\/div><\/div><\/div><\/div><\/div><\/div>\n\n\n\n<div style=\"height:50px\" aria-hidden=\"true\" class=\"wp-block-spacer\"><\/div>\n\n\n\n<hr class=\"wp-block-separator has-text-color has-black-color has-alpha-channel-opacity has-black-background-color has-background is-style-wide\"\/>\n\n\n\n<div style=\"height:50px\" aria-hidden=\"true\" class=\"wp-block-spacer\"><\/div>\n\n\n\n<div class=\"wp-block-columns is-layout-flex wp-container-core-columns-is-layout-9d6595d7 wp-block-columns-is-layout-flex\">\n<div class=\"wp-block-column is-layout-flow wp-block-column-is-layout-flow\"><div class=\"wp-block-image\">\n<figure class=\"alignleft size-large is-resized\"><img data-recalc-dims=\"1\" loading=\"lazy\" decoding=\"async\" width=\"96\" height=\"121\" src=\"https:\/\/i0.wp.com\/zsp.wegrow.pl\/wp-content\/uploads\/2020\/05\/kochanowski.png?resize=96%2C121\" alt=\"\" class=\"wp-image-4580\" style=\"width:133px;height:168px\"\/><\/figure>\n<\/div><\/div>\n\n\n\n<div class=\"wp-block-column is-vertically-aligned-center is-layout-flow wp-block-column-is-layout-flow\" style=\"flex-basis:80%\">\n<h3 class=\"wp-block-heading has-text-align-center\">OFERTA EDUKACYJNA NA ROK SZKOLNY 2026\/2027<\/h3>\n\n\n\n<p><\/p>\n<\/div>\n<\/div>\n\n\n\n<p><a href=\"http:\/\/zsp.wegrow.pl\/index.php\/ii-liceum-ogolnoksztalcace-4-letnie\/\"><strong>II LICEUM OG\u00d3LNOKSZTA\u0141C\u0104CE<\/strong> (4 \u2013 letnie)<\/a><\/p>\n\n\n\n<ol style=\"list-style-type:1\" class=\"wp-block-list\">\n<li><strong>KLASA O PROFILU:<\/strong>\n<ul class=\"wp-block-list\">\n<li><strong><a href=\"http:\/\/zsp.wegrow.pl\/index.php\/ii-liceum-ogolnoksztalcace-4-letnie#lom\"><strong>WOJSKOWYM ODDZIA\u0141 PRZYGOTOWANIA WOJSKOWEGO<\/strong> (dla dziewcz\u0105t i ch\u0142opc\u00f3w)<\/a><\/strong><\/li>\n<\/ul>\n<\/li>\n<\/ol>\n\n\n\n<p><a href=\"http:\/\/zsp.wegrow.pl\/index.php\/technikum-5-letnie\/\"><strong>TECHNIKUM<\/strong> (5-letnie)<\/a><\/p>\n\n\n\n<ol style=\"list-style-type:1\" class=\"wp-block-list\">\n<li class=\"has-highlight-color has-text-color has-link-color wp-elements-540155556dfb1db1c68d36ed9394ceee\"><a href=\"http:\/\/zsp.wegrow.pl\/index.php\/technikum-5-letnie#tgn\"><strong>Technikum Gospodarki Nieruchomo\u015bciami &#8211; NOWO\u015a\u0106!!!<\/strong><\/a><\/li>\n\n\n\n<li class=\"has-highlight-color has-text-color has-link-color wp-elements-965afb2536f3a95e2c1fb088289cdbd7\"><a href=\"http:\/\/zsp.wegrow.pl\/index.php\/technikum-5-letnie#tmt\"><strong>Technikum Mechatroniczne &#8211; NOWO\u015a\u0106!!!<\/strong><\/a><\/li>\n\n\n\n<li><strong><a href=\"http:\/\/zsp.wegrow.pl\/index.php\/technikum-5-letnie#tm\">Technikum Mechaniczne o specjalno\u015bci operator maszyn CNC<\/a><\/strong><\/li>\n\n\n\n<li><strong><a href=\"http:\/\/zsp.wegrow.pl\/index.php\/technikum-5-letnie#te\">Technikum Elektryczne o specjalno\u015bci systemy energetyki odnawialnej<\/a><\/strong><\/li>\n\n\n\n<li><strong><a href=\"http:\/\/zsp.wegrow.pl\/index.php\/technikum-5-letnie#tek\">Technikum Ekonomiczne o specjalno\u015bci mened\u017cerskiej<\/a><\/strong><\/li>\n\n\n\n<li><strong><a href=\"http:\/\/zsp.wegrow.pl\/index.php\/technikum-5-letnie#ti\">Technikum Informatyczne o specjalno\u015bci programowanie<\/a><\/strong><\/li>\n\n\n\n<li><strong><a href=\"http:\/\/zsp.wegrow.pl\/index.php\/technikum-5-letnie#ta\">Technikum Agrobiznesu o specjalno\u015bci systemy teleinformatyczne w rolnictwie<\/a><\/strong><\/li>\n\n\n\n<li><strong><a href=\"http:\/\/zsp.wegrow.pl\/index.php\/technikum-5-letnie#th\">Technikum Handlowe o specjalno\u015bci organizacja sprzeda\u017cy internetowej<\/a><\/strong><\/li>\n<\/ol>\n\n\n\n<p><a href=\"http:\/\/zsp.wegrow.pl\/index.php\/branzowa-szkola-i-stopnia-3-letnia\/\"><strong>BRAN\u017bOWA SZKO\u0141A I STOPNIA<\/strong> (3-letnia)<\/a><\/p>\n\n\n\n<ol style=\"list-style-type:1\" class=\"wp-block-list\">\n<li><strong><a href=\"http:\/\/zsp.wegrow.pl\/index.php\/branzowa-szkola-i-stopnia-3-letnia#\u015blusarz\">\u015alusarz<\/a><\/strong><\/li>\n\n\n\n<li><strong><a href=\"http:\/\/zsp.wegrow.pl\/index.php\/branzowa-szkola-i-stopnia-3-letnia#mps\">Mechanik pojazd\u00f3w samochodowych<\/a><\/strong><\/li>\n\n\n\n<li><strong><a href=\"http:\/\/zsp.wegrow.pl\/index.php\/branzowa-szkola-i-stopnia-3-letnia#elektryk\">Elektryk<\/a><\/strong><\/li>\n\n\n\n<li><a href=\"http:\/\/zsp.wegrow.pl\/index.php\/branzowa-szkola-i-stopnia-3-letnia#kucharz\"><strong>Kucharz<\/strong><\/a><\/li>\n\n\n\n<li><a href=\"http:\/\/zsp.wegrow.pl\/index.php\/branzowa-szkola-i-stopnia-3-letnia#wielobran\u017cowa\"><strong>Klasa wielobran\u017cowa ( <\/strong>fryzjer, sprzedawca, kucharz, cukiernik, operator maszyn i urz\u0105dze\u0144 przemys\u0142u spo\u017cywczego i inne zawody z praktyczn\u0105 nauk\u0105 zawodu u pracodawcy)<\/a><\/li>\n<\/ol>\n\n\n\n<p><strong><a href=\"http:\/\/zsp.wegrow.pl\/index.php\/liceum-ogolnoksztalcace-dla-doroslych\/\">LICEUM OG\u00d3LNOKSZTA\u0141C\u0104CE DLA DOROS\u0141YCH<\/a><\/strong><\/p>\n\n\n\n<p><strong><a href=\"http:\/\/zsp.wegrow.pl\/index.php\/branzowa-szkola-ii-stopnia\/\">BRAN\u017bOWA SZKO\u0141A II STOPNIA<\/a><\/strong><\/p>\n","protected":false},"excerpt":{"rendered":"<p>Dzisiaj uczymy tego, Co b\u0119dzie wa\u017cne jutro\u2026 Pomy\u015bl o swojej przysz\u0142o\u015bci! Mamy nadziej\u0119, \u017ce Ty r\u00f3wnie\u017c do\u0142\u0105czysz do nas! Rekrutacja Czekamy na Ciebie ju\u017c od dzi\u015b!Zesp\u00f3\u0142 Szk\u00f3\u0142 Ponadpodstawowych im. Jana Kochanowskiego w W\u0119growie-Twoim wyborem nr<\/p>\n","protected":false},"author":1,"featured_media":0,"parent":0,"menu_order":0,"comment_status":"closed","ping_status":"closed","template":"template-centered.php","meta":{"ngg_post_thumbnail":0,"_themeisle_gutenberg_block_has_review":false,"footnotes":""},"class_list":["post-19484","page","type-page","status-publish","hentry"],"jetpack_sharing_enabled":true,"jetpack_shortlink":"https:\/\/wp.me\/PaT2nI-54g","_links":{"self":[{"href":"https:\/\/zsp.wegrow.pl\/index.php\/wp-json\/wp\/v2\/pages\/19484","targetHints":{"allow":["GET"]}}],"collection":[{"href":"https:\/\/zsp.wegrow.pl\/index.php\/wp-json\/wp\/v2\/pages"}],"about":[{"href":"https:\/\/zsp.wegrow.pl\/index.php\/wp-json\/wp\/v2\/types\/page"}],"author":[{"embeddable":true,"href":"https:\/\/zsp.wegrow.pl\/index.php\/wp-json\/wp\/v2\/users\/1"}],"replies":[{"embeddable":true,"href":"https:\/\/zsp.wegrow.pl\/index.php\/wp-json\/wp\/v2\/comments?post=19484"}],"version-history":[{"count":11,"href":"https:\/\/zsp.wegrow.pl\/index.php\/wp-json\/wp\/v2\/pages\/19484\/revisions"}],"predecessor-version":[{"id":20570,"href":"https:\/\/zsp.wegrow.pl\/index.php\/wp-json\/wp\/v2\/pages\/19484\/revisions\/20570"}],"wp:attachment":[{"href":"https:\/\/zsp.wegrow.pl\/index.php\/wp-json\/wp\/v2\/media?parent=19484"}],"curies":[{"name":"wp","href":"https:\/\/api.w.org\/{rel}","templated":true}]}}