{"id":2252,"date":"2019-09-18T21:50:56","date_gmt":"2019-09-18T19:50:56","guid":{"rendered":"http:\/\/zsp.wegrow.pl\/?page_id=2252"},"modified":"2019-09-29T23:19:51","modified_gmt":"2019-09-29T21:19:51","slug":"elektroniczny-dziennik-lekcyjny-librus-synergia","status":"publish","type":"page","link":"https:\/\/zsp.wegrow.pl\/index.php\/elektroniczny-dziennik-lekcyjny-librus-synergia\/","title":{"rendered":"Elektroniczny dziennik lekcyjny Librus Synergia"},"content":{"rendered":"\n<div class=\"wp-block-image\"><figure class=\"aligncenter is-resized\"><a href=\"https:\/\/portal.librus.pl\/rodzina\" target=\"_blank\" rel=\"noreferrer noopener\"><img data-recalc-dims=\"1\" fetchpriority=\"high\" decoding=\"async\" src=\"https:\/\/i0.wp.com\/zsp.wegrow.pl\/wp-content\/uploads\/2019\/09\/synergia-logo.png?resize=560%2C175\" alt=\"\" class=\"wp-image-2256\" width=\"560\" height=\"175\" srcset=\"https:\/\/i0.wp.com\/zsp.wegrow.pl\/wp-content\/uploads\/2019\/09\/synergia-logo.png?w=560&amp;ssl=1 560w, https:\/\/i0.wp.com\/zsp.wegrow.pl\/wp-content\/uploads\/2019\/09\/synergia-logo.png?resize=150%2C47&amp;ssl=1 150w, https:\/\/i0.wp.com\/zsp.wegrow.pl\/wp-content\/uploads\/2019\/09\/synergia-logo.png?resize=300%2C94&amp;ssl=1 300w\" sizes=\"(max-width: 560px) 100vw, 560px\" \/><\/a><\/figure><\/div>\n\n\n\n<p style=\"text-align:justify\">W celu zalogowania si\u0119 do Dziennika elektronicznego nale\u017cy wej\u015b\u0107 na stron\u0119&nbsp; <a rel=\"noreferrer noopener\" aria-label=\" (otwiera si\u0119 na nowej zak\u0142adce)\" href=\"https:\/\/portal.librus.pl\/rodzina\" target=\"_blank\">https:\/\/portal.librus.pl\/rodzina<\/a>&nbsp;i zalogowa\u0107 si\u0119 podaj\u0105c sw\u00f3j login oraz has\u0142o.<\/p>\n\n\n\n<p>Szczeg\u00f3\u0142owe wskaz\u00f3wki dotycz\u0105ce korzystania z e-Dziennika zawarte s\u0105 w pliku poni\u017cej. <\/p>\n\n\n\n<div class=\"wp-block-file\"><a href=\"http:\/\/zsp.wegrow.pl\/wp-content\/uploads\/2019\/09\/Regulamin-korzystania-z-dziennika-elektronicznego-dla-rodzic\u00f3w.pdf\" target=\"_blank\" rel=\"noreferrer noopener\">Regulamin korzystania z dziennika elektronicznego dla rodzic\u00f3w<\/a><a href=\"http:\/\/zsp.wegrow.pl\/wp-content\/uploads\/2019\/09\/Regulamin-korzystania-z-dziennika-elektronicznego-dla-rodzic\u00f3w.pdf\" class=\"wp-block-file__button\" download>Pobierz<\/a><\/div>\n\n\n\n<p><\/p>\n","protected":false},"excerpt":{"rendered":"<p>W celu zalogowania si\u0119 do Dziennika elektronicznego nale\u017cy wej\u015b\u0107 na stron\u0119&nbsp; https:\/\/portal.librus.pl\/rodzina&nbsp;i zalogowa\u0107 si\u0119 podaj\u0105c sw\u00f3j login oraz has\u0142o. Szczeg\u00f3\u0142owe wskaz\u00f3wki dotycz\u0105ce korzystania z e-Dziennika zawarte s\u0105 w pliku poni\u017cej.<\/p>\n","protected":false},"author":1,"featured_media":0,"parent":0,"menu_order":0,"comment_status":"closed","ping_status":"closed","template":"template-centered.php","meta":{"ngg_post_thumbnail":0,"_themeisle_gutenberg_block_has_review":false,"jetpack_post_was_ever_published":false,"footnotes":""},"class_list":["post-2252","page","type-page","status-publish","hentry"],"jetpack_sharing_enabled":true,"jetpack_shortlink":"https:\/\/wp.me\/PaT2nI-Ak","_links":{"self":[{"href":"https:\/\/zsp.wegrow.pl\/index.php\/wp-json\/wp\/v2\/pages\/2252","targetHints":{"allow":["GET"]}}],"collection":[{"href":"https:\/\/zsp.wegrow.pl\/index.php\/wp-json\/wp\/v2\/pages"}],"about":[{"href":"https:\/\/zsp.wegrow.pl\/index.php\/wp-json\/wp\/v2\/types\/page"}],"author":[{"embeddable":true,"href":"https:\/\/zsp.wegrow.pl\/index.php\/wp-json\/wp\/v2\/users\/1"}],"replies":[{"embeddable":true,"href":"https:\/\/zsp.wegrow.pl\/index.php\/wp-json\/wp\/v2\/comments?post=2252"}],"version-history":[{"count":6,"href":"https:\/\/zsp.wegrow.pl\/index.php\/wp-json\/wp\/v2\/pages\/2252\/revisions"}],"predecessor-version":[{"id":2319,"href":"https:\/\/zsp.wegrow.pl\/index.php\/wp-json\/wp\/v2\/pages\/2252\/revisions\/2319"}],"wp:attachment":[{"href":"https:\/\/zsp.wegrow.pl\/index.php\/wp-json\/wp\/v2\/media?parent=2252"}],"curies":[{"name":"wp","href":"https:\/\/api.w.org\/{rel}","templated":true}]}}