{"id":229,"date":"2019-04-09T08:50:09","date_gmt":"2019-04-09T06:50:09","guid":{"rendered":"http:\/\/zsp.wegrow.pl\/?page_id=229"},"modified":"2019-05-11T12:52:47","modified_gmt":"2019-05-11T10:52:47","slug":"polityka-cookies","status":"publish","type":"page","link":"https:\/\/zsp.wegrow.pl\/index.php\/polityka-cookies\/","title":{"rendered":"Polityka Cookies"},"content":{"rendered":"\n<h3 class=\"wp-block-heading\">Pliki &#8222;cookies&#8221; na stronie zsp.wegrow.pl<\/h3>\n\n\n\n<p>Strona\u00a0<a href=\"http:\/\/zsp.wegrow.pl\">zsp.wegrow.pl<\/a>\u00a0korzysta z plik\u00f3w &#8222;cookies&#8221;. Brak zmiany ustawie\u0144 przegl\u0105darki oznacza ich akceptacj\u0119.<br>Pliki &#8222;cookies&#8221;, tzw &#8222;ciasteczka&#8221; to niewielkie pliki zapisywane na dysku U\u017cytkownika podczas odwiedzenia przez niego stron internetowych.<br>Strona\u00a0<a href=\"http:\/\/zsp.wegrow.pl\">zsp.wegrow.pl<\/a>\u00a0korzysta z plik\u00f3w &#8222;cookies&#8221; (tzw. &#8222;ciasteczek&#8221;) i podobnych technologii przede wszystkim w celu:<\/p>\n\n\n\n<ul class=\"wp-block-list\"><li>optymalizacji korzystania przez U\u017cytkownik\u00f3w ze strony\u00a0<a href=\"http:\/\/zsp.wegrow.pl\">zsp.wegrow.pl<\/a>,<\/li><li>zbierania informacji dotycz\u0105cych statystyk.<\/li><\/ul>\n\n\n\n<p><br>Pliki cookies mog\u0105 by\u0107 r\u00f3wnie\u017c u\u017cywane przez zewn\u0119trzne serwisy do kt\u00f3rych odwo\u0142ujemy si\u0119 w tre\u015bci strony\u00a0<a href=\"http:\/\/zsp.wegrow.pl\">zsp.wegrow.pl<\/a>.<br>Je\u015bli nie wyra\u017casz na to zgody, zmie\u0144 ustawienia swojej przegl\u0105darki. Brak zmiany ustawie\u0144 oznacza zgod\u0119 na zapisywanie plik\u00f3w cookies na Twoim dysku.<\/p>\n","protected":false},"excerpt":{"rendered":"<p>Pliki &#8222;cookies&#8221; na stronie zsp.wegrow.pl Strona\u00a0zsp.wegrow.pl\u00a0korzysta z plik\u00f3w &#8222;cookies&#8221;. Brak zmiany ustawie\u0144 przegl\u0105darki oznacza ich akceptacj\u0119.Pliki &#8222;cookies&#8221;, tzw &#8222;ciasteczka&#8221; to niewielkie pliki zapisywane na dysku U\u017cytkownika podczas odwiedzenia przez niego stron internetowych.Strona\u00a0zsp.wegrow.pl\u00a0korzysta z plik\u00f3w &#8222;cookies&#8221;<\/p>\n","protected":false},"author":1,"featured_media":0,"parent":0,"menu_order":0,"comment_status":"closed","ping_status":"closed","template":"","meta":{"ngg_post_thumbnail":0,"_themeisle_gutenberg_block_has_review":false,"jetpack_post_was_ever_published":false,"footnotes":""},"class_list":["post-229","page","type-page","status-publish","hentry"],"jetpack_sharing_enabled":true,"jetpack_shortlink":"https:\/\/wp.me\/PaT2nI-3H","_links":{"self":[{"href":"https:\/\/zsp.wegrow.pl\/index.php\/wp-json\/wp\/v2\/pages\/229","targetHints":{"allow":["GET"]}}],"collection":[{"href":"https:\/\/zsp.wegrow.pl\/index.php\/wp-json\/wp\/v2\/pages"}],"about":[{"href":"https:\/\/zsp.wegrow.pl\/index.php\/wp-json\/wp\/v2\/types\/page"}],"author":[{"embeddable":true,"href":"https:\/\/zsp.wegrow.pl\/index.php\/wp-json\/wp\/v2\/users\/1"}],"replies":[{"embeddable":true,"href":"https:\/\/zsp.wegrow.pl\/index.php\/wp-json\/wp\/v2\/comments?post=229"}],"version-history":[{"count":2,"href":"https:\/\/zsp.wegrow.pl\/index.php\/wp-json\/wp\/v2\/pages\/229\/revisions"}],"predecessor-version":[{"id":1355,"href":"https:\/\/zsp.wegrow.pl\/index.php\/wp-json\/wp\/v2\/pages\/229\/revisions\/1355"}],"wp:attachment":[{"href":"https:\/\/zsp.wegrow.pl\/index.php\/wp-json\/wp\/v2\/media?parent=229"}],"curies":[{"name":"wp","href":"https:\/\/api.w.org\/{rel}","templated":true}]}}