{"id":3572,"date":"2019-12-10T08:47:16","date_gmt":"2019-12-10T07:47:16","guid":{"rendered":"http:\/\/zsp.wegrow.pl\/?page_id=3572"},"modified":"2026-05-08T12:20:51","modified_gmt":"2026-05-08T10:20:51","slug":"sprawozdania-finansowe-bip","status":"publish","type":"page","link":"https:\/\/zsp.wegrow.pl\/index.php\/sprawozdania-finansowe-bip\/","title":{"rendered":"Sprawozdania finansowe BIP"},"content":{"rendered":"\n<div class=\"wp-block-columns has-2-columns is-layout-flex wp-container-core-columns-is-layout-9d6595d7 wp-block-columns-is-layout-flex\">\n<div class=\"wp-block-column is-layout-flow wp-block-column-is-layout-flow\">\n<p><\/p>\n<\/div>\n\n\n\n<div class=\"wp-block-column is-layout-flow wp-block-column-is-layout-flow\">\n<div class=\"wp-block-image\"><figure class=\"alignright\"><figure><a target=\"_blank\" href=\"https:\/\/www.bip.gov.pl\/\" rel=\"noopener noreferrer\"><img data-recalc-dims=\"1\" decoding=\"async\" width=\"244\" height=\"87\" src=\"https:\/\/i0.wp.com\/zsp.wegrow.pl\/wp-content\/uploads\/2019\/05\/logo_glowne.jpg?resize=244%2C87\" alt=\"\" class=\"wp-image-1351\" srcset=\"https:\/\/i0.wp.com\/zsp.wegrow.pl\/wp-content\/uploads\/2019\/05\/logo_glowne.jpg?w=244&amp;ssl=1 244w, https:\/\/i0.wp.com\/zsp.wegrow.pl\/wp-content\/uploads\/2019\/05\/logo_glowne.jpg?resize=150%2C53&amp;ssl=1 150w\" sizes=\"(max-width: 244px) 100vw, 244px\" \/><\/a><\/figure><\/figure><\/div>\n<\/div>\n<\/div>\n\n\n\n<div class=\"wp-block-columns is-layout-flex wp-container-core-columns-is-layout-9d6595d7 wp-block-columns-is-layout-flex\">\n<div class=\"wp-block-column is-layout-flow wp-block-column-is-layout-flow\" style=\"flex-basis:20%\">\n<h3 class=\"wp-block-heading\">Menu<\/h3>\n\n\n\n<ul class=\"wp-block-list\">\n<li><a href=\"http:\/\/zsp.wegrow.pl\/index.php\/strona-glowna-bip\/\">Strona g\u0142\u00f3wna<\/a><\/li>\n\n\n\n<li><a href=\"http:\/\/zsp.wegrow.pl\/index.php\/oferty-pracy-bip\/\">Oferty pracy<\/a><\/li>\n\n\n\n<li><a href=\"http:\/\/zsp.wegrow.pl\/index.php\/zamowienia-publiczne-bip\/\">Zam\u00f3wienia publiczne<\/a><\/li>\n\n\n\n<li><a href=\"http:\/\/zsp.wegrow.pl\/index.php\/sprawozdania-finansowe-bip\/\">Sprawozdania finansowe<\/a><\/li>\n\n\n\n<li><a href=\"https:\/\/zsp.wegrow.pl\/index.php\/zarzadzenia-dyrektora\/\">Zarz\u0105dzenia Dyrektora<\/a><\/li>\n\n\n\n<li><a href=\"http:\/\/zsp.wegrow.pl\/?page_id=5815\">Raport o stanie dost\u0119pno\u015bci<\/a><\/li>\n\n\n\n<li><a href=\"http:\/\/zsp.wegrow.pl\/index.php\/ogloszenia-bip\/\">Og\u0142oszenia<\/a><\/li>\n\n\n\n<li><a href=\"http:\/\/zsp.wegrow.pl\/index.php\/archiwum-bip\/\">Archiwum BIP<\/a><\/li>\n\n\n\n<li><a href=\"http:\/\/zsp.wegrow.pl\/index.php\/instrukcja-bip\/\">Instrukcja<\/a><\/li>\n<\/ul>\n<\/div>\n\n\n\n<div class=\"wp-block-column is-layout-flow wp-block-column-is-layout-flow\" style=\"flex-basis:80%\">\n<div style=\"height:30px\" aria-hidden=\"true\" class=\"wp-block-spacer\"><\/div>\n\n\n\n<ol class=\"wp-block-list\">\n<li><a href=\"https:\/\/zsp.wegrow.pl\/wp-content\/uploads\/2026\/05\/Bilans-2025-.pdf\">Bilans &#8211; Zesp\u00f3\u0142 Szk\u00f3\u0142 Ponadpodstawowych im. Jana Kochanowskiego w W\u0119growie<\/a><\/li>\n\n\n\n<li><a href=\"https:\/\/zsp.wegrow.pl\/wp-content\/uploads\/2026\/05\/Rachunek-zyskow-i-strat-2025.pdf\">Rachunek zysk\u00f3w i strat &#8211; Zesp\u00f3\u0142 Szk\u00f3\u0142 Ponadpodstawowych im. Jana Kochanowskiego w W\u0119growie<\/a><\/li>\n\n\n\n<li><a href=\"https:\/\/zsp.wegrow.pl\/wp-content\/uploads\/2026\/05\/Zeswtawienie-zmian-w-funduszu-2025.pdf\">Zestawienie zmian w funduszu jednostki \u2013 Zesp\u00f3\u0142 Szk\u00f3\u0142 Ponadpodstawowych im. Jana Kochanowskiego w W\u0119growie<\/a><\/li>\n\n\n\n<li><a href=\"https:\/\/zsp.wegrow.pl\/wp-content\/uploads\/2026\/05\/Informacja-dodatkowa-2025.pdf\">Informacja dodatkowa<\/a><\/li>\n<\/ol>\n\n\n\n<div style=\"height:50px\" aria-hidden=\"true\" class=\"wp-block-spacer\"><\/div>\n\n\n\n<hr class=\"wp-block-separator has-text-color has-black-color has-alpha-channel-opacity has-black-background-color has-background is-style-wide\"\/>\n\n\n\n<div style=\"height:50px\" aria-hidden=\"true\" class=\"wp-block-spacer\"><\/div>\n\n\n\n<ol class=\"wp-block-list\">\n<li><a href=\"https:\/\/zsp.wegrow.pl\/wp-content\/uploads\/2025\/06\/Bilans-2024-r_.pdf\">Bilans &#8211; Zesp\u00f3\u0142 Szk\u00f3\u0142 Ponadpodstawowych im. Jana Kochanowskiego w W\u0119growie<\/a><\/li>\n\n\n\n<li><a href=\"https:\/\/zsp.wegrow.pl\/wp-content\/uploads\/2025\/06\/Rachunek-zyskow-i-strat-2024-r_.pdf\">Rachunek zysk\u00f3w i strat &#8211; Zesp\u00f3\u0142 Szk\u00f3\u0142 Ponadpodstawowych im. Jana Kochanowskiego w W\u0119growie<\/a><\/li>\n\n\n\n<li><a href=\"https:\/\/zsp.wegrow.pl\/wp-content\/uploads\/2025\/06\/Zestawienie-zmian-w-funduszu-2024-r_.pdf\">Zestawienie zmian w funduszu jednostki &#8211; Zesp\u00f3\u0142 Szk\u00f3\u0142 Ponadpodstawowych im. Jana Kochanowskiego w W\u0119growie<\/a><\/li>\n\n\n\n<li><a href=\"https:\/\/zsp.wegrow.pl\/wp-content\/uploads\/2025\/06\/Informacja-dodatkowa-do-bilansu-2024.pdf\">Informacja dodatkowa<\/a><\/li>\n<\/ol>\n\n\n\n<div style=\"height:50px\" aria-hidden=\"true\" class=\"wp-block-spacer\"><\/div>\n\n\n\n<hr class=\"wp-block-separator has-text-color has-black-color has-alpha-channel-opacity has-black-background-color has-background is-style-wide\"\/>\n\n\n\n<div style=\"height:50px\" aria-hidden=\"true\" class=\"wp-block-spacer\"><\/div>\n\n\n\n<ol class=\"wp-block-list\">\n<li><a href=\"https:\/\/zsp.wegrow.pl\/wp-content\/uploads\/2024\/07\/Bilans.pdf\" target=\"_blank\" rel=\"noreferrer noopener\">Bilans &#8211; Zesp\u00f3\u0142 Szk\u00f3\u0142 Ponadpodstawowych im. Jana Kochanowskiego w W\u0119growie<\/a><\/li>\n\n\n\n<li><a href=\"https:\/\/zsp.wegrow.pl\/wp-content\/uploads\/2024\/07\/Rachunek-zyskow-i-strat-Jednostki.pdf\" target=\"_blank\" rel=\"noreferrer noopener\">Rachunek zysk\u00f3w i strat &#8211; Zesp\u00f3\u0142 Szk\u00f3\u0142 Ponadpodstawowych im. Jana Kochanowskiego w W\u0119growie<\/a><\/li>\n\n\n\n<li><a href=\"https:\/\/zsp.wegrow.pl\/wp-content\/uploads\/2024\/07\/Zestawienie-zmian-w-Funduszu-Jednostki.pdf\" target=\"_blank\" rel=\"noreferrer noopener\">Zestawienie zmian w funduszu jednostki &#8211; Zesp\u00f3\u0142 Szk\u00f3\u0142 Ponadpodstawowych im. Jana Kochanowskiego w W\u0119growie<\/a><\/li>\n\n\n\n<li><a href=\"https:\/\/zsp.wegrow.pl\/wp-content\/uploads\/2024\/07\/Informacja-dodatkowa-do-bilansu.pdf\" target=\"_blank\" rel=\"noreferrer noopener\">Informacja dodatkowa<\/a><\/li>\n<\/ol>\n\n\n\n<div style=\"height:50px\" aria-hidden=\"true\" class=\"wp-block-spacer\"><\/div>\n\n\n\n<hr class=\"wp-block-separator has-text-color has-black-color has-alpha-channel-opacity has-black-background-color has-background is-style-wide\"\/>\n\n\n\n<div style=\"height:50px\" aria-hidden=\"true\" class=\"wp-block-spacer\"><\/div>\n\n\n\n<ol class=\"wp-block-list\">\n<li><a href=\"https:\/\/zsp.wegrow.pl\/wp-content\/uploads\/2023\/05\/BILANS-2.pdf\" target=\"_blank\" rel=\"noreferrer noopener\">Bilans &#8211; Zesp\u00f3\u0142 Szk\u00f3\u0142 Ponadpodstawowych im. Jana Kochanowskiego w W\u0119growie<\/a><\/li>\n\n\n\n<li><a href=\"https:\/\/zsp.wegrow.pl\/wp-content\/uploads\/2023\/05\/Rachunek-Zyskow-i-Strat-2.pdf\" target=\"_blank\" rel=\"noreferrer noopener\">Rachunek zysk\u00f3w i strat &#8211; Zesp\u00f3\u0142 Szk\u00f3\u0142 Ponadpodstawowych im. Jana Kochanowskiego w W\u0119growie<\/a><\/li>\n\n\n\n<li><a href=\"https:\/\/zsp.wegrow.pl\/wp-content\/uploads\/2023\/05\/Zestawienie-Zmian-w-Funduszu-2.pdf\" target=\"_blank\" rel=\"noreferrer noopener\">Zestawienie zmian w funduszu jednostki &#8211; Zesp\u00f3\u0142 Szk\u00f3\u0142 Ponadpodstawowych im. Jana Kochanowskiego w W\u0119growie<\/a><\/li>\n\n\n\n<li><a rel=\"noreferrer noopener\" href=\"https:\/\/zsp.wegrow.pl\/wp-content\/uploads\/2023\/05\/Informacja-dodatkowa-2022-1.pdf\" target=\"_blank\">Informacja dodatkowa<\/a><\/li>\n<\/ol>\n\n\n\n<div style=\"height:50px\" aria-hidden=\"true\" class=\"wp-block-spacer\"><\/div>\n\n\n\n<hr class=\"wp-block-separator has-text-color has-black-color has-alpha-channel-opacity has-black-background-color has-background is-style-wide\"\/>\n\n\n\n<div style=\"height:50px\" aria-hidden=\"true\" class=\"wp-block-spacer\"><\/div>\n\n\n\n<ol class=\"wp-block-list\">\n<li><a rel=\"noreferrer noopener\" href=\"https:\/\/zsp.wegrow.pl\/wp-content\/uploads\/2022\/08\/Bilans.pdf\" target=\"_blank\">Bilans &#8211; Zesp\u00f3\u0142 Szk\u00f3\u0142 Ponadpodstawowych im. Jana Kochanowskiego w W\u0119growie<\/a><\/li>\n\n\n\n<li><a rel=\"noreferrer noopener\" href=\"https:\/\/zsp.wegrow.pl\/wp-content\/uploads\/2022\/08\/Rachunek-zyskow-i-strat.pdf\" target=\"_blank\">Rachunek zysk\u00f3w i strat &#8211; Zesp\u00f3\u0142 Szk\u00f3\u0142 Ponadpodstawowych im. Jana Kochanowskiego w W\u0119growie<\/a><\/li>\n\n\n\n<li><a rel=\"noreferrer noopener\" href=\"https:\/\/zsp.wegrow.pl\/wp-content\/uploads\/2022\/08\/Zestawienie-zmian-w-funduszu.pdf\" target=\"_blank\">Zestawienie zmian w funduszu jednostki &#8211; Zesp\u00f3\u0142 Szk\u00f3\u0142 Ponadpodstawowych im. Jana Kochanowskiego w W\u0119growie<\/a><\/li>\n\n\n\n<li><a href=\"https:\/\/zsp.wegrow.pl\/wp-content\/uploads\/2022\/08\/Informacja-dodatkowa.pdf\" target=\"_blank\" rel=\"noreferrer noopener\">Informacja dodatkowa<\/a><\/li>\n<\/ol>\n\n\n\n<div style=\"height:50px\" aria-hidden=\"true\" class=\"wp-block-spacer\"><\/div>\n\n\n\n<hr class=\"wp-block-separator has-text-color has-black-color has-alpha-channel-opacity has-black-background-color has-background is-style-wide\"\/>\n\n\n\n<div style=\"height:50px\" aria-hidden=\"true\" class=\"wp-block-spacer\"><\/div>\n\n\n\n<ol class=\"wp-block-list\">\n<li><a href=\"http:\/\/zsp.wegrow.pl\/wp-content\/uploads\/2021\/05\/Bilans.pdf\" target=\"_blank\" rel=\"noreferrer noopener\">Bilans &#8211; Zesp\u00f3\u0142 Szk\u00f3\u0142 Ponadpodstawowych im. Jana Kochanowskiego w W\u0119growie<\/a><\/li>\n\n\n\n<li><a href=\"http:\/\/zsp.wegrow.pl\/wp-content\/uploads\/2021\/05\/Rachunek-zyskow-i-strat-jednostki.pdf\" target=\"_blank\" rel=\"noreferrer noopener\">Rachunek zysk\u00f3w i strat &#8211; Zesp\u00f3\u0142 Szk\u00f3\u0142 Ponadpodstawowych im. Jana Kochanowskiego w W\u0119growie<\/a><\/li>\n\n\n\n<li><a href=\"http:\/\/zsp.wegrow.pl\/wp-content\/uploads\/2021\/05\/Zestawienie-zmian-w-funduszu-jednostki.pdf\" target=\"_blank\" rel=\"noreferrer noopener\">Zestawienie zmian w funduszu jednostki &#8211; Zesp\u00f3\u0142 Szk\u00f3\u0142 Ponadpodstawowych im. Jana Kochanowskiego w W\u0119growie<\/a><\/li>\n<\/ol>\n\n\n\n<div style=\"height:30px\" aria-hidden=\"true\" class=\"wp-block-spacer\"><\/div>\n\n\n\n<hr class=\"wp-block-separator has-text-color has-black-color has-css-opacity has-black-background-color has-background is-style-wide\"\/>\n\n\n\n<div style=\"height:30px\" aria-hidden=\"true\" class=\"wp-block-spacer\"><\/div>\n\n\n\n<ol class=\"wp-block-list\">\n<li><a rel=\"noreferrer noopener\" aria-label=\"Bilans - Zesp\u00f3\u0142 Szk\u00f3\u0142 Ponadgimnazjalnych im. Jana Kochanowskiego w W\u0119growie (otwiera si\u0119 na nowej zak\u0142adce)\" href=\"http:\/\/zsp.wegrow.pl\/wp-content\/uploads\/2019\/05\/Bilans-Zesp\u00f3\u0142-Szk\u00f3\u0142-Ponadgimnazjalnych.pdf\" target=\"_blank\">Bilans &#8211; Zesp\u00f3\u0142 Szk\u00f3\u0142 Ponadgimnazjalnych im. Jana Kochanowskiego w W\u0119growie<\/a><\/li>\n\n\n\n<li><a rel=\"noreferrer noopener\" aria-label=\"Bilans - Poradnia Psychologiczno-Pedagogiczna w W\u0119growie (otwiera si\u0119 na nowej zak\u0142adce)\" href=\"http:\/\/zsp.wegrow.pl\/wp-content\/uploads\/2019\/05\/Bilans-Poradnia-Psychologiczno-Pedagogiczna.pdf\" target=\"_blank\">Bilans &#8211; Poradnia Psychologiczno-Pedagogiczna w W\u0119growie<\/a><\/li>\n\n\n\n<li><a rel=\"noreferrer noopener\" aria-label=\"Bilans - M\u0142odzie\u017cowy O\u015brodek Wychowawczy Jaworek (otwiera si\u0119 na nowej zak\u0142adce)\" href=\"http:\/\/zsp.wegrow.pl\/wp-content\/uploads\/2019\/05\/Bilans-M\u0142odzie\u017cowy-O\u015brodek-Wychowawczy-Jaworek.pdf\" target=\"_blank\">Bilans &#8211; M\u0142odzie\u017cowy O\u015brodek Wychowawczy Jaworek<\/a><\/li>\n\n\n\n<li><a rel=\"noreferrer noopener\" aria-label=\"Rachunek zysk\u00f3w i strat - Zesp\u00f3\u0142 Szk\u00f3\u0142 Ponadgimnazjalnych im. Jana Kochanowskiego w W\u0119growie (otwiera si\u0119 na nowej zak\u0142adce)\" href=\"http:\/\/zsp.wegrow.pl\/wp-content\/uploads\/2019\/05\/Rachunek-zysk\u00f3w-i-strat-Zesp\u00f3\u0142-Szk\u00f3\u0142-Ponadgimnazjalnych.pdf\" target=\"_blank\">Rachunek zysk\u00f3w i strat &#8211; Zesp\u00f3\u0142 Szk\u00f3\u0142 Ponadgimnazjalnych im. Jana Kochanowskiego w W\u0119growie<\/a><\/li>\n\n\n\n<li><a rel=\"noreferrer noopener\" aria-label=\"Rachunek zysk\u00f3w i strat - Poradnia Psychologiczno-Pedagogiczna w W\u0119growie (otwiera si\u0119 na nowej zak\u0142adce)\" href=\"http:\/\/zsp.wegrow.pl\/wp-content\/uploads\/2019\/05\/Rachunek-zysk\u00f3w-i-strat-Poradnia-Psychologiczno-Pedagogiczna.pdf\" target=\"_blank\">Rachunek zysk\u00f3w i strat &#8211; Poradnia Psychologiczno-Pedagogiczna w W\u0119growie<\/a><\/li>\n\n\n\n<li><a rel=\"noreferrer noopener\" aria-label=\"Rachunek zysk\u00f3w i strat - M\u0142odzie\u017cowy O\u015brodek Wychowawczy Jaworek (otwiera si\u0119 na nowej zak\u0142adce)\" href=\"http:\/\/zsp.wegrow.pl\/wp-content\/uploads\/2019\/05\/Rachunek-zysk\u00f3w-i-strat-M\u0142odzie\u017cowy-O\u015brodek-Wychowawczy-Jaworek.pdf\" target=\"_blank\">Rachunek zysk\u00f3w i strat &#8211; M\u0142odzie\u017cowy O\u015brodek Wychowawczy Jaworek<\/a><\/li>\n\n\n\n<li><a rel=\"noreferrer noopener\" aria-label=\"Zestawienie zmian w funduszu jednostki - Zesp\u00f3\u0142 Szk\u00f3\u0142 Ponadgimnazjalnych im. Jana Kochanowskiego w W\u0119growie (otwiera si\u0119 na nowej zak\u0142adce)\" href=\"http:\/\/zsp.wegrow.pl\/wp-content\/uploads\/2019\/05\/Zestawienie-zmian-w-funduszu-jednostki-Zesp\u00f3\u0142-Szk\u00f3\u0142-Ponadgimnazjalnych.pdf\" target=\"_blank\">Zestawienie zmian w funduszu jednostki &#8211; Zesp\u00f3\u0142 Szk\u00f3\u0142 Ponadgimnazjalnych im. Jana Kochanowskiego w W\u0119growie<\/a><\/li>\n\n\n\n<li><a rel=\"noreferrer noopener\" aria-label=\"Zestawienie zmian w funduszu jednostki - Poradnia Psychologiczno-Pedagogiczna w W\u0119growie (otwiera si\u0119 na nowej zak\u0142adce)\" href=\"http:\/\/zsp.wegrow.pl\/wp-content\/uploads\/2019\/05\/Zestawienie-zmian-w-funduszu-jednostki-Poradnia-Psychologiczno-Pedagogiczna.pdf\" target=\"_blank\">Zestawienie zmian w funduszu jednostki &#8211; Poradnia Psychologiczno-Pedagogiczna w W\u0119growie<\/a><\/li>\n\n\n\n<li><a rel=\"noreferrer noopener\" aria-label=\"Zestawienie zmian w funduszu jednostki - M\u0142odzie\u017cowy O\u015brodek Wychowawczy Jaworek (otwiera si\u0119 na nowej zak\u0142adce)\" href=\"http:\/\/zsp.wegrow.pl\/wp-content\/uploads\/2019\/05\/Zestawienie-zmian-w-funduszu-jednostki-M\u0142odzie\u017cowy-O\u015brodek-Wychowawczy-Jaworek.pdf\" target=\"_blank\">Zestawienie zmian w funduszu jednostki &#8211; M\u0142odzie\u017cowy O\u015brodek Wychowawczy Jaworek<\/a><\/li>\n<\/ol>\n<\/div>\n<\/div>\n","protected":false},"excerpt":{"rendered":"<p>Menu<\/p>\n","protected":false},"author":1,"featured_media":0,"parent":0,"menu_order":0,"comment_status":"closed","ping_status":"closed","template":"template-fullwidth.php","meta":{"ngg_post_thumbnail":0,"_themeisle_gutenberg_block_has_review":false,"footnotes":""},"class_list":["post-3572","page","type-page","status-publish","hentry"],"jetpack_sharing_enabled":true,"jetpack_shortlink":"https:\/\/wp.me\/PaT2nI-VC","_links":{"self":[{"href":"https:\/\/zsp.wegrow.pl\/index.php\/wp-json\/wp\/v2\/pages\/3572","targetHints":{"allow":["GET"]}}],"collection":[{"href":"https:\/\/zsp.wegrow.pl\/index.php\/wp-json\/wp\/v2\/pages"}],"about":[{"href":"https:\/\/zsp.wegrow.pl\/index.php\/wp-json\/wp\/v2\/types\/page"}],"author":[{"embeddable":true,"href":"https:\/\/zsp.wegrow.pl\/index.php\/wp-json\/wp\/v2\/users\/1"}],"replies":[{"embeddable":true,"href":"https:\/\/zsp.wegrow.pl\/index.php\/wp-json\/wp\/v2\/comments?post=3572"}],"version-history":[{"count":23,"href":"https:\/\/zsp.wegrow.pl\/index.php\/wp-json\/wp\/v2\/pages\/3572\/revisions"}],"predecessor-version":[{"id":20568,"href":"https:\/\/zsp.wegrow.pl\/index.php\/wp-json\/wp\/v2\/pages\/3572\/revisions\/20568"}],"wp:attachment":[{"href":"https:\/\/zsp.wegrow.pl\/index.php\/wp-json\/wp\/v2\/media?parent=3572"}],"curies":[{"name":"wp","href":"https:\/\/api.w.org\/{rel}","templated":true}]}}