{"id":3655,"date":"2019-12-15T19:20:26","date_gmt":"2019-12-15T18:20:26","guid":{"rendered":"http:\/\/zsp.wegrow.pl\/?page_id=3655"},"modified":"2025-09-18T17:07:18","modified_gmt":"2025-09-18T15:07:18","slug":"3655-2","status":"publish","type":"page","link":"https:\/\/zsp.wegrow.pl\/index.php\/3655-2\/","title":{"rendered":""},"content":{"rendered":"\n<div class=\"wp-block-cover is-light\"><img data-recalc-dims=\"1\" fetchpriority=\"high\" decoding=\"async\" width=\"840\" height=\"355\" class=\"wp-block-cover__image-background wp-image-2156\" alt=\"\" src=\"https:\/\/i0.wp.com\/zsp.wegrow.pl\/wp-content\/uploads\/2019\/08\/szko%C5%82a.jpg?resize=840%2C355\" data-object-fit=\"cover\" srcset=\"https:\/\/i0.wp.com\/zsp.wegrow.pl\/wp-content\/uploads\/2019\/08\/szko%C5%82a.jpg?w=3148&amp;ssl=1 3148w, https:\/\/i0.wp.com\/zsp.wegrow.pl\/wp-content\/uploads\/2019\/08\/szko%C5%82a.jpg?resize=150%2C63&amp;ssl=1 150w, https:\/\/i0.wp.com\/zsp.wegrow.pl\/wp-content\/uploads\/2019\/08\/szko%C5%82a.jpg?resize=300%2C127&amp;ssl=1 300w, https:\/\/i0.wp.com\/zsp.wegrow.pl\/wp-content\/uploads\/2019\/08\/szko%C5%82a.jpg?resize=768%2C325&amp;ssl=1 768w, https:\/\/i0.wp.com\/zsp.wegrow.pl\/wp-content\/uploads\/2019\/08\/szko%C5%82a.jpg?resize=1024%2C433&amp;ssl=1 1024w, https:\/\/i0.wp.com\/zsp.wegrow.pl\/wp-content\/uploads\/2019\/08\/szko%C5%82a.jpg?w=1680&amp;ssl=1 1680w, https:\/\/i0.wp.com\/zsp.wegrow.pl\/wp-content\/uploads\/2019\/08\/szko%C5%82a.jpg?w=2520&amp;ssl=1 2520w\" sizes=\"(max-width: 840px) 100vw, 840px\" \/><span aria-hidden=\"true\" class=\"wp-block-cover__background has-background-dim\"><\/span><div class=\"wp-block-cover__inner-container is-layout-flow wp-block-cover-is-layout-flow\">\n<p class=\"has-text-align-center has-white-color has-text-color\" style=\"font-size:70px\"><strong>Rada Rodzic\u00f3w<\/strong><\/p>\n<\/div><\/div>\n\n\n\n<div style=\"height:30px\" aria-hidden=\"true\" class=\"wp-block-spacer\"><\/div>\n\n\n\n<p class=\"has-text-align-center has-medium-font-size\"><strong>Rada Rodzic\u00f3w przy Zespole Szk\u00f3\u0142 Ponadpodstawowych<\/strong><br>07-100 W\u0119gr\u00f3w, ul. Bohater\u00f3w Warszawy 10<br>nr rachunku bankowego w Powiatowym Banku Sp\u00f3\u0142dzielczym w W\u0119growie: <br>20 9236 0008 0000 0840 2000 0010<\/p>\n\n\n\n<div style=\"height:30px\" aria-hidden=\"true\" class=\"wp-block-spacer\"><\/div>\n\n\n\n<h3 class=\"wp-block-heading\"> <strong>Sk\u0142ad Prezydium Rady Rodzic\u00f3w<\/strong><\/h3>\n\n\n\n<ul class=\"wp-block-list\">\n<li>Przewodnicz\u0105ca \u2013 Wioleta Pikulska (kontakt: <a href=\"mailto:przewodniczacy_rr@zsp.wegrow.pl\" target=\"_blank\" rel=\"noreferrer noopener\">przewodniczacy_rr@zsp.wegrow.pl<\/a>)<\/li>\n\n\n\n<li>Wiceprzewodnicz\u0105ca \u2013 Katarzyna Skwierczy\u0144ska<\/li>\n\n\n\n<li>Sekretarz \u2013 Hanna Malinowska<\/li>\n\n\n\n<li>Cz\u0142onek Prezydium \u2013 Lidia Filipiak<\/li>\n<\/ul>\n\n\n\n<div style=\"height:20px\" aria-hidden=\"true\" class=\"wp-block-spacer\"><\/div>\n\n\n\n<h3 class=\"wp-block-heading\">\nSk\u0142ad\nKomisji Rewizyjnej<\/h3>\n\n\n\n<ul class=\"wp-block-list\">\n<li>Przewodnicz\u0105ca \u2013 Wioleta Turek<\/li>\n\n\n\n<li>Cz\u0142onek  \u2013 Katarzyna Puchalska<\/li>\n\n\n\n<li>Cz\u0142onek \u2013 Olga Raty\u0144ska<\/li>\n\n\n\n<li>Cz\u0142onek \u2013 Ewelina Suchodolska<\/li>\n<\/ul>\n","protected":false},"excerpt":{"rendered":"<p>Rada Rodzic\u00f3w przy Zespole Szk\u00f3\u0142 Ponadpodstawowych07-100 W\u0119gr\u00f3w, ul. Bohater\u00f3w Warszawy 10nr rachunku bankowego w Powiatowym Banku Sp\u00f3\u0142dzielczym w W\u0119growie: 20 9236 0008 0000 0840 2000 0010 Sk\u0142ad Prezydium Rady Rodzic\u00f3w Sk\u0142ad Komisji Rewizyjnej<\/p>\n","protected":false},"author":1,"featured_media":0,"parent":0,"menu_order":0,"comment_status":"closed","ping_status":"closed","template":"template-centered.php","meta":{"ngg_post_thumbnail":0,"_themeisle_gutenberg_block_has_review":false,"jetpack_post_was_ever_published":false,"footnotes":""},"class_list":["post-3655","page","type-page","status-publish","hentry"],"jetpack_sharing_enabled":true,"jetpack_shortlink":"https:\/\/wp.me\/PaT2nI-WX","_links":{"self":[{"href":"https:\/\/zsp.wegrow.pl\/index.php\/wp-json\/wp\/v2\/pages\/3655","targetHints":{"allow":["GET"]}}],"collection":[{"href":"https:\/\/zsp.wegrow.pl\/index.php\/wp-json\/wp\/v2\/pages"}],"about":[{"href":"https:\/\/zsp.wegrow.pl\/index.php\/wp-json\/wp\/v2\/types\/page"}],"author":[{"embeddable":true,"href":"https:\/\/zsp.wegrow.pl\/index.php\/wp-json\/wp\/v2\/users\/1"}],"replies":[{"embeddable":true,"href":"https:\/\/zsp.wegrow.pl\/index.php\/wp-json\/wp\/v2\/comments?post=3655"}],"version-history":[{"count":17,"href":"https:\/\/zsp.wegrow.pl\/index.php\/wp-json\/wp\/v2\/pages\/3655\/revisions"}],"predecessor-version":[{"id":18527,"href":"https:\/\/zsp.wegrow.pl\/index.php\/wp-json\/wp\/v2\/pages\/3655\/revisions\/18527"}],"wp:attachment":[{"href":"https:\/\/zsp.wegrow.pl\/index.php\/wp-json\/wp\/v2\/media?parent=3655"}],"curies":[{"name":"wp","href":"https:\/\/api.w.org\/{rel}","templated":true}]}}