{"id":3710,"date":"2019-12-23T19:13:51","date_gmt":"2019-12-23T18:13:51","guid":{"rendered":"http:\/\/zsp.wegrow.pl\/?page_id=3710"},"modified":"2019-12-23T19:20:03","modified_gmt":"2019-12-23T18:20:03","slug":"informacja-dyrektora-o-wyniku-naboru-na-stanowisko-ksiegowego","status":"publish","type":"page","link":"https:\/\/zsp.wegrow.pl\/index.php\/informacja-dyrektora-o-wyniku-naboru-na-stanowisko-ksiegowego\/","title":{"rendered":"Informacja dyrektora o wyniku naboru na stanowisko ksi\u0119gowego"},"content":{"rendered":"\n<div class=\"wp-block-columns has-2-columns is-layout-flex wp-container-core-columns-is-layout-9d6595d7 wp-block-columns-is-layout-flex\">\n<div class=\"wp-block-column is-layout-flow wp-block-column-is-layout-flow\">\n<p><\/p>\n<\/div>\n\n\n\n<div class=\"wp-block-column is-layout-flow wp-block-column-is-layout-flow\">\n<div class=\"wp-block-image\"><figure class=\"alignright\"><figure><a target=\"_blank\" href=\"https:\/\/www.bip.gov.pl\/\" rel=\"noopener noreferrer\"><img data-recalc-dims=\"1\" decoding=\"async\" width=\"244\" height=\"87\" src=\"https:\/\/i0.wp.com\/zsp.wegrow.pl\/wp-content\/uploads\/2019\/05\/logo_glowne.jpg?resize=244%2C87\" alt=\"\" class=\"wp-image-1351\" srcset=\"https:\/\/i0.wp.com\/zsp.wegrow.pl\/wp-content\/uploads\/2019\/05\/logo_glowne.jpg?w=244&amp;ssl=1 244w, https:\/\/i0.wp.com\/zsp.wegrow.pl\/wp-content\/uploads\/2019\/05\/logo_glowne.jpg?resize=150%2C53&amp;ssl=1 150w\" sizes=\"(max-width: 244px) 100vw, 244px\" \/><\/a><\/figure><\/figure><\/div>\n<\/div>\n<\/div>\n\n\n\n<div class=\"wp-block-columns is-layout-flex wp-container-core-columns-is-layout-9d6595d7 wp-block-columns-is-layout-flex\">\n<div class=\"wp-block-column is-layout-flow wp-block-column-is-layout-flow\" style=\"flex-basis:20%\">\n<h3 class=\"wp-block-heading\">Menu<\/h3>\n\n\n\n<ul class=\"wp-block-list\"><li><a href=\"http:\/\/zsp.wegrow.pl\/index.php\/strona-glowna-bip\/\">Strona g\u0142\u00f3wna<\/a><\/li><li><a href=\"http:\/\/zsp.wegrow.pl\/index.php\/oferty-pracy-bip\/\">Oferty pracy<\/a><\/li><li><a href=\"http:\/\/zsp.wegrow.pl\/index.php\/zamowienia-publiczne-bip\/\">Zam\u00f3wienia publiczne<\/a><\/li><li><a href=\"http:\/\/zsp.wegrow.pl\/index.php\/sprawozdania-finansowe-bip\/\">Sprawozdania finansowe<\/a><\/li><li><a href=\"http:\/\/zsp.wegrow.pl\/index.php\/ogloszenia-bip\/\">Og\u0142oszenia<\/a><\/li><li><a href=\"http:\/\/zsp.wegrow.pl\/index.php\/archiwum-bip\/\">Archiwum BIP<\/a><\/li><li><a href=\"http:\/\/zsp.wegrow.pl\/index.php\/instrukcja-bip\/\">Instrukcja<\/a><\/li><\/ul>\n<\/div>\n\n\n\n<div class=\"wp-block-column is-layout-flow wp-block-column-is-layout-flow\" style=\"flex-basis:80%\">\n<h4 class=\"has-text-align-center wp-block-heading\"><strong>Informacja<\/strong> <strong>Dyrektora Zespo\u0142u Szk\u00f3\u0142 Ponadpodstawowych im. Jana Kochanowskiego w W\u0119growie<\/strong> o wyniku naboru na stanowisko &nbsp;ksi\u0119gowego w Zespole Szk\u00f3\u0142 Ponadpodstawowych im. Jana Kochanowskiego w W\u0119growie, ul. Bohater\u00f3w Warszawy 10<\/h4>\n\n\n\n<p class=\"has-text-align-justify\"> Uprzejmie informuj\u0119, \u017ce&nbsp; w wyniku zako\u0144czenia procedury naboru na stanowisko ksi\u0119gowego w Zespole Szk\u00f3\u0142 Ponadpodstawowych im. Jana Kochanowskiego w W\u0119growie zosta\u0142a wybrana Pani Katarzyna Jagodzi\u0144ska, zam. W\u0119gr\u00f3w.<br>W czasie post\u0119powania kwalifikacyjnego Pani Katarzyna Jagodzi\u0144ska wykaza\u0142a si\u0119&nbsp; dobrym poziomem wiedzy merytorycznej niezb\u0119dnej do pracy na przedmiotowym stanowisku oraz zaprezentowa\u0142a&nbsp; wystarczaj\u0105ce predyspozycje i umiej\u0119tno\u015bci przydatne do prawid\u0142owego wykonywania powierzonych obowi\u0105zk\u00f3w na stanowisku ksi\u0119gowego.  <\/p>\n\n\n\n<p>\nW\u0119gr\u00f3w, &nbsp;dnia&nbsp; 23.12.2019r.&nbsp;&nbsp;&nbsp;&nbsp;&nbsp;&nbsp;&nbsp;&nbsp;&nbsp;<\/p>\n\n\n\n<p class=\"has-text-align-left\">                    Dyrektor<br>         \/-\/Jacek Nowotniak<\/p>\n<\/div>\n<\/div>\n\n\n\n<p><\/p>\n","protected":false},"excerpt":{"rendered":"<p>Menu Strona g\u0142\u00f3wna Oferty pracy Zam\u00f3wienia publiczne Sprawozdania finansowe Og\u0142oszenia Archiwum BIP Instrukcja Informacja Dyrektora Zespo\u0142u Szk\u00f3\u0142 Ponadpodstawowych im. Jana Kochanowskiego w W\u0119growie o wyniku naboru na stanowisko &nbsp;ksi\u0119gowego w Zespole Szk\u00f3\u0142 Ponadpodstawowych im. Jana<\/p>\n","protected":false},"author":1,"featured_media":0,"parent":0,"menu_order":0,"comment_status":"closed","ping_status":"closed","template":"template-fullwidth.php","meta":{"ngg_post_thumbnail":0,"_themeisle_gutenberg_block_has_review":false,"jetpack_post_was_ever_published":false,"footnotes":""},"class_list":["post-3710","page","type-page","status-publish","hentry"],"jetpack_sharing_enabled":true,"jetpack_shortlink":"https:\/\/wp.me\/PaT2nI-XQ","_links":{"self":[{"href":"https:\/\/zsp.wegrow.pl\/index.php\/wp-json\/wp\/v2\/pages\/3710","targetHints":{"allow":["GET"]}}],"collection":[{"href":"https:\/\/zsp.wegrow.pl\/index.php\/wp-json\/wp\/v2\/pages"}],"about":[{"href":"https:\/\/zsp.wegrow.pl\/index.php\/wp-json\/wp\/v2\/types\/page"}],"author":[{"embeddable":true,"href":"https:\/\/zsp.wegrow.pl\/index.php\/wp-json\/wp\/v2\/users\/1"}],"replies":[{"embeddable":true,"href":"https:\/\/zsp.wegrow.pl\/index.php\/wp-json\/wp\/v2\/comments?post=3710"}],"version-history":[{"count":2,"href":"https:\/\/zsp.wegrow.pl\/index.php\/wp-json\/wp\/v2\/pages\/3710\/revisions"}],"predecessor-version":[{"id":3714,"href":"https:\/\/zsp.wegrow.pl\/index.php\/wp-json\/wp\/v2\/pages\/3710\/revisions\/3714"}],"wp:attachment":[{"href":"https:\/\/zsp.wegrow.pl\/index.php\/wp-json\/wp\/v2\/media?parent=3710"}],"curies":[{"name":"wp","href":"https:\/\/api.w.org\/{rel}","templated":true}]}}