{"id":4584,"date":"2020-05-05T22:48:50","date_gmt":"2020-05-05T20:48:50","guid":{"rendered":"http:\/\/zsp.wegrow.pl\/?page_id=4584"},"modified":"2024-05-12T15:15:29","modified_gmt":"2024-05-12T13:15:29","slug":"ii-liceum-ogolnoksztalcace-4-letnie","status":"publish","type":"page","link":"https:\/\/zsp.wegrow.pl\/index.php\/ii-liceum-ogolnoksztalcace-4-letnie\/","title":{"rendered":"II LICEUM OG\u00d3LNOKSZTA\u0141C\u0104CE (4 \u2013 letnie)"},"content":{"rendered":"<div class=\"wp-block-image\">\n<figure data-wp-context=\"{&quot;imageId&quot;:&quot;6a047c463e739&quot;}\" data-wp-interactive=\"core\/image\" data-wp-key=\"6a047c463e739\" class=\"aligncenter size-large wp-lightbox-container\"><img data-recalc-dims=\"1\" fetchpriority=\"high\" decoding=\"async\" width=\"724\" height=\"1024\" data-wp-class--hide=\"state.isContentHidden\" data-wp-class--show=\"state.isContentVisible\" data-wp-init=\"callbacks.setButtonStyles\" data-wp-on--click=\"actions.showLightbox\" data-wp-on--load=\"callbacks.setButtonStyles\" data-wp-on-window--resize=\"callbacks.setButtonStyles\" src=\"https:\/\/i0.wp.com\/zsp.wegrow.pl\/wp-content\/uploads\/2024\/05\/folder-LO-2024.jpg?resize=724%2C1024&#038;ssl=1\" alt=\"\" class=\"wp-image-15235\" srcset=\"https:\/\/i0.wp.com\/zsp.wegrow.pl\/wp-content\/uploads\/2024\/05\/folder-LO-2024.jpg?resize=724%2C1024&amp;ssl=1 724w, https:\/\/i0.wp.com\/zsp.wegrow.pl\/wp-content\/uploads\/2024\/05\/folder-LO-2024.jpg?resize=212%2C300&amp;ssl=1 212w, https:\/\/i0.wp.com\/zsp.wegrow.pl\/wp-content\/uploads\/2024\/05\/folder-LO-2024.jpg?resize=106%2C150&amp;ssl=1 106w, https:\/\/i0.wp.com\/zsp.wegrow.pl\/wp-content\/uploads\/2024\/05\/folder-LO-2024.jpg?resize=768%2C1086&amp;ssl=1 768w, https:\/\/i0.wp.com\/zsp.wegrow.pl\/wp-content\/uploads\/2024\/05\/folder-LO-2024.jpg?resize=1086%2C1536&amp;ssl=1 1086w, https:\/\/i0.wp.com\/zsp.wegrow.pl\/wp-content\/uploads\/2024\/05\/folder-LO-2024.jpg?resize=1448%2C2048&amp;ssl=1 1448w, https:\/\/i0.wp.com\/zsp.wegrow.pl\/wp-content\/uploads\/2024\/05\/folder-LO-2024.jpg?resize=17%2C24&amp;ssl=1 17w, https:\/\/i0.wp.com\/zsp.wegrow.pl\/wp-content\/uploads\/2024\/05\/folder-LO-2024.jpg?resize=25%2C36&amp;ssl=1 25w, https:\/\/i0.wp.com\/zsp.wegrow.pl\/wp-content\/uploads\/2024\/05\/folder-LO-2024.jpg?resize=34%2C48&amp;ssl=1 34w, https:\/\/i0.wp.com\/zsp.wegrow.pl\/wp-content\/uploads\/2024\/05\/folder-LO-2024.jpg?w=1754&amp;ssl=1 1754w, https:\/\/i0.wp.com\/zsp.wegrow.pl\/wp-content\/uploads\/2024\/05\/folder-LO-2024.jpg?w=1680&amp;ssl=1 1680w\" sizes=\"(max-width: 724px) 100vw, 724px\" \/><button\n\t\t\tclass=\"lightbox-trigger\"\n\t\t\ttype=\"button\"\n\t\t\taria-haspopup=\"dialog\"\n\t\t\taria-label=\"Powi\u0119ksz\"\n\t\t\tdata-wp-init=\"callbacks.initTriggerButton\"\n\t\t\tdata-wp-on--click=\"actions.showLightbox\"\n\t\t\tdata-wp-style--right=\"state.imageButtonRight\"\n\t\t\tdata-wp-style--top=\"state.imageButtonTop\"\n\t\t>\n\t\t\t<svg xmlns=\"http:\/\/www.w3.org\/2000\/svg\" width=\"12\" height=\"12\" fill=\"none\" viewBox=\"0 0 12 12\">\n\t\t\t\t<path fill=\"#fff\" d=\"M2 0a2 2 0 0 0-2 2v2h1.5V2a.5.5 0 0 1 .5-.5h2V0H2Zm2 10.5H2a.5.5 0 0 1-.5-.5V8H0v2a2 2 0 0 0 2 2h2v-1.5ZM8 12v-1.5h2a.5.5 0 0 0 .5-.5V8H12v2a2 2 0 0 1-2 2H8Zm2-12a2 2 0 0 1 2 2v2h-1.5V2a.5.5 0 0 0-.5-.5H8V0h2Z\" \/>\n\t\t\t<\/svg>\n\t\t<\/button><\/figure>\n<\/div>\n\n\n<div style=\"height:30px\" aria-hidden=\"true\" class=\"wp-block-spacer\"><\/div>\n\n\n\n<hr class=\"wp-block-separator has-text-color has-primary-color has-css-opacity has-primary-background-color has-background is-style-wide\"\/>\n\n\n\n<div style=\"height:30px\" aria-hidden=\"true\" class=\"wp-block-spacer\"><\/div>\n\n\n\n<h3 class=\"wp-block-heading has-text-align-center\">W ramach II LICEUM OG\u00d3LNOKSZTA\u0141C\u0104CEGO funkcjonuje:<\/h3>\n\n\n\n<p>KLASA O PROFILU: <br>&#8211; WOJSKOWYM ODDZIA\u0141 PRZYGOTOWANIA WOJSKOWEGO (dla dziewcz\u0105t i ch\u0142opc\u00f3w)<\/p>\n\n\n\n<div style=\"height:30px\" aria-hidden=\"true\" class=\"wp-block-spacer\"><\/div>\n\n\n\n<hr class=\"wp-block-separator has-text-color has-primary-color has-css-opacity has-primary-background-color has-background is-style-wide\"\/>\n\n\n\n<div style=\"height:30px\" aria-hidden=\"true\" class=\"wp-block-spacer\"><\/div>\n\n\n\n<h4 class=\"wp-block-heading has-text-align-center\"><strong><strong>Liceum Og\u00f3lnokszta\u0142c\u0105ce o profilu wojskowym \u2013 Oddzia\u0142 Przygotowania Wojskowego (dla dziewcz\u0105t i ch\u0142opc\u00f3w)<\/strong><\/strong><\/h4>\n\n\n\n<p class=\"has-text-align-justify\">Klasa przeznaczona jest dla uczni\u00f3w, kt\u00f3rzy chc\u0105 zwi\u0105za\u0107 swoj\u0105 karier\u0119 zawodow\u0105 ze s\u0142u\u017cbami mundurowymi. Opr\u00f3cz przedmiot\u00f3w og\u00f3lnokszta\u0142c\u0105cych przez wszystkie lata edukacji uczniowie uczestnicz\u0105 w szkoleniu woskowym teoretycznym i praktycznym.<\/p>\n\n\n\n<p class=\"has-text-align-justify\">Oddzia\u0142 przygotowania wojskowego&nbsp; daje mo\u017cliwo\u015b\u0107 realizowania w szkole ujednoliconego programu, przy wsparciu i pod nadzorem Ministra Obrony Narodowej.<\/p>\n\n\n\n<p class=\"has-text-align-justify\">Chcesz zosta\u0107 uczniem naszej szko\u0142y, a w przysz\u0142o\u015bci pracowa\u0107 w wojsku lub s\u0142u\u017cbach mundurowych? Nie zwlekaj, z nami:<\/p>\n\n\n\n<ul class=\"wp-block-list\">\n<li>dobrze si\u0119 wyszkolisz i zdob\u0119dziesz odpowiednie wykszta\u0142cenie,<\/li>\n\n\n\n<li>aktywnie sp\u0119dzisz czas, rozwiniesz pasje i zrealizujesz marzenia,<\/li>\n\n\n\n<li>zobaczysz jak wygl\u0105da praca w wojsku i s\u0142u\u017cbach mundurowych.<\/li>\n<\/ul>\n\n\n\n<p><strong>Ubierz mundur, czekamy w\u0142a\u015bnie na Ciebie<\/strong><\/p>\n\n\n\n<p>Oferujemy<\/p>\n\n\n\n<ul class=\"wp-block-list\">\n<li>zaj\u0119cia specjalistyczne dotycz\u0105ce kszta\u0142cenia w zakresie s\u0142u\u017cb mundurowych, musztry i strzelania (dost\u0119pno\u015b\u0107 szkolnej strzelnicy tradycyjnej i nowoczesnej wirtualnej) pod opiek\u0105 instruktora strzelectwa,<\/li>\n\n\n\n<li>wsp\u00f3\u0142prac\u0119 z Akademi\u0105 Sztuki Wojennej<\/li>\n\n\n\n<li>wsp\u00f3\u0142prac\u0119 z Wojskami Obrony Terytorialnej \u2013 z&nbsp; 5 Brygad\u0105 WOT w Ciechanowie,<\/li>\n\n\n\n<li>wsp\u00f3\u0142prac\u0119 z Jednostk\u0105 Strzeleck\u0105 Niez\u0142omni W\u0119gr\u00f3w,<\/li>\n\n\n\n<li>wyjazdy na zaj\u0119cia specjalistyczne do jednostek s\u0142u\u017cb mundurowych,<\/li>\n\n\n\n<li>nauk\u0119 na jednej zmianie<\/li>\n<\/ul>\n\n\n\n<p class=\"has-text-align-justify has-medium-font-size\">Klasy mundurowe, to<strong>&nbsp;klasy reprezentacyjne naszej szko\u0142y.<\/strong><br>Zaanga\u017cowane w patriotyczne i spo\u0142eczne wydarzenia \u015brodowiska lokalnego.<\/p>\n\n\n\n<p><strong>Wdra\u017camy Wasze marzenia w \u017cycie!<\/strong><\/p>\n\n\n\n<div style=\"height:30px\" aria-hidden=\"true\" class=\"wp-block-spacer\"><\/div>\n\n\n\n<hr class=\"wp-block-separator has-text-color has-primary-color has-css-opacity has-primary-background-color has-background is-style-wide\"\/>\n\n\n\n<div style=\"height:50px\" aria-hidden=\"true\" class=\"wp-block-spacer\"><\/div>\n\n\n\n<div class=\"wp-block-columns is-layout-flex wp-container-core-columns-is-layout-9d6595d7 wp-block-columns-is-layout-flex\">\n<div class=\"wp-block-column is-layout-flow wp-block-column-is-layout-flow\" style=\"flex-basis:33.33%\">\n<div id=\"lom\"><\/div><figure class=\"wp-block-image size-large\"><img data-recalc-dims=\"1\" decoding=\"async\" width=\"646\" height=\"356\" src=\"https:\/\/i0.wp.com\/zsp.wegrow.pl\/wp-content\/uploads\/2021\/03\/lom.jpg?resize=646%2C356\" alt=\"\" class=\"wp-image-5780\" srcset=\"https:\/\/i0.wp.com\/zsp.wegrow.pl\/wp-content\/uploads\/2021\/03\/lom.jpg?w=646&amp;ssl=1 646w, https:\/\/i0.wp.com\/zsp.wegrow.pl\/wp-content\/uploads\/2021\/03\/lom.jpg?resize=300%2C165&amp;ssl=1 300w, https:\/\/i0.wp.com\/zsp.wegrow.pl\/wp-content\/uploads\/2021\/03\/lom.jpg?resize=150%2C83&amp;ssl=1 150w, https:\/\/i0.wp.com\/zsp.wegrow.pl\/wp-content\/uploads\/2021\/03\/lom.jpg?resize=24%2C13&amp;ssl=1 24w, https:\/\/i0.wp.com\/zsp.wegrow.pl\/wp-content\/uploads\/2021\/03\/lom.jpg?resize=36%2C20&amp;ssl=1 36w, https:\/\/i0.wp.com\/zsp.wegrow.pl\/wp-content\/uploads\/2021\/03\/lom.jpg?resize=48%2C26&amp;ssl=1 48w\" sizes=\"(max-width: 646px) 100vw, 646px\" \/><\/figure>\n<\/div>\n\n\n\n<div class=\"wp-block-column is-vertically-aligned-bottom is-layout-flow wp-block-column-is-layout-flow\" style=\"flex-basis:66.66%\">\n<h3 class=\"wp-block-heading\"><strong>LO \u2013 PROFIL <\/strong>WOJSKOWY ODDZIA\u0141 PRZYGOTOWANIA WOJSKOWEGO<\/h3>\n<\/div>\n<\/div>\n\n\n\n<p class=\"has-text-align-justify\">Program szkolenia dla OPW obejmuje co najmniej 230 godzin zaj\u0119\u0107 w czteroletnim cyklu szkoleniowym, wspomagany przez patronack\u0105 jednostk\u0119 wojskow\u0105.<\/p>\n\n\n\n<p class=\"has-text-align-justify\"><br><strong>W TRAKCIE KSZTA\u0141CENIA UCZE\u0143 ZDOBYWA WIEDZ\u0118 I UMIEJ\u0118TNO\u015aCI:<\/strong><\/p>\n\n\n\n<ul class=\"wp-block-list\">\n<li>z zakresu szkolenia bojowego (w tym m.in. taktyk\u0119, szkolenie strzeleckie, rozpoznanie, obron\u0119 przed broni\u0105 masowego ra\u017cenia, \u0142\u0105czno\u015b\u0107, terenoznawstwo, szkolenie medyczne, in\u017cynieryjno-saperskie oraz sprawno\u015bciowe);<\/li>\n\n\n\n<li>z zakresu szkolenia logistycznego (m.in. budowa i eksploatacja sprz\u0119tu, ochrona \u015brodowiska, profilaktyka po\u017carowa);<\/li>\n\n\n\n<li>szkolenie z zakresu wybranych przepis\u00f3w prawa (w tym zagadnienia z ochrony informacji niejawnych);<\/li>\n\n\n\n<li>z zakresu podstaw wychowania wojskowego (musztra, regulaminy wojskowe, wiedza o Si\u0142ach Zbrojnych RP).<\/li>\n\n\n\n<li>program ko\u0144czy w klasie czwartej ob\u00f3z szkoleniowy w jednostce wojskowej.<\/li>\n<\/ul>\n\n\n\n<p class=\"has-text-align-justify\"><strong>Korzy\u015bci dla absolwenta Oddzia\u0142u Przygotowania Wojskowego:<\/strong><\/p>\n\n\n\n<ul class=\"wp-block-list\">\n<li>absolwenci szk\u00f3\u0142 OPW b\u0119d\u0105 mogli liczy\u0107 na u\u0142atwienia w rekrutacji do s\u0142u\u017cby wojskowej oraz w dalszym kszta\u0142ceniu w uczelniach wojskowych,<\/li>\n\n\n\n<li>preferencje w trakcie naboru do Wojsk Obrony Terytorialnej,<\/li>\n\n\n\n<li>b\u0119d\u0105 uprawnieni do odbycia skr\u00f3conej s\u0142u\u017cby przygotowawczej, ka\u017cdy, kto tak\u0105 s\u0142u\u017cb\u0119 odb\u0119dzie i z\u0142o\u017cy przysi\u0119g\u0119, stanie si\u0119 \u017co\u0142nierzem rezerwy,<\/li>\n\n\n\n<li>uzyskanie certyfikatu uko\u0144czenia szkolenia wojskowego.<\/li>\n<\/ul>\n\n\n\n<p class=\"has-text-align-justify\">Klasy mundurowe, to<strong> klasy reprezentacyjne naszej szko\u0142y.<\/strong> Zaanga\u017cowane w patriotyczne i spo\u0142eczne wydarzenia \u015brodowiska lokalnego.<\/p>\n\n\n\n<p class=\"has-text-align-justify\">W kszta\u0142ceniu og\u00f3lnym oferujemy <strong>trzy j\u0119zyki obce:<\/strong> angielski, rosyjski lub niemiecki (do wyboru) oraz rozszerzenia przedmiot\u00f3w wed\u0142ug potrzeb do dalszej edukacji na studiach wy\u017cszych.<\/p>\n\n\n\n<p class=\"has-text-align-justify\">Dodatkowo istnieje mo\u017cliwo\u015b\u0107 rozwijania pasji w szkolnych <strong>k\u00f3\u0142kach zainteresowa\u0144<\/strong>: zesp\u00f3\u0142 muzyczny, grupa rekonstrukcyjna Kosynier\u00f3w, SKS.<\/p>\n\n\n\n<p><\/p>\n","protected":false},"excerpt":{"rendered":"<p>W ramach II LICEUM OG\u00d3LNOKSZTA\u0141C\u0104CEGO funkcjonuje: KLASA O PROFILU: &#8211; WOJSKOWYM ODDZIA\u0141 PRZYGOTOWANIA WOJSKOWEGO (dla dziewcz\u0105t i ch\u0142opc\u00f3w) Liceum Og\u00f3lnokszta\u0142c\u0105ce o profilu wojskowym \u2013 Oddzia\u0142 Przygotowania Wojskowego (dla dziewcz\u0105t i ch\u0142opc\u00f3w) Klasa przeznaczona jest dla<\/p>\n","protected":false},"author":1,"featured_media":0,"parent":0,"menu_order":0,"comment_status":"closed","ping_status":"closed","template":"template-centered.php","meta":{"ngg_post_thumbnail":0,"_themeisle_gutenberg_block_has_review":false,"footnotes":""},"class_list":["post-4584","page","type-page","status-publish","hentry"],"jetpack_sharing_enabled":true,"jetpack_shortlink":"https:\/\/wp.me\/PaT2nI-1bW","_links":{"self":[{"href":"https:\/\/zsp.wegrow.pl\/index.php\/wp-json\/wp\/v2\/pages\/4584","targetHints":{"allow":["GET"]}}],"collection":[{"href":"https:\/\/zsp.wegrow.pl\/index.php\/wp-json\/wp\/v2\/pages"}],"about":[{"href":"https:\/\/zsp.wegrow.pl\/index.php\/wp-json\/wp\/v2\/types\/page"}],"author":[{"embeddable":true,"href":"https:\/\/zsp.wegrow.pl\/index.php\/wp-json\/wp\/v2\/users\/1"}],"replies":[{"embeddable":true,"href":"https:\/\/zsp.wegrow.pl\/index.php\/wp-json\/wp\/v2\/comments?post=4584"}],"version-history":[{"count":26,"href":"https:\/\/zsp.wegrow.pl\/index.php\/wp-json\/wp\/v2\/pages\/4584\/revisions"}],"predecessor-version":[{"id":15238,"href":"https:\/\/zsp.wegrow.pl\/index.php\/wp-json\/wp\/v2\/pages\/4584\/revisions\/15238"}],"wp:attachment":[{"href":"https:\/\/zsp.wegrow.pl\/index.php\/wp-json\/wp\/v2\/media?parent=4584"}],"curies":[{"name":"wp","href":"https:\/\/api.w.org\/{rel}","templated":true}]}}