{"id":4609,"date":"2020-05-05T23:43:44","date_gmt":"2020-05-05T21:43:44","guid":{"rendered":"http:\/\/zsp.wegrow.pl\/?page_id=4609"},"modified":"2026-03-03T18:40:50","modified_gmt":"2026-03-03T17:40:50","slug":"liceum-ogolnoksztalcace-dla-doroslych","status":"publish","type":"page","link":"https:\/\/zsp.wegrow.pl\/index.php\/liceum-ogolnoksztalcace-dla-doroslych\/","title":{"rendered":"LICEUM OG\u00d3LNOKSZTA\u0141C\u0104CE DLA DOROS\u0141YCH"},"content":{"rendered":"<div class=\"wp-block-image\">\n<figure class=\"aligncenter size-full\"><a href=\"https:\/\/i0.wp.com\/zsp.wegrow.pl\/wp-content\/uploads\/2021\/03\/folder-LOD.jpg\" target=\"_blank\" rel=\"noopener noreferrer\"><img data-recalc-dims=\"1\" fetchpriority=\"high\" decoding=\"async\" width=\"840\" height=\"1188\" src=\"https:\/\/i0.wp.com\/zsp.wegrow.pl\/wp-content\/uploads\/2021\/03\/folder-LOD.jpg?resize=840%2C1188\" alt=\"\" class=\"wp-image-5761\" srcset=\"https:\/\/i0.wp.com\/zsp.wegrow.pl\/wp-content\/uploads\/2021\/03\/folder-LOD.jpg?w=1754&amp;ssl=1 1754w, https:\/\/i0.wp.com\/zsp.wegrow.pl\/wp-content\/uploads\/2021\/03\/folder-LOD.jpg?resize=212%2C300&amp;ssl=1 212w, https:\/\/i0.wp.com\/zsp.wegrow.pl\/wp-content\/uploads\/2021\/03\/folder-LOD.jpg?resize=724%2C1024&amp;ssl=1 724w, https:\/\/i0.wp.com\/zsp.wegrow.pl\/wp-content\/uploads\/2021\/03\/folder-LOD.jpg?resize=106%2C150&amp;ssl=1 106w, https:\/\/i0.wp.com\/zsp.wegrow.pl\/wp-content\/uploads\/2021\/03\/folder-LOD.jpg?resize=768%2C1086&amp;ssl=1 768w, https:\/\/i0.wp.com\/zsp.wegrow.pl\/wp-content\/uploads\/2021\/03\/folder-LOD.jpg?resize=1086%2C1536&amp;ssl=1 1086w, https:\/\/i0.wp.com\/zsp.wegrow.pl\/wp-content\/uploads\/2021\/03\/folder-LOD.jpg?resize=1448%2C2048&amp;ssl=1 1448w, https:\/\/i0.wp.com\/zsp.wegrow.pl\/wp-content\/uploads\/2021\/03\/folder-LOD.jpg?resize=17%2C24&amp;ssl=1 17w, https:\/\/i0.wp.com\/zsp.wegrow.pl\/wp-content\/uploads\/2021\/03\/folder-LOD.jpg?resize=25%2C36&amp;ssl=1 25w, https:\/\/i0.wp.com\/zsp.wegrow.pl\/wp-content\/uploads\/2021\/03\/folder-LOD.jpg?resize=34%2C48&amp;ssl=1 34w, https:\/\/i0.wp.com\/zsp.wegrow.pl\/wp-content\/uploads\/2021\/03\/folder-LOD.jpg?w=1680&amp;ssl=1 1680w\" sizes=\"(max-width: 840px) 100vw, 840px\" \/><\/a><\/figure>\n<\/div>\n\n\n<div style=\"height:50px\" aria-hidden=\"true\" class=\"wp-block-spacer\"><\/div>\n\n\n\n<hr class=\"wp-block-separator has-text-color has-secondary-color has-css-opacity has-secondary-background-color has-background is-style-wide\"\/>\n\n\n\n<div style=\"height:50px\" aria-hidden=\"true\" class=\"wp-block-spacer\"><\/div>\n\n\n\n<p class=\"has-text-align-center\"><strong>Drodzy absolwenci Bran\u017cowej Szko\u0142y I stopnia,<\/strong><br><strong>zapraszamy Was do Liceum Og\u00f3lnokszta\u0142c\u0105cego Dla Doros\u0142ych.<\/strong><\/p>\n\n\n\n<p class=\"has-text-align-justify\">Proponujemy zaj\u0119cia w trybie zaocznym (dwa razy w miesi\u0105cu w pi\u0105tki i soboty). Kszta\u0142cenie obejmuje przedmioty og\u00f3lnokszta\u0142c\u0105ce. Oferujemy zdobywanie wiedzy w sympatycznej i \u017cyczliwej atmosferze oraz przygotowanie do egzaminu maturalnego. Uko\u0144czenie Liceum Og\u00f3lnokszta\u0142c\u0105cego dla Doros\u0142ych daje mo\u017cliwo\u015b\u0107 przyst\u0105pienia do matury i otrzymanie \u015bwiadectwa dojrza\u0142o\u015bci po zdaniu egzaminu maturalnego. Dzi\u0119ki temu mo\u017cliwe jest dalsze kontynuowanie nauki.<br>Liceum og\u00f3lnokszta\u0142c\u0105ce dla doros\u0142ych to wa\u017cny krok w stron\u0119 wykszta\u0142cenia cenionego na rynku pracy.<\/p>\n\n\n\n<div style=\"height:50px\" aria-hidden=\"true\" class=\"wp-block-spacer\"><\/div>\n\n\n\n<p class=\"has-text-align-center\"><strong>Zasady rekrutacji<\/strong><br><strong>do Liceum Og\u00f3lnokszta\u0142c\u0105cego dla Doros\u0142ych<\/strong><br>w Zespole Szk\u00f3\u0142 Ponadpodstawowych im. Jana Kochanowskiego w W\u0119growie<\/p>\n\n\n\n<p><em>Podstawa prawna:<\/em><br><em>Ustawa z dnia 14 grudnia 2016 r. Prawo o\u015bwiatowe \u2013 Rozdzia\u0142 6 art. 130 \u2013 164 pn. \u201ePrzyjmowanie do publicznych przedszkoli, publicznych innych form wychowania przedszkolnego, publicznych szk\u00f3\u0142 i publicznych plac\u00f3wek\u201d (Dz. U. z 2019 r. poz. 1148 ze zm.).<\/em><\/p>\n\n\n\n<ol style=\"list-style-type:1\" class=\"wp-block-list\">\n<li>Do Liceum Og\u00f3lnokszta\u0142c\u0105cego dla Doros\u0142ych w W\u0119growie (forma zaoczna) prowadzony b\u0119dzie nab\u00f3r na rok szkolny 2026\/2027:<\/li>\n<\/ol>\n\n\n\n<div class=\"wp-block-file\"><a id=\"wp-block-file--media-3c6dd3f2-1d19-460b-8322-d5705140bbaa\" href=\"https:\/\/zsp.wegrow.pl\/wp-content\/uploads\/2026\/03\/Wniosek-do-szkoly-dla-doroslych-26-27.pdf\">Wniosek-do-szkoly-dla-doroslych-26-27<\/a><a href=\"https:\/\/zsp.wegrow.pl\/wp-content\/uploads\/2026\/03\/Wniosek-do-szkoly-dla-doroslych-26-27.pdf\" class=\"wp-block-file__button wp-element-button\" download aria-describedby=\"wp-block-file--media-3c6dd3f2-1d19-460b-8322-d5705140bbaa\">Pobierz<\/a><\/div>\n\n\n\n<ol start=\"2\" class=\"wp-block-list\">\n<li>Rekrutacja do Liceum Og\u00f3lnokszta\u0142c\u0105cego dla Doros\u0142ych prowadzona b\u0119dzie w oparciu o wnioski (druk do pobrania ze strony internetowej lub w sekretariacie szko\u0142y) i \u015bwiadectwa uko\u0144czenia szko\u0142y ni\u017cszego etapu kszta\u0142cenia, z\u0142o\u017cone w sekretariacie szko\u0142y.<\/li>\n\n\n\n<li>O przyj\u0119cie do Liceum Og\u00f3lnokszta\u0142c\u0105cego dla Doros\u0142ych mo\u017ce ubiega\u0107 si\u0119 absolwent zsz i bran\u017cowej szko\u0142y I stopnia.<\/li>\n\n\n\n<li>Nauka trwa 4 lata. Absolwenci, kt\u00f3rzy uko\u0144czyli zasadnicz\u0105 szko\u0142\u0119 zawodow\u0105 od 2015 r. oraz bran\u017cow\u0105 szko\u0142\u0119 I stopnia &#8211; mog\u0105 ubiega\u0107 si\u0119 o przyj\u0119cie do klasy II na semestr III (3 lata).<\/li>\n\n\n\n<li>Zak\u0142ada si\u0119 przyj\u0119cie kandydat\u00f3w, kt\u00f3rzy z\u0142o\u017c\u0105 dokumenty potwierdzaj\u0105ce spe\u0142nienie warunk\u00f3w podanych w punktach 2-4.<\/li>\n<\/ol>\n","protected":false},"excerpt":{"rendered":"<p>Drodzy absolwenci Bran\u017cowej Szko\u0142y I stopnia,zapraszamy Was do Liceum Og\u00f3lnokszta\u0142c\u0105cego Dla Doros\u0142ych. Proponujemy zaj\u0119cia w trybie zaocznym (dwa razy w miesi\u0105cu w pi\u0105tki i soboty). Kszta\u0142cenie obejmuje przedmioty og\u00f3lnokszta\u0142c\u0105ce. Oferujemy zdobywanie wiedzy w sympatycznej i<\/p>\n","protected":false},"author":1,"featured_media":0,"parent":0,"menu_order":0,"comment_status":"closed","ping_status":"closed","template":"template-centered.php","meta":{"ngg_post_thumbnail":0,"_themeisle_gutenberg_block_has_review":false,"jetpack_post_was_ever_published":false,"footnotes":""},"class_list":["post-4609","page","type-page","status-publish","hentry"],"jetpack_sharing_enabled":true,"jetpack_shortlink":"https:\/\/wp.me\/PaT2nI-1cl","_links":{"self":[{"href":"https:\/\/zsp.wegrow.pl\/index.php\/wp-json\/wp\/v2\/pages\/4609","targetHints":{"allow":["GET"]}}],"collection":[{"href":"https:\/\/zsp.wegrow.pl\/index.php\/wp-json\/wp\/v2\/pages"}],"about":[{"href":"https:\/\/zsp.wegrow.pl\/index.php\/wp-json\/wp\/v2\/types\/page"}],"author":[{"embeddable":true,"href":"https:\/\/zsp.wegrow.pl\/index.php\/wp-json\/wp\/v2\/users\/1"}],"replies":[{"embeddable":true,"href":"https:\/\/zsp.wegrow.pl\/index.php\/wp-json\/wp\/v2\/comments?post=4609"}],"version-history":[{"count":10,"href":"https:\/\/zsp.wegrow.pl\/index.php\/wp-json\/wp\/v2\/pages\/4609\/revisions"}],"predecessor-version":[{"id":19505,"href":"https:\/\/zsp.wegrow.pl\/index.php\/wp-json\/wp\/v2\/pages\/4609\/revisions\/19505"}],"wp:attachment":[{"href":"https:\/\/zsp.wegrow.pl\/index.php\/wp-json\/wp\/v2\/media?parent=4609"}],"curies":[{"name":"wp","href":"https:\/\/api.w.org\/{rel}","templated":true}]}}