{"id":4668,"date":"2020-05-08T21:10:18","date_gmt":"2020-05-08T19:10:18","guid":{"rendered":"http:\/\/zsp.wegrow.pl\/?page_id=4668"},"modified":"2020-05-08T21:16:35","modified_gmt":"2020-05-08T19:16:35","slug":"wspolpraca","status":"publish","type":"page","link":"https:\/\/zsp.wegrow.pl\/index.php\/wspolpraca\/","title":{"rendered":"Wsp\u00f3\u0142praca"},"content":{"rendered":"\n<div class=\"wp-block-columns is-layout-flex wp-container-core-columns-is-layout-9d6595d7 wp-block-columns-is-layout-flex\">\n<div class=\"wp-block-column is-layout-flow wp-block-column-is-layout-flow\">\n<div class=\"wp-block-image\"><figure class=\"aligncenter size-large is-resized\"><img data-recalc-dims=\"1\" decoding=\"async\" src=\"https:\/\/i0.wp.com\/zsp.wegrow.pl\/wp-content\/uploads\/2020\/05\/kochanowski.png?resize=161%2C202\" alt=\"\" class=\"wp-image-4580\" width=\"161\" height=\"202\"\/><\/figure><\/div>\n<\/div>\n\n\n\n<div class=\"wp-block-column is-layout-flow wp-block-column-is-layout-flow\">\n<figure class=\"wp-block-image size-large is-resized\"><img data-recalc-dims=\"1\" decoding=\"async\" src=\"https:\/\/i0.wp.com\/zsp.wegrow.pl\/wp-content\/uploads\/2020\/02\/cropped-OHP_strona.jpg?resize=207%2C207\" alt=\"\" class=\"wp-image-4227\" width=\"207\" height=\"207\" srcset=\"https:\/\/i0.wp.com\/zsp.wegrow.pl\/wp-content\/uploads\/2020\/02\/cropped-OHP_strona.jpg?w=300&amp;ssl=1 300w, https:\/\/i0.wp.com\/zsp.wegrow.pl\/wp-content\/uploads\/2020\/02\/cropped-OHP_strona.jpg?resize=150%2C150&amp;ssl=1 150w\" sizes=\"(max-width: 207px) 100vw, 207px\" \/><\/figure>\n<\/div>\n<\/div>\n\n\n\n<p class=\"has-drop-cap has-text-align-justify\">Nasza szko\u0142a wsp\u00f3\u0142pracuj\u0105c z Centrum Edukacji i Pracy M\u0142odzie\u017cy OHP w Siedlcach stwarza uczniom&nbsp; mo\u017cliwo\u015b\u0107 poznania us\u0142ug \u015bwiadczonych przez instytucje na rzecz m\u0142odych ludzi. Specyfika aktualnego rynku pracy oraz zr\u00f3\u017cnicowanie&nbsp; jednostek rynku pracy to istotne aspekty, kt\u00f3re powinni bra\u0107 pod uwag\u0119 uczniowie planuj\u0105c swoj\u0105 karier\u0119 zawodow\u0105.<\/p>\n\n\n\n<p class=\"has-text-align-justify\">Jednostki OHP z Siedlce, tj. Centrum Edukacji i Pracy M\u0142odzie\u017cy, oraz Hufiec Pracy \u015bwiadcz\u0105 zr\u00f3\u017cnicowane dzia\u0142ania&nbsp; dla uczni\u00f3w&nbsp; &#8211; g\u0142\u00f3wnie klas bran\u017cowych wielozawodowych w zakresie doradztwa zawodowego, po\u015brednictwa pracy, szkole\u0144 zawodowych, wsparcia wychowawczego, pedagogicznego, a tak\u017ce dodatkowo daj\u0105 mo\u017cliwo\u015b\u0107 udzia\u0142u w ciekawych&nbsp; projektach autorskich, wsp\u00f3\u0142finansowanych ze \u015brodk\u00f3w UE, wymianie mi\u0119dzynarodowej m\u0142odzie\u017cy, zdobyciu nowych kwalifikacji w ramach kurs\u00f3w, a tak\u017ce refundacj\u0119 wynagrodze\u0144 dla pracodawc\u00f3w zatrudniaj\u0105cych m\u0142odocianych pracownik\u00f3w.<\/p>\n\n\n\n<p>Wi\u0119cej informacji pod adresem:&nbsp; <a href=\"http:\/\/www.mazowiecka.ohp.pl\/\">http:\/\/www.mazowiecka.ohp.pl\/<\/a><\/p>\n\n\n\n<div class=\"wp-block-jetpack-tiled-gallery aligncenter is-style-rectangular\"><div class=\"tiled-gallery__gallery\"><div class=\"tiled-gallery__row\"><div class=\"tiled-gallery__col\"><figure class=\"tiled-gallery__item\"><a href=\"https:\/\/i0.wp.com\/zsp.wegrow.pl\/wp-content\/uploads\/2020\/05\/01.jpg\"><img decoding=\"async\" srcset=\"https:\/\/i0.wp.com\/zsp.wegrow.pl\/wp-content\/uploads\/2020\/05\/01.jpg?strip=info&#038;w=600 600w,https:\/\/i0.wp.com\/zsp.wegrow.pl\/wp-content\/uploads\/2020\/05\/01.jpg?strip=info&#038;w=900 900w,https:\/\/i0.wp.com\/zsp.wegrow.pl\/wp-content\/uploads\/2020\/05\/01.jpg?strip=info&#038;w=960 960w\" alt=\"\" data-height=\"720\" data-id=\"4674\" data-link=\"http:\/\/zsp.wegrow.pl\/?attachment_id=4674\" data-url=\"http:\/\/zsp.wegrow.pl\/wp-content\/uploads\/2020\/05\/01.jpg\" data-width=\"960\" src=\"https:\/\/i0.wp.com\/zsp.wegrow.pl\/wp-content\/uploads\/2020\/05\/01.jpg\"\/><\/a><\/figure><figure class=\"tiled-gallery__item\"><a href=\"https:\/\/i0.wp.com\/zsp.wegrow.pl\/wp-content\/uploads\/2020\/05\/02.jpg\"><img decoding=\"async\" srcset=\"https:\/\/i0.wp.com\/zsp.wegrow.pl\/wp-content\/uploads\/2020\/05\/02.jpg?strip=info&#038;w=600 600w,https:\/\/i0.wp.com\/zsp.wegrow.pl\/wp-content\/uploads\/2020\/05\/02.jpg?strip=info&#038;w=900 900w,https:\/\/i0.wp.com\/zsp.wegrow.pl\/wp-content\/uploads\/2020\/05\/02.jpg?strip=info&#038;w=960 960w\" alt=\"\" data-height=\"720\" data-id=\"4675\" data-link=\"http:\/\/zsp.wegrow.pl\/?attachment_id=4675\" data-url=\"http:\/\/zsp.wegrow.pl\/wp-content\/uploads\/2020\/05\/02.jpg\" data-width=\"960\" src=\"https:\/\/i0.wp.com\/zsp.wegrow.pl\/wp-content\/uploads\/2020\/05\/02.jpg\"\/><\/a><\/figure><\/div><div class=\"tiled-gallery__col\"><figure class=\"tiled-gallery__item\"><a href=\"https:\/\/i0.wp.com\/zsp.wegrow.pl\/wp-content\/uploads\/2020\/05\/03.jpg\"><img decoding=\"async\" srcset=\"https:\/\/i0.wp.com\/zsp.wegrow.pl\/wp-content\/uploads\/2020\/05\/03.jpg?strip=info&#038;w=600 600w,https:\/\/i0.wp.com\/zsp.wegrow.pl\/wp-content\/uploads\/2020\/05\/03.jpg?strip=info&#038;w=900 900w,https:\/\/i0.wp.com\/zsp.wegrow.pl\/wp-content\/uploads\/2020\/05\/03.jpg?strip=info&#038;w=1200 1200w,https:\/\/i0.wp.com\/zsp.wegrow.pl\/wp-content\/uploads\/2020\/05\/03.jpg?strip=info&#038;w=1414 1414w\" alt=\"\" data-height=\"2000\" data-id=\"4676\" data-link=\"http:\/\/zsp.wegrow.pl\/?attachment_id=4676\" data-url=\"http:\/\/zsp.wegrow.pl\/wp-content\/uploads\/2020\/05\/03.jpg\" data-width=\"1414\" src=\"https:\/\/i0.wp.com\/zsp.wegrow.pl\/wp-content\/uploads\/2020\/05\/03.jpg\"\/><\/a><\/figure><\/div><\/div><\/div><\/div>\n","protected":false},"excerpt":{"rendered":"<p>Nasza szko\u0142a wsp\u00f3\u0142pracuj\u0105c z Centrum Edukacji i Pracy M\u0142odzie\u017cy OHP w Siedlcach stwarza uczniom&nbsp; mo\u017cliwo\u015b\u0107 poznania us\u0142ug \u015bwiadczonych przez instytucje na rzecz m\u0142odych ludzi. Specyfika aktualnego rynku pracy oraz zr\u00f3\u017cnicowanie&nbsp; jednostek rynku pracy to istotne<\/p>\n","protected":false},"author":1,"featured_media":0,"parent":0,"menu_order":0,"comment_status":"closed","ping_status":"closed","template":"template-centered.php","meta":{"ngg_post_thumbnail":0,"_themeisle_gutenberg_block_has_review":false,"jetpack_post_was_ever_published":false,"footnotes":""},"class_list":["post-4668","page","type-page","status-publish","hentry"],"jetpack_sharing_enabled":true,"jetpack_shortlink":"https:\/\/wp.me\/PaT2nI-1di","_links":{"self":[{"href":"https:\/\/zsp.wegrow.pl\/index.php\/wp-json\/wp\/v2\/pages\/4668","targetHints":{"allow":["GET"]}}],"collection":[{"href":"https:\/\/zsp.wegrow.pl\/index.php\/wp-json\/wp\/v2\/pages"}],"about":[{"href":"https:\/\/zsp.wegrow.pl\/index.php\/wp-json\/wp\/v2\/types\/page"}],"author":[{"embeddable":true,"href":"https:\/\/zsp.wegrow.pl\/index.php\/wp-json\/wp\/v2\/users\/1"}],"replies":[{"embeddable":true,"href":"https:\/\/zsp.wegrow.pl\/index.php\/wp-json\/wp\/v2\/comments?post=4668"}],"version-history":[{"count":8,"href":"https:\/\/zsp.wegrow.pl\/index.php\/wp-json\/wp\/v2\/pages\/4668\/revisions"}],"predecessor-version":[{"id":4682,"href":"https:\/\/zsp.wegrow.pl\/index.php\/wp-json\/wp\/v2\/pages\/4668\/revisions\/4682"}],"wp:attachment":[{"href":"https:\/\/zsp.wegrow.pl\/index.php\/wp-json\/wp\/v2\/media?parent=4668"}],"curies":[{"name":"wp","href":"https:\/\/api.w.org\/{rel}","templated":true}]}}