{"id":5372,"date":"2020-12-02T09:24:03","date_gmt":"2020-12-02T08:24:03","guid":{"rendered":"http:\/\/zsp.wegrow.pl\/?page_id=5372"},"modified":"2026-02-01T17:46:30","modified_gmt":"2026-02-01T16:46:30","slug":"praktyki-zagraniczne-grecja","status":"publish","type":"page","link":"https:\/\/zsp.wegrow.pl\/index.php\/praktyki-zagraniczne-grecja\/","title":{"rendered":"Praktyki zagraniczne Erasmus"},"content":{"rendered":"\n<hr class=\"wp-block-separator has-text-color has-black-color has-alpha-channel-opacity has-black-background-color has-background is-style-wide\"\/>\n\n\n\n<div style=\"height:50px\" aria-hidden=\"true\" class=\"wp-block-spacer\"><\/div>\n\n\n\n<p class=\"has-text-align-center\"><a href=\"https:\/\/zsp.wegrow.pl\/index.php\/akredytacja-erasmusa-dzialanie-v\/\">Akredytacja Erasmusa &#8211; dzia\u0142anie V<\/a><\/p>\n\n\n\n<div style=\"height:50px\" aria-hidden=\"true\" class=\"wp-block-spacer\"><\/div>\n\n\n\n<hr class=\"wp-block-separator has-text-color has-black-color has-alpha-channel-opacity has-black-background-color has-background is-style-wide\"\/>\n\n\n\n<div style=\"height:50px\" aria-hidden=\"true\" class=\"wp-block-spacer\"><\/div>\n\n\n\n<p class=\"has-text-align-center\"><a href=\"https:\/\/zsp.wegrow.pl\/index.php\/akredytacja-erasmusa-dzialanie-iv\/\" data-type=\"page\" data-id=\"16837\">Akredytacja Erasmusa \u2013 dzia\u0142anie IV<\/a><\/p>\n\n\n\n<div style=\"height:50px\" aria-hidden=\"true\" class=\"wp-block-spacer\"><\/div>\n\n\n\n<hr class=\"wp-block-separator has-text-color has-black-color has-alpha-channel-opacity has-black-background-color has-background is-style-wide\"\/>\n\n\n\n<figure class=\"wp-block-image size-large\"><img data-recalc-dims=\"1\" fetchpriority=\"high\" decoding=\"async\" width=\"840\" height=\"359\" src=\"https:\/\/i0.wp.com\/zsp.wegrow.pl\/wp-content\/uploads\/2024\/01\/logo-1.png?resize=840%2C359&#038;ssl=1\" alt=\"\" class=\"wp-image-13951\" srcset=\"https:\/\/i0.wp.com\/zsp.wegrow.pl\/wp-content\/uploads\/2024\/01\/logo-1.png?resize=1024%2C438&amp;ssl=1 1024w, https:\/\/i0.wp.com\/zsp.wegrow.pl\/wp-content\/uploads\/2024\/01\/logo-1.png?resize=300%2C128&amp;ssl=1 300w, https:\/\/i0.wp.com\/zsp.wegrow.pl\/wp-content\/uploads\/2024\/01\/logo-1.png?resize=150%2C64&amp;ssl=1 150w, https:\/\/i0.wp.com\/zsp.wegrow.pl\/wp-content\/uploads\/2024\/01\/logo-1.png?resize=768%2C329&amp;ssl=1 768w, https:\/\/i0.wp.com\/zsp.wegrow.pl\/wp-content\/uploads\/2024\/01\/logo-1.png?resize=1536%2C657&amp;ssl=1 1536w, https:\/\/i0.wp.com\/zsp.wegrow.pl\/wp-content\/uploads\/2024\/01\/logo-1.png?resize=2048%2C876&amp;ssl=1 2048w, https:\/\/i0.wp.com\/zsp.wegrow.pl\/wp-content\/uploads\/2024\/01\/logo-1.png?resize=24%2C10&amp;ssl=1 24w, https:\/\/i0.wp.com\/zsp.wegrow.pl\/wp-content\/uploads\/2024\/01\/logo-1.png?resize=36%2C15&amp;ssl=1 36w, https:\/\/i0.wp.com\/zsp.wegrow.pl\/wp-content\/uploads\/2024\/01\/logo-1.png?resize=48%2C21&amp;ssl=1 48w, https:\/\/i0.wp.com\/zsp.wegrow.pl\/wp-content\/uploads\/2024\/01\/logo-1.png?w=1680&amp;ssl=1 1680w, https:\/\/i0.wp.com\/zsp.wegrow.pl\/wp-content\/uploads\/2024\/01\/logo-1.png?w=2520&amp;ssl=1 2520w\" sizes=\"(max-width: 840px) 100vw, 840px\" \/><\/figure>\n\n\n\n<p class=\"has-text-align-center\"><a href=\"https:\/\/zsp.wegrow.pl\/index.php\/akredytacja-erasmusa-dzialanie-iii\/\" data-type=\"page\" data-id=\"12179\">Akredytacja Erasmusa &#8211; dzia\u0142anie III<\/a><\/p>\n\n\n\n<div style=\"height:50px\" aria-hidden=\"true\" class=\"wp-block-spacer\"><\/div>\n\n\n\n<hr class=\"wp-block-separator has-text-color has-black-color has-alpha-channel-opacity has-black-background-color has-background is-style-wide\"\/>\n\n\n\n<figure class=\"wp-block-image size-large\"><img data-recalc-dims=\"1\" decoding=\"async\" width=\"840\" height=\"420\" src=\"https:\/\/i0.wp.com\/zsp.wegrow.pl\/wp-content\/uploads\/2023\/02\/praktyki-Padwa-tytul.jpg?resize=840%2C420&#038;ssl=1\" alt=\"\" class=\"wp-image-10147\" srcset=\"https:\/\/i0.wp.com\/zsp.wegrow.pl\/wp-content\/uploads\/2023\/02\/praktyki-Padwa-tytul.jpg?resize=1024%2C512&amp;ssl=1 1024w, https:\/\/i0.wp.com\/zsp.wegrow.pl\/wp-content\/uploads\/2023\/02\/praktyki-Padwa-tytul.jpg?resize=300%2C150&amp;ssl=1 300w, https:\/\/i0.wp.com\/zsp.wegrow.pl\/wp-content\/uploads\/2023\/02\/praktyki-Padwa-tytul.jpg?resize=150%2C75&amp;ssl=1 150w, https:\/\/i0.wp.com\/zsp.wegrow.pl\/wp-content\/uploads\/2023\/02\/praktyki-Padwa-tytul.jpg?resize=768%2C384&amp;ssl=1 768w, https:\/\/i0.wp.com\/zsp.wegrow.pl\/wp-content\/uploads\/2023\/02\/praktyki-Padwa-tytul.jpg?resize=1200%2C600&amp;ssl=1 1200w, https:\/\/i0.wp.com\/zsp.wegrow.pl\/wp-content\/uploads\/2023\/02\/praktyki-Padwa-tytul.jpg?resize=24%2C12&amp;ssl=1 24w, https:\/\/i0.wp.com\/zsp.wegrow.pl\/wp-content\/uploads\/2023\/02\/praktyki-Padwa-tytul.jpg?resize=36%2C18&amp;ssl=1 36w, https:\/\/i0.wp.com\/zsp.wegrow.pl\/wp-content\/uploads\/2023\/02\/praktyki-Padwa-tytul.jpg?resize=48%2C24&amp;ssl=1 48w, https:\/\/i0.wp.com\/zsp.wegrow.pl\/wp-content\/uploads\/2023\/02\/praktyki-Padwa-tytul.jpg?w=1500&amp;ssl=1 1500w\" sizes=\"(max-width: 840px) 100vw, 840px\" \/><\/figure>\n\n\n\n<p class=\"has-text-align-center\"><a href=\"https:\/\/zsp.wegrow.pl\/index.php\/akredytacja-erasmusa-dzialanie-ii\/\" data-type=\"page\" data-id=\"10125\">Akredytacja Erasmusa &#8211; dzia\u0142anie II<\/a><\/p>\n\n\n\n<div style=\"height:50px\" aria-hidden=\"true\" class=\"wp-block-spacer\"><\/div>\n\n\n\n<hr class=\"wp-block-separator has-text-color has-black-color has-alpha-channel-opacity has-black-background-color has-background is-style-wide\"\/>\n\n\n\n<figure class=\"wp-block-image size-full\"><img data-recalc-dims=\"1\" decoding=\"async\" width=\"840\" height=\"294\" src=\"https:\/\/i0.wp.com\/zsp.wegrow.pl\/wp-content\/uploads\/2022\/01\/praktyki-zagraniczne-Grecja-2022_D.jpg?resize=840%2C294\" alt=\"\" class=\"wp-image-7159\" srcset=\"https:\/\/i0.wp.com\/zsp.wegrow.pl\/wp-content\/uploads\/2022\/01\/praktyki-zagraniczne-Grecja-2022_D.jpg?w=1160&amp;ssl=1 1160w, https:\/\/i0.wp.com\/zsp.wegrow.pl\/wp-content\/uploads\/2022\/01\/praktyki-zagraniczne-Grecja-2022_D.jpg?resize=300%2C105&amp;ssl=1 300w, https:\/\/i0.wp.com\/zsp.wegrow.pl\/wp-content\/uploads\/2022\/01\/praktyki-zagraniczne-Grecja-2022_D.jpg?resize=1024%2C358&amp;ssl=1 1024w, https:\/\/i0.wp.com\/zsp.wegrow.pl\/wp-content\/uploads\/2022\/01\/praktyki-zagraniczne-Grecja-2022_D.jpg?resize=150%2C53&amp;ssl=1 150w, https:\/\/i0.wp.com\/zsp.wegrow.pl\/wp-content\/uploads\/2022\/01\/praktyki-zagraniczne-Grecja-2022_D.jpg?resize=768%2C269&amp;ssl=1 768w, https:\/\/i0.wp.com\/zsp.wegrow.pl\/wp-content\/uploads\/2022\/01\/praktyki-zagraniczne-Grecja-2022_D.jpg?resize=24%2C8&amp;ssl=1 24w, https:\/\/i0.wp.com\/zsp.wegrow.pl\/wp-content\/uploads\/2022\/01\/praktyki-zagraniczne-Grecja-2022_D.jpg?resize=36%2C13&amp;ssl=1 36w, https:\/\/i0.wp.com\/zsp.wegrow.pl\/wp-content\/uploads\/2022\/01\/praktyki-zagraniczne-Grecja-2022_D.jpg?resize=48%2C17&amp;ssl=1 48w\" sizes=\"(max-width: 840px) 100vw, 840px\" \/><\/figure>\n\n\n\n<p class=\"has-text-align-center\"><a href=\"https:\/\/zsp.wegrow.pl\/index.php\/akredytacja-erasmusa-dzialanie-i\/\" data-type=\"page\" data-id=\"7149\">Akredytacja Erasmusa &#8211; dzia\u0142anie I<\/a><\/p>\n\n\n\n<div style=\"height:50px\" aria-hidden=\"true\" class=\"wp-block-spacer\"><\/div>\n\n\n\n<hr class=\"wp-block-separator has-text-color has-black-color has-css-opacity has-black-background-color has-background is-style-wide\"\/>\n\n\n<div class=\"wp-block-image\">\n<figure class=\"aligncenter size-large\"><img data-recalc-dims=\"1\" loading=\"lazy\" decoding=\"async\" width=\"840\" height=\"480\" src=\"https:\/\/i0.wp.com\/zsp.wegrow.pl\/wp-content\/uploads\/2021\/05\/praktyki-zagraniczne-Grecja-2.jpg?resize=840%2C480\" alt=\"\" class=\"wp-image-6069\" srcset=\"https:\/\/i0.wp.com\/zsp.wegrow.pl\/wp-content\/uploads\/2021\/05\/praktyki-zagraniczne-Grecja-2.jpg?w=850&amp;ssl=1 850w, https:\/\/i0.wp.com\/zsp.wegrow.pl\/wp-content\/uploads\/2021\/05\/praktyki-zagraniczne-Grecja-2.jpg?resize=300%2C172&amp;ssl=1 300w, https:\/\/i0.wp.com\/zsp.wegrow.pl\/wp-content\/uploads\/2021\/05\/praktyki-zagraniczne-Grecja-2.jpg?resize=150%2C86&amp;ssl=1 150w, https:\/\/i0.wp.com\/zsp.wegrow.pl\/wp-content\/uploads\/2021\/05\/praktyki-zagraniczne-Grecja-2.jpg?resize=768%2C439&amp;ssl=1 768w, https:\/\/i0.wp.com\/zsp.wegrow.pl\/wp-content\/uploads\/2021\/05\/praktyki-zagraniczne-Grecja-2.jpg?resize=24%2C14&amp;ssl=1 24w, https:\/\/i0.wp.com\/zsp.wegrow.pl\/wp-content\/uploads\/2021\/05\/praktyki-zagraniczne-Grecja-2.jpg?resize=36%2C21&amp;ssl=1 36w, https:\/\/i0.wp.com\/zsp.wegrow.pl\/wp-content\/uploads\/2021\/05\/praktyki-zagraniczne-Grecja-2.jpg?resize=48%2C27&amp;ssl=1 48w\" sizes=\"(max-width: 840px) 100vw, 840px\" \/><\/figure>\n<\/div>\n\n\n<p class=\"has-text-align-center\"><a href=\"http:\/\/zsp.wegrow.pl\/?page_id=5382\">Inwestycja w wiedz\u0119 i umiej\u0119tno\u015bci bram\u0105 do sukcesu&nbsp;zawodowego<\/a><\/p>\n\n\n\n<div style=\"height:30px\" aria-hidden=\"true\" class=\"wp-block-spacer\"><\/div>\n\n\n\n<hr class=\"wp-block-separator has-text-color has-black-color has-css-opacity has-black-background-color has-background is-style-wide\"\/>\n\n\n<div class=\"wp-block-image\">\n<figure class=\"aligncenter size-large is-resized\"><a href=\"http:\/\/zsp.wegrow.pl\/index.php\/projekt-3-2-1-start-inwestycja-w-wiedze-brama-do-sukcesu-zawodowego\/\"><img data-recalc-dims=\"1\" loading=\"lazy\" decoding=\"async\" width=\"840\" height=\"595\" src=\"https:\/\/i0.wp.com\/zsp.wegrow.pl\/wp-content\/uploads\/2019\/08\/321.jpg?resize=840%2C595\" alt=\"\" class=\"wp-image-2159\" style=\"width:421px;height:298px\" srcset=\"https:\/\/i0.wp.com\/zsp.wegrow.pl\/wp-content\/uploads\/2019\/08\/321.jpg?w=842&amp;ssl=1 842w, https:\/\/i0.wp.com\/zsp.wegrow.pl\/wp-content\/uploads\/2019\/08\/321.jpg?resize=150%2C106&amp;ssl=1 150w, https:\/\/i0.wp.com\/zsp.wegrow.pl\/wp-content\/uploads\/2019\/08\/321.jpg?resize=300%2C212&amp;ssl=1 300w, https:\/\/i0.wp.com\/zsp.wegrow.pl\/wp-content\/uploads\/2019\/08\/321.jpg?resize=768%2C544&amp;ssl=1 768w, https:\/\/i0.wp.com\/zsp.wegrow.pl\/wp-content\/uploads\/2019\/08\/321.jpg?resize=840%2C596&amp;ssl=1 840w\" sizes=\"(max-width: 840px) 100vw, 840px\" \/><\/a><\/figure>\n<\/div>\n\n\n<p class=\"has-text-align-center\"><a href=\"http:\/\/zsp.wegrow.pl\/index.php\/projekt-3-2-1-start-inwestycja-w-wiedze-brama-do-sukcesu-zawodowego\/\">\u201e3, 2, 1 \u2013 Start! Inwestycja w wiedz\u0119 bram\u0105 do sukcesu zawodowego\u201d<\/a><\/p>\n","protected":false},"excerpt":{"rendered":"<p>Akredytacja Erasmusa &#8211; dzia\u0142anie V Akredytacja Erasmusa \u2013 dzia\u0142anie IV Akredytacja Erasmusa &#8211; dzia\u0142anie III Akredytacja Erasmusa &#8211; dzia\u0142anie II Akredytacja Erasmusa &#8211; dzia\u0142anie I Inwestycja w wiedz\u0119 i umiej\u0119tno\u015bci bram\u0105 do sukcesu&nbsp;zawodowego \u201e3, 2,<\/p>\n","protected":false},"author":1,"featured_media":0,"parent":0,"menu_order":0,"comment_status":"closed","ping_status":"closed","template":"template-centered.php","meta":{"ngg_post_thumbnail":0,"_themeisle_gutenberg_block_has_review":false,"footnotes":""},"class_list":["post-5372","page","type-page","status-publish","hentry"],"jetpack_sharing_enabled":true,"jetpack_shortlink":"https:\/\/wp.me\/PaT2nI-1oE","_links":{"self":[{"href":"https:\/\/zsp.wegrow.pl\/index.php\/wp-json\/wp\/v2\/pages\/5372","targetHints":{"allow":["GET"]}}],"collection":[{"href":"https:\/\/zsp.wegrow.pl\/index.php\/wp-json\/wp\/v2\/pages"}],"about":[{"href":"https:\/\/zsp.wegrow.pl\/index.php\/wp-json\/wp\/v2\/types\/page"}],"author":[{"embeddable":true,"href":"https:\/\/zsp.wegrow.pl\/index.php\/wp-json\/wp\/v2\/users\/1"}],"replies":[{"embeddable":true,"href":"https:\/\/zsp.wegrow.pl\/index.php\/wp-json\/wp\/v2\/comments?post=5372"}],"version-history":[{"count":20,"href":"https:\/\/zsp.wegrow.pl\/index.php\/wp-json\/wp\/v2\/pages\/5372\/revisions"}],"predecessor-version":[{"id":19331,"href":"https:\/\/zsp.wegrow.pl\/index.php\/wp-json\/wp\/v2\/pages\/5372\/revisions\/19331"}],"wp:attachment":[{"href":"https:\/\/zsp.wegrow.pl\/index.php\/wp-json\/wp\/v2\/media?parent=5372"}],"curies":[{"name":"wp","href":"https:\/\/api.w.org\/{rel}","templated":true}]}}