{"id":5394,"date":"2020-12-02T10:37:34","date_gmt":"2020-12-02T09:37:34","guid":{"rendered":"http:\/\/zsp.wegrow.pl\/?page_id=5394"},"modified":"2020-12-02T10:56:03","modified_gmt":"2020-12-02T09:56:03","slug":"ogloszenie-o-zamowieniu-na-usluge-spoleczna","status":"publish","type":"page","link":"https:\/\/zsp.wegrow.pl\/index.php\/ogloszenie-o-zamowieniu-na-usluge-spoleczna\/","title":{"rendered":"Og\u0142oszenie o zam\u00f3wieniu na us\u0142ug\u0119 spo\u0142eczn\u0105"},"content":{"rendered":"\n<div class=\"wp-block-columns has-2-columns is-layout-flex wp-container-core-columns-is-layout-9d6595d7 wp-block-columns-is-layout-flex\">\n<div class=\"wp-block-column is-layout-flow wp-block-column-is-layout-flow\">\n<p><\/p>\n<\/div>\n\n\n\n<div class=\"wp-block-column is-layout-flow wp-block-column-is-layout-flow\">\n<div class=\"wp-block-image\"><figure class=\"alignright\"><figure><a target=\"_blank\" href=\"https:\/\/www.bip.gov.pl\/\" rel=\"noopener noreferrer\"><img data-recalc-dims=\"1\" decoding=\"async\" width=\"244\" height=\"87\" src=\"https:\/\/i0.wp.com\/zsp.wegrow.pl\/wp-content\/uploads\/2019\/05\/logo_glowne.jpg?resize=244%2C87\" alt=\"\" class=\"wp-image-1351\" srcset=\"https:\/\/i0.wp.com\/zsp.wegrow.pl\/wp-content\/uploads\/2019\/05\/logo_glowne.jpg?w=244&amp;ssl=1 244w, https:\/\/i0.wp.com\/zsp.wegrow.pl\/wp-content\/uploads\/2019\/05\/logo_glowne.jpg?resize=150%2C53&amp;ssl=1 150w\" sizes=\"(max-width: 244px) 100vw, 244px\" \/><\/a><\/figure><\/figure><\/div>\n<\/div>\n<\/div>\n\n\n\n<div class=\"wp-block-columns is-layout-flex wp-container-core-columns-is-layout-9d6595d7 wp-block-columns-is-layout-flex\">\n<div class=\"wp-block-column is-layout-flow wp-block-column-is-layout-flow\" style=\"flex-basis:20%\">\n<h3 class=\"wp-block-heading\">Menu<\/h3>\n\n\n\n<ul class=\"wp-block-list\"><li><a href=\"http:\/\/zsp.wegrow.pl\/index.php\/strona-glowna-bip\/\">Strona g\u0142\u00f3wna<\/a><\/li><li><a href=\"http:\/\/zsp.wegrow.pl\/index.php\/oferty-pracy-bip\/\">Oferty pracy<\/a><\/li><li><a href=\"http:\/\/zsp.wegrow.pl\/index.php\/zamowienia-publiczne-bip\/\">Zam\u00f3wienia publiczne<\/a><\/li><li><a href=\"http:\/\/zsp.wegrow.pl\/index.php\/sprawozdania-finansowe-bip\/\">Sprawozdania finansowe<\/a><\/li><li><a href=\"http:\/\/zsp.wegrow.pl\/index.php\/ogloszenia-bip\/\">Og\u0142oszenia<\/a><\/li><li><a href=\"http:\/\/zsp.wegrow.pl\/index.php\/archiwum-bip\/\">Archiwum BIP<\/a><\/li><li><a href=\"http:\/\/zsp.wegrow.pl\/index.php\/instrukcja-bip\/\">Instrukcja<\/a><\/li><\/ul>\n<\/div>\n\n\n\n<div class=\"wp-block-column is-layout-flow wp-block-column-is-layout-flow\" style=\"flex-basis:80%\">\n\n\n\n\n<div class=\"wp-block-file\"><a href=\"http:\/\/zsp.wegrow.pl\/wp-content\/uploads\/2020\/12\/Ogloszenie-o-zamo\u0301wieniu-na-usluge\u0328-spoleczna\u0328.pdf\">Og\u0142oszenie o zamo\u0301wieniu na us\u0142uge\u0328 spo\u0142eczna\u0328<\/a><a href=\"http:\/\/zsp.wegrow.pl\/wp-content\/uploads\/2020\/12\/Ogloszenie-o-zamo\u0301wieniu-na-usluge\u0328-spoleczna\u0328.pdf\" class=\"wp-block-file__button\" download>Pobierz<\/a><\/div>\n\n\n\n<div class=\"wp-block-file\"><a href=\"http:\/\/zsp.wegrow.pl\/wp-content\/uploads\/2020\/12\/Zal-nr-1-do-ogloszenia-o-zamo\u0301wieniu-na-usluge\u0328-spoleczna\u0328.pdf\">Za\u0142. nr 1 do og\u0142oszenia o zamo\u0301wieniu na us\u0142uge\u0328 spo\u0142eczna\u0328<\/a><a href=\"http:\/\/zsp.wegrow.pl\/wp-content\/uploads\/2020\/12\/Zal-nr-1-do-ogloszenia-o-zamo\u0301wieniu-na-usluge\u0328-spoleczna\u0328.pdf\" class=\"wp-block-file__button\" download>Pobierz<\/a><\/div>\n\n\n\n<div class=\"wp-block-file\"><a href=\"http:\/\/zsp.wegrow.pl\/wp-content\/uploads\/2020\/12\/Zala\u0328cznik-nr-1-do-IWZ-Opis-Przedmiotu-Zamo\u0301wienia.pdf\">Za\u0142a\u0328cznik nr 1 do IWZ Opis Przedmiotu Zamo\u0301wienia<\/a><a href=\"http:\/\/zsp.wegrow.pl\/wp-content\/uploads\/2020\/12\/Zala\u0328cznik-nr-1-do-IWZ-Opis-Przedmiotu-Zamo\u0301wienia.pdf\" class=\"wp-block-file__button\" download>Pobierz<\/a><\/div>\n\n\n\n<div class=\"wp-block-file\"><a href=\"http:\/\/zsp.wegrow.pl\/wp-content\/uploads\/2020\/12\/Zala\u0328cznik-nr-2-do-IWZ-Formularz-Ofertowy.pdf\">Za\u0142a\u0328cznik nr 2 do IWZ Formularz Ofertowy<\/a><a href=\"http:\/\/zsp.wegrow.pl\/wp-content\/uploads\/2020\/12\/Zala\u0328cznik-nr-2-do-IWZ-Formularz-Ofertowy.pdf\" class=\"wp-block-file__button\" download>Pobierz<\/a><\/div>\n\n\n\n<div class=\"wp-block-file\"><a href=\"http:\/\/zsp.wegrow.pl\/wp-content\/uploads\/2020\/12\/Zala\u0328cznik-nr-3-do-IWZ-Dos\u0301wiadczenie-wykaz-uslug.pdf\">Za\u0142a\u0328cznik nr 3 do IWZ Dos\u0301wiadczenie wykaz us\u0142ug<\/a><a href=\"http:\/\/zsp.wegrow.pl\/wp-content\/uploads\/2020\/12\/Zala\u0328cznik-nr-3-do-IWZ-Dos\u0301wiadczenie-wykaz-uslug.pdf\" class=\"wp-block-file__button\" download>Pobierz<\/a><\/div>\n\n\n\n<div class=\"wp-block-file\"><a href=\"http:\/\/zsp.wegrow.pl\/wp-content\/uploads\/2020\/12\/Zala\u0328cznik-nr-4-do-IWZ-Wzo\u0301r-Umowy.pdf\">Za\u0142a\u0328cznik nr 4 do IWZ Wzo\u0301r Umowy<\/a><a href=\"http:\/\/zsp.wegrow.pl\/wp-content\/uploads\/2020\/12\/Zala\u0328cznik-nr-4-do-IWZ-Wzo\u0301r-Umowy.pdf\" class=\"wp-block-file__button\" download>Pobierz<\/a><\/div>\n\n\n\n<div class=\"wp-block-file\"><a href=\"http:\/\/zsp.wegrow.pl\/wp-content\/uploads\/2020\/12\/Zala\u0328cznik-nr-5-do-IWZ-Propozycja-menu.pdf\">Za\u0142a\u0328cznik nr 5 do IWZ Propozycja menu<\/a><a href=\"http:\/\/zsp.wegrow.pl\/wp-content\/uploads\/2020\/12\/Zala\u0328cznik-nr-5-do-IWZ-Propozycja-menu.pdf\" class=\"wp-block-file__button\" download>Pobierz<\/a><\/div>\n\n\n\n<div class=\"wp-block-file\"><a href=\"http:\/\/zsp.wegrow.pl\/wp-content\/uploads\/2020\/12\/Zala\u0328cznik-nr-6A-do-IWZ-Os\u0301wiadczenie-wykonawcy.pdf\">Za\u0142a\u0328cznik nr 6A do IWZ Os\u0301wiadczenie wykonawcy<\/a><a href=\"http:\/\/zsp.wegrow.pl\/wp-content\/uploads\/2020\/12\/Zala\u0328cznik-nr-6A-do-IWZ-Os\u0301wiadczenie-wykonawcy.pdf\" class=\"wp-block-file__button\" download>Pobierz<\/a><\/div>\n\n\n\n<div class=\"wp-block-file\"><a href=\"http:\/\/zsp.wegrow.pl\/wp-content\/uploads\/2020\/12\/Zala\u0328cznik-nr-6B-do-IWZ-Os\u0301wiadczenie-wykonawcy.pdf\">Za\u0142a\u0328cznik nr 6B do IWZ Os\u0301wiadczenie wykonawcy<\/a><a href=\"http:\/\/zsp.wegrow.pl\/wp-content\/uploads\/2020\/12\/Zala\u0328cznik-nr-6B-do-IWZ-Os\u0301wiadczenie-wykonawcy.pdf\" class=\"wp-block-file__button\" download>Pobierz<\/a><\/div>\n\n\n\n<div class=\"wp-block-file\"><a href=\"http:\/\/zsp.wegrow.pl\/wp-content\/uploads\/2020\/12\/Zala\u0328cznik-nr-6C-do-IWZ-Os\u0301wiadczenie-brak-powia\u0328zan\u0301.pdf\">Za\u0142a\u0328cznik nr 6C do IWZ Os\u0301wiadczenie brak powia\u0328zan\u0301<\/a><a href=\"http:\/\/zsp.wegrow.pl\/wp-content\/uploads\/2020\/12\/Zala\u0328cznik-nr-6C-do-IWZ-Os\u0301wiadczenie-brak-powia\u0328zan\u0301.pdf\" class=\"wp-block-file__button\" download>Pobierz<\/a><\/div>\n\n\n\n<p>Data dodania: 2 grudnia 2020 r.<\/p>\n<\/div>\n<\/div>\n","protected":false},"excerpt":{"rendered":"<p>Menu Strona g\u0142\u00f3wna Oferty pracy Zam\u00f3wienia publiczne Sprawozdania finansowe Og\u0142oszenia Archiwum BIP Instrukcja Data dodania: 2 grudnia 2020 r.<\/p>\n","protected":false},"author":1,"featured_media":0,"parent":0,"menu_order":0,"comment_status":"closed","ping_status":"closed","template":"template-fullwidth.php","meta":{"ngg_post_thumbnail":0,"_themeisle_gutenberg_block_has_review":false,"jetpack_post_was_ever_published":false,"footnotes":""},"class_list":["post-5394","page","type-page","status-publish","hentry"],"jetpack_sharing_enabled":true,"jetpack_shortlink":"https:\/\/wp.me\/PaT2nI-1p0","_links":{"self":[{"href":"https:\/\/zsp.wegrow.pl\/index.php\/wp-json\/wp\/v2\/pages\/5394","targetHints":{"allow":["GET"]}}],"collection":[{"href":"https:\/\/zsp.wegrow.pl\/index.php\/wp-json\/wp\/v2\/pages"}],"about":[{"href":"https:\/\/zsp.wegrow.pl\/index.php\/wp-json\/wp\/v2\/types\/page"}],"author":[{"embeddable":true,"href":"https:\/\/zsp.wegrow.pl\/index.php\/wp-json\/wp\/v2\/users\/1"}],"replies":[{"embeddable":true,"href":"https:\/\/zsp.wegrow.pl\/index.php\/wp-json\/wp\/v2\/comments?post=5394"}],"version-history":[{"count":7,"href":"https:\/\/zsp.wegrow.pl\/index.php\/wp-json\/wp\/v2\/pages\/5394\/revisions"}],"predecessor-version":[{"id":5418,"href":"https:\/\/zsp.wegrow.pl\/index.php\/wp-json\/wp\/v2\/pages\/5394\/revisions\/5418"}],"wp:attachment":[{"href":"https:\/\/zsp.wegrow.pl\/index.php\/wp-json\/wp\/v2\/media?parent=5394"}],"curies":[{"name":"wp","href":"https:\/\/api.w.org\/{rel}","templated":true}]}}