{"id":6789,"date":"2021-11-09T10:14:53","date_gmt":"2021-11-09T09:14:53","guid":{"rendered":"http:\/\/zsp.wegrow.pl\/?page_id=6789"},"modified":"2021-11-09T11:07:15","modified_gmt":"2021-11-09T10:07:15","slug":"biblioteka-poleca","status":"publish","type":"page","link":"https:\/\/zsp.wegrow.pl\/index.php\/biblioteka-poleca\/","title":{"rendered":"Biblioteka poleca"},"content":{"rendered":"\n<div class=\"wp-block-image\"><figure class=\"aligncenter size-full\"><img data-recalc-dims=\"1\" fetchpriority=\"high\" decoding=\"async\" width=\"840\" height=\"560\" src=\"https:\/\/i0.wp.com\/zsp.wegrow.pl\/wp-content\/uploads\/2021\/11\/book-in-hand.jpg?resize=840%2C560\" alt=\"\" class=\"wp-image-6808\" srcset=\"https:\/\/i0.wp.com\/zsp.wegrow.pl\/wp-content\/uploads\/2021\/11\/book-in-hand.jpg?w=1000&amp;ssl=1 1000w, https:\/\/i0.wp.com\/zsp.wegrow.pl\/wp-content\/uploads\/2021\/11\/book-in-hand.jpg?resize=300%2C200&amp;ssl=1 300w, https:\/\/i0.wp.com\/zsp.wegrow.pl\/wp-content\/uploads\/2021\/11\/book-in-hand.jpg?resize=150%2C100&amp;ssl=1 150w, https:\/\/i0.wp.com\/zsp.wegrow.pl\/wp-content\/uploads\/2021\/11\/book-in-hand.jpg?resize=768%2C512&amp;ssl=1 768w, https:\/\/i0.wp.com\/zsp.wegrow.pl\/wp-content\/uploads\/2021\/11\/book-in-hand.jpg?resize=24%2C16&amp;ssl=1 24w, https:\/\/i0.wp.com\/zsp.wegrow.pl\/wp-content\/uploads\/2021\/11\/book-in-hand.jpg?resize=36%2C24&amp;ssl=1 36w, https:\/\/i0.wp.com\/zsp.wegrow.pl\/wp-content\/uploads\/2021\/11\/book-in-hand.jpg?resize=48%2C32&amp;ssl=1 48w\" sizes=\"(max-width: 840px) 100vw, 840px\" \/><\/figure><\/div>\n\n\n\n<h3 class=\"has-text-align-center wp-block-heading\">Drodzy Uczniowie<\/h3>\n\n\n\n<p class=\"has-text-align-justify\">Biblioteka szkolna przygotowa\u0142a dla Was list\u0119 pomocnych stron i adres\u00f3w internetowych, dzi\u0119ki kt\u00f3rym mo\u017cecie wspomaga\u0107 proces samodzielnego uczenia si\u0119. Zobaczcie, sprawd\u017acie i skorzystajcie.<\/p>\n\n\n\n<p><strong>Portale internetowe zamieszczaj\u0105ce na swoich stronach pe\u0142ne teksty lektur oraz ich om\u00f3wienia.<\/strong><\/p>\n\n\n\n<ul class=\"wp-block-list\"><li><strong>WOLNE LEKTURY<\/strong>&nbsp;\u2013 biblioteka internetowa z lekturami szkolnymi&nbsp;<a rel=\"noreferrer noopener\" href=\"http:\/\/www.wolnelektury.pl\/\" target=\"_blank\">wolnelektury.pl<\/a> to projekt realizowany przez Fundacj\u0119 Nowoczesna Polska. Dzia\u0142a od 2007 roku i udost\u0119pnia w swoich zbiorach lektury szkolne, kt\u00f3re s\u0105 zalecane do u\u017cytku przez Ministerstwo Edukacji Narodowej i kt\u00f3re trafi\u0142y ju\u017c do domeny publicznej Najwa\u017cniejsz\u0105 innowacj\u0105 Wolnych Lektur, odr\u00f3\u017cniaj\u0105c\u0105 ten projekt od innych bibliotek internetowych, jest mo\u017cliwo\u015b\u0107 przeszukiwania tekst\u00f3w z zastosowaniem r\u00f3\u017cnych kryteri\u00f3w: tytu\u0142, autor, epoka, rodzaj, gatunek literacki, motywy i tematy literackie.<\/li><li><strong>KULTURALNA POLSKA<\/strong>&nbsp;\u2013&nbsp;<a rel=\"noreferrer noopener\" href=\"http:\/\/www.klp.pl\/\" target=\"_blank\">klp.pl<\/a> to baza lektur szkolnych. Ka\u017cda lektura jest dok\u0142adnie przygotowana \u2013 posiada swoje streszczenie (cz\u0119sto w dw\u00f3ch wariantach-rozszerzone i w pigu\u0142ce), ale mo\u017cna r\u00f3wnie\u017c przeczyta\u0107 pe\u0142en tekst lektury, plan wydarze\u0144 oraz opracowanie. Jest tak\u017ce biografia autora (r\u00f3wnie\u017c cz\u0119sto potrzebna na lekcjach j\u0119zyka polskiego), charakterystyki epok literackich, a tak\u017ce galeria malarstwa.<\/li><li><strong>POLONISTA<\/strong>&nbsp;\u2013 czas na lektury w&nbsp;<a rel=\"noreferrer noopener\" href=\"http:\/\/polonista.w.interiowo.pl\/\" target=\"_blank\">interia.pl<\/a> portal internetowy zamieszczaj\u0105cy pe\u0142ne teksty lektur. Jest przewodnikiem po zdigitalizowanych tekstach literackich dost\u0119pnych w Internecie. Strona znajduje si\u0119 na darmowej domenie przez co ma niestety ograniczony transfer.<\/li><li><strong>WIRTUALNA BIBLIOTEKA LITERATURY POLSKIEJ &#8211; <\/strong><a rel=\"noreferrer noopener\" href=\"http:\/\/literat.ug.edu.pl\/\" target=\"_blank\">ug.edu.pl<\/a>&nbsp;jest prezentacj\u0105 znacz\u0105cych utwor\u00f3w literatury polskiej wolnych od praw autorskich w dniu 1 wrze\u015bnia 1999 roku, dost\u0119pn\u0105 bez ogranicze\u0144 dla wszystkich u\u017cytkownik\u00f3w Internetu dla cel\u00f3w naukowych, dydaktycznych i edukacyjnych.<\/li><li><strong>SERWIS HUMANISTYCZNY HAMLET &#8211; <\/strong><a rel=\"noreferrer noopener\" href=\"http:\/\/hamlet.pro.e-mouse.pl\/\" target=\"_blank\">pro.e-mouse.pl<\/a>&nbsp;to serwis zawieraj\u0105cy wiedz\u0119 zwi\u0105zan\u0105 z literatur\u0105 oraz j\u0119zykiem polskim. Znajdziesz tu materia\u0142y dotycz\u0105ce analizy i interpretacji, historii i teorii literatury, nauki o j\u0119zyku, wybory tekst\u00f3w, konteksty filozoficzne i kulturowe o zr\u00f3\u017cnicowanym stopniu trudno\u015bci, reprodukcje dzie\u0142 sztuki.<\/li><li><strong>STAROPOLSKA<\/strong>\u2013&nbsp;<a rel=\"noreferrer noopener\" href=\"http:\/\/www.staropolska.pl\/\" target=\"_blank\">staropolska.pl<\/a>&nbsp;to serwis naukowo-edukacyjny po\u015bwi\u0119cony dawnej literaturze polskiej w kontek\u015bcie dziedzictwa kultury europejskiej. Jego zasadnicz\u0105 cz\u0119\u015bci\u0105 jest biblioteka utwor\u00f3w staropolskiego pi\u015bmiennictwa (\u015bredniowiecze \u2013 renesans \u2013 barok) oraz towarzysz\u0105cy jej wyb\u00f3r opracowa\u0144, materia\u0142 ikonograficzny i d\u017awi\u0119kowy. Dzia\u0142&nbsp;<strong>KONTEKSTY<\/strong>&nbsp;gromadzi teksty i opracowania na temat historii, filozofii, religii i sztuki w dawnej Polsce. Dzia\u0142 TRADYCJA zawiera bogaty wyb\u00f3r materia\u0142\u00f3w z zakresu kultury staro\u017cytnej i biblijnej, europejskiego \u015bredniowiecza, renesansu i baroku.<\/li><\/ul>\n\n\n\n<p><strong><u>Korzystaj\u0105c z Kana\u0142u YouTube szukajcie na<\/u><\/strong>:<\/p>\n\n\n\n<ul class=\"wp-block-list\"><li>Akademia Lektur \u2013&nbsp; om\u00f3wienie lektur szkolnych<\/li><li>EduKana\u0142 \u2013&nbsp;opracowania i streszczenia lektur<\/li><li>pl \u2013 zdalne lekcje, testy, opracowania lektur, zadania<\/li><\/ul>\n\n\n\n<h3 class=\"has-text-align-center wp-block-heading\">Inne&nbsp; Przydatne &nbsp;linki:<\/h3>\n\n\n\n<p><strong>&#8211; Cyfrowa Biblioteka Polona<\/strong><\/p>\n\n\n\n<p><a href=\"http:\/\/www.polona.pl\">www.polona.pl<\/a><\/p>\n\n\n\n<p><strong>&#8211; Wolne lektury<\/strong><\/p>\n\n\n\n<p><a href=\"http:\/\/www.wolnelektury.pl\">www.wolnelektury.pl<\/a><\/p>\n\n\n\n<p class=\"has-text-align-justify\">Internetowa biblioteka, w kt\u00f3rej zbiorach znajduje si\u0119 ponad 5000 utwor\u00f3w, w tym wiele lektur szkolnych . Wszystkie utwory zamieszczone w bibliotece Wolne Lektury mo\u017cna zgodnie z prawem bezp\u0142atnie przegl\u0105da\u0107, s\u0142ucha\u0107, pobiera\u0107 na sw\u00f3j komputer, a tak\u017ce udost\u0119pnia\u0107 innym i cytowa\u0107.<\/p>\n\n\n\n<p><strong>&#8211; Narodowe Archiwum Cyfrowe<\/strong><\/p>\n\n\n\n<p><a href=\"http:\/\/www.nac.gov.pl\">www.nac.gov.pl<\/a><\/p>\n\n\n\n<p><strong>-Zak\u0142ad Narodowy im. Ossoli\u0144skich<\/strong><\/p>\n\n\n\n<p><a href=\"http:\/\/www.ossolineum.pl\">www.ossolineum.pl<\/a><\/p>\n\n\n\n<h3 class=\"has-text-align-center wp-block-heading\"><strong><u>Inne ciekawe portale w sieci (pomocne w nauce):<\/u><\/strong><\/h3>\n\n\n\n<p><a href=\"http:\/\/www.polska-poezja.pl\">www.polska-poezja.pl<\/a><\/p>\n\n\n\n<p class=\"has-text-align-justify\">Portal po\u015bwi\u0119cony polskiej poezji. W serwisie znajduje si\u0119 ponad 270 wierszy najbardziej znanych polskich poet\u00f3w. Pocz\u0105wszy od \u015bredniowiecza a\u017c po wsp\u00f3\u0142czesno\u015b\u0107. Znajdziemy tam wiersze: A. Mickiewicza, J. S\u0142owackiego, C.K. Norwida, K.K. Baczy\u0144skiego, Cz. Mi\u0142osza, W. Szymborskiej, T. R\u00f3\u017cewicza.<br>Wiersze mo\u017cna wyszukiwa\u0107 nazwiskami autor\u00f3w lub tematami. Czytaj\u0105 je polscy aktorzy.<\/p>\n\n\n\n<p><a href=\"http:\/\/www.ninateka.pl\">www.ninateka.pl<\/a><\/p>\n\n\n\n<p class=\"has-text-align-justify\">Portal na kt\u00f3rym znajdziecie filmy, spektakle teatralne, filmy dokumentalne, wywiady, recenzje ksi\u0105\u017cek, muzyk\u0119, obejrzycie wystawy. Bogate \u017ar\u00f3d\u0142o wiedzy o kulturze i ciekawa zabawa. Pomocny portal dla wszystkich przygotowuj\u0105cych si\u0119 do matury z j\u0119zyka polskiego.<\/p>\n\n\n\n<p><a href=\"http:\/\/www.O-Nauce.pl\">www.O-Nauce.pl<\/a><\/p>\n\n\n\n<p class=\"has-text-align-justify\">To platforma edukacyjno-kulturalna, gdzie znajdziecie informacje i ciekawostki, filmy, zdj\u0119cia dotycz\u0105ce zagadnie\u0144 z r\u00f3\u017cnych dziedzin wiedzy. Portal bardzo przyjazny ka\u017cdemu uczestnikowi.<\/p>\n\n\n\n<p><a href=\"http:\/\/www.oke.waw.pl\">www.oke.waw.pl<\/a><\/p>\n\n\n\n<p><a href=\"http:\/\/www.cke.gov.pl\">www.cke.gov.pl<\/a><\/p>\n\n\n\n<p class=\"has-text-align-justify\">Strony wa\u017cne dla maturzyst\u00f3w i uczni\u00f3w zdaj\u0105cych egzaminy zawodowe. Cenne \u017ar\u00f3d\u0142o informacji o przebiegu matury, procedurach egzaminu. Mo\u017cna tu znale\u017a\u0107 arkusze egzaminacyjne z poprzednich lat.<\/p>\n","protected":false},"excerpt":{"rendered":"<p>Drodzy Uczniowie Biblioteka szkolna przygotowa\u0142a dla Was list\u0119 pomocnych stron i adres\u00f3w internetowych, dzi\u0119ki kt\u00f3rym mo\u017cecie wspomaga\u0107 proces samodzielnego uczenia si\u0119. Zobaczcie, sprawd\u017acie i skorzystajcie. Portale internetowe zamieszczaj\u0105ce na swoich stronach pe\u0142ne teksty lektur oraz<\/p>\n","protected":false},"author":1,"featured_media":0,"parent":0,"menu_order":0,"comment_status":"closed","ping_status":"closed","template":"template-centered.php","meta":{"ngg_post_thumbnail":0,"_themeisle_gutenberg_block_has_review":false,"footnotes":""},"class_list":["post-6789","page","type-page","status-publish","hentry"],"jetpack_sharing_enabled":true,"jetpack_shortlink":"https:\/\/wp.me\/PaT2nI-1Lv","_links":{"self":[{"href":"https:\/\/zsp.wegrow.pl\/index.php\/wp-json\/wp\/v2\/pages\/6789","targetHints":{"allow":["GET"]}}],"collection":[{"href":"https:\/\/zsp.wegrow.pl\/index.php\/wp-json\/wp\/v2\/pages"}],"about":[{"href":"https:\/\/zsp.wegrow.pl\/index.php\/wp-json\/wp\/v2\/types\/page"}],"author":[{"embeddable":true,"href":"https:\/\/zsp.wegrow.pl\/index.php\/wp-json\/wp\/v2\/users\/1"}],"replies":[{"embeddable":true,"href":"https:\/\/zsp.wegrow.pl\/index.php\/wp-json\/wp\/v2\/comments?post=6789"}],"version-history":[{"count":5,"href":"https:\/\/zsp.wegrow.pl\/index.php\/wp-json\/wp\/v2\/pages\/6789\/revisions"}],"predecessor-version":[{"id":6809,"href":"https:\/\/zsp.wegrow.pl\/index.php\/wp-json\/wp\/v2\/pages\/6789\/revisions\/6809"}],"wp:attachment":[{"href":"https:\/\/zsp.wegrow.pl\/index.php\/wp-json\/wp\/v2\/media?parent=6789"}],"curies":[{"name":"wp","href":"https:\/\/api.w.org\/{rel}","templated":true}]}}