{"id":7149,"date":"2022-01-14T21:21:55","date_gmt":"2022-01-14T20:21:55","guid":{"rendered":"http:\/\/zsp.wegrow.pl\/?page_id=7149"},"modified":"2023-02-16T11:55:06","modified_gmt":"2023-02-16T10:55:06","slug":"akredytacja-erasmusa-dzialanie-i","status":"publish","type":"page","link":"https:\/\/zsp.wegrow.pl\/index.php\/akredytacja-erasmusa-dzialanie-i\/","title":{"rendered":"Akredytacja Erasmusa &#8211; dzia\u0142anie I"},"content":{"rendered":"\n<div style=\"height:50px\" aria-hidden=\"true\" class=\"wp-block-spacer\"><\/div>\n\n\n<div class=\"pt-cv-wrapper\"><div class=\"pt-cv-view pt-cv-grid pt-cv-colsys\" id=\"pt-cv-view-954b68c4nj\"><div data-id=\"pt-cv-page-1\" class=\"pt-cv-page\" data-cvc=\"2\"><div class=\"col-md-6 col-sm-6 col-xs-12 pt-cv-content-item pt-cv-1-col\" ><div class='pt-cv-ifield'><a href=\"https:\/\/zsp.wegrow.pl\/index.php\/2023\/01\/09\/podsumowanie-projektu-erasmus\/\" class=\"_self pt-cv-href-thumbnail pt-cv-thumb-default\" target=\"_self\" ><img decoding=\"async\" width=\"300\" height=\"105\" src=\"https:\/\/i0.wp.com\/zsp.wegrow.pl\/wp-content\/uploads\/2022\/01\/praktyki-zagraniczne-Grecja-2022.jpg?fit=300%2C105&amp;ssl=1\" class=\"pt-cv-thumbnail\" alt=\"\" srcset=\"https:\/\/i0.wp.com\/zsp.wegrow.pl\/wp-content\/uploads\/2022\/01\/praktyki-zagraniczne-Grecja-2022.jpg?w=850&amp;ssl=1 850w, https:\/\/i0.wp.com\/zsp.wegrow.pl\/wp-content\/uploads\/2022\/01\/praktyki-zagraniczne-Grecja-2022.jpg?resize=300%2C105&amp;ssl=1 300w, https:\/\/i0.wp.com\/zsp.wegrow.pl\/wp-content\/uploads\/2022\/01\/praktyki-zagraniczne-Grecja-2022.jpg?resize=150%2C53&amp;ssl=1 150w, https:\/\/i0.wp.com\/zsp.wegrow.pl\/wp-content\/uploads\/2022\/01\/praktyki-zagraniczne-Grecja-2022.jpg?resize=768%2C269&amp;ssl=1 768w, https:\/\/i0.wp.com\/zsp.wegrow.pl\/wp-content\/uploads\/2022\/01\/praktyki-zagraniczne-Grecja-2022.jpg?resize=840%2C298&amp;ssl=1 840w, https:\/\/i0.wp.com\/zsp.wegrow.pl\/wp-content\/uploads\/2022\/01\/praktyki-zagraniczne-Grecja-2022.jpg?resize=24%2C8&amp;ssl=1 24w, https:\/\/i0.wp.com\/zsp.wegrow.pl\/wp-content\/uploads\/2022\/01\/praktyki-zagraniczne-Grecja-2022.jpg?resize=36%2C13&amp;ssl=1 36w, https:\/\/i0.wp.com\/zsp.wegrow.pl\/wp-content\/uploads\/2022\/01\/praktyki-zagraniczne-Grecja-2022.jpg?resize=48%2C17&amp;ssl=1 48w\" sizes=\"(max-width: 300px) 100vw, 300px\" \/><\/a>\n<h4 class=\"pt-cv-title\"><a href=\"https:\/\/zsp.wegrow.pl\/index.php\/2023\/01\/09\/podsumowanie-projektu-erasmus\/\" class=\"_self\" target=\"_self\" >Podsumowanie projektu ERASMUS<\/a><\/h4>\n<div class=\"pt-cv-content\">Erasmus broszuraPobierz ...<br \/><div class=\"pt-cv-rmwrap\"><a href=\"https:\/\/zsp.wegrow.pl\/index.php\/2023\/01\/09\/podsumowanie-projektu-erasmus\/\" class=\"_self pt-cv-readmore btn btn-success\" target=\"_self\">Czytaj Dalej<\/a><\/div><\/div><\/div><\/div>\n<div class=\"col-md-6 col-sm-6 col-xs-12 pt-cv-content-item pt-cv-1-col\" ><div class='pt-cv-ifield'><a href=\"https:\/\/zsp.wegrow.pl\/index.php\/2022\/08\/24\/podsumowanie-kolejnej-greckiej-mobilnosci\/\" class=\"_self pt-cv-href-thumbnail pt-cv-thumb-default\" target=\"_self\" ><img decoding=\"async\" width=\"300\" height=\"105\" src=\"https:\/\/i0.wp.com\/zsp.wegrow.pl\/wp-content\/uploads\/2022\/01\/praktyki-zagraniczne-Grecja-2022.jpg?fit=300%2C105&amp;ssl=1\" class=\"pt-cv-thumbnail\" alt=\"\" srcset=\"https:\/\/i0.wp.com\/zsp.wegrow.pl\/wp-content\/uploads\/2022\/01\/praktyki-zagraniczne-Grecja-2022.jpg?w=850&amp;ssl=1 850w, https:\/\/i0.wp.com\/zsp.wegrow.pl\/wp-content\/uploads\/2022\/01\/praktyki-zagraniczne-Grecja-2022.jpg?resize=300%2C105&amp;ssl=1 300w, https:\/\/i0.wp.com\/zsp.wegrow.pl\/wp-content\/uploads\/2022\/01\/praktyki-zagraniczne-Grecja-2022.jpg?resize=150%2C53&amp;ssl=1 150w, https:\/\/i0.wp.com\/zsp.wegrow.pl\/wp-content\/uploads\/2022\/01\/praktyki-zagraniczne-Grecja-2022.jpg?resize=768%2C269&amp;ssl=1 768w, https:\/\/i0.wp.com\/zsp.wegrow.pl\/wp-content\/uploads\/2022\/01\/praktyki-zagraniczne-Grecja-2022.jpg?resize=840%2C298&amp;ssl=1 840w, https:\/\/i0.wp.com\/zsp.wegrow.pl\/wp-content\/uploads\/2022\/01\/praktyki-zagraniczne-Grecja-2022.jpg?resize=24%2C8&amp;ssl=1 24w, https:\/\/i0.wp.com\/zsp.wegrow.pl\/wp-content\/uploads\/2022\/01\/praktyki-zagraniczne-Grecja-2022.jpg?resize=36%2C13&amp;ssl=1 36w, https:\/\/i0.wp.com\/zsp.wegrow.pl\/wp-content\/uploads\/2022\/01\/praktyki-zagraniczne-Grecja-2022.jpg?resize=48%2C17&amp;ssl=1 48w\" sizes=\"(max-width: 300px) 100vw, 300px\" \/><\/a>\n<h4 class=\"pt-cv-title\"><a href=\"https:\/\/zsp.wegrow.pl\/index.php\/2022\/08\/24\/podsumowanie-kolejnej-greckiej-mobilnosci\/\" class=\"_self\" target=\"_self\" >Podsumowanie kolejnej greckiej mobilno\u015bci!<\/a><\/h4>\n<div class=\"pt-cv-content\">Kolejne zagraniczne praktyki zawodowe za nami! Tym razem 33 uczni\u00f3w (Technik Informatyk, Technik Ekonomista oraz Mechanik Pojazd\u00f3w Samochodowych) mia\u0142o mo\u017cliwo\u015b\u0107 ...<br \/><div class=\"pt-cv-rmwrap\"><a href=\"https:\/\/zsp.wegrow.pl\/index.php\/2022\/08\/24\/podsumowanie-kolejnej-greckiej-mobilnosci\/\" class=\"_self pt-cv-readmore btn btn-success\" target=\"_self\">Czytaj Dalej<\/a><\/div><\/div><\/div><\/div>\n<div class=\"col-md-6 col-sm-6 col-xs-12 pt-cv-content-item pt-cv-1-col\" ><div class='pt-cv-ifield'><a href=\"https:\/\/zsp.wegrow.pl\/index.php\/2022\/06\/10\/podsumowanie-praktyk-grecja\/\" class=\"_self pt-cv-href-thumbnail pt-cv-thumb-default\" target=\"_self\" ><img decoding=\"async\" width=\"300\" height=\"139\" src=\"https:\/\/i0.wp.com\/zsp.wegrow.pl\/wp-content\/uploads\/2022\/06\/03_o-1.jpg?fit=300%2C139&amp;ssl=1\" class=\"pt-cv-thumbnail\" alt=\"\" srcset=\"https:\/\/i0.wp.com\/zsp.wegrow.pl\/wp-content\/uploads\/2022\/06\/03_o-1.jpg?w=850&amp;ssl=1 850w, https:\/\/i0.wp.com\/zsp.wegrow.pl\/wp-content\/uploads\/2022\/06\/03_o-1.jpg?resize=300%2C139&amp;ssl=1 300w, https:\/\/i0.wp.com\/zsp.wegrow.pl\/wp-content\/uploads\/2022\/06\/03_o-1.jpg?resize=150%2C69&amp;ssl=1 150w, https:\/\/i0.wp.com\/zsp.wegrow.pl\/wp-content\/uploads\/2022\/06\/03_o-1.jpg?resize=768%2C355&amp;ssl=1 768w, https:\/\/i0.wp.com\/zsp.wegrow.pl\/wp-content\/uploads\/2022\/06\/03_o-1.jpg?resize=840%2C393&amp;ssl=1 840w, https:\/\/i0.wp.com\/zsp.wegrow.pl\/wp-content\/uploads\/2022\/06\/03_o-1.jpg?resize=24%2C11&amp;ssl=1 24w, https:\/\/i0.wp.com\/zsp.wegrow.pl\/wp-content\/uploads\/2022\/06\/03_o-1.jpg?resize=36%2C17&amp;ssl=1 36w, https:\/\/i0.wp.com\/zsp.wegrow.pl\/wp-content\/uploads\/2022\/06\/03_o-1.jpg?resize=48%2C22&amp;ssl=1 48w\" sizes=\"(max-width: 300px) 100vw, 300px\" \/><\/a>\n<h4 class=\"pt-cv-title\"><a href=\"https:\/\/zsp.wegrow.pl\/index.php\/2022\/06\/10\/podsumowanie-praktyk-grecja\/\" class=\"_self\" target=\"_self\" >Podsumowanie praktyk &#8211; Grecja<\/a><\/h4>\n<div class=\"pt-cv-content\">Podsumowanie praktyk i uroczyste wr\u0119czenie certyfikat\u00f3w ...<br \/><div class=\"pt-cv-rmwrap\"><a href=\"https:\/\/zsp.wegrow.pl\/index.php\/2022\/06\/10\/podsumowanie-praktyk-grecja\/\" class=\"_self pt-cv-readmore btn btn-success\" target=\"_self\">Czytaj Dalej<\/a><\/div><\/div><\/div><\/div>\n<div class=\"col-md-6 col-sm-6 col-xs-12 pt-cv-content-item pt-cv-1-col\" ><div class='pt-cv-ifield'><a href=\"https:\/\/zsp.wegrow.pl\/index.php\/2022\/06\/09\/praktyki-zagraniczne-grecja\/\" class=\"_self pt-cv-href-thumbnail pt-cv-thumb-default\" target=\"_self\" ><img decoding=\"async\" width=\"300\" height=\"139\" src=\"https:\/\/i0.wp.com\/zsp.wegrow.pl\/wp-content\/uploads\/2022\/06\/01_o-1.jpg?fit=300%2C139&amp;ssl=1\" class=\"pt-cv-thumbnail\" alt=\"\" srcset=\"https:\/\/i0.wp.com\/zsp.wegrow.pl\/wp-content\/uploads\/2022\/06\/01_o-1.jpg?w=850&amp;ssl=1 850w, https:\/\/i0.wp.com\/zsp.wegrow.pl\/wp-content\/uploads\/2022\/06\/01_o-1.jpg?resize=300%2C139&amp;ssl=1 300w, https:\/\/i0.wp.com\/zsp.wegrow.pl\/wp-content\/uploads\/2022\/06\/01_o-1.jpg?resize=150%2C69&amp;ssl=1 150w, https:\/\/i0.wp.com\/zsp.wegrow.pl\/wp-content\/uploads\/2022\/06\/01_o-1.jpg?resize=768%2C355&amp;ssl=1 768w, https:\/\/i0.wp.com\/zsp.wegrow.pl\/wp-content\/uploads\/2022\/06\/01_o-1.jpg?resize=840%2C393&amp;ssl=1 840w, https:\/\/i0.wp.com\/zsp.wegrow.pl\/wp-content\/uploads\/2022\/06\/01_o-1.jpg?resize=24%2C11&amp;ssl=1 24w, https:\/\/i0.wp.com\/zsp.wegrow.pl\/wp-content\/uploads\/2022\/06\/01_o-1.jpg?resize=36%2C17&amp;ssl=1 36w, https:\/\/i0.wp.com\/zsp.wegrow.pl\/wp-content\/uploads\/2022\/06\/01_o-1.jpg?resize=48%2C22&amp;ssl=1 48w\" sizes=\"(max-width: 300px) 100vw, 300px\" \/><\/a>\n<h4 class=\"pt-cv-title\"><a href=\"https:\/\/zsp.wegrow.pl\/index.php\/2022\/06\/09\/praktyki-zagraniczne-grecja\/\" class=\"_self\" target=\"_self\" >Praktyki zagraniczne Grecja<\/a><\/h4>\n<div class=\"pt-cv-content\">Mechanicy w warsztacie samochodowym ...<br \/><div class=\"pt-cv-rmwrap\"><a href=\"https:\/\/zsp.wegrow.pl\/index.php\/2022\/06\/09\/praktyki-zagraniczne-grecja\/\" class=\"_self pt-cv-readmore btn btn-success\" target=\"_self\">Czytaj Dalej<\/a><\/div><\/div><\/div><\/div>\n<div class=\"col-md-6 col-sm-6 col-xs-12 pt-cv-content-item pt-cv-1-col\" ><div class='pt-cv-ifield'><a href=\"https:\/\/zsp.wegrow.pl\/index.php\/2022\/06\/08\/kochanowski-na-wyspie-skiathos\/\" class=\"_self pt-cv-href-thumbnail pt-cv-thumb-default\" target=\"_self\" ><img loading=\"lazy\" decoding=\"async\" width=\"300\" height=\"139\" src=\"https:\/\/i0.wp.com\/zsp.wegrow.pl\/wp-content\/uploads\/2022\/06\/04_o.jpg?fit=300%2C139&amp;ssl=1\" class=\"pt-cv-thumbnail\" alt=\"\" srcset=\"https:\/\/i0.wp.com\/zsp.wegrow.pl\/wp-content\/uploads\/2022\/06\/04_o.jpg?w=850&amp;ssl=1 850w, https:\/\/i0.wp.com\/zsp.wegrow.pl\/wp-content\/uploads\/2022\/06\/04_o.jpg?resize=300%2C139&amp;ssl=1 300w, https:\/\/i0.wp.com\/zsp.wegrow.pl\/wp-content\/uploads\/2022\/06\/04_o.jpg?resize=150%2C69&amp;ssl=1 150w, https:\/\/i0.wp.com\/zsp.wegrow.pl\/wp-content\/uploads\/2022\/06\/04_o.jpg?resize=768%2C355&amp;ssl=1 768w, https:\/\/i0.wp.com\/zsp.wegrow.pl\/wp-content\/uploads\/2022\/06\/04_o.jpg?resize=840%2C393&amp;ssl=1 840w, https:\/\/i0.wp.com\/zsp.wegrow.pl\/wp-content\/uploads\/2022\/06\/04_o.jpg?resize=24%2C11&amp;ssl=1 24w, https:\/\/i0.wp.com\/zsp.wegrow.pl\/wp-content\/uploads\/2022\/06\/04_o.jpg?resize=36%2C17&amp;ssl=1 36w, https:\/\/i0.wp.com\/zsp.wegrow.pl\/wp-content\/uploads\/2022\/06\/04_o.jpg?resize=48%2C22&amp;ssl=1 48w\" sizes=\"(max-width: 300px) 100vw, 300px\" \/><\/a>\n<h4 class=\"pt-cv-title\"><a href=\"https:\/\/zsp.wegrow.pl\/index.php\/2022\/06\/08\/kochanowski-na-wyspie-skiathos\/\" class=\"_self\" target=\"_self\" >Kochanowski na wyspie Skiathos\u2026<\/a><\/h4>\n<div class=\"pt-cv-content\">Kolejna niezapomniana wyprawa to dzisiejszy rejs po Morzu Egejskim na wysp\u0119 Skiathos, gdzie kr\u0119cone by\u0142y sceny do popularnego musicalu \u201eMamma ...<br \/><div class=\"pt-cv-rmwrap\"><a href=\"https:\/\/zsp.wegrow.pl\/index.php\/2022\/06\/08\/kochanowski-na-wyspie-skiathos\/\" class=\"_self pt-cv-readmore btn btn-success\" target=\"_self\">Czytaj Dalej<\/a><\/div><\/div><\/div><\/div>\n<div class=\"col-md-6 col-sm-6 col-xs-12 pt-cv-content-item pt-cv-1-col\" ><div class='pt-cv-ifield'><a href=\"https:\/\/zsp.wegrow.pl\/index.php\/2022\/06\/05\/sloneczna-grecja\/\" class=\"_self pt-cv-href-thumbnail pt-cv-thumb-default\" target=\"_self\" ><img loading=\"lazy\" decoding=\"async\" width=\"300\" height=\"139\" src=\"https:\/\/i0.wp.com\/zsp.wegrow.pl\/wp-content\/uploads\/2022\/06\/03_o.jpg?fit=300%2C139&amp;ssl=1\" class=\"pt-cv-thumbnail\" alt=\"\" srcset=\"https:\/\/i0.wp.com\/zsp.wegrow.pl\/wp-content\/uploads\/2022\/06\/03_o.jpg?w=850&amp;ssl=1 850w, https:\/\/i0.wp.com\/zsp.wegrow.pl\/wp-content\/uploads\/2022\/06\/03_o.jpg?resize=300%2C139&amp;ssl=1 300w, https:\/\/i0.wp.com\/zsp.wegrow.pl\/wp-content\/uploads\/2022\/06\/03_o.jpg?resize=150%2C69&amp;ssl=1 150w, https:\/\/i0.wp.com\/zsp.wegrow.pl\/wp-content\/uploads\/2022\/06\/03_o.jpg?resize=768%2C355&amp;ssl=1 768w, https:\/\/i0.wp.com\/zsp.wegrow.pl\/wp-content\/uploads\/2022\/06\/03_o.jpg?resize=840%2C393&amp;ssl=1 840w, https:\/\/i0.wp.com\/zsp.wegrow.pl\/wp-content\/uploads\/2022\/06\/03_o.jpg?resize=24%2C11&amp;ssl=1 24w, https:\/\/i0.wp.com\/zsp.wegrow.pl\/wp-content\/uploads\/2022\/06\/03_o.jpg?resize=36%2C17&amp;ssl=1 36w, https:\/\/i0.wp.com\/zsp.wegrow.pl\/wp-content\/uploads\/2022\/06\/03_o.jpg?resize=48%2C22&amp;ssl=1 48w\" sizes=\"(max-width: 300px) 100vw, 300px\" \/><\/a>\n<h4 class=\"pt-cv-title\"><a href=\"https:\/\/zsp.wegrow.pl\/index.php\/2022\/06\/05\/sloneczna-grecja\/\" class=\"_self\" target=\"_self\" >S\u0142oneczna Grecja\u2026<\/a><\/h4>\n<div class=\"pt-cv-content\">Kolejny dzie\u0144 pobytu w Grecji wype\u0142niony nie tylko praktykami zawodowymi.Zapraszamy do obejrzenia kilku zdj\u0119\u0107 z tego intensywnego dnia - wycieczki ...<br \/><div class=\"pt-cv-rmwrap\"><a href=\"https:\/\/zsp.wegrow.pl\/index.php\/2022\/06\/05\/sloneczna-grecja\/\" class=\"_self pt-cv-readmore btn btn-success\" target=\"_self\">Czytaj Dalej<\/a><\/div><\/div><\/div><\/div><\/div><\/div>\n<div class=\" pt-cv-pagination-wrapper\"><ul class=\"pt-cv-pagination pt-cv-ajax pagination\" data-totalpages=\"3\" data-currentpage=\"1\" data-sid=\"954b68c4nj\" data-unid=\"\" data-isblock=\"\" data-postid=\"\"><li class=\"active\"><a href=\"#\">1<\/a><\/li>\n\t<li ><a class=\"\" href=\"https:\/\/zsp.wegrow.pl\/index.php\/wp-json\/wp\/v2\/pages\/7149\/?_page=2\">2<\/a><\/li>\n\t<li ><a class=\"\" href=\"https:\/\/zsp.wegrow.pl\/index.php\/wp-json\/wp\/v2\/pages\/7149\/?_page=3\">3<\/a><\/li>\n\t<li ><a class=\" \" href=\"https:\/\/zsp.wegrow.pl\/index.php\/wp-json\/wp\/v2\/pages\/7149\/?_page=2\">&rsaquo;<\/a><\/li>\n\t<\/ul><img loading=\"lazy\" decoding=\"async\" width=\"15\" height=\"15\" class=\"pt-cv-spinner\" alt=\"Loading...\" src=\"data:image\/gif;base64,R0lGODlhDwAPALMPAMrKygwMDJOTkz09PZWVla+vr3p6euTk5M7OzuXl5TMzMwAAAJmZmWZmZszMzP\/\/\/yH\/C05FVFNDQVBFMi4wAwEAAAAh+QQFCgAPACwAAAAADwAPAAAEQvDJaZaZOIcV8iQK8VRX4iTYoAwZ4iCYoAjZ4RxejhVNoT+mRGP4cyF4Pp0N98sBGIBMEMOotl6YZ3S61Bmbkm4mAgAh+QQFCgAPACwAAAAADQANAAAENPDJSRSZeA418itN8QiK8BiLITVsFiyBBIoYqnoewAD4xPw9iY4XLGYSjkQR4UAUD45DLwIAIfkEBQoADwAsAAAAAA8ACQAABC\/wyVlamTi3nSdgwFNdhEJgTJoNyoB9ISYoQmdjiZPcj7EYCAeCF1gEDo4Dz2eIAAAh+QQFCgAPACwCAAAADQANAAAEM\/DJBxiYeLKdX3IJZT1FU0iIg2RNKx3OkZVnZ98ToRD4MyiDnkAh6BkNC0MvsAj0kMpHBAAh+QQFCgAPACwGAAAACQAPAAAEMDC59KpFDll73HkAA2wVY5KgiK5b0RRoI6MuzG6EQqCDMlSGheEhUAgqgUUAFRySIgAh+QQFCgAPACwCAAIADQANAAAEM\/DJKZNLND\/kkKaHc3xk+QAMYDKsiaqmZCxGVjSFFCxB1vwy2oOgIDxuucxAMTAJFAJNBAAh+QQFCgAPACwAAAYADwAJAAAEMNAs86q1yaWwwv2Ig0jUZx3OYa4XoRAfwADXoAwfo1+CIjyFRuEho60aSNYlOPxEAAAh+QQFCgAPACwAAAIADQANAAAENPA9s4y8+IUVcqaWJ4qEQozSoAzoIyhCK2NFU2SJk0hNnyEOhKR2AzAAj4Pj4GE4W0bkJQIAOw==\" \/><div class=\"clear pt-cv-clear-pagination\"><\/div><\/div><\/div>\n\n\n\n<div style=\"height:50px\" aria-hidden=\"true\" class=\"wp-block-spacer\"><\/div>\n\n\n\n<hr class=\"wp-block-separator has-text-color has-black-color has-css-opacity has-black-background-color has-background is-style-wide\"\/>\n\n\n\n<div style=\"height:50px\" aria-hidden=\"true\" class=\"wp-block-spacer\"><\/div>\n\n\n<div class=\"wp-block-image\">\n<figure class=\"aligncenter size-large\"><a href=\"https:\/\/i0.wp.com\/zsp.wegrow.pl\/wp-content\/uploads\/2022\/03\/Ogloszenie-o-rekrutacji_.png\"><img data-recalc-dims=\"1\" loading=\"lazy\" decoding=\"async\" width=\"724\" height=\"1024\" src=\"https:\/\/i0.wp.com\/zsp.wegrow.pl\/wp-content\/uploads\/2022\/03\/Ogloszenie-o-rekrutacji_-724x1024.png?resize=724%2C1024\" alt=\"\" class=\"wp-image-7369\" srcset=\"https:\/\/i0.wp.com\/zsp.wegrow.pl\/wp-content\/uploads\/2022\/03\/Ogloszenie-o-rekrutacji_.png?resize=724%2C1024&amp;ssl=1 724w, https:\/\/i0.wp.com\/zsp.wegrow.pl\/wp-content\/uploads\/2022\/03\/Ogloszenie-o-rekrutacji_.png?resize=212%2C300&amp;ssl=1 212w, https:\/\/i0.wp.com\/zsp.wegrow.pl\/wp-content\/uploads\/2022\/03\/Ogloszenie-o-rekrutacji_.png?resize=106%2C150&amp;ssl=1 106w, https:\/\/i0.wp.com\/zsp.wegrow.pl\/wp-content\/uploads\/2022\/03\/Ogloszenie-o-rekrutacji_.png?resize=768%2C1087&amp;ssl=1 768w, https:\/\/i0.wp.com\/zsp.wegrow.pl\/wp-content\/uploads\/2022\/03\/Ogloszenie-o-rekrutacji_.png?resize=1085%2C1536&amp;ssl=1 1085w, https:\/\/i0.wp.com\/zsp.wegrow.pl\/wp-content\/uploads\/2022\/03\/Ogloszenie-o-rekrutacji_.png?resize=1447%2C2048&amp;ssl=1 1447w, https:\/\/i0.wp.com\/zsp.wegrow.pl\/wp-content\/uploads\/2022\/03\/Ogloszenie-o-rekrutacji_.png?resize=17%2C24&amp;ssl=1 17w, https:\/\/i0.wp.com\/zsp.wegrow.pl\/wp-content\/uploads\/2022\/03\/Ogloszenie-o-rekrutacji_.png?resize=25%2C36&amp;ssl=1 25w, https:\/\/i0.wp.com\/zsp.wegrow.pl\/wp-content\/uploads\/2022\/03\/Ogloszenie-o-rekrutacji_.png?resize=34%2C48&amp;ssl=1 34w, https:\/\/i0.wp.com\/zsp.wegrow.pl\/wp-content\/uploads\/2022\/03\/Ogloszenie-o-rekrutacji_.png?w=1500&amp;ssl=1 1500w\" sizes=\"(max-width: 724px) 100vw, 724px\" \/><\/a><\/figure>\n<\/div>\n\n\n<div class=\"wp-block-file aligncenter\"><a id=\"wp-block-file--media-8405aa57-7322-40ec-bbc6-2d1be83f47a4\" href=\"http:\/\/zsp.wegrow.pl\/wp-content\/uploads\/2022\/03\/Regulamin_rekrutacji.pdf\">Regulamin rekrutacji<\/a><a href=\"http:\/\/zsp.wegrow.pl\/wp-content\/uploads\/2022\/03\/Regulamin_rekrutacji.pdf\" class=\"wp-block-file__button wp-element-button\" download aria-describedby=\"wp-block-file--media-8405aa57-7322-40ec-bbc6-2d1be83f47a4\">Pobierz<\/a><\/div>\n\n\n\n<div class=\"wp-block-file aligncenter\"><a id=\"wp-block-file--media-e08ad442-d84d-405f-bc04-5234ce72abac\" href=\"http:\/\/zsp.wegrow.pl\/wp-content\/uploads\/2022\/03\/Formularz-zgloszeniowy.pdf\">Formularz zg\u0142oszeniowy<\/a><a href=\"http:\/\/zsp.wegrow.pl\/wp-content\/uploads\/2022\/03\/Formularz-zgloszeniowy.pdf\" class=\"wp-block-file__button wp-element-button\" download aria-describedby=\"wp-block-file--media-e08ad442-d84d-405f-bc04-5234ce72abac\">Pobierz<\/a><\/div>\n\n\n\n<div class=\"wp-block-file aligncenter\"><a id=\"wp-block-file--media-482c0131-caa2-4077-8c5e-d1a6e2837ac3\" href=\"http:\/\/zsp.wegrow.pl\/wp-content\/uploads\/2022\/03\/Oswiadczenie-uczestnika.pdf\">O\u015bwiadczenie uczestnika<\/a><a href=\"http:\/\/zsp.wegrow.pl\/wp-content\/uploads\/2022\/03\/Oswiadczenie-uczestnika.pdf\" class=\"wp-block-file__button wp-element-button\" download aria-describedby=\"wp-block-file--media-482c0131-caa2-4077-8c5e-d1a6e2837ac3\">Pobierz<\/a><\/div>\n\n\n\n<div style=\"height:50px\" aria-hidden=\"true\" class=\"wp-block-spacer\"><\/div>\n\n\n\n<hr class=\"wp-block-separator has-text-color has-black-color has-css-opacity has-black-background-color has-background\"\/>\n\n\n<div class=\"wp-block-image\">\n<figure class=\"aligncenter size-full is-resized\"><img data-recalc-dims=\"1\" loading=\"lazy\" decoding=\"async\" src=\"https:\/\/i0.wp.com\/zsp.wegrow.pl\/wp-content\/uploads\/2022\/03\/LOGO-W%C2%AEGRrW-FINAL.jpg?resize=500%2C494\" alt=\"\" class=\"wp-image-7349\" width=\"500\" height=\"494\" srcset=\"https:\/\/i0.wp.com\/zsp.wegrow.pl\/wp-content\/uploads\/2022\/03\/LOGO-W%C2%AEGRrW-FINAL.jpg?w=1000&amp;ssl=1 1000w, https:\/\/i0.wp.com\/zsp.wegrow.pl\/wp-content\/uploads\/2022\/03\/LOGO-W%C2%AEGRrW-FINAL.jpg?resize=300%2C296&amp;ssl=1 300w, https:\/\/i0.wp.com\/zsp.wegrow.pl\/wp-content\/uploads\/2022\/03\/LOGO-W%C2%AEGRrW-FINAL.jpg?resize=150%2C148&amp;ssl=1 150w, https:\/\/i0.wp.com\/zsp.wegrow.pl\/wp-content\/uploads\/2022\/03\/LOGO-W%C2%AEGRrW-FINAL.jpg?resize=768%2C759&amp;ssl=1 768w, https:\/\/i0.wp.com\/zsp.wegrow.pl\/wp-content\/uploads\/2022\/03\/LOGO-W%C2%AEGRrW-FINAL.jpg?resize=24%2C24&amp;ssl=1 24w, https:\/\/i0.wp.com\/zsp.wegrow.pl\/wp-content\/uploads\/2022\/03\/LOGO-W%C2%AEGRrW-FINAL.jpg?resize=36%2C36&amp;ssl=1 36w, https:\/\/i0.wp.com\/zsp.wegrow.pl\/wp-content\/uploads\/2022\/03\/LOGO-W%C2%AEGRrW-FINAL.jpg?resize=48%2C48&amp;ssl=1 48w\" sizes=\"(max-width: 500px) 100vw, 500px\" \/><\/figure>\n<\/div>\n\n\n<h3 class=\"has-text-align-center wp-block-heading\">Projekt \u201ePraktyki zagraniczne bram\u0105 do sukcesu zawodowego\u201d z dofinansowaniem z programu Erasmus!<\/h3>\n\n\n\n<p class=\"has-drop-cap has-text-align-justify\">Zesp\u00f3\u0142 Szk\u00f3\u0142 Ponadpodstawowych im. J. Kochanowskiego w W\u0119growie otrzyma\u0142 dofinansowanie w ramach Programu Erasmus+ na realizacj\u0119 projektu \u201ePraktyki zagraniczne bram\u0105 do sukcesu zawodowego\u201d, numer 2021-1-PL01-KA121-VET-000012218. Jest to pok\u0142osie otrzymanej Akredytacji w ramach Programu Erasmus+, kt\u00f3ra gwarantuje uproszczon\u0105 procedur\u0119 pozyskiwania funduszy na organizowanie zagranicznych praktyk zawodowych. Szko\u0142a zawdzi\u0119cza to swojemu wieloletniemu do\u015bwiadczeniu i implementowaniu r\u00f3\u017cnych mi\u0119dzynarodowych dzia\u0142a\u0144 na wysokim poziomie jako\u015bciowym.<\/p>\n\n\n\n<p class=\"has-text-align-justify\">W ramach projektu \u201ePraktyki zagraniczne bram\u0105 do sukcesu zawodowego\u201d 33 uczni\u00f3w oraz trzech nauczycieli wyjedzie do Grecji na 12-dniow\u0105 mobilno\u015b\u0107, w ramach kt\u00f3rej realizowany b\u0119dzie 80-godzinny program praktyk zawodowych oraz program edukacyjno-kulturowy. W zwi\u0105zku z powy\u017cszym uczniowie pracowa\u0107 b\u0119d\u0105 w uznanych i renomowanych greckich przedsi\u0119biorstwach, ale tak\u017ce poznawa\u0107 kulturowe dziedzictwo tego kraju. Partnerem projektu jest grecka organizacja Olympus Education Services, z kt\u00f3r\u0105 wsp\u00f3\u0142praca uk\u0142ada si\u0119 harmonijnie ju\u017c od dw\u00f3ch lat.<\/p>\n\n\n\n<p class=\"has-text-align-justify\">Warto zaznaczy\u0107, \u017ce szko\u0142a realizowa\u0142a ju\u017c dwa podobne projekty, kt\u00f3re finansowane by\u0142y w ramach Programu Operacyjnego Wiedza Edukacja Rozw\u00f3j, czyli \u201e3, 2, 1 \u2013 Start! Inwestycja w wiedz\u0119 bram\u0105 do sukcesu zawodowego\u201d oraz Inwestycja w wiedz\u0119 i umiej\u0119tno\u015bci bram\u0105 do sukcesu zawodowego\u201d.<\/p>\n\n\n\n<h4 class=\"has-text-align-center is-style-default wp-block-heading\"><mark style=\"background-color:rgba(0, 0, 0, 0)\" class=\"has-inline-color has-highlight-color\">Zapraszamy do \u015bledzenia strony internetowej szko\u0142y oraz zak\u0142adki projektu gdzie wkr\u00f3tce pojawi\u0105 si\u0119 kolejne informacje.<\/mark><\/h4>\n\n\n\n<div style=\"height:50px\" aria-hidden=\"true\" class=\"wp-block-spacer\"><\/div>\n\n\n\n<div class=\"wp-block-file aligncenter\"><a id=\"wp-block-file--media-887e65de-e8da-4768-b615-6c3fef3002e8\" href=\"http:\/\/zsp.wegrow.pl\/wp-content\/uploads\/2022\/03\/PLAKAT-Wegrow.pdf\">PLAKAT W\u0119gr\u00f3w<\/a><a href=\"http:\/\/zsp.wegrow.pl\/wp-content\/uploads\/2022\/03\/PLAKAT-Wegrow.pdf\" class=\"wp-block-file__button wp-element-button\" download aria-describedby=\"wp-block-file--media-887e65de-e8da-4768-b615-6c3fef3002e8\">Pobierz<\/a><\/div>\n\n\n\n<div class=\"wp-block-file aligncenter\"><a id=\"wp-block-file--media-0cbf7c71-de3d-4106-8332-220f06253bdd\" href=\"http:\/\/zsp.wegrow.pl\/wp-content\/uploads\/2022\/03\/ULOTKA-Wegrow-1.pdf\">ULOTKA 1 W\u0119gr\u00f3w<\/a><a href=\"http:\/\/zsp.wegrow.pl\/wp-content\/uploads\/2022\/03\/ULOTKA-Wegrow-1.pdf\" class=\"wp-block-file__button wp-element-button\" download aria-describedby=\"wp-block-file--media-0cbf7c71-de3d-4106-8332-220f06253bdd\">Pobierz<\/a><\/div>\n\n\n\n<div class=\"wp-block-file aligncenter\"><a id=\"wp-block-file--media-cb5edbbe-7083-4319-8d25-0860b59f0610\" href=\"http:\/\/zsp.wegrow.pl\/wp-content\/uploads\/2022\/03\/ULOTKA-Wegrow-2.pdf\">ULOTKA 2 W\u0119gr\u00f3w<\/a><a href=\"http:\/\/zsp.wegrow.pl\/wp-content\/uploads\/2022\/03\/ULOTKA-Wegrow-2.pdf\" class=\"wp-block-file__button wp-element-button\" download aria-describedby=\"wp-block-file--media-cb5edbbe-7083-4319-8d25-0860b59f0610\">Pobierz<\/a><\/div>\n\n\n\n<p><\/p>\n","protected":false},"excerpt":{"rendered":"<p>Projekt \u201ePraktyki zagraniczne bram\u0105 do sukcesu zawodowego\u201d z dofinansowaniem z programu Erasmus! Zesp\u00f3\u0142 Szk\u00f3\u0142 Ponadpodstawowych im. J. Kochanowskiego w W\u0119growie otrzyma\u0142 dofinansowanie w ramach Programu Erasmus+ na realizacj\u0119 projektu \u201ePraktyki zagraniczne bram\u0105 do sukcesu zawodowego\u201d,<\/p>\n","protected":false},"author":1,"featured_media":0,"parent":0,"menu_order":0,"comment_status":"closed","ping_status":"closed","template":"template-centered.php","meta":{"ngg_post_thumbnail":0,"_themeisle_gutenberg_block_has_review":false,"footnotes":""},"class_list":["post-7149","page","type-page","status-publish","hentry"],"jetpack_sharing_enabled":true,"jetpack_shortlink":"https:\/\/wp.me\/PaT2nI-1Rj","_links":{"self":[{"href":"https:\/\/zsp.wegrow.pl\/index.php\/wp-json\/wp\/v2\/pages\/7149","targetHints":{"allow":["GET"]}}],"collection":[{"href":"https:\/\/zsp.wegrow.pl\/index.php\/wp-json\/wp\/v2\/pages"}],"about":[{"href":"https:\/\/zsp.wegrow.pl\/index.php\/wp-json\/wp\/v2\/types\/page"}],"author":[{"embeddable":true,"href":"https:\/\/zsp.wegrow.pl\/index.php\/wp-json\/wp\/v2\/users\/1"}],"replies":[{"embeddable":true,"href":"https:\/\/zsp.wegrow.pl\/index.php\/wp-json\/wp\/v2\/comments?post=7149"}],"version-history":[{"count":12,"href":"https:\/\/zsp.wegrow.pl\/index.php\/wp-json\/wp\/v2\/pages\/7149\/revisions"}],"predecessor-version":[{"id":10123,"href":"https:\/\/zsp.wegrow.pl\/index.php\/wp-json\/wp\/v2\/pages\/7149\/revisions\/10123"}],"wp:attachment":[{"href":"https:\/\/zsp.wegrow.pl\/index.php\/wp-json\/wp\/v2\/media?parent=7149"}],"curies":[{"name":"wp","href":"https:\/\/api.w.org\/{rel}","templated":true}]}}