{"id":7389,"date":"2022-03-22T08:26:11","date_gmt":"2022-03-22T07:26:11","guid":{"rendered":"https:\/\/zsp.wegrow.pl\/?page_id=7389"},"modified":"2022-03-22T08:57:59","modified_gmt":"2022-03-22T07:57:59","slug":"projekt-pilotazowe-wdrozenie-modelu-specjalistycznych-centrow-wspierajacych-edukacje-wlaczajaca-scwew","status":"publish","type":"page","link":"https:\/\/zsp.wegrow.pl\/index.php\/projekt-pilotazowe-wdrozenie-modelu-specjalistycznych-centrow-wspierajacych-edukacje-wlaczajaca-scwew\/","title":{"rendered":"Projekt &#8211; \u201ePilota\u017cowe wdro\u017cenie modelu Specjalistycznych Centr\u00f3w Wspieraj\u0105cych Edukacj\u0119 W\u0142\u0105czaj\u0105c\u0105 (SCWEW)&#8221;"},"content":{"rendered":"\n<div style=\"height:100px\" aria-hidden=\"true\" class=\"wp-block-spacer\"><\/div>\n\n\n<div class=\"pt-cv-wrapper\"><div class=\"pt-cv-view pt-cv-grid pt-cv-colsys\" id=\"pt-cv-view-3c773c812a\"><div data-id=\"pt-cv-page-1\" class=\"pt-cv-page\" data-cvc=\"2\"><div class=\"col-md-6 col-sm-6 col-xs-12 pt-cv-content-item pt-cv-1-col\" ><div class='pt-cv-ifield'><a href=\"https:\/\/zsp.wegrow.pl\/index.php\/2023\/06\/20\/konferencja-inkluzja-bez-barier\/\" class=\"_self pt-cv-href-thumbnail pt-cv-thumb-default\" target=\"_self\" ><img decoding=\"async\" width=\"300\" height=\"108\" src=\"https:\/\/i0.wp.com\/zsp.wegrow.pl\/wp-content\/uploads\/2023\/06\/SCWEW_wyr.jpg?fit=300%2C108&amp;ssl=1\" class=\"pt-cv-thumbnail\" alt=\"\" srcset=\"https:\/\/i0.wp.com\/zsp.wegrow.pl\/wp-content\/uploads\/2023\/06\/SCWEW_wyr.jpg?w=850&amp;ssl=1 850w, https:\/\/i0.wp.com\/zsp.wegrow.pl\/wp-content\/uploads\/2023\/06\/SCWEW_wyr.jpg?resize=300%2C108&amp;ssl=1 300w, https:\/\/i0.wp.com\/zsp.wegrow.pl\/wp-content\/uploads\/2023\/06\/SCWEW_wyr.jpg?resize=150%2C54&amp;ssl=1 150w, https:\/\/i0.wp.com\/zsp.wegrow.pl\/wp-content\/uploads\/2023\/06\/SCWEW_wyr.jpg?resize=768%2C277&amp;ssl=1 768w, https:\/\/i0.wp.com\/zsp.wegrow.pl\/wp-content\/uploads\/2023\/06\/SCWEW_wyr.jpg?resize=24%2C9&amp;ssl=1 24w, https:\/\/i0.wp.com\/zsp.wegrow.pl\/wp-content\/uploads\/2023\/06\/SCWEW_wyr.jpg?resize=36%2C13&amp;ssl=1 36w, https:\/\/i0.wp.com\/zsp.wegrow.pl\/wp-content\/uploads\/2023\/06\/SCWEW_wyr.jpg?resize=48%2C17&amp;ssl=1 48w\" sizes=\"(max-width: 300px) 100vw, 300px\" \/><\/a>\n<h4 class=\"pt-cv-title\"><a href=\"https:\/\/zsp.wegrow.pl\/index.php\/2023\/06\/20\/konferencja-inkluzja-bez-barier\/\" class=\"_self\" target=\"_self\" >Konferencja &#8222;Inkluzja Bez Barier&#8221;<\/a><\/h4>\n<div class=\"pt-cv-content\">16 czerwca 2023r. w Centrum Dialogu Kultur w W\u0119growie odby\u0142a si\u0119 konferencja \"INKLUZJA BEZ BARIER\", kt\u00f3ra podsumowuje projekt pilota\u017cowy pt ...<br \/><div class=\"pt-cv-rmwrap\"><a href=\"https:\/\/zsp.wegrow.pl\/index.php\/2023\/06\/20\/konferencja-inkluzja-bez-barier\/\" class=\"_self pt-cv-readmore btn btn-success\" target=\"_self\">Czytaj Dalej<\/a><\/div><\/div><\/div><\/div>\n<div class=\"col-md-6 col-sm-6 col-xs-12 pt-cv-content-item pt-cv-1-col\" ><div class='pt-cv-ifield'><a href=\"https:\/\/zsp.wegrow.pl\/index.php\/2023\/06\/13\/konferencja-podsumowujaca-projekt-zorganizowana-przez-ore\/\" class=\"_self pt-cv-href-thumbnail pt-cv-thumb-default\" target=\"_self\" ><img decoding=\"async\" width=\"300\" height=\"108\" src=\"https:\/\/i0.wp.com\/zsp.wegrow.pl\/wp-content\/uploads\/2023\/06\/SCWEW_wyr.jpg?fit=300%2C108&amp;ssl=1\" class=\"pt-cv-thumbnail\" alt=\"\" srcset=\"https:\/\/i0.wp.com\/zsp.wegrow.pl\/wp-content\/uploads\/2023\/06\/SCWEW_wyr.jpg?w=850&amp;ssl=1 850w, https:\/\/i0.wp.com\/zsp.wegrow.pl\/wp-content\/uploads\/2023\/06\/SCWEW_wyr.jpg?resize=300%2C108&amp;ssl=1 300w, https:\/\/i0.wp.com\/zsp.wegrow.pl\/wp-content\/uploads\/2023\/06\/SCWEW_wyr.jpg?resize=150%2C54&amp;ssl=1 150w, https:\/\/i0.wp.com\/zsp.wegrow.pl\/wp-content\/uploads\/2023\/06\/SCWEW_wyr.jpg?resize=768%2C277&amp;ssl=1 768w, https:\/\/i0.wp.com\/zsp.wegrow.pl\/wp-content\/uploads\/2023\/06\/SCWEW_wyr.jpg?resize=24%2C9&amp;ssl=1 24w, https:\/\/i0.wp.com\/zsp.wegrow.pl\/wp-content\/uploads\/2023\/06\/SCWEW_wyr.jpg?resize=36%2C13&amp;ssl=1 36w, https:\/\/i0.wp.com\/zsp.wegrow.pl\/wp-content\/uploads\/2023\/06\/SCWEW_wyr.jpg?resize=48%2C17&amp;ssl=1 48w\" sizes=\"(max-width: 300px) 100vw, 300px\" \/><\/a>\n<h4 class=\"pt-cv-title\"><a href=\"https:\/\/zsp.wegrow.pl\/index.php\/2023\/06\/13\/konferencja-podsumowujaca-projekt-zorganizowana-przez-ore\/\" class=\"_self\" target=\"_self\" >Konferencja podsumowuj\u0105ca projekt zorganizowana przez ORE<\/a><\/h4>\n<div class=\"pt-cv-content\">Przedstawiciele SCWEW w W\u0119growie wzi\u0119li udzia\u0142 w konferencji \u201eRola SCWEW w budowaniu przyjaznego \u015brodowiska edukacyjnego - podsumowanie projektu\u201d zorganizowanej przez ...<br \/><div class=\"pt-cv-rmwrap\"><a href=\"https:\/\/zsp.wegrow.pl\/index.php\/2023\/06\/13\/konferencja-podsumowujaca-projekt-zorganizowana-przez-ore\/\" class=\"_self pt-cv-readmore btn btn-success\" target=\"_self\">Czytaj Dalej<\/a><\/div><\/div><\/div><\/div>\n<div class=\"col-md-6 col-sm-6 col-xs-12 pt-cv-content-item pt-cv-1-col\" ><div class='pt-cv-ifield'><a href=\"https:\/\/zsp.wegrow.pl\/index.php\/2023\/04\/11\/kampania-spoleczna-zorganizowana-przez-sosw-w-wegrowie\/\" class=\"_self pt-cv-href-thumbnail pt-cv-thumb-default\" target=\"_self\" ><img decoding=\"async\" width=\"300\" height=\"53\" src=\"https:\/\/i0.wp.com\/zsp.wegrow.pl\/wp-content\/uploads\/2021\/12\/projekt_o.jpg?fit=300%2C53&amp;ssl=1\" class=\"pt-cv-thumbnail\" alt=\"\" srcset=\"https:\/\/i0.wp.com\/zsp.wegrow.pl\/wp-content\/uploads\/2021\/12\/projekt_o.jpg?w=850&amp;ssl=1 850w, https:\/\/i0.wp.com\/zsp.wegrow.pl\/wp-content\/uploads\/2021\/12\/projekt_o.jpg?resize=300%2C53&amp;ssl=1 300w, https:\/\/i0.wp.com\/zsp.wegrow.pl\/wp-content\/uploads\/2021\/12\/projekt_o.jpg?resize=150%2C26&amp;ssl=1 150w, https:\/\/i0.wp.com\/zsp.wegrow.pl\/wp-content\/uploads\/2021\/12\/projekt_o.jpg?resize=768%2C136&amp;ssl=1 768w, https:\/\/i0.wp.com\/zsp.wegrow.pl\/wp-content\/uploads\/2021\/12\/projekt_o.jpg?resize=840%2C150&amp;ssl=1 840w, https:\/\/i0.wp.com\/zsp.wegrow.pl\/wp-content\/uploads\/2021\/12\/projekt_o.jpg?resize=24%2C4&amp;ssl=1 24w, https:\/\/i0.wp.com\/zsp.wegrow.pl\/wp-content\/uploads\/2021\/12\/projekt_o.jpg?resize=36%2C6&amp;ssl=1 36w, https:\/\/i0.wp.com\/zsp.wegrow.pl\/wp-content\/uploads\/2021\/12\/projekt_o.jpg?resize=48%2C8&amp;ssl=1 48w\" sizes=\"(max-width: 300px) 100vw, 300px\" \/><\/a>\n<h4 class=\"pt-cv-title\"><a href=\"https:\/\/zsp.wegrow.pl\/index.php\/2023\/04\/11\/kampania-spoleczna-zorganizowana-przez-sosw-w-wegrowie\/\" class=\"_self\" target=\"_self\" >Kampania spo\u0142eczna zorganizowana przez SOSW w W\u0119growie<\/a><\/h4>\n<div class=\"pt-cv-content\">Zako\u0144czy\u0142a si\u0119 kampania spo\u0142eczna zorganizowana przez Specjalny O\u015brodek Szkolno-Wychowawczy w W\u0119growie pe\u0142ni\u0105cy zadania SCWEW w ramach projektu \u201ePilota\u017cowe wdro\u017cenie modelu ...<br \/><div class=\"pt-cv-rmwrap\"><a href=\"https:\/\/zsp.wegrow.pl\/index.php\/2023\/04\/11\/kampania-spoleczna-zorganizowana-przez-sosw-w-wegrowie\/\" class=\"_self pt-cv-readmore btn btn-success\" target=\"_self\">Czytaj Dalej<\/a><\/div><\/div><\/div><\/div>\n<div class=\"col-md-6 col-sm-6 col-xs-12 pt-cv-content-item pt-cv-1-col\" ><div class='pt-cv-ifield'><a href=\"https:\/\/zsp.wegrow.pl\/index.php\/2023\/03\/09\/warsztaty-ogolnorozwojowe-z-elementami-szermierki\/\" class=\"_self pt-cv-href-thumbnail pt-cv-thumb-default\" target=\"_self\" ><img decoding=\"async\" width=\"300\" height=\"53\" src=\"https:\/\/i0.wp.com\/zsp.wegrow.pl\/wp-content\/uploads\/2021\/12\/projekt_o.jpg?fit=300%2C53&amp;ssl=1\" class=\"pt-cv-thumbnail\" alt=\"\" srcset=\"https:\/\/i0.wp.com\/zsp.wegrow.pl\/wp-content\/uploads\/2021\/12\/projekt_o.jpg?w=850&amp;ssl=1 850w, https:\/\/i0.wp.com\/zsp.wegrow.pl\/wp-content\/uploads\/2021\/12\/projekt_o.jpg?resize=300%2C53&amp;ssl=1 300w, https:\/\/i0.wp.com\/zsp.wegrow.pl\/wp-content\/uploads\/2021\/12\/projekt_o.jpg?resize=150%2C26&amp;ssl=1 150w, https:\/\/i0.wp.com\/zsp.wegrow.pl\/wp-content\/uploads\/2021\/12\/projekt_o.jpg?resize=768%2C136&amp;ssl=1 768w, https:\/\/i0.wp.com\/zsp.wegrow.pl\/wp-content\/uploads\/2021\/12\/projekt_o.jpg?resize=840%2C150&amp;ssl=1 840w, https:\/\/i0.wp.com\/zsp.wegrow.pl\/wp-content\/uploads\/2021\/12\/projekt_o.jpg?resize=24%2C4&amp;ssl=1 24w, https:\/\/i0.wp.com\/zsp.wegrow.pl\/wp-content\/uploads\/2021\/12\/projekt_o.jpg?resize=36%2C6&amp;ssl=1 36w, https:\/\/i0.wp.com\/zsp.wegrow.pl\/wp-content\/uploads\/2021\/12\/projekt_o.jpg?resize=48%2C8&amp;ssl=1 48w\" sizes=\"(max-width: 300px) 100vw, 300px\" \/><\/a>\n<h4 class=\"pt-cv-title\"><a href=\"https:\/\/zsp.wegrow.pl\/index.php\/2023\/03\/09\/warsztaty-ogolnorozwojowe-z-elementami-szermierki\/\" class=\"_self\" target=\"_self\" >Warsztaty og\u00f3lnorozwojowe z elementami szermierki<\/a><\/h4>\n<div class=\"pt-cv-content\">2 marca 2023r. uczniowie naszej szko\u0142y w ramach wsp\u00f3\u0142pracy ze SCWEW wzi\u0119li udzia\u0142 w warsztatach og\u00f3lnorozwojowych z elementami szermierki prowadzonych ...<br \/><div class=\"pt-cv-rmwrap\"><a href=\"https:\/\/zsp.wegrow.pl\/index.php\/2023\/03\/09\/warsztaty-ogolnorozwojowe-z-elementami-szermierki\/\" class=\"_self pt-cv-readmore btn btn-success\" target=\"_self\">Czytaj Dalej<\/a><\/div><\/div><\/div><\/div>\n<div class=\"col-md-6 col-sm-6 col-xs-12 pt-cv-content-item pt-cv-1-col\" ><div class='pt-cv-ifield'><a href=\"https:\/\/zsp.wegrow.pl\/index.php\/2023\/03\/05\/edukacja-wlaczajaca-szansa-dla-optymalnego-rozwoju-uczniow\/\" class=\"_self pt-cv-href-thumbnail pt-cv-thumb-default\" target=\"_self\" ><img decoding=\"async\" width=\"300\" height=\"53\" src=\"https:\/\/i0.wp.com\/zsp.wegrow.pl\/wp-content\/uploads\/2021\/12\/projekt_o.jpg?fit=300%2C53&amp;ssl=1\" class=\"pt-cv-thumbnail\" alt=\"\" srcset=\"https:\/\/i0.wp.com\/zsp.wegrow.pl\/wp-content\/uploads\/2021\/12\/projekt_o.jpg?w=850&amp;ssl=1 850w, https:\/\/i0.wp.com\/zsp.wegrow.pl\/wp-content\/uploads\/2021\/12\/projekt_o.jpg?resize=300%2C53&amp;ssl=1 300w, https:\/\/i0.wp.com\/zsp.wegrow.pl\/wp-content\/uploads\/2021\/12\/projekt_o.jpg?resize=150%2C26&amp;ssl=1 150w, https:\/\/i0.wp.com\/zsp.wegrow.pl\/wp-content\/uploads\/2021\/12\/projekt_o.jpg?resize=768%2C136&amp;ssl=1 768w, https:\/\/i0.wp.com\/zsp.wegrow.pl\/wp-content\/uploads\/2021\/12\/projekt_o.jpg?resize=840%2C150&amp;ssl=1 840w, https:\/\/i0.wp.com\/zsp.wegrow.pl\/wp-content\/uploads\/2021\/12\/projekt_o.jpg?resize=24%2C4&amp;ssl=1 24w, https:\/\/i0.wp.com\/zsp.wegrow.pl\/wp-content\/uploads\/2021\/12\/projekt_o.jpg?resize=36%2C6&amp;ssl=1 36w, https:\/\/i0.wp.com\/zsp.wegrow.pl\/wp-content\/uploads\/2021\/12\/projekt_o.jpg?resize=48%2C8&amp;ssl=1 48w\" sizes=\"(max-width: 300px) 100vw, 300px\" \/><\/a>\n<h4 class=\"pt-cv-title\"><a href=\"https:\/\/zsp.wegrow.pl\/index.php\/2023\/03\/05\/edukacja-wlaczajaca-szansa-dla-optymalnego-rozwoju-uczniow\/\" class=\"_self\" target=\"_self\" >Edukacja w\u0142\u0105czaj\u0105ca szans\u0105 dla optymalnego rozwoju uczni\u00f3w<\/a><\/h4>\n<div class=\"pt-cv-content\">Dzieci z r\u00f3\u017cnego typu zaburzeniami czy niepe\u0142nosprawno\u015bciami potrzebuj\u0105 wsparcia w procesie kszta\u0142cenia lub specjalnej organizacji nauki. Odpowied\u017a na te potrzeby ...<br \/><div class=\"pt-cv-rmwrap\"><a href=\"https:\/\/zsp.wegrow.pl\/index.php\/2023\/03\/05\/edukacja-wlaczajaca-szansa-dla-optymalnego-rozwoju-uczniow\/\" class=\"_self pt-cv-readmore btn btn-success\" target=\"_self\">Czytaj Dalej<\/a><\/div><\/div><\/div><\/div>\n<div class=\"col-md-6 col-sm-6 col-xs-12 pt-cv-content-item pt-cv-1-col\" ><div class='pt-cv-ifield'><a href=\"https:\/\/zsp.wegrow.pl\/index.php\/2023\/01\/24\/uroczyste-obchody-upamietniajace-160-rocznice-powstania-styczniowego\/\" class=\"_self pt-cv-href-thumbnail pt-cv-thumb-default\" target=\"_self\" ><img fetchpriority=\"high\" decoding=\"async\" width=\"300\" height=\"180\" src=\"https:\/\/i0.wp.com\/zsp.wegrow.pl\/wp-content\/uploads\/2023\/01\/01_okl-1.jpg?fit=300%2C180&amp;ssl=1\" class=\"pt-cv-thumbnail\" alt=\"\" srcset=\"https:\/\/i0.wp.com\/zsp.wegrow.pl\/wp-content\/uploads\/2023\/01\/01_okl-1.jpg?w=850&amp;ssl=1 850w, https:\/\/i0.wp.com\/zsp.wegrow.pl\/wp-content\/uploads\/2023\/01\/01_okl-1.jpg?resize=300%2C180&amp;ssl=1 300w, https:\/\/i0.wp.com\/zsp.wegrow.pl\/wp-content\/uploads\/2023\/01\/01_okl-1.jpg?resize=150%2C90&amp;ssl=1 150w, https:\/\/i0.wp.com\/zsp.wegrow.pl\/wp-content\/uploads\/2023\/01\/01_okl-1.jpg?resize=768%2C461&amp;ssl=1 768w, https:\/\/i0.wp.com\/zsp.wegrow.pl\/wp-content\/uploads\/2023\/01\/01_okl-1.jpg?resize=24%2C14&amp;ssl=1 24w, https:\/\/i0.wp.com\/zsp.wegrow.pl\/wp-content\/uploads\/2023\/01\/01_okl-1.jpg?resize=36%2C22&amp;ssl=1 36w, https:\/\/i0.wp.com\/zsp.wegrow.pl\/wp-content\/uploads\/2023\/01\/01_okl-1.jpg?resize=48%2C29&amp;ssl=1 48w\" sizes=\"(max-width: 300px) 100vw, 300px\" \/><\/a>\n<h4 class=\"pt-cv-title\"><a href=\"https:\/\/zsp.wegrow.pl\/index.php\/2023\/01\/24\/uroczyste-obchody-upamietniajace-160-rocznice-powstania-styczniowego\/\" class=\"_self\" target=\"_self\" >Uroczyste obchody upami\u0119tniaj\u0105ce 160 ROCZNIC\u0118 POWSTANIA STYCZNIOWEGO<\/a><\/h4>\n<div class=\"pt-cv-content\">20 stycznia 2023r.\u00a0SOSW i szko\u0142y partnerskie w projekcie \u201ePilota\u017cowe wdro\u017cenie modelu SCWEW\u201d w\u0142\u0105czy\u0142y si\u0119 w uroczyste obchody upami\u0119tniaj\u0105ce 160 ROCZNIC\u0118 ...<br \/><div class=\"pt-cv-rmwrap\"><a href=\"https:\/\/zsp.wegrow.pl\/index.php\/2023\/01\/24\/uroczyste-obchody-upamietniajace-160-rocznice-powstania-styczniowego\/\" class=\"_self pt-cv-readmore btn btn-success\" target=\"_self\">Czytaj Dalej<\/a><\/div><\/div><\/div><\/div><\/div><\/div>\n<div class=\" pt-cv-pagination-wrapper\"><ul class=\"pt-cv-pagination pt-cv-ajax pagination\" data-totalpages=\"4\" data-currentpage=\"1\" data-sid=\"3c773c812a\" data-unid=\"\" data-isblock=\"\" data-postid=\"\"><li class=\"active\"><a href=\"#\">1<\/a><\/li>\n\t<li ><a class=\"\" href=\"https:\/\/zsp.wegrow.pl\/index.php\/wp-json\/wp\/v2\/pages\/7389\/?_page=2\">2<\/a><\/li>\n\t<li ><a class=\"\" href=\"https:\/\/zsp.wegrow.pl\/index.php\/wp-json\/wp\/v2\/pages\/7389\/?_page=3\">3<\/a><\/li>\n\t<li ><a class=\"\" href=\"https:\/\/zsp.wegrow.pl\/index.php\/wp-json\/wp\/v2\/pages\/7389\/?_page=4\">4<\/a><\/li>\n\t<li ><a class=\" \" href=\"https:\/\/zsp.wegrow.pl\/index.php\/wp-json\/wp\/v2\/pages\/7389\/?_page=2\">&rsaquo;<\/a><\/li>\n\t<\/ul><img loading=\"lazy\" decoding=\"async\" width=\"15\" height=\"15\" class=\"pt-cv-spinner\" alt=\"Loading...\" src=\"data:image\/gif;base64,R0lGODlhDwAPALMPAMrKygwMDJOTkz09PZWVla+vr3p6euTk5M7OzuXl5TMzMwAAAJmZmWZmZszMzP\/\/\/yH\/C05FVFNDQVBFMi4wAwEAAAAh+QQFCgAPACwAAAAADwAPAAAEQvDJaZaZOIcV8iQK8VRX4iTYoAwZ4iCYoAjZ4RxejhVNoT+mRGP4cyF4Pp0N98sBGIBMEMOotl6YZ3S61Bmbkm4mAgAh+QQFCgAPACwAAAAADQANAAAENPDJSRSZeA418itN8QiK8BiLITVsFiyBBIoYqnoewAD4xPw9iY4XLGYSjkQR4UAUD45DLwIAIfkEBQoADwAsAAAAAA8ACQAABC\/wyVlamTi3nSdgwFNdhEJgTJoNyoB9ISYoQmdjiZPcj7EYCAeCF1gEDo4Dz2eIAAAh+QQFCgAPACwCAAAADQANAAAEM\/DJBxiYeLKdX3IJZT1FU0iIg2RNKx3OkZVnZ98ToRD4MyiDnkAh6BkNC0MvsAj0kMpHBAAh+QQFCgAPACwGAAAACQAPAAAEMDC59KpFDll73HkAA2wVY5KgiK5b0RRoI6MuzG6EQqCDMlSGheEhUAgqgUUAFRySIgAh+QQFCgAPACwCAAIADQANAAAEM\/DJKZNLND\/kkKaHc3xk+QAMYDKsiaqmZCxGVjSFFCxB1vwy2oOgIDxuucxAMTAJFAJNBAAh+QQFCgAPACwAAAYADwAJAAAEMNAs86q1yaWwwv2Ig0jUZx3OYa4XoRAfwADXoAwfo1+CIjyFRuEho60aSNYlOPxEAAAh+QQFCgAPACwAAAIADQANAAAENPA9s4y8+IUVcqaWJ4qEQozSoAzoIyhCK2NFU2SJk0hNnyEOhKR2AzAAj4Pj4GE4W0bkJQIAOw==\" \/><div class=\"clear pt-cv-clear-pagination\"><\/div><\/div><\/div>\n","protected":false},"excerpt":{"rendered":"","protected":false},"author":1,"featured_media":0,"parent":0,"menu_order":0,"comment_status":"closed","ping_status":"closed","template":"template-centered.php","meta":{"ngg_post_thumbnail":0,"_themeisle_gutenberg_block_has_review":false,"footnotes":""},"class_list":["post-7389","page","type-page","status-publish","hentry"],"jetpack_sharing_enabled":true,"jetpack_shortlink":"https:\/\/wp.me\/PaT2nI-1Vb","_links":{"self":[{"href":"https:\/\/zsp.wegrow.pl\/index.php\/wp-json\/wp\/v2\/pages\/7389","targetHints":{"allow":["GET"]}}],"collection":[{"href":"https:\/\/zsp.wegrow.pl\/index.php\/wp-json\/wp\/v2\/pages"}],"about":[{"href":"https:\/\/zsp.wegrow.pl\/index.php\/wp-json\/wp\/v2\/types\/page"}],"author":[{"embeddable":true,"href":"https:\/\/zsp.wegrow.pl\/index.php\/wp-json\/wp\/v2\/users\/1"}],"replies":[{"embeddable":true,"href":"https:\/\/zsp.wegrow.pl\/index.php\/wp-json\/wp\/v2\/comments?post=7389"}],"version-history":[{"count":3,"href":"https:\/\/zsp.wegrow.pl\/index.php\/wp-json\/wp\/v2\/pages\/7389\/revisions"}],"predecessor-version":[{"id":7400,"href":"https:\/\/zsp.wegrow.pl\/index.php\/wp-json\/wp\/v2\/pages\/7389\/revisions\/7400"}],"wp:attachment":[{"href":"https:\/\/zsp.wegrow.pl\/index.php\/wp-json\/wp\/v2\/media?parent=7389"}],"curies":[{"name":"wp","href":"https:\/\/api.w.org\/{rel}","templated":true}]}}