{"id":8055,"date":"2022-09-07T12:09:28","date_gmt":"2022-09-07T10:09:28","guid":{"rendered":"https:\/\/zsp.wegrow.pl\/?page_id=8055"},"modified":"2022-09-07T12:10:22","modified_gmt":"2022-09-07T10:10:22","slug":"pedagog-i-psycholog-szkolny","status":"publish","type":"page","link":"https:\/\/zsp.wegrow.pl\/index.php\/pedagog-i-psycholog-szkolny\/","title":{"rendered":"Pedagog i Psycholog szkolny"},"content":{"rendered":"\n<p><strong>Drogi Uczniu, Drogi Rodzicu<br>Informujemy, \u017ce wsparcie psychologiczno \u2013 pedagogiczne otrzyma ka\u017cdy, kto zg\u0142osi si\u0119<br>z problemem.<\/strong><\/p>\n\n\n\n<p><strong>Potrzeba obj\u0119cia ucznia pomoc\u0105 psychologiczno-pedagogiczn\u0105 w szkole wynika w szczeg\u00f3lno\u015bci:<\/strong><\/p>\n\n\n\n<ol class=\"wp-block-list\"><li>z niepe\u0142nosprawno\u015bci;<\/li><li>z niedostosowania spo\u0142ecznego;<\/li><li>z zagro\u017cenia niedostosowaniem spo\u0142ecznym;<\/li><li>z zaburze\u0144 zachowania lub emocji;<\/li><li>ze szczeg\u00f3lnych uzdolnie\u0144;<\/li><li>ze specyficznych trudno\u015bci w uczeniu si\u0119;<\/li><li>z deficyt\u00f3w kompetencji i zaburze\u0144 sprawno\u015bci j\u0119zykowych;<\/li><li>z choroby przewlek\u0142ej;<\/li><li>z sytuacji kryzysowych lub traumatycznych;<\/li><li>z niepowodze\u0144 edukacyjnych;<\/li><li>z zaniedba\u0144 \u015brodowiskowych zwi\u0105zanych z sytuacj\u0105 bytow\u0105 ucznia i jego rodziny, sposobem sp\u0119dzania czasu wolnego i kontaktami \u015brodowiskowymi;<\/li><li>z trudno\u015bci adaptacyjnych zwi\u0105zanych z r\u00f3\u017cnicami kulturowymi lub ze zmian\u0105 \u015brodowiska edukacyjnego, w tym zwi\u0105zanych z wcze\u015bniejszym kszta\u0142ceniem za granic\u0105.<\/li><\/ol>\n\n\n\n<p class=\"has-text-align-justify\">Uczniu je\u015bli znajdujesz si\u0119 w jednej z grup w\/w, to prosz\u0119 Ci\u0119 o kontakt. Razem zastanowimy si\u0119, kt\u00f3re formy pomocy psychologiczno \u2013 pedagogicznej b\u0119d\u0105 dostosowane do Twoich potrzeb.<\/p>\n\n\n\n<p class=\"has-text-align-justify\">Istniej\u0105 r\u00f3\u017cne formy pomocy Uczniowi i Rodzicowi. Wiele z nich reguluje rozporz\u0105dzenie MEN w sprawie zasad udzielania i organizacji pomocy psychologiczno-pedagogicznej, inne \u201d\u017cyciem pisane\u201d s\u0105 proponowane przez nas w bie\u017c\u0105cej pracy z Uczniem, kt\u00f3ry znalaz\u0142 si\u0119 w szczeg\u00f3lnej dla niego sytuacji.<\/p>\n\n\n\n<p><strong>Pomoc psychologiczno-pedagogiczna jest organizowana i udzielana we wsp\u00f3\u0142pracy z:<\/strong><\/p>\n\n\n\n<ol class=\"wp-block-list\"><li>rodzicami uczni\u00f3w;<\/li><li>poradniami psychologiczno-pedagogicznymi, w tym poradniami specjalistycznymi;<\/li><li>plac\u00f3wkami doskonalenia nauczycieli;<\/li><li>innymi szko\u0142ami i plac\u00f3wkami;<\/li><li>organizacjami pozarz\u0105dowymi oraz innymi instytucjami i podmiotami dzia\u0142aj\u0105cymi na rzecz rodziny, dzieci i m\u0142odzie\u017cy<\/li><li>nauczycielami<\/li><li>wychowawcami<\/li><\/ol>\n","protected":false},"excerpt":{"rendered":"<p>Drogi Uczniu, Drogi RodzicuInformujemy, \u017ce wsparcie psychologiczno \u2013 pedagogiczne otrzyma ka\u017cdy, kto zg\u0142osi si\u0119z problemem. Potrzeba obj\u0119cia ucznia pomoc\u0105 psychologiczno-pedagogiczn\u0105 w szkole wynika w szczeg\u00f3lno\u015bci: z niepe\u0142nosprawno\u015bci; z niedostosowania spo\u0142ecznego; z zagro\u017cenia niedostosowaniem spo\u0142ecznym; z<\/p>\n","protected":false},"author":1,"featured_media":0,"parent":0,"menu_order":0,"comment_status":"closed","ping_status":"closed","template":"template-centered.php","meta":{"ngg_post_thumbnail":0,"_themeisle_gutenberg_block_has_review":false,"jetpack_post_was_ever_published":false,"footnotes":""},"class_list":["post-8055","page","type-page","status-publish","hentry"],"jetpack_sharing_enabled":true,"jetpack_shortlink":"https:\/\/wp.me\/PaT2nI-25V","_links":{"self":[{"href":"https:\/\/zsp.wegrow.pl\/index.php\/wp-json\/wp\/v2\/pages\/8055","targetHints":{"allow":["GET"]}}],"collection":[{"href":"https:\/\/zsp.wegrow.pl\/index.php\/wp-json\/wp\/v2\/pages"}],"about":[{"href":"https:\/\/zsp.wegrow.pl\/index.php\/wp-json\/wp\/v2\/types\/page"}],"author":[{"embeddable":true,"href":"https:\/\/zsp.wegrow.pl\/index.php\/wp-json\/wp\/v2\/users\/1"}],"replies":[{"embeddable":true,"href":"https:\/\/zsp.wegrow.pl\/index.php\/wp-json\/wp\/v2\/comments?post=8055"}],"version-history":[{"count":2,"href":"https:\/\/zsp.wegrow.pl\/index.php\/wp-json\/wp\/v2\/pages\/8055\/revisions"}],"predecessor-version":[{"id":8057,"href":"https:\/\/zsp.wegrow.pl\/index.php\/wp-json\/wp\/v2\/pages\/8055\/revisions\/8057"}],"wp:attachment":[{"href":"https:\/\/zsp.wegrow.pl\/index.php\/wp-json\/wp\/v2\/media?parent=8055"}],"curies":[{"name":"wp","href":"https:\/\/api.w.org\/{rel}","templated":true}]}}