{"id":9714,"date":"2023-01-08T20:08:16","date_gmt":"2023-01-08T19:08:16","guid":{"rendered":"https:\/\/zsp.wegrow.pl\/?page_id=9714"},"modified":"2024-01-28T17:25:29","modified_gmt":"2024-01-28T16:25:29","slug":"turnusy-doksztalcania-teoretycznego-mlodocianych-pracownikow","status":"publish","type":"page","link":"https:\/\/zsp.wegrow.pl\/index.php\/turnusy-doksztalcania-teoretycznego-mlodocianych-pracownikow\/","title":{"rendered":"Turnusy dokszta\u0142cania teoretycznego m\u0142odocianych pracownik\u00f3w"},"content":{"rendered":"\n<p class=\"has-text-align-justify\">Do zada\u0144 Zespo\u0142u Szk\u00f3\u0142 Ponadpodstawowych im. Jana Kochanowskiego w W\u0119growie nale\u017cy dokszta\u0142canie uczni\u00f3w &#8211; m\u0142odocianych pracownik\u00f3w zatrudnionych u pracodawc\u00f3w w ramach nauki zawodu i ucz\u0119szczaj\u0105cych do klas wielozawodowych w bran\u017cowych szko\u0142ach I stopnia, kt\u00f3re nie maj\u0105 mo\u017cliwo\u015bci zrealizowania przedmiot\u00f3w zawodowych. ZSP umo\u017cliwia teoretyczne przygotowanie m\u0142odocianych do egzamin\u00f3w z nauki zawodu poprzez organizacj\u0119 turnus\u00f3w dokszta\u0142cania teoretycznego I, II i III stopnia w okre\u015blonych zawodach.<\/p>\n\n\n\n<p class=\"has-text-align-justify\">Turnus dokszta\u0142cania teoretycznego m\u0142odocianych pracownik\u00f3w to forma kszta\u0142cenia zawodowego teoretycznego m\u0142odocianych pracownik\u00f3w w zakresie zawodu nauczanego w bran\u017cowej szkole I stopnia. Program nauczania uwzgl\u0119dnia podstaw\u0119 programow\u0105 kszta\u0142cenia w tym zawodzie. Turnus dokszta\u0142cania teoretycznego m\u0142odocianych pracownik\u00f3w realizuje zaj\u0119cia w wymiarze odpowiednim do zakresu dokszta\u0142cania teoretycznego, na kt\u00f3re zosta\u0142 skierowany m\u0142odociany pracownik.<\/p>\n\n\n\n<p class=\"has-text-align-justify\">Doskonalenie m\u0142odocianych w ZSP odbywa si\u0119 w formie turnus\u00f3w. Dla uczni\u00f3w klas wielozawodowych nauka w ramach turnusu trwa 4 tygodnie. Liczba m\u0142odocianych pracownik\u00f3w uczestnicz\u0105cych w turnusie dokszta\u0142cania teoretycznego powinna wynosi\u0107 co najmniej 20. Uczniowie s\u0105 przyjmowani na podstawie skierowania wydanego przez szko\u0142\u0119. Po uko\u0144czeniu turnusu uczniowie otrzymuj\u0105 za\u015bwiadczenie z ocenami, kt\u00f3re uprawniaj\u0105 do wystawienia oceny ko\u0144cowej z przedmiot\u00f3w zawodowych na \u015bwiadectwie szkolnym w szkole macierzystej.<\/p>\n\n\n\n<p class=\"has-text-align-justify\">Zesp\u00f3\u0142 Szk\u00f3\u0142 Ponadpodstawowych im. Jana Kochanowskiego w W\u0119growie prowadzi turnusy dokszta\u0142caj\u0105ce I, II i III stopnia dla m\u0142odocianych pracownik\u00f3w w zawodach:<\/p>\n\n\n<div class=\"wp-block-image\">\n<figure class=\"aligncenter size-large\"><a href=\"https:\/\/i0.wp.com\/zsp.wegrow.pl\/wp-content\/uploads\/2023\/01\/turnusy-doksztalcajace.png?ssl=1\"><img data-recalc-dims=\"1\" fetchpriority=\"high\" decoding=\"async\" width=\"840\" height=\"352\" src=\"https:\/\/i0.wp.com\/zsp.wegrow.pl\/wp-content\/uploads\/2023\/01\/turnusy-doksztalcajace.png?resize=840%2C352&#038;ssl=1\" alt=\"\" class=\"wp-image-9715\" srcset=\"https:\/\/i0.wp.com\/zsp.wegrow.pl\/wp-content\/uploads\/2023\/01\/turnusy-doksztalcajace.png?resize=1024%2C429&amp;ssl=1 1024w, https:\/\/i0.wp.com\/zsp.wegrow.pl\/wp-content\/uploads\/2023\/01\/turnusy-doksztalcajace.png?resize=300%2C126&amp;ssl=1 300w, https:\/\/i0.wp.com\/zsp.wegrow.pl\/wp-content\/uploads\/2023\/01\/turnusy-doksztalcajace.png?resize=150%2C63&amp;ssl=1 150w, https:\/\/i0.wp.com\/zsp.wegrow.pl\/wp-content\/uploads\/2023\/01\/turnusy-doksztalcajace.png?resize=768%2C322&amp;ssl=1 768w, https:\/\/i0.wp.com\/zsp.wegrow.pl\/wp-content\/uploads\/2023\/01\/turnusy-doksztalcajace.png?resize=24%2C10&amp;ssl=1 24w, https:\/\/i0.wp.com\/zsp.wegrow.pl\/wp-content\/uploads\/2023\/01\/turnusy-doksztalcajace.png?resize=36%2C15&amp;ssl=1 36w, https:\/\/i0.wp.com\/zsp.wegrow.pl\/wp-content\/uploads\/2023\/01\/turnusy-doksztalcajace.png?resize=48%2C20&amp;ssl=1 48w, https:\/\/i0.wp.com\/zsp.wegrow.pl\/wp-content\/uploads\/2023\/01\/turnusy-doksztalcajace.png?w=1386&amp;ssl=1 1386w\" sizes=\"(max-width: 840px) 100vw, 840px\" \/><\/a><\/figure>\n<\/div>\n\n\n<hr class=\"wp-block-separator has-text-color has-black-color has-alpha-channel-opacity has-black-background-color has-background is-style-wide\"\/>\n\n\n\n<div style=\"height:50px\" aria-hidden=\"true\" class=\"wp-block-spacer\"><\/div>\n","protected":false},"excerpt":{"rendered":"<p>Do zada\u0144 Zespo\u0142u Szk\u00f3\u0142 Ponadpodstawowych im. Jana Kochanowskiego w W\u0119growie nale\u017cy dokszta\u0142canie uczni\u00f3w &#8211; m\u0142odocianych pracownik\u00f3w zatrudnionych u pracodawc\u00f3w w ramach nauki zawodu i ucz\u0119szczaj\u0105cych do klas wielozawodowych w bran\u017cowych szko\u0142ach I stopnia, kt\u00f3re nie<\/p>\n","protected":false},"author":1,"featured_media":4844,"parent":0,"menu_order":0,"comment_status":"closed","ping_status":"closed","template":"template-centered.php","meta":{"ngg_post_thumbnail":0,"_themeisle_gutenberg_block_has_review":false,"jetpack_post_was_ever_published":false,"footnotes":""},"class_list":["post-9714","page","type-page","status-publish","has-post-thumbnail","hentry"],"jetpack_sharing_enabled":true,"jetpack_shortlink":"https:\/\/wp.me\/PaT2nI-2wG","_links":{"self":[{"href":"https:\/\/zsp.wegrow.pl\/index.php\/wp-json\/wp\/v2\/pages\/9714","targetHints":{"allow":["GET"]}}],"collection":[{"href":"https:\/\/zsp.wegrow.pl\/index.php\/wp-json\/wp\/v2\/pages"}],"about":[{"href":"https:\/\/zsp.wegrow.pl\/index.php\/wp-json\/wp\/v2\/types\/page"}],"author":[{"embeddable":true,"href":"https:\/\/zsp.wegrow.pl\/index.php\/wp-json\/wp\/v2\/users\/1"}],"replies":[{"embeddable":true,"href":"https:\/\/zsp.wegrow.pl\/index.php\/wp-json\/wp\/v2\/comments?post=9714"}],"version-history":[{"count":7,"href":"https:\/\/zsp.wegrow.pl\/index.php\/wp-json\/wp\/v2\/pages\/9714\/revisions"}],"predecessor-version":[{"id":14110,"href":"https:\/\/zsp.wegrow.pl\/index.php\/wp-json\/wp\/v2\/pages\/9714\/revisions\/14110"}],"wp:featuredmedia":[{"embeddable":true,"href":"https:\/\/zsp.wegrow.pl\/index.php\/wp-json\/wp\/v2\/media\/4844"}],"wp:attachment":[{"href":"https:\/\/zsp.wegrow.pl\/index.php\/wp-json\/wp\/v2\/media?parent=9714"}],"curies":[{"name":"wp","href":"https:\/\/api.w.org\/{rel}","templated":true}]}}